{"id":56775,"date":"2026-03-25T11:21:46","date_gmt":"2026-03-25T10:21:46","guid":{"rendered":"https:\/\/go-microdose.com\/preguntas-frecuentes\/"},"modified":"2026-04-10T12:11:01","modified_gmt":"2026-04-10T10:11:01","slug":"preguntas-frecuentes","status":"publish","type":"page","link":"https:\/\/go-microdose.com\/es\/preguntas-frecuentes\/","title":{"rendered":"FAQ"},"content":{"rendered":"<div class=\"wpb-content-wrapper\"><p>[vc_row css_animation=\u00bbfadeInUp\u00bb el_class=\u00bbsection-other-question\u00bb][vc_column width=\u00bb3\/12&#8243;][\/vc_column][vc_column width=\u00bb6\/12&#8243; el_class=\u00bbabout-text-column\u00bb][vc_custom_heading text=\u00bbContacto\u00bb font_container=\u00bbtag:h5|text_align:center\u00bb use_theme_fonts=\u00bbyes\u00bb el_class=\u00bbpr-tag\u00bb][vc_custom_heading text=\u00bb\u00bfTiene alguna otra pregunta?\u00bb font_container=\u00bbtag:h2|text_align:center\u00bb use_theme_fonts=\u00bbyes\u00bb][vc_column_text el_class=\u00bbtext-center\u00bb]\u00bfTiene alguna otra pregunta que no aparezca en nuestras preguntas frecuentes? Por favor, p\u00f3ngase en contacto con nosotros a trav\u00e9s del formulario de la p\u00e1gina de contacto.[\/vc_column_text][vc_btn title=\u00bbP\u00f3ngase en contacto con nosotros\u00bb color=\u00bbwarning\u00bb align=\u00bbcenter\u00bb link=\u00bburl:https%3A%2F%2Fgo-microdose.com%2Fes%2Fcontacto%2F|\u00bb][\/vc_column][vc_column width=\u00bb3\/12&#8243;][\/vc_column][\/vc_row]<\/p>\n<\/div>","protected":false},"excerpt":{"rendered":"<p>[vc_row css_animation=\u00bbfadeInUp\u00bb el_class=\u00bbsection-other-question\u00bb][vc_column width=\u00bb3\/12&#8243;][\/vc_column][vc_column width=\u00bb6\/12&#8243; el_class=\u00bbabout-text-column\u00bb][vc_custom_heading text=\u00bbContacto\u00bb font_container=\u00bbtag:h5|text_align:center\u00bb use_theme_fonts=\u00bbyes\u00bb el_class=\u00bbpr-tag\u00bb][vc_custom_heading text=\u00bb\u00bfTiene alguna otra pregunta?\u00bb font_container=\u00bbtag:h2|text_align:center\u00bb use_theme_fonts=\u00bbyes\u00bb][vc_column_text el_class=\u00bbtext-center\u00bb]\u00bfTiene alguna otra pregunta que no aparezca en nuestras preguntas frecuentes? Por favor, p\u00f3ngase en contacto con nosotros a trav\u00e9s del formulario de la p\u00e1gina de contacto.[\/vc_column_text][vc_btn title=\u00bbP\u00f3ngase en contacto con nosotros\u00bb color=\u00bbwarning\u00bb align=\u00bbcenter\u00bb link=\u00bburl:https%3A%2F%2Fgo-microdose.com%2Fes%2Fcontacto%2F|\u00bb][\/vc_column][vc_column width=\u00bb3\/12&#8243;][\/vc_column][\/vc_row]<\/p>\n","protected":false},"author":5548,"featured_media":0,"parent":0,"menu_order":0,"comment_status":"closed","ping_status":"closed","template":"faq-template.php","meta":{"_acf_changed":false,"footnotes":""},"class_list":["post-56775","page","type-page","status-publish","hentry"],"acf":[],"_links":{"self":[{"href":"https:\/\/go-microdose.com\/es\/wp-json\/wp\/v2\/pages\/56775","targetHints":{"allow":["GET"]}}],"collection":[{"href":"https:\/\/go-microdose.com\/es\/wp-json\/wp\/v2\/pages"}],"about":[{"href":"https:\/\/go-microdose.com\/es\/wp-json\/wp\/v2\/types\/page"}],"author":[{"embeddable":true,"href":"https:\/\/go-microdose.com\/es\/wp-json\/wp\/v2\/users\/5548"}],"replies":[{"embeddable":true,"href":"https:\/\/go-microdose.com\/es\/wp-json\/wp\/v2\/comments?post=56775"}],"version-history":[{"count":1,"href":"https:\/\/go-microdose.com\/es\/wp-json\/wp\/v2\/pages\/56775\/revisions"}],"predecessor-version":[{"id":65904,"href":"https:\/\/go-microdose.com\/es\/wp-json\/wp\/v2\/pages\/56775\/revisions\/65904"}],"wp:attachment":[{"href":"https:\/\/go-microdose.com\/es\/wp-json\/wp\/v2\/media?parent=56775"}],"curies":[{"name":"wp","href":"https:\/\/api.w.org\/{rel}","templated":true}]}}