{"id":56799,"date":"2026-03-25T11:22:13","date_gmt":"2026-03-25T10:22:13","guid":{"rendered":"https:\/\/go-microdose.com\/envio\/"},"modified":"2026-03-25T11:22:34","modified_gmt":"2026-03-25T10:22:34","slug":"envio","status":"publish","type":"page","link":"https:\/\/go-microdose.com\/es\/envio\/","title":{"rendered":"Env\u00edo"},"content":{"rendered":"<div class=\"wpb-content-wrapper\"><p>[vc_row][vc_column width=\u00bb1\/2&#8243;][vc_custom_heading text=\u00bbTodo lo que necesita saber\u00bb font_container=\u00bbtag:div|text_align:left\u00bb use_theme_fonts=\u00bbyes\u00bb css=\u00bb\u00bb el_class=\u00bbpr-tag\u00bb][\/vc_column][vc_column width=\u00bb1\/2&#8243;][\/vc_column][\/vc_row][vc_row][vc_column width=\u00bb1\/2&#8243;][vc_custom_heading text=\u00bbEnv\u00edo\u00bb font_container=\u00bbtag:h1|text_align:left\u00bb use_theme_fonts=\u00bbyes\u00bb][vc_column_text css=\u00bb\u00bb]<\/p>\n<p class=\"p1\">En GO Microdose, nos esforzamos por garantizar que su pedido llegue de forma r\u00e1pida, segura y sin complicaciones. Realizamos env\u00edos a la mayor\u00eda de pa\u00edses de todo el mundo y hemos optimizado cuidadosamente nuestros m\u00e9todos de env\u00edo para ofrecer fiabilidad y discreci\u00f3n. Al seleccionar su pa\u00eds a continuaci\u00f3n, encontrar\u00e1 informaci\u00f3n detallada sobre el env\u00edo, incluidos los plazos de entrega estimados, las opciones de seguimiento y las consideraciones legales.  <\/p>\n<p class=\"p1\">Los pedidos suelen procesarse en el plazo de un d\u00eda h\u00e1bil, y los plazos de entrega var\u00edan seg\u00fan su ubicaci\u00f3n. Aunque trabajamos con socios de env\u00edo de confianza, a veces pueden producirse retrasos debido al procesamiento aduanero o a los servicios postales locales. Si tiene alguna duda sobre su env\u00edo, no dude en ponerse en contacto con nuestro equipo de soporte; \u00a1estaremos encantados de ayudarle!  <\/p>\n<p>[\/vc_column_text][\/vc_column][vc_column width=\u00bb1\/2&#8243;][vc_raw_html css=\u00bb\u00bb el_id=\u00bbmapsvg-search\u00bb]PGgzPkJ1c3F1ZSBvIHNlbGVjY2lvbmUgc3UgcGHDrXM8L2gzPgo8aW5wdXQgdHlwZT0idGV4dCIgaWQ9InNlYXJjaEJveCIgcGxhY2Vob2xkZXI9IkJ1c3F1ZSBzdSBwYcOtcyI+[\/vc_raw_html][\/vc_column][\/vc_row][vc_row el_class=\u00bbpb-50&#8243;][vc_column][vc_raw_html]W21hcHN2ZyBpZD0iMSJd[\/vc_raw_html][vc_tta_accordion style=\u00bboutline\u00bb shape=\u00bbsquare\u00bb color=\u00bbblack\u00bb c_icon=\u00bb\u00bb active_section=\u00bb100&#8243; no_fill=\u00bbtrue\u00bb collapsible_all=\u00bbtrue\u00bb el_class=\u00bbaccordion-list-a-z\u00bb][vc_tta_section title=\u00bbLista de la A a la Z\u00bb tab_id=\u00bba-to-z1a95-6a3f\u00bb][vc_raw_html css=\u00bb\u00bb el_id=\u00bbblock-list\u00bb][\/vc_raw_html][\/vc_tta_section][\/vc_tta_accordion][\/vc_column][\/vc_row][vc_row el_class=\u00bbpb-80&#8243;][vc_column][vc_custom_heading text=\u00bbm\u00e1s informaci\u00f3n\u00bb font_container=\u00bbtag:div|text_align:left\u00bb use_theme_fonts=\u00bbyes\u00bb el_class=\u00bbpr-tag\u00bb][vc_tta_accordion style=\u00bbflat\u00bb shape=\u00bbsquare\u00bb color=\u00bbwhite\u00bb c_icon=\u00bb\u00bb active_section=\u00bb100&#8243; no_fill=\u00bbtrue\u00bb collapsible_all=\u00bbtrue\u00bb title=\u00bbInformaci\u00f3n general de env\u00edo\u00bb][vc_tta_section title=\u00bb\u00bfCu\u00e1nto tarda el env\u00edo?\u00bb tab_id=\u00bb1737187665459-72042fcd-1c331a95-6a3f\u00bb][vc_column_text css=\u00bb\u00bb]<\/p>\n<p class=\"p1\">Los plazos de env\u00edo var\u00edan seg\u00fan su ubicaci\u00f3n y el m\u00e9todo de env\u00edo elegido al finalizar la compra. Nos esforzamos por procesar y enviar todos los pedidos en el plazo de un d\u00eda h\u00e1bil. <\/p>\n<ul>\n<li class=\"p2\">Dentro de los Pa\u00edses Bajos:<span class=\"s1\"> 1-2 d\u00edas h\u00e1biles<\/span><\/li>\n<li class=\"p2\"><span class=\"s2\">Pa\u00edses de la UE:<\/span> Normalmente 3-7 d\u00edas h\u00e1biles<\/li>\n<li class=\"p2\"><span class=\"s2\">Reino Unido:<\/span> 5-7 d\u00edas h\u00e1biles<\/li>\n<li class=\"p2\">Estados Unidos y otros destinos internacionales:<span class=\"s1\"> 6-10 d\u00edas h\u00e1biles<\/span><\/li>\n<\/ul>\n<p class=\"p1\">Tenga en cuenta que los plazos de entrega pueden verse afectados por factores como retrasos en el servicio postal local o d\u00edas festivos. Para obtener informaci\u00f3n detallada sobre los plazos de env\u00edo a su pa\u00eds, visite la p\u00e1gina espec\u00edfica de su pa\u00eds en el enlace anterior. <\/p>\n<p>[\/vc_column_text][\/vc_tta_section][vc_tta_section title=\u00bb\u00bfD\u00f3nde puedo seguir mi pedido?\u00bb tab_id=\u00bb1737187665466-5703fda6-be481a95-6a3f\u00bb][vc_column_text css=\u00bb\u00bb]<\/p>\n<p class=\"p1\">Puede seguir su pedido utilizando el c\u00f3digo de seguimiento proporcionado en el correo electr\u00f3nico de confirmaci\u00f3n de env\u00edo. El m\u00e9todo de seguimiento depende de su pa\u00eds y del servicio de env\u00edo utilizado. Para conocer las opciones de seguimiento m\u00e1s precisas disponibles en su regi\u00f3n, visite la p\u00e1gina espec\u00edfica de su pa\u00eds en el enlace anterior.  <\/p>\n<p>[\/vc_column_text][\/vc_tta_section][vc_tta_section title=\u00bb\u00bfCu\u00e1les son los gastos y m\u00e9todos de env\u00edo?\u00bb tab_id=\u00bb1737188614232-01a47c52-44d41a95-6a3f\u00bb][vc_column_text css=\u00bb\u00bb]<\/p>\n<p class=\"p1\">Los gastos y m\u00e9todos de env\u00edo disponibles dependen de su pa\u00eds y de las opciones de transportista que ofrecemos para esa regi\u00f3n. Puede ver los gastos y m\u00e9todos de env\u00edo exactos al finalizar la compra. Para obtener una visi\u00f3n general completa de las opciones de env\u00edo disponibles y los precios en su pa\u00eds, visite la p\u00e1gina espec\u00edfica de su pa\u00eds en el enlace anterior.  <\/p>\n<p>[\/vc_column_text][\/vc_tta_section][vc_tta_section title=\u00bb\u00bfC\u00f3mo puedo pagar mi pedido?\u00bb tab_id=\u00bb1737188637035-b7eae861-e6271a95-6a3f\u00bb][vc_column_text css=\u00bb\u00bb]<\/p>\n<p class=\"p1\">Ofrecemos una variedad de m\u00e9todos de pago seguros para que su proceso de compra sea f\u00e1cil y conveniente. Puede pagar utilizando: <\/p>\n<ul>\n<li>Tarjeta (de cr\u00e9dito)<\/li>\n<li>PayPal<\/li>\n<li>Revolut<\/li>\n<li>iDEAL<\/li>\n<li>Criptomoneda<\/li>\n<li>Przelewy24<\/li>\n<li>Bancontact<\/li>\n<li>Transferencia bancaria SEPA<\/li>\n<li>Online \u00dcberweisen<\/li>\n<li><span class=\"s1\">Sofortbanking<\/span><\/li>\n<li>Transferencias bancarias manuales<\/li>\n<\/ul>\n<p>[\/vc_column_text][\/vc_tta_section][vc_tta_section title=\u00bbGarant\u00eda y reclamaciones\u00bb tab_id=\u00bb1737188651466-1dfecdda-bebe1a95-6a3f\u00bb][vc_column_text css=\u00bb\u00bb]<\/p>\n<p class=\"p1\">Nos esmeramos en asegurar que nuestros productos le lleguen en \u00f3ptimas condiciones. Sin embargo, si recibe un art\u00edculo da\u00f1ado durante el transporte o con otro defecto, puede tener derecho a una reclamaci\u00f3n de garant\u00eda. <\/p>\n<p class=\"p3\"><b>Reclamaciones de garant\u00eda<br \/><\/b><b><\/b>Si descubre un problema con su pedido, p\u00f3ngase en contacto con nosotros en un plazo razonable, idealmente en el plazo de <span class=\"s1\">1 d\u00eda<\/span> desde la recepci\u00f3n de su paquete. Evaluaremos la situaci\u00f3n y determinaremos la mejor soluci\u00f3n. <\/p>\n<p class=\"p3\"><b>Reclamaciones<br \/><\/b><b><\/b>Si algo no sale como esperaba, estamos aqu\u00ed para ayudarle. P\u00f3ngase en contacto con nosotros en <span class=\"s1\">info@go-microdose.com<\/span>, y haremos todo lo posible para resolver el problema. <\/p>\n<p>[\/vc_column_text][\/vc_tta_section][vc_tta_section title=\u00bbDevoluciones\u00bb tab_id=\u00bb1737188666632-9ee3fe40-46091a95-6a3f\u00bb][vc_column_text css=\u00bb\u00bb]<\/p>\n<p class=\"p1\">Debido a la naturaleza de nuestros productos, <span class=\"s1\"><b>no es posible realizar devoluciones<\/b><\/span>. Nuestras trufas y otros productos frescos tienen una <span class=\"s1\">vida \u00fatil limitada de aproximadamente 2 meses<\/span>, lo que significa que no pueden revenderse despu\u00e9s de ser devueltos. Esta pol\u00edtica garantiza que todos los clientes reciban productos frescos y de alta calidad.  <\/p>\n<p class=\"p3\"><b>Pol\u00edtica de cambios<br \/><\/b><b><\/b>Si desea cambiar un producto, p\u00f3ngase en contacto con nosotros en <span class=\"s1\">info@go-microdose.com<\/span>. Aunque los cambios pueden ser posibles para ciertos art\u00edculos no perecederos, <span class=\"s1\">los clientes son responsables de los gastos de env\u00edo de la devoluci\u00f3n<\/span>. <\/p>\n<p class=\"p3\"><b>Direcci\u00f3n de entrega incorrecta<br \/><\/b><b><\/b>Si ha proporcionado una direcci\u00f3n de env\u00edo incorrecta, p\u00f3ngase en contacto con nosotros lo antes posible. Intentaremos actualizar su pedido antes de que sea enviado. Sin embargo, una vez que el pedido ha sido enviado, los cambios ya no son posibles.  <\/p>\n<p>[\/vc_column_text][\/vc_tta_section][vc_tta_section title=\u00bbContacto\u00bb tab_id=\u00bb1737188682135-ea9d8e7b-ed3c1a95-6a3f\u00bb][vc_column_text]<\/p>\n<p>Hacemos todo lo posible por usted como cliente. Esto significa que puede ponerse en contacto con nosotros f\u00e1cilmente.<br \/>Si tiene alguna pregunta sobre cualquiera de estos puntos, puede contactarnos utilizando la siguiente informaci\u00f3n: <\/p>\n<p><strong>GO-Microdose.com<\/strong><br \/>Correo electr\u00f3nico: <a href=\"mailto:info@go-microdose.com\">info@go-microdose.com<\/a><br \/>El nombre comercial de nuestra empresa es: GK Health B.V.<br \/>Nuestro nombre de dominio es GO-Microdose.com<br \/>Nuestra direcci\u00f3n postal: Joop Geesinkweg 601, 1114AB \u00c1msterdam<br \/>C\u00e1mara de Comercio: 87887274<br \/>IVA: NL864437584B01<\/p>\n<p>[\/vc_column_text][\/vc_tta_section][\/vc_tta_accordion][\/vc_column][\/vc_row][vc_row el_class=\u00bbpb-220&#8243;][vc_column width=\u00bb1\/2&#8243;][vc_custom_heading text=\u00bbContacto\u00bb font_container=\u00bbtag:div|text_align:left\u00bb use_theme_fonts=\u00bbyes\u00bb el_class=\u00bbpr-tag\u00bb][vc_custom_heading text=\u00bb\u00bfPreguntas o comentarios?\u00bb use_theme_fonts=\u00bbyes\u00bb]\n<div class=\"wpcf7 no-js\" id=\"wpcf7-f57946-o1\" lang=\"es-ES\" dir=\"ltr\" data-wpcf7-id=\"57946\">\n<div class=\"screen-reader-response\"><p role=\"status\" aria-live=\"polite\" aria-atomic=\"true\"><\/p> <ul><\/ul><\/div>\n<form action=\"\/es\/wp-json\/wp\/v2\/pages\/56799#wpcf7-f57946-o1\" method=\"post\" class=\"wpcf7-form init\" aria-label=\"Formulario de contacto\" novalidate=\"novalidate\" data-status=\"init\">\n<fieldset class=\"hidden-fields-container\"><input type=\"hidden\" name=\"_wpcf7\" value=\"57946\" \/><input type=\"hidden\" name=\"_wpcf7_version\" value=\"6.1.5\" \/><input type=\"hidden\" name=\"_wpcf7_locale\" value=\"es_ES\" \/><input type=\"hidden\" name=\"_wpcf7_unit_tag\" value=\"wpcf7-f57946-o1\" \/><input type=\"hidden\" name=\"_wpcf7_container_post\" value=\"0\" \/><input type=\"hidden\" name=\"_wpcf7_posted_data_hash\" value=\"\" \/><input type=\"hidden\" name=\"_wpcf7_recaptcha_response\" value=\"\" \/>\n<\/fieldset>\n<div class=\"contact-form\">\n\t<div class=\"form-row\">\n\t\t<p><span class=\"wpcf7-form-control-wrap\" data-name=\"Naam\"><input size=\"40\" maxlength=\"400\" class=\"wpcf7-form-control wpcf7-text form-field\" aria-invalid=\"false\" placeholder=\"Nombre\" value=\"\" type=\"text\" name=\"Naam\" \/><\/span>\n\t\t<\/p>\n\t<\/div>\n\t<div class=\"form-row\">\n\t\t<p><span class=\"wpcf7-form-control-wrap\" data-name=\"Email\"><input size=\"40\" maxlength=\"400\" class=\"wpcf7-form-control wpcf7-email wpcf7-validates-as-required wpcf7-text wpcf7-validates-as-email form-field\" aria-required=\"true\" aria-invalid=\"false\" placeholder=\"Correo electr\u00f3nico\" value=\"\" type=\"email\" name=\"Email\" \/><\/span>\n\t\t<\/p>\n\t<\/div>\n\t<div class=\"form-row\">\n\t\t<p><span class=\"wpcf7-form-control-wrap\" data-name=\"your-message\"><textarea cols=\"40\" rows=\"10\" maxlength=\"2000\" class=\"wpcf7-form-control wpcf7-textarea form-field\" aria-invalid=\"false\" placeholder=\"Pregunta o comentario\u2026\" name=\"your-message\"><\/textarea><\/span>\n\t\t<\/p>\n\t<\/div>\n\t<div class=\"form-row checkbox\">\n\t\t<p><span class=\"wpcf7-form-control-wrap\" data-name=\"agree\"><span class=\"wpcf7-form-control wpcf7-acceptance\"><span class=\"wpcf7-list-item\"><label><input type=\"checkbox\" name=\"agree\" value=\"1\" aria-invalid=\"false\" \/><span class=\"wpcf7-list-item-label\">Acepto el <a href=\"\/privacy-policy\/\" target=\"_blank\"> aviso de privacidad<\/a><\/span><\/label><\/span><\/span><\/span>\n\t\t<\/p>\n\t<\/div>\n\t<div class=\"form-row\">\n\t<span class=\"wpcf7-form-control-wrap recaptcha\" data-name=\"recaptcha\"><span data-sitekey=\"6LcxYnAUAAAAAK0N-eell9CfBJrJukJ8yVIG3u5S\" class=\"wpcf7-form-control wpcf7-recaptcha g-recaptcha\"><\/span>\r\n<noscript>\r\n\t<div class=\"grecaptcha-noscript\">\r\n\t\t<iframe src=\"https:\/\/www.google.com\/recaptcha\/api\/fallback?k=6LcxYnAUAAAAAK0N-eell9CfBJrJukJ8yVIG3u5S\" frameborder=\"0\" scrolling=\"no\" width=\"310\" height=\"430\">\r\n\t\t<\/iframe>\r\n\t\t<textarea name=\"g-recaptcha-response\" rows=\"3\" cols=\"40\" placeholder=\"Aqu\u00ed la respuesta de reCAPTCHA\">\r\n\t\t<\/textarea>\r\n\t<\/div>\r\n<\/noscript>\r\n<\/span>\n\t<\/div>\n\t<div class=\"form-row submit\">\n\t\t<p><button class=\"button vc_btn3-style-modern\"><input class=\"wpcf7-form-control wpcf7-submit has-spinner\" type=\"submit\" value=\"Enviar\" \/><\/button>\n\t\t<\/p>\n\t<\/div>\n<\/div><div class=\"wpcf7-response-output\" aria-hidden=\"true\"><\/div>\n<\/form>\n<\/div>\n[\/vc_column][vc_column width=\u00bb1\/2&#8243;][\/vc_column][\/vc_row]<\/p>\n<\/div>","protected":false},"excerpt":{"rendered":"<p>[vc_row][vc_column width=\u00bb1\/2&#8243;][vc_custom_heading text=\u00bbTodo lo que necesita saber\u00bb font_container=\u00bbtag:div|text_align:left\u00bb use_theme_fonts=\u00bbyes\u00bb css=\u00bb\u00bb el_class=\u00bbpr-tag\u00bb][\/vc_column][vc_column width=\u00bb1\/2&#8243;][\/vc_column][\/vc_row][vc_row][vc_column width=\u00bb1\/2&#8243;][vc_custom_heading text=\u00bbEnv\u00edo\u00bb font_container=\u00bbtag:h1|text_align:left\u00bb use_theme_fonts=\u00bbyes\u00bb][vc_column_text css=\u00bb\u00bb] En GO Microdose, nos esforzamos por garantizar que su pedido llegue de forma r\u00e1pida, segura y sin complicaciones. Realizamos env\u00edos a la mayor\u00eda de pa\u00edses de todo el mundo y hemos optimizado cuidadosamente nuestros m\u00e9todos de env\u00edo para [&hellip;]<\/p>\n","protected":false},"author":5548,"featured_media":0,"parent":0,"menu_order":0,"comment_status":"closed","ping_status":"closed","template":"","meta":{"_acf_changed":false,"footnotes":""},"class_list":["post-56799","page","type-page","status-publish","hentry"],"acf":[],"_links":{"self":[{"href":"https:\/\/go-microdose.com\/es\/wp-json\/wp\/v2\/pages\/56799","targetHints":{"allow":["GET"]}}],"collection":[{"href":"https:\/\/go-microdose.com\/es\/wp-json\/wp\/v2\/pages"}],"about":[{"href":"https:\/\/go-microdose.com\/es\/wp-json\/wp\/v2\/types\/page"}],"author":[{"embeddable":true,"href":"https:\/\/go-microdose.com\/es\/wp-json\/wp\/v2\/users\/5548"}],"replies":[{"embeddable":true,"href":"https:\/\/go-microdose.com\/es\/wp-json\/wp\/v2\/comments?post=56799"}],"version-history":[{"count":0,"href":"https:\/\/go-microdose.com\/es\/wp-json\/wp\/v2\/pages\/56799\/revisions"}],"wp:attachment":[{"href":"https:\/\/go-microdose.com\/es\/wp-json\/wp\/v2\/media?parent=56799"}],"curies":[{"name":"wp","href":"https:\/\/api.w.org\/{rel}","templated":true}]}}