{"id":56864,"date":"2026-03-25T11:23:01","date_gmt":"2026-03-25T10:23:01","guid":{"rendered":"https:\/\/go-microdose.com\/informacion\/"},"modified":"2026-03-27T09:14:02","modified_gmt":"2026-03-27T08:14:02","slug":"informacion","status":"publish","type":"page","link":"https:\/\/go-microdose.com\/es\/informacion\/","title":{"rendered":"Informaci\u00f3n"},"content":{"rendered":"<div class=\"wpb-content-wrapper\"><p>[vc_section full_width=\u00bbstretch_row\u00bb el_class=\u00bbmain-myaccount\u00bb][vc_row el_class=\u00bbdownloads-title\u00bb][vc_column][vc_custom_heading text=\u00bbInformaci\u00f3n\u00bb font_container=\u00bbtag:div|text_align:left\u00bb use_theme_fonts=\u00bbyes\u00bb el_class=\u00bbpr-tag\u00bb][vc_custom_heading text=\u00bbDescargas\u00bb font_container=\u00bbtag:h1|text_align:left\u00bb use_theme_fonts=\u00bbyes\u00bb el_class=\u00bbeffect-title\u00bb][\/vc_column][\/vc_row][vc_row equal_height=\u00bbyes\u00bb el_class=\u00bbsection-downloads\u00bb][vc_column width=\u00bb2\/3&#8243;][vc_row_inner el_class=\u00bbitem\u00bb][vc_column_inner][vc_single_image image=\u00bb56868&#8243; img_size=\u00bbfull\u00bb][vc_column_text]<\/p>\n<h2>C\u00f3mo usar y dosificar<\/h2>\n<p>Le ayuda a encontrar la dosis perfecta para usted.[\/vc_column_text][vc_btn title=\u00bbDescargar\u00bb link=\u00bburl:https%3A%2F%2Fgo-microdose.com%2Fwp-content%2Fuploads%2F2022%2F11%2FHow-to-use-dose.pdf|target:_blank|\u00bb el_class=\u00bbbtn-download\u00bb][\/vc_column_inner][\/vc_row_inner][vc_row_inner el_class=\u00bbitem\u00bb][vc_column_inner][vc_single_image image=\u00bb56868&#8243; img_size=\u00bbfull\u00bb][vc_column_text]<\/p>\n<h2>Gu\u00eda del curso paso a paso<\/h2>\n<p>Descubra el plan paso a paso tanto para principiantes como para expertos.[\/vc_column_text][vc_btn title=\u00bbDescargar\u00bb link=\u00bburl:https%3A%2F%2Fgo-microdose.com%2Fwp-content%2Fuploads%2F2022%2F08%2FGO-Microdose-manual.pdf|target:_blank|\u00bb el_class=\u00bbbtn-download\u00bb][\/vc_column_inner][\/vc_row_inner][vc_row_inner el_class=\u00bbitem\u00bb][vc_column_inner][vc_single_image image=\u00bb56868&#8243; img_size=\u00bbfull\u00bb][vc_column_text]<\/p>\n<h2>Instrucciones del kit de cultivo<\/h2>\n<p>Cultive sus propias setas con nuestra gu\u00eda del kit de cultivo.[\/vc_column_text][vc_btn title=\u00bbDescargar\u00bb link=\u00bburl:https%3A%2F%2Fgo-microdose.com%2Fes%2Finstrucciones-de-cultivo%2F|target:_blank|\u00bb el_class=\u00bbbtn-download\u00bb][\/vc_column_inner][\/vc_row_inner][vc_row_inner el_class=\u00bbitem\u00bb][vc_column_inner][vc_single_image image=\u00bb56868&#8243; img_size=\u00bbfull\u00bb][vc_column_text]<\/p>\n<h2>Agenda de evaluaci\u00f3n personal (pr\u00f3ximamente)<\/h2>\n<p>Realice un seguimiento de sus experiencias.[\/vc_column_text][vc_btn title=\u00bbDescargar\u00bb link=\u00bburl:%23|target:_blank|\u00bb el_class=\u00bbbtn-download\u00bb][\/vc_column_inner][\/vc_row_inner][\/vc_column][vc_column width=\u00bb1\/3&#8243;][vc_wp_text title=\u00bbCalculadora de dosis\u00bb el_class=\u00bbb-dosage-calculator\u00bb]Utilice nuestra calculadora de dosis para identificar la dosificaci\u00f3n \u00f3ptima de setas o trufas m\u00e1gicas en funci\u00f3n de su peso corporal.<\/p>\n<p><a class=\"button vc_btn3-style-modern\" href=\"https:\/\/go-microdose.com\/es\/calculadora-de-dosis\/\">Empezar a calcular<\/a><\/p>\n<p><img decoding=\"async\" class=\"alignnone size-full wp-image-17597\" src=\"https:\/\/go-microdose.com\/wp-content\/uploads\/2024\/02\/IPHONE-MOCKUP.png\" alt=\"\" width=\"548\" height=\"700\" srcset=\"https:\/\/go-microdose.com\/wp-content\/uploads\/2024\/02\/IPHONE-MOCKUP.png 548w, https:\/\/go-microdose.com\/wp-content\/uploads\/2024\/02\/IPHONE-MOCKUP-235x300.png 235w, https:\/\/go-microdose.com\/wp-content\/uploads\/2024\/02\/IPHONE-MOCKUP-391x500.png 391w, https:\/\/go-microdose.com\/wp-content\/uploads\/2024\/02\/IPHONE-MOCKUP-157x200.png 157w\" sizes=\"(max-width: 548px) 100vw, 548px\" \/>[\/vc_wp_text][\/vc_column][\/vc_row][vc_row el_class=\u00bbs-download-full-guide\u00bb][vc_column width=\u00bb1\/2&#8243;][vc_single_image image=\u00bb56287&#8243; img_size=\u00bbfull\u00bb onclick=\u00bbcustom_link\u00bb css=\u00bb\u00bb link=\u00bbhttps:\/\/go-microdose.com\/es\/la-guia-completa-sobre-microdosis\/\u00bb][\/vc_column][vc_column width=\u00bb1\/2&#8243; el_class=\u00bbform\u00bb][vc_custom_heading text=\u00bb\u00a1Descargue nuestra gu\u00eda completa de microdosificaci\u00f3n <em>gratis!<\/em>\u00bb use_theme_fonts=\u00bbyes\u00bb css=\u00bb\u00bb el_class=\u00bbsh2&#8243;][vc_column_text css=\u00bb\u00bb]<strong>Esta gu\u00eda<\/strong> recopila las mejores pr\u00e1cticas y conocimientos esenciales para ayudarle a incorporar la microdosificaci\u00f3n en su rutina de bienestar de forma efectiva.[\/vc_column_text][vc_raw_html css=\u00bb\u00bb]W21haWxlcmxpdGVfZm9ybSBmb3JtX2lkPSIyIl0=[\/vc_raw_html][\/vc_column][\/vc_row][\/vc_section]<\/p>\n<\/div>","protected":false},"excerpt":{"rendered":"<p>[vc_section full_width=\u00bbstretch_row\u00bb el_class=\u00bbmain-myaccount\u00bb][vc_row el_class=\u00bbdownloads-title\u00bb][vc_column][vc_custom_heading text=\u00bbInformaci\u00f3n\u00bb font_container=\u00bbtag:div|text_align:left\u00bb use_theme_fonts=\u00bbyes\u00bb el_class=\u00bbpr-tag\u00bb][vc_custom_heading text=\u00bbDescargas\u00bb font_container=\u00bbtag:h1|text_align:left\u00bb use_theme_fonts=\u00bbyes\u00bb el_class=\u00bbeffect-title\u00bb][\/vc_column][\/vc_row][vc_row equal_height=\u00bbyes\u00bb el_class=\u00bbsection-downloads\u00bb][vc_column width=\u00bb2\/3&#8243;][vc_row_inner el_class=\u00bbitem\u00bb][vc_column_inner][vc_single_image image=\u00bb56868&#8243; img_size=\u00bbfull\u00bb][vc_column_text] C\u00f3mo usar y dosificar Le ayuda a encontrar la dosis perfecta para usted.[\/vc_column_text][vc_btn title=\u00bbDescargar\u00bb link=\u00bburl:https%3A%2F%2Fgo-microdose.com%2Fwp-content%2Fuploads%2F2022%2F11%2FHow-to-use-dose.pdf|target:_blank|\u00bb el_class=\u00bbbtn-download\u00bb][\/vc_column_inner][\/vc_row_inner][vc_row_inner el_class=\u00bbitem\u00bb][vc_column_inner][vc_single_image image=\u00bb56868&#8243; img_size=\u00bbfull\u00bb][vc_column_text] Gu\u00eda del curso paso a paso Descubra el plan paso a paso tanto para principiantes como para expertos.[\/vc_column_text][vc_btn [&hellip;]<\/p>\n","protected":false},"author":5548,"featured_media":0,"parent":0,"menu_order":0,"comment_status":"closed","ping_status":"closed","template":"","meta":{"_acf_changed":false,"footnotes":""},"class_list":["post-56864","page","type-page","status-publish","hentry"],"acf":[],"_links":{"self":[{"href":"https:\/\/go-microdose.com\/es\/wp-json\/wp\/v2\/pages\/56864","targetHints":{"allow":["GET"]}}],"collection":[{"href":"https:\/\/go-microdose.com\/es\/wp-json\/wp\/v2\/pages"}],"about":[{"href":"https:\/\/go-microdose.com\/es\/wp-json\/wp\/v2\/types\/page"}],"author":[{"embeddable":true,"href":"https:\/\/go-microdose.com\/es\/wp-json\/wp\/v2\/users\/5548"}],"replies":[{"embeddable":true,"href":"https:\/\/go-microdose.com\/es\/wp-json\/wp\/v2\/comments?post=56864"}],"version-history":[{"count":0,"href":"https:\/\/go-microdose.com\/es\/wp-json\/wp\/v2\/pages\/56864\/revisions"}],"wp:attachment":[{"href":"https:\/\/go-microdose.com\/es\/wp-json\/wp\/v2\/media?parent=56864"}],"curies":[{"name":"wp","href":"https:\/\/api.w.org\/{rel}","templated":true}]}}