{"id":56912,"date":"2026-03-25T11:23:20","date_gmt":"2026-03-25T10:23:20","guid":{"rendered":"https:\/\/go-microdose.com\/microdosis\/"},"modified":"2026-03-27T09:38:18","modified_gmt":"2026-03-27T08:38:18","slug":"microdosis","status":"publish","type":"page","link":"https:\/\/go-microdose.com\/es\/microdosis\/","title":{"rendered":"Microdosis"},"content":{"rendered":"<div class=\"wpb-content-wrapper\"><p>[vc_section full_width=\u00bbstretch_row_content\u00bb full_height=\u00bbyes\u00bb content_placement=\u00bbmiddle\u00bb el_class=\u00bbbutton-section product-copy-page\u00bb css=\u00bb.vc_custom_1640248080539{padding-bottom: 0px !important;}\u00bb][vc_row full_height=\u00bbyes\u00bb css_animation=\u00bbnone\u00bb][vc_column el_class=\u00bbcontainer\u00bb][vc_row_inner content_placement=\u00bbmiddle\u00bb el_class=\u00bbrow-reverse\u00bb][vc_column_inner width=\u00bb1\/2&#8243;][vc_single_image image=\u00bb56934&#8243; img_size=\u00bbfull\u00bb][\/vc_column_inner][vc_column_inner el_class=\u00bbabout-text-column\u00bb width=\u00bb1\/2&#8243;][vc_custom_heading source=\u00bbpost_title\u00bb font_container=\u00bbtag:h5|text_align:left\u00bb use_theme_fonts=\u00bbyes\u00bb el_class=\u00bbpr-tag\u00bb][vc_custom_heading text=\u00bb\u00bfQu\u00e9 es la microdosificaci\u00f3n?\u00bb font_container=\u00bbtag:h2|text_align:left|color:%23000000&#8243; use_theme_fonts=\u00bbyes\u00bb][vc_column_text el_class=\u00bbproduct-copy-description\u00bb]Las trufas de microdosificaci\u00f3n se hicieron conocidas en todo el mundo en 2015 y r\u00e1pidamente ganaron popularidad. Se toma 1\/10 de la dosis de viaje. Esto previene los efectos alucin\u00f3genos y da\u00f1inos, mientras se disfrutan de beneficios sutiles. Se experimentan efectos a un nivel subperceptual, sin las alteraciones visuales. Al microdosificar, se experimentan las ventajas, sin los inconvenientes de las drogas psicod\u00e9licas.    <\/p>\n<p>La trufa que vendemos es la trufa \u00absclerotia\u00bb (sustrato subterr\u00e1neo de la \u00abMexicana\u00bb). Esta puede ser producida, comercializada y exportada libremente en los Pa\u00edses Bajos. Es un producto legal en los Pa\u00edses Bajos, siempre que no haya sido sometida a un &#8216;procesamiento activo&#8217; y, por lo tanto, puede enviarse a todos los pa\u00edses de la UE bajo el <strong><a href=\"https:\/\/ec.europa.eu\/growth\/single-market\/goods\/free-movement-sectors\/mutual-recognition_en\" target=\"_blank\" rel=\"noopener\">Principio de Reconocimiento Mutuo de Mercanc\u00edas<\/a><\/strong> de la Comisi\u00f3n Europea.[\/vc_column_text][vc_btn title=\u00bbPida aqu\u00ed\u00bb color=\u00bbwarning\u00bb size=\u00bblg\u00bb align=\u00bbleft\u00bb link=\u00bburl:https%3A%2F%2Fgo-microdose.com%2Fes%2Ftienda%2F|\u00bb][\/vc_column_inner][\/vc_row_inner][\/vc_column][\/vc_row][vc_row el_class=\u00bbmove-next-section\u00bb][vc_column el_class=\u00bbcontainer\u00bb][vc_btn title=\u00bb\u00bfCu\u00e1les son los beneficios?\u00bb style=\u00bbflat\u00bb color=\u00bbblack\u00bb link=\u00bburl:%23more|\u00bb el_class=\u00bbdiscover-more\u00bb][\/vc_column][\/vc_row][\/vc_section][vc_section full_width=\u00bbstretch_row_content\u00bb content_placement=\u00bbmiddle\u00bb css=\u00bb.vc_custom_1648641388106{background-image: url(https:\/\/go-microdose.com\/wp-content\/uploads\/2021\/12\/background-01.png?id=962) !important;background-position: center !important;background-repeat: no-repeat !important;background-size: cover !important;}\u00bb el_class=\u00bbeffect-main-section\u00bb el_id=\u00bbmore\u00bb][vc_row][vc_column el_class=\u00bbcontainer\u00bb][vc_row_inner content_placement=\u00bbmiddle\u00bb el_class=\u00bbrow-reverse effect-section\u00bb][vc_column_inner width=\u00bb1\/2&#8243;][vc_single_image image=\u00bb56941&#8243; img_size=\u00bbfull\u00bb el_class=\u00bbimage-with-shadow\u00bb][\/vc_column_inner][vc_column_inner width=\u00bb1\/2&#8243;][vc_custom_heading text=\u00bbLos beneficios\u00bb font_container=\u00bbtag:h3|text_align:left|color:%23696764&#8243; use_theme_fonts=\u00bbyes\u00bb][vc_custom_heading text=\u00bb\u00bfPor qu\u00e9 microdosificar?\u00bb font_container=\u00bbtag:h2|text_align:left|color:%23000000&#8243; use_theme_fonts=\u00bbyes\u00bb el_class=\u00bbeffect-title\u00bb][vc_column_text el_class=\u00bbeffect-description\u00bb]Nuestros clientes microdosifican por todo tipo de razones personales. Algunos se sienten m\u00e1s creativos, otros son m\u00e1s productivos y otros experimentan menos problemas m\u00e9dicos. Para ellos, la microdosificaci\u00f3n es un medio que les ayuda con diversos desaf\u00edos y problemas. Puede experimentar uno o m\u00e1s de los siguientes beneficios:   <\/p>\n<ul>\n<li><strong>Energ\u00eda mejorada:<\/strong> Si\u00e9ntase m\u00e1s vital y productivo durante todo el d\u00eda.<\/li>\n<li><strong>Enfoque m\u00e1s n\u00edtido:<\/strong> Experimente un pensamiento m\u00e1s claro y una mejor resoluci\u00f3n de problemas.<\/li>\n<li><strong>Creatividad impulsada:<\/strong> Desbloquee nuevos niveles de inspiraci\u00f3n y pensamiento innovador.<\/li>\n<li><strong>Concentraci\u00f3n mejorada:<\/strong> Mant\u00e9ngase concentrado en las tareas durante per\u00edodos m\u00e1s largos con facilidad.<\/li>\n<li><strong>Ansiedad reducida:<\/strong> Disfrute de un estado mental m\u00e1s tranquilo y equilibrado.<\/li>\n<li><strong>Estado de \u00e1nimo elevado:<\/strong> Si\u00e9ntase animado y m\u00e1s positivo ante la vida.<\/li>\n<\/ul>\n<p>La microdosificaci\u00f3n ofrece una forma sencilla pero poderosa de mejorar varios aspectos de su vida. Pru\u00e9bela hoy y desbloquee todo su potencial.[\/vc_column_text][\/vc_column_inner][\/vc_row_inner][\/vc_column][\/vc_row][vc_row][vc_column el_class=\u00bbcontainer\u00bb][vc_btn title=\u00bb\u00bfC\u00f3mo funciona?\u00bb style=\u00bbflat\u00bb color=\u00bbblack\u00bb link=\u00bburl:%23research|\u00bb el_class=\u00bbdiscover-more\u00bb][\/vc_column][\/vc_row][\/vc_section][vc_section full_width=\u00bbstretch_row_content\u00bb el_class=\u00bbbutton-section\u00bb el_id=\u00bbresearch\u00bb][vc_row el_class=\u00bbonly-text-content\u00bb][vc_column el_class=\u00bbcontainer\u00bb][vc_row_inner el_class=\u00bbabout-text-column\u00bb][vc_column_inner width=\u00bb1\/2&#8243;][vc_custom_heading text=\u00bbSus efectos\u00bb font_container=\u00bbtag:h5|text_align:left\u00bb use_theme_fonts=\u00bbyes\u00bb el_class=\u00bbpr-tag\u00bb][vc_custom_heading text=\u00bb\u00bfQu\u00e9 ocurre en su cerebro?\u00bb font_container=\u00bbtag:h2|text_align:left|color:%23000000&#8243; use_theme_fonts=\u00bbyes\u00bb][vc_column_text el_class=\u00bbproduct-copy-description\u00bb]El funcionamiento preciso de la microdosificaci\u00f3n es neurocient\u00edfico y, por lo tanto, extremadamente complicado. Se trata de sustancias psicod\u00e9licas que, en microdosis, tienen un efecto eficaz sobre los receptores de serotonina (5-hidroxitriptamina o 5-HT) en el cerebro. Este sistema regula la mente y la forma en que se aprende.  <\/p>\n<p>El sistema nervioso contiene todo tipo de receptores de serotonina, que juntos regulan funciones que van desde el estado de \u00e1nimo y la memoria hasta el pensamiento y los movimientos intestinales. Los receptores 5-HT1A, 5-HT2A, 5-HT3, 5-HT4, 5-HT6 y 5-HT7 son responsables de la memoria y la capacidad de pensamiento. La microdosificaci\u00f3n crea un impulso cognitivo por su efecto en el receptor 5-HT2.[\/vc_column_text][vc_btn title=\u00bbPida aqu\u00ed\u00bb color=\u00bbwarning\u00bb size=\u00bblg\u00bb align=\u00bbleft\u00bb el_class=\u00bbcstm-btn with-bg\u00bb link=\u00bburl:https%3A%2F%2Fgo-microdose.com%2Fes%2Ftienda%2F|\u00bb][\/vc_column_inner][vc_column_inner width=\u00bb1\/2&#8243;][vc_custom_heading text=\u00bbExperiencia de los clientes\u00bb font_container=\u00bbtag:h5|text_align:left\u00bb use_theme_fonts=\u00bbyes\u00bb el_class=\u00bbpr-tag\u00bb][vc_custom_heading text=\u00bbExperiencias reportadas por nuestros usuarios:\u00bb font_container=\u00bbtag:h2|text_align:left|color:%23000000&#8243; use_theme_fonts=\u00bbyes\u00bb][vc_column_text el_class=\u00bbeffect-description\u00bb]<\/p>\n<ul>\n<li><strong>Claridad mejorada:<\/strong> Pensamiento m\u00e1s n\u00edtido y habilidades de resoluci\u00f3n de problemas mejoradas.<\/li>\n<li><strong>Enfoque mejorado:<\/strong> Mejor concentraci\u00f3n, incluso si tiene dificultades con el TDAH.<\/li>\n<li><strong>Ansiedad reducida:<\/strong> Encuentre alivio de los miedos y problemas relacionados con la ansiedad.<\/li>\n<li><strong>Energ\u00eda elevada:<\/strong> Si\u00e9ntase m\u00e1s energizado, creativo y productivo.<\/li>\n<li><strong>Estado de \u00e1nimo mejorado:<\/strong> Disfrute de una mejor calidad de sue\u00f1o y una perspectiva m\u00e1s brillante de la vida.<\/li>\n<li><strong>Alivio menstrual:<\/strong> Note una reducci\u00f3n en los s\u00edntomas del s\u00edndrome premenstrual.<\/li>\n<li><strong>Apoyo para adicciones:<\/strong> M\u00e1s f\u00e1cil superar el tabaquismo y otras adicciones.<\/li>\n<li><strong>Comunicaci\u00f3n mejorada:<\/strong> Menos problemas con la tartamudez y los problemas del habla.<\/li>\n<li><strong>Conexiones m\u00e1s profundas:<\/strong> Fomente lazos emocionales m\u00e1s fuertes con quienes le rodean.<\/li>\n<li><strong>Presencia intensificada:<\/strong> Sea m\u00e1s consciente de s\u00ed mismo y est\u00e9 m\u00e1s presente en el momento.<\/li>\n<\/ul>\n<p>Emb\u00e1rquese en su viaje de microdosificaci\u00f3n y desbloquee un mundo de cambios positivos.[\/vc_column_text][\/vc_column_inner][\/vc_row_inner][\/vc_column][\/vc_row][vc_row][vc_column el_class=\u00bbcontainer\u00bb][vc_btn title=\u00bb\u00bfDe d\u00f3nde vienen?\u00bb style=\u00bbflat\u00bb color=\u00bbblack\u00bb link=\u00bburl:%23thenetherlands|\u00bb el_class=\u00bbdiscover-more\u00bb][\/vc_column][\/vc_row][\/vc_section][vc_section full_width=\u00bbstretch_row_content\u00bb el_class=\u00bbbutton-section\u00bb el_id=\u00bbthenetherlands\u00bb css=\u00bb.vc_custom_1664213380375{background-color: rgba(206,198,187,0.4) !important;*background-color: rgb(206,198,187) !important;}\u00bb][vc_row el_class=\u00bbonly-text-content\u00bb][vc_column el_class=\u00bbcontainer\u00bb][vc_row_inner el_class=\u00bbabout-text-column\u00bb][vc_column_inner width=\u00bb1\/2&#8243;][vc_custom_heading text=\u00bbLa Granja\u00bb font_container=\u00bbtag:h5|text_align:left\u00bb use_theme_fonts=\u00bbyes\u00bb el_class=\u00bbpr-tag\u00bb][vc_custom_heading text=\u00bbDescubra nuestras ra\u00edces\u00bb font_container=\u00bbtag:h2|text_align:left|color:%23000000&#8243; use_theme_fonts=\u00bbyes\u00bb][vc_column_text el_class=\u00bbproduct-copy-description\u00bb]\u00bfAlguna vez se ha preguntado sobre el origen de nuestras trufas? Nuestra granja, enclavada en el coraz\u00f3n de los Pa\u00edses Bajos, es donde todo comienza. Con m\u00e1s de 30 a\u00f1os de experiencia, hemos cultivado un profundo conocimiento del cultivo de trufas, asegurando un producto de la m\u00e1s alta calidad para nuestros clientes. Desde la siembra hasta la cosecha, cada paso del proceso se gestiona meticulosamente para garantizar un crecimiento y una potencia \u00f3ptimos. \u00bfCurioso por echar un vistazo entre bastidores? Explore nuestra granja y sea testigo de primera mano de la dedicaci\u00f3n y el cuidado que se pone en cada lote de nuestras trufas premium.[\/vc_column_text][vc_btn title=\u00bbNuestra historia\u00bb color=\u00bbwarning\u00bb size=\u00bblg\u00bb align=\u00bbleft\u00bb el_class=\u00bbcstm-btn with-bg\u00bb link=\u00bburl:https%3A%2F%2Fgo-microdose.com%2Fes%2Fnuestra-historia%2F|\u00bb css=\u00bb.vc_custom_1667941871095{padding-top: 0px !important;}\u00bb][\/vc_column_inner][vc_column_inner width=\u00bb1\/2&#8243;][vc_single_image image=\u00bb56920&#8243; img_size=\u00bbfull\u00bb el_class=\u00bbimage-with-shadow\u00bb][\/vc_column_inner][\/vc_row_inner][vc_row_inner el_class=\u00bbabout-text-column\u00bb][vc_column_inner][vc_custom_heading text=\u00bbM\u00e1s im\u00e1genes\u00bb font_container=\u00bbtag:h5|text_align:left\u00bb use_theme_fonts=\u00bbyes\u00bb el_class=\u00bbpr-tag\u00bb][vc_custom_heading text=\u00bbDonde todo sucede\u00bb font_container=\u00bbtag:h2|text_align:left|color:%23000000&#8243; use_theme_fonts=\u00bbyes\u00bb][vc_images_carousel images=\u00bb56919,56918,56917,56921,56929,56924,56923,56933,56930,56928&#8243; img_size=\u00bblarge\u00bb slides_per_view=\u00bb10&#8243;][\/vc_column_inner][\/vc_row_inner][\/vc_column][\/vc_row][\/vc_section]<\/p>\n<\/div>","protected":false},"excerpt":{"rendered":"<p>[vc_section full_width=\u00bbstretch_row_content\u00bb full_height=\u00bbyes\u00bb content_placement=\u00bbmiddle\u00bb el_class=\u00bbbutton-section product-copy-page\u00bb css=\u00bb.vc_custom_1640248080539{padding-bottom: 0px !important;}\u00bb][vc_row full_height=\u00bbyes\u00bb css_animation=\u00bbnone\u00bb][vc_column el_class=\u00bbcontainer\u00bb][vc_row_inner content_placement=\u00bbmiddle\u00bb el_class=\u00bbrow-reverse\u00bb][vc_column_inner width=\u00bb1\/2&#8243;][vc_single_image image=\u00bb56934&#8243; img_size=\u00bbfull\u00bb][\/vc_column_inner][vc_column_inner el_class=\u00bbabout-text-column\u00bb width=\u00bb1\/2&#8243;][vc_custom_heading source=\u00bbpost_title\u00bb font_container=\u00bbtag:h5|text_align:left\u00bb use_theme_fonts=\u00bbyes\u00bb el_class=\u00bbpr-tag\u00bb][vc_custom_heading text=\u00bb\u00bfQu\u00e9 es la microdosificaci\u00f3n?\u00bb font_container=\u00bbtag:h2|text_align:left|color:%23000000&#8243; use_theme_fonts=\u00bbyes\u00bb][vc_column_text el_class=\u00bbproduct-copy-description\u00bb]Las trufas de microdosificaci\u00f3n se hicieron conocidas en todo el mundo en 2015 y r\u00e1pidamente ganaron popularidad. Se toma 1\/10 de la dosis de viaje. Esto [&hellip;]<\/p>\n","protected":false},"author":5548,"featured_media":0,"parent":0,"menu_order":0,"comment_status":"closed","ping_status":"closed","template":"","meta":{"_acf_changed":false,"footnotes":""},"class_list":["post-56912","page","type-page","status-publish","hentry"],"acf":[],"_links":{"self":[{"href":"https:\/\/go-microdose.com\/es\/wp-json\/wp\/v2\/pages\/56912","targetHints":{"allow":["GET"]}}],"collection":[{"href":"https:\/\/go-microdose.com\/es\/wp-json\/wp\/v2\/pages"}],"about":[{"href":"https:\/\/go-microdose.com\/es\/wp-json\/wp\/v2\/types\/page"}],"author":[{"embeddable":true,"href":"https:\/\/go-microdose.com\/es\/wp-json\/wp\/v2\/users\/5548"}],"replies":[{"embeddable":true,"href":"https:\/\/go-microdose.com\/es\/wp-json\/wp\/v2\/comments?post=56912"}],"version-history":[{"count":0,"href":"https:\/\/go-microdose.com\/es\/wp-json\/wp\/v2\/pages\/56912\/revisions"}],"wp:attachment":[{"href":"https:\/\/go-microdose.com\/es\/wp-json\/wp\/v2\/media?parent=56912"}],"curies":[{"name":"wp","href":"https:\/\/api.w.org\/{rel}","templated":true}]}}