{"id":56995,"date":"2026-03-25T11:23:48","date_gmt":"2026-03-25T10:23:48","guid":{"rendered":"https:\/\/go-microdose.com\/politica-de-privacidad\/"},"modified":"2026-03-25T11:24:23","modified_gmt":"2026-03-25T10:24:23","slug":"politica-de-privacidad","status":"publish","type":"page","link":"https:\/\/go-microdose.com\/es\/politica-de-privacidad\/","title":{"rendered":"Pol\u00edtica de privacidad"},"content":{"rendered":"<div class=\"wpb-content-wrapper\"><p>[vc_section][vc_row][vc_column][vc_custom_heading text=\u00bbPol\u00edtica de privacidad\u00bb font_container=\u00bbtag:h1|text_align:center\u00bb use_theme_fonts=\u00bbyes\u00bb el_class=\u00bbeffect-title\u00bb][vc_column_text]GK Health B.V. es responsable del tratamiento de datos personales como se muestra en esta declaraci\u00f3n de privacidad.<\/p>\n<p>Datos de contacto:<br \/>\nwww.go-microdose.com<br \/>\ninfo@go-microdose.com<\/p>\n<p>Datos personales que tratamos<br \/>\nGK Health B.V. trata sus datos personales porque usted utiliza nuestros servicios y\/o porque usted mismo nos proporciona estos datos.<\/p>\n<p>A continuaci\u00f3n encontrar\u00e1 una descripci\u00f3n general de los datos personales que tratamos:<br \/>\n\u2013 Nombre y apellidos<br \/>\n\u2013 Datos de direcci\u00f3n<br \/>\n\u2013 N\u00famero de tel\u00e9fono<br \/>\n\u2013 Direcci\u00f3n de correo electr\u00f3nico<br \/>\n\u2013 Otros datos personales que usted proporciona activamente, por ejemplo, al crear un perfil en este sitio web, en correspondencia y por tel\u00e9fono<br \/>\n\u2013 Informaci\u00f3n sobre sus actividades en nuestro sitio web<br \/>\n\u2013 Navegador de Internet y tipo de dispositivo<\/p>\n<p>Datos personales especiales y\/o sensibles que tratamos<br \/>\nNuestro sitio web y\/o servicio no tiene la intenci\u00f3n de recopilar datos sobre visitantes del sitio web menores de 16 a\u00f1os. A menos que tengan permiso de sus padres o tutores. Sin embargo, no podemos verificar si un visitante es mayor de 16 a\u00f1os. Por lo tanto, aconsejamos a los padres que participen en las actividades en l\u00ednea de sus hijos, con el fin de evitar que se recopilen datos sobre ni\u00f1os sin el consentimiento de los padres. Si est\u00e1 convencido de que hemos recopilado informaci\u00f3n personal sobre un menor sin este permiso, p\u00f3ngase en contacto con nosotros en info@go-microdose.com y eliminaremos esta informaci\u00f3n.    <\/p>\n<p>Con qu\u00e9 finalidad y sobre qu\u00e9 base tratamos los datos personales<br \/>\nGK Health B.V. trata sus datos personales para los siguientes fines:<br \/>\n\u2013 Gestionar su pago<br \/>\n\u2013 Enviar nuestro bolet\u00edn informativo y\/o folleto publicitario<br \/>\n\u2013 Ofrecerle la opci\u00f3n de crear una cuenta<br \/>\n\u2013 Entregarle bienes y servicios<br \/>\n\u2013 GK Health B.V. analiza su comportamiento en el sitio web con el fin de mejorar el sitio web y adaptar la gama de productos y servicios a sus preferencias.<br \/>\n\u2013 GK Health B.V. sigue su comportamiento de navegaci\u00f3n en varios sitios web con los que adaptamos nuestros productos y servicios a sus necesidades.<\/p>\n<p>Cu\u00e1nto tiempo conservamos los datos personales<br \/>\nGK Health B.V. no almacena sus datos personales m\u00e1s tiempo del estrictamente necesario para realizar los fines para los que se recopilan sus datos. Utilizamos los siguientes per\u00edodos de conservaci\u00f3n para los datos personales: <\/p>\n<p>12 meses<\/p>\n<p>Compartir datos personales con terceros<br \/>\nGK Health B.V. solo proporcionar\u00e1 datos a terceros y solo si esto es necesario para la ejecuci\u00f3n de nuestro acuerdo con usted o para cumplir con una obligaci\u00f3n legal.<\/p>\n<p>Cookies, o t\u00e9cnicas similares, que utilizamos<br \/>\nGK Health B.V. utiliza cookies funcionales, anal\u00edticas y de seguimiento. Una cookie es un peque\u00f1o archivo de texto que se almacena en el navegador de su ordenador, tableta o smartphone cuando visita este sitio web por primera vez. GK Health B.V. utiliza cookies con una funcionalidad puramente t\u00e9cnica. Estas garantizan que el sitio web funcione correctamente y que, por ejemplo, se recuerden sus configuraciones preferidas. Estas cookies tambi\u00e9n se utilizan para hacer que el sitio web funcione correctamente y para optimizarlo. Adem\u00e1s, colocamos cookies que realizan un seguimiento de su comportamiento de navegaci\u00f3n para que podamos ofrecer contenido y anuncios personalizados.     <\/p>\n<p>En su primera visita a nuestro sitio web, ya le informamos sobre estas cookies y le pedimos su permiso para colocarlas.<\/p>\n<p>Puede optar por no recibir cookies configurando su navegador de Internet para que ya no almacene cookies. Adem\u00e1s, tambi\u00e9n puede eliminar toda la informaci\u00f3n que se almacen\u00f3 previamente a trav\u00e9s de la configuraci\u00f3n de su navegador. <\/p>\n<p>Ver, modificar o eliminar datos<br \/>\nTiene derecho a ver, corregir o eliminar sus datos personales. Adem\u00e1s, tiene derecho a retirar su consentimiento para el tratamiento de datos o a oponerse al tratamiento de sus datos personales por parte de GK Health B.V. y tiene derecho a la portabilidad de los datos. Esto significa que puede enviarnos una solicitud para que le enviemos los datos personales que tenemos sobre usted en un archivo inform\u00e1tico a usted o a otra organizaci\u00f3n mencionada por usted.  <\/p>\n<p>Puede enviar una solicitud de acceso, correcci\u00f3n, eliminaci\u00f3n, transferencia de datos de sus datos personales o solicitud de retirada de su consentimiento u objeci\u00f3n al tratamiento de sus datos personales a info@go-microdose.com.<\/p>\n<p>Para asegurarnos de que la solicitud de acceso ha sido realizada por usted, le pedimos que env\u00ede una copia de su documento de identidad con la solicitud. Tache en esta copia la foto de su pasaporte, la zona de lectura mec\u00e1nica (MRZ, la franja con n\u00fameros en la parte inferior del pasaporte), el n\u00famero de pasaporte y el n\u00famero de servicio al ciudadano (BSN). Esto es para proteger su privacidad. Responderemos a su solicitud lo antes posible, pero dentro de cuatro semanas.   <\/p>\n<p>GK Health B.V. tambi\u00e9n desea se\u00f1alarle que tiene la opci\u00f3n de presentar una queja ante la autoridad supervisora nacional, la Autoridad Neerlandesa de Protecci\u00f3n de Datos. Puede hacerlo a trav\u00e9s del siguiente enlace: https:\/\/autoriteitpersoonsgegevens.nl\/nl\/contact-met-de-autoriteit-persoonsgegevens\/tip-ons <\/p>\n<p>C\u00f3mo protegemos los datos personales<br \/>\nGK Health B.V. se toma en serio la protecci\u00f3n de sus datos y toma las medidas apropiadas para prevenir el uso indebido, la p\u00e9rdida, el acceso no autorizado, la divulgaci\u00f3n no deseada y la modificaci\u00f3n no autorizada. Si considera que sus datos no est\u00e1n debidamente protegidos o hay indicios de uso indebido, p\u00f3ngase en contacto con nuestro servicio de atenci\u00f3n al cliente o a trav\u00e9s de <a href=\"mailto:info@go-microdose.com\">info@go-microdose.com<\/a> [\/vc_column_text][\/vc_column][\/vc_row][\/vc_section]<\/p>\n<\/div>","protected":false},"excerpt":{"rendered":"<p>[vc_section][vc_row][vc_column][vc_custom_heading text=\u00bbPol\u00edtica de privacidad\u00bb font_container=\u00bbtag:h1|text_align:center\u00bb use_theme_fonts=\u00bbyes\u00bb el_class=\u00bbeffect-title\u00bb][vc_column_text]GK Health B.V. es responsable del tratamiento de datos personales como se muestra en esta declaraci\u00f3n de privacidad. Datos de contacto: www.go-microdose.com info@go-microdose.com Datos personales que tratamos GK Health B.V. trata sus datos personales porque usted utiliza nuestros servicios y\/o porque usted mismo nos proporciona estos datos. A continuaci\u00f3n [&hellip;]<\/p>\n","protected":false},"author":5548,"featured_media":0,"parent":0,"menu_order":0,"comment_status":"closed","ping_status":"closed","template":"page-content.php","meta":{"_acf_changed":false,"footnotes":""},"class_list":["post-56995","page","type-page","status-publish","hentry"],"acf":[],"_links":{"self":[{"href":"https:\/\/go-microdose.com\/es\/wp-json\/wp\/v2\/pages\/56995","targetHints":{"allow":["GET"]}}],"collection":[{"href":"https:\/\/go-microdose.com\/es\/wp-json\/wp\/v2\/pages"}],"about":[{"href":"https:\/\/go-microdose.com\/es\/wp-json\/wp\/v2\/types\/page"}],"author":[{"embeddable":true,"href":"https:\/\/go-microdose.com\/es\/wp-json\/wp\/v2\/users\/5548"}],"replies":[{"embeddable":true,"href":"https:\/\/go-microdose.com\/es\/wp-json\/wp\/v2\/comments?post=56995"}],"version-history":[{"count":0,"href":"https:\/\/go-microdose.com\/es\/wp-json\/wp\/v2\/pages\/56995\/revisions"}],"wp:attachment":[{"href":"https:\/\/go-microdose.com\/es\/wp-json\/wp\/v2\/media?parent=56995"}],"curies":[{"name":"wp","href":"https:\/\/api.w.org\/{rel}","templated":true}]}}