{"id":57105,"date":"2026-03-25T11:24:48","date_gmt":"2026-03-25T10:24:48","guid":{"rendered":"https:\/\/go-microdose.com\/acceso-para-afiliados\/"},"modified":"2026-03-25T11:25:44","modified_gmt":"2026-03-25T10:25:44","slug":"acceso-para-afiliados","status":"publish","type":"page","link":"https:\/\/go-microdose.com\/es\/afiliados-de-la-tienda\/acceso-para-afiliados\/","title":{"rendered":"Acceso para afiliados"},"content":{"rendered":"<div class=\"wpam-login-form\"><form name=\"loginform\" id=\"loginform\" action=\"https:\/\/go-microdose.com\/es\/beheer\/\" method=\"post\"><p class=\"login-username\">\n\t\t\t\t<label for=\"user_login\">Direcci\u00f3n de correo electr\u00f3nico<\/label>\n\t\t\t\t<input type=\"text\" name=\"log\" id=\"user_login\" autocomplete=\"username\" class=\"input\" value=\"\" size=\"20\" \/>\n\t\t\t<\/p><p class=\"login-password\">\n\t\t\t\t<label for=\"user_pass\">Contrase\u00f1a<\/label>\n\t\t\t\t<input type=\"password\" name=\"pwd\" id=\"user_pass\" autocomplete=\"current-password\" spellcheck=\"false\" class=\"input\" value=\"\" size=\"20\" \/>\n\t\t\t<\/p><div class=\"g-recaptcha\" style=\"transform: scale(0.9); -webkit-transform: scale(0.9); transform-origin: 0 0; -webkit-transform-origin: 0 0;\" data-sitekey=\"6LcxYnAUAAAAAK0N-eell9CfBJrJukJ8yVIG3u5S\"><\/div><script>\r\n                    function wpcaptcha_captcha_refresh() {\r\n                        grecaptcha.reset();\r\n                    }\r\n\r\n                    jQuery(document.body).on(\"checkout_error\", function(){\r\n                        setTimeout(wpcaptcha_captcha_refresh, 50);\r\n                    });\r\n\r\n                    jQuery(document.body).on(\"updated_checkout\", function(){\r\n                        setTimeout(wpcaptcha_captcha_refresh, 50);\r\n                    });\r\n                <\/script><script src='https:\/\/www.google.com\/recaptcha\/api.js?ver=1.35' id='wpcaptcha-recaptcha-js'><\/script><p class=\"login-remember\"><label><input name=\"rememberme\" type=\"checkbox\" id=\"rememberme\" value=\"forever\" \/> Recu\u00e9rdame<\/label><\/p><p class=\"login-submit\">\n\t\t\t\t<input type=\"submit\" name=\"wp-submit\" id=\"wp-submit\" class=\"button button-primary\" value=\"Acceder\" \/>\n\t\t\t\t<input type=\"hidden\" name=\"redirect_to\" value=\"https:\/\/go-microdose.com\/de\/shop-affiliates\/\" \/>\n\t\t\t<\/p><\/form><div class=\"wpam-lost-password\"><a href=\"https:\/\/go-microdose.com\/es\/mi-cuenta\/lost-password\/\" title=\"Recupera tu contrase\u00f1a perdida\">\u00bfHas perdido tu contrase\u00f1a?<\/a><\/div><\/div>\n","protected":false},"excerpt":{"rendered":"Direcci\u00f3n de correo electr\u00f3nico Contrase\u00f1a Recu\u00e9rdame \u00bfHas perdido tu contrase\u00f1a?","protected":false},"author":5548,"featured_media":0,"parent":57154,"menu_order":0,"comment_status":"closed","ping_status":"closed","template":"","meta":{"_acf_changed":false,"footnotes":""},"class_list":["post-57105","page","type-page","status-publish","hentry"],"acf":[],"_links":{"self":[{"href":"https:\/\/go-microdose.com\/es\/wp-json\/wp\/v2\/pages\/57105","targetHints":{"allow":["GET"]}}],"collection":[{"href":"https:\/\/go-microdose.com\/es\/wp-json\/wp\/v2\/pages"}],"about":[{"href":"https:\/\/go-microdose.com\/es\/wp-json\/wp\/v2\/types\/page"}],"author":[{"embeddable":true,"href":"https:\/\/go-microdose.com\/es\/wp-json\/wp\/v2\/users\/5548"}],"replies":[{"embeddable":true,"href":"https:\/\/go-microdose.com\/es\/wp-json\/wp\/v2\/comments?post=57105"}],"version-history":[{"count":0,"href":"https:\/\/go-microdose.com\/es\/wp-json\/wp\/v2\/pages\/57105\/revisions"}],"up":[{"embeddable":true,"href":"https:\/\/go-microdose.com\/es\/wp-json\/wp\/v2\/pages\/57154"}],"wp:attachment":[{"href":"https:\/\/go-microdose.com\/es\/wp-json\/wp\/v2\/media?parent=57105"}],"curies":[{"name":"wp","href":"https:\/\/api.w.org\/{rel}","templated":true}]}}