{"id":57227,"date":"2026-03-25T11:26:59","date_gmt":"2026-03-25T10:26:59","guid":{"rendered":"https:\/\/go-microdose.com\/programa-de-afiliados\/"},"modified":"2026-03-27T13:05:16","modified_gmt":"2026-03-27T12:05:16","slug":"programa-de-afiliados","status":"publish","type":"page","link":"https:\/\/go-microdose.com\/es\/programa-de-afiliados\/","title":{"rendered":"Programa de afiliados"},"content":{"rendered":"<div class=\"wpb-content-wrapper\"><p>[vc_section full_width=\u00bbstretch_row_content\u00bb full_height=\u00bbyes\u00bb el_class=\u00bbeffect-main-section hoe-het-main-section\u00bb css=\u00bb.vc_custom_1640248116192{padding-bottom: 0px !important;}\u00bb][vc_row full_height=\u00bbyes\u00bb css_animation=\u00bbnone\u00bb el_class=\u00bbhoe-het-werkt-row\u00bb][vc_column el_class=\u00bbcontainer\u00bb][vc_row_inner content_placement=\u00bbtop\u00bb el_class=\u00bbrow-reverse\u00bb][vc_column_inner el_class=\u00bbhoe-het-werkt-image-column\u00bb width=\u00bb1\/2&#8243;][vc_single_image image=\u00bb57231&#8243; img_size=\u00bbfull\u00bb css_animation=\u00bbnone\u00bb el_class=\u00bbimage-with-shadow\u00bb][vc_single_image image=\u00bb56254&#8243; img_size=\u00bb248X248&#8243; el_class=\u00bbfix-image\u00bb][\/vc_column_inner][vc_column_inner width=\u00bb1\/2&#8243;][vc_custom_heading text=\u00bbPrograma de afiliados\u00bb font_container=\u00bbtag:h5|text_align:left|color:%23b1aca7&#8243; use_theme_fonts=\u00bbyes\u00bb css_animation=\u00bbnone\u00bb el_class=\u00bbpr-tag\u00bb][vc_custom_heading text=\u00bb\u00bfNos ayudar\u00e1 a crecer?\u00bb font_container=\u00bbtag:h2|text_align:left|color:%23000000&#8243; use_theme_fonts=\u00bbyes\u00bb css_animation=\u00bbnone\u00bb el_class=\u00bbeffect-title\u00bb][vc_column_text css_animation=\u00bbnone\u00bb el_class=\u00bbeffect-description\u00bb]\u00a1Nos alegra que est\u00e9 interesado\/a en convertirse en afiliado\/a con nosotros!<br \/>\nSiempre buscamos oportunidades para dar a conocer GO Microdose a a\u00fan m\u00e1s personas.[\/vc_column_text][vc_btn title=\u00bbRegistrarse\u00bb color=\u00bbwarning\u00bb link=\u00bburl:%23signup|\u00bb][\/vc_column_inner][\/vc_row_inner][\/vc_column][\/vc_row][vc_row el_class=\u00bbmove-next-section\u00bb][vc_column el_class=\u00bbcontainer\u00bb][vc_btn title=\u00bbVer nuestro programa\u00bb style=\u00bbflat\u00bb color=\u00bbblack\u00bb link=\u00bburl:%23program|\u00bb][\/vc_column][\/vc_row][\/vc_section][vc_section full_width=\u00bbstretch_row_content\u00bb el_class=\u00bbbutton-section pdf-section\u00bb css=\u00bb.vc_custom_1667543734559{background-image: url(https:\/\/go-microdose.com\/wp-content\/uploads\/2021\/12\/background-01.png?id=962) !important;background-position: center !important;background-repeat: no-repeat !important;background-size: cover !important;}\u00bb el_id=\u00bbprogram\u00bb][vc_row][vc_column el_class=\u00bbcontainer\u00bb][vc_row_inner content_placement=\u00bbmiddle\u00bb el_class=\u00bbabout-us-row\u00bb][vc_column_inner width=\u00bb6\/12&#8243;][vc_single_image image=\u00bb57232&#8243; img_size=\u00bbfull\u00bb css_animation=\u00bbnone\u00bb el_class=\u00bbimage-with-shadow white\u00bb][\/vc_column_inner][vc_column_inner el_class=\u00bbabout-text-column\u00bb width=\u00bb1\/12&#8243;][\/vc_column_inner][vc_column_inner el_class=\u00bbabout-text-column\u00bb width=\u00bb5\/12&#8243;][vc_custom_heading text=\u00bbPrograma de afiliados\u00bb font_container=\u00bbtag:h5|text_align:left\u00bb use_theme_fonts=\u00bbyes\u00bb el_class=\u00bbpr-tag\u00bb][vc_custom_heading text=\u00bbLo que ofrecemos\u00bb font_container=\u00bbtag:h2|text_align:left|color:%23000000&#8243; use_theme_fonts=\u00bbyes\u00bb][vc_custom_heading text=\u00bbMaterial promocional\u00bb font_container=\u00bbtag:h3|text_align:left\u00bb use_theme_fonts=\u00bbyes\u00bb][vc_column_text]Nosotros elaboramos todo el material promocional, incluidos banners en los formatos deseados.[\/vc_column_text][vc_custom_heading text=\u00bbLa compensaci\u00f3n\u00bb font_container=\u00bbtag:h3|text_align:left\u00bb use_theme_fonts=\u00bbyes\u00bb][vc_column_text]<\/p>\n<ul>\n<li>Vamos a trabajar con un modelo PPP (pago por venta). <\/li>\n<li>Cada venta genera para el afiliado un 20% del precio neto de venta.<\/li>\n<li>El afiliado puede aumentar el precio; la comisi\u00f3n se mantiene igual.<\/li>\n<li>El precio nunca puede ser inferior al de nuestro propio sitio web.<\/li>\n<li>El pago al afiliado se realiza una vez haya expirado el periodo de desistimiento del pago del cliente (algunos m\u00e9todos de pago permiten al cliente solicitar un reembolso durante X tiempo). <\/li>\n<li>GO Microdose puede rechazar un reembolso si existe (sospecha de) fraude.<\/li>\n<li>El pago al afiliado se realizar\u00e1 cada 1 o 3 meses mediante nota de cr\u00e9dito.<\/li>\n<li>GO Microdose es transparente al compartir los datos de ventas con el afiliado.<\/li>\n<\/ul>\n<p>[\/vc_column_text][\/vc_column_inner][\/vc_row_inner][\/vc_column][\/vc_row][\/vc_section][vc_section full_width=\u00bbstretch_row_content\u00bb el_class=\u00bbbutton-section bottom-visible\u00bb el_id=\u00bbsignup\u00bb][vc_row el_class=\u00bbonly-text-content\u00bb][vc_column el_class=\u00bbcontainer\u00bb][vc_row_inner el_class=\u00bbabout-text-column\u00bb][vc_column_inner width=\u00bb6\/12&#8243;][vc_custom_heading text=\u00bbContrato\u00bb font_container=\u00bbtag:h5|text_align:left\u00bb use_theme_fonts=\u00bbyes\u00bb el_class=\u00bbpr-tag\u00bb][vc_custom_heading text=\u00bbLas reglas del juego\u00bb use_theme_fonts=\u00bbyes\u00bb][vc_column_text css=\u00bb\u00bb el_class=\u00bbproduct-copy-description\u00bb]<\/p>\n<ul>\n<li>\n<p class=\"p1\">Alcance del programa. Go microdose gestiona un programa de afiliados continuo. Cualquiera de las partes puede finalizar la colaboraci\u00f3n en cualquier momento mediante notificaci\u00f3n por escrito.  <\/p>\n<\/li>\n<li>\n<p class=\"p1\">Tasas de comisi\u00f3n. 20% sobre las ventas registradas mediante su enlace de afiliado. 10% sobre las ventas registradas mediante su c\u00f3digo de descuento personal.  <\/p>\n<\/li>\n<li>\n<p class=\"p1\">Descuento para clientes. Su c\u00f3digo ofrece a los clientes un 10% de descuento. El descuento se aplica incluso cuando la venta se registra mediante el enlace. Su comisi\u00f3n sigue limitada a una \u00fanica comisi\u00f3n por pedido.   <\/p>\n<\/li>\n<li>\n<p class=\"p1\">Finalizaci\u00f3n. Si se finaliza el programa o su cuenta, las comisiones aprobadas acumuladas hasta la fecha de finalizaci\u00f3n se seguir\u00e1n pagando en el siguiente ciclo. <\/p>\n<\/li>\n<li>\n<p class=\"p1\">Uso de la marca. Puede utilizar nuestros logotipos aprobados, fotos de productos y textos. No tergiverse la marca ni haga afirmaciones falsas.  <\/p>\n<\/li>\n<li>\n<p class=\"p1\">Normas de tr\u00e1fico. No se permite spam, cookie stuffing, barras de herramientas ni adware. No puje por nuestros t\u00e9rminos de marca ni por nombres de dominio. No use cupones falsos ni cuentas atr\u00e1s enga\u00f1osas.   <\/p>\n<\/li>\n<li>\n<p class=\"p1\">Aspectos legales y geograf\u00eda. Usted es responsable de cumplir la normativa local de publicidad y de productos all\u00ed donde promocione. <\/p>\n<\/li>\n<li>\n<p class=\"p1\">Cambios de tarifas. Go microdose puede ajustar las tasas de comisi\u00f3n, las normas o los productos elegibles. Avisaremos con antelaci\u00f3n razonable de cualquier cambio sustancial.  <\/p>\n<\/li>\n<li>\n<p class=\"p1\">Soporte. Las preguntas o campa\u00f1as personalizadas pueden tratarse por correo electr\u00f3nico en info@go-microdose.com <\/p>\n<\/li>\n<\/ul>\n<p>[\/vc_column_text][\/vc_column_inner][vc_column_inner width=\u00bb1\/12&#8243;][\/vc_column_inner][vc_column_inner width=\u00bb4\/12&#8243;]\n<div class=\"wpcf7 no-js\" id=\"wpcf7-f57941-o1\" lang=\"es-ES\" dir=\"ltr\" data-wpcf7-id=\"57941\">\n<div class=\"screen-reader-response\"><p role=\"status\" aria-live=\"polite\" aria-atomic=\"true\"><\/p> <ul><\/ul><\/div>\n<form action=\"\/es\/wp-json\/wp\/v2\/pages\/57227#wpcf7-f57941-o1\" method=\"post\" class=\"wpcf7-form init\" aria-label=\"Formulario de contacto\" novalidate=\"novalidate\" data-status=\"init\">\n<fieldset class=\"hidden-fields-container\"><input type=\"hidden\" name=\"_wpcf7\" value=\"57941\" \/><input type=\"hidden\" name=\"_wpcf7_version\" value=\"6.1.5\" \/><input type=\"hidden\" name=\"_wpcf7_locale\" value=\"es_ES\" \/><input type=\"hidden\" name=\"_wpcf7_unit_tag\" value=\"wpcf7-f57941-o1\" \/><input type=\"hidden\" name=\"_wpcf7_container_post\" value=\"0\" \/><input type=\"hidden\" name=\"_wpcf7_posted_data_hash\" value=\"\" \/><input type=\"hidden\" name=\"_wpcf7_recaptcha_response\" value=\"\" \/>\n<\/fieldset>\n<div class=\"contact-form image-with-shadow\">\n\t<h2>\u00a1Reg\u00edstrese!\n\t<\/h2>\n\t<div class=\"form-row\">\n\t\t<p><span class=\"wpcf7-form-control-wrap\" data-name=\"Naam\"><input size=\"40\" maxlength=\"400\" class=\"wpcf7-form-control wpcf7-text form-field\" aria-invalid=\"false\" placeholder=\"Nombre\" value=\"\" type=\"text\" name=\"Naam\" \/><\/span>\n\t\t<\/p>\n\t<\/div>\n\t<div class=\"form-row\">\n\t\t<p><span class=\"wpcf7-form-control-wrap\" data-name=\"Email\"><input size=\"40\" maxlength=\"400\" class=\"wpcf7-form-control wpcf7-email wpcf7-validates-as-required wpcf7-text wpcf7-validates-as-email form-field\" aria-required=\"true\" aria-invalid=\"false\" placeholder=\"Correo electr\u00f3nico\" value=\"\" type=\"email\" name=\"Email\" \/><\/span>\n\t\t<\/p>\n\t<\/div>\n\t<div class=\"form-row\">\n\t\t<p><span class=\"wpcf7-form-control-wrap\" data-name=\"Instagram\"><input size=\"40\" maxlength=\"400\" class=\"wpcf7-form-control wpcf7-text wpcf7-validates-as-required form-field\" aria-required=\"true\" aria-invalid=\"false\" placeholder=\"Cuenta de redes sociales\" value=\"\" type=\"text\" name=\"Instagram\" \/><\/span>\n\t\t<\/p>\n\t<\/div>\n\t<div class=\"form-row checkbox\">\n\t\t<p><span class=\"wpcf7-form-control-wrap\" data-name=\"agree\"><span class=\"wpcf7-form-control wpcf7-acceptance\"><span class=\"wpcf7-list-item\"><label><input type=\"checkbox\" name=\"agree\" value=\"1\" aria-invalid=\"false\" \/><span class=\"wpcf7-list-item-label\">Acepto el <a href=\"\/privacy-policy\/\" target=\"_blank\"> aviso de privacidad<\/a><\/span><\/label><\/span><\/span><\/span>\n\t\t<\/p>\n\t<\/div>\n\t<div class=\"form-row\">\n\t<span class=\"wpcf7-form-control-wrap recaptcha\" data-name=\"recaptcha\"><span data-sitekey=\"6LcxYnAUAAAAAK0N-eell9CfBJrJukJ8yVIG3u5S\" class=\"wpcf7-form-control wpcf7-recaptcha g-recaptcha\"><\/span>\r\n<noscript>\r\n\t<div class=\"grecaptcha-noscript\">\r\n\t\t<iframe src=\"https:\/\/www.google.com\/recaptcha\/api\/fallback?k=6LcxYnAUAAAAAK0N-eell9CfBJrJukJ8yVIG3u5S\" frameborder=\"0\" scrolling=\"no\" width=\"310\" height=\"430\">\r\n\t\t<\/iframe>\r\n\t\t<textarea name=\"g-recaptcha-response\" rows=\"3\" cols=\"40\" placeholder=\"Aqu\u00ed la respuesta de reCAPTCHA\">\r\n\t\t<\/textarea>\r\n\t<\/div>\r\n<\/noscript>\r\n<\/span>\n\t<\/div>\n\t<div class=\"form-row submit\">\n\t\t<p><button class=\"button vc_btn3-style-modern\"><input class=\"wpcf7-form-control wpcf7-submit has-spinner\" type=\"submit\" value=\"Enviar\" \/><\/button>\n\t\t<\/p>\n\t<\/div>\n<\/div><div class=\"wpcf7-response-output\" aria-hidden=\"true\"><\/div>\n<\/form>\n<\/div>\n[\/vc_column_inner][vc_column_inner width=\u00bb1\/12&#8243;][\/vc_column_inner][\/vc_row_inner][\/vc_column][\/vc_row][\/vc_section]<\/p>\n<\/div>","protected":false},"excerpt":{"rendered":"<p>[vc_section full_width=\u00bbstretch_row_content\u00bb full_height=\u00bbyes\u00bb el_class=\u00bbeffect-main-section hoe-het-main-section\u00bb css=\u00bb.vc_custom_1640248116192{padding-bottom: 0px !important;}\u00bb][vc_row full_height=\u00bbyes\u00bb css_animation=\u00bbnone\u00bb el_class=\u00bbhoe-het-werkt-row\u00bb][vc_column el_class=\u00bbcontainer\u00bb][vc_row_inner content_placement=\u00bbtop\u00bb el_class=\u00bbrow-reverse\u00bb][vc_column_inner el_class=\u00bbhoe-het-werkt-image-column\u00bb width=\u00bb1\/2&#8243;][vc_single_image image=\u00bb57231&#8243; img_size=\u00bbfull\u00bb css_animation=\u00bbnone\u00bb el_class=\u00bbimage-with-shadow\u00bb][vc_single_image image=\u00bb56254&#8243; img_size=\u00bb248X248&#8243; el_class=\u00bbfix-image\u00bb][\/vc_column_inner][vc_column_inner width=\u00bb1\/2&#8243;][vc_custom_heading text=\u00bbPrograma de afiliados\u00bb font_container=\u00bbtag:h5|text_align:left|color:%23b1aca7&#8243; use_theme_fonts=\u00bbyes\u00bb css_animation=\u00bbnone\u00bb el_class=\u00bbpr-tag\u00bb][vc_custom_heading text=\u00bb\u00bfNos ayudar\u00e1 a crecer?\u00bb font_container=\u00bbtag:h2|text_align:left|color:%23000000&#8243; use_theme_fonts=\u00bbyes\u00bb css_animation=\u00bbnone\u00bb el_class=\u00bbeffect-title\u00bb][vc_column_text css_animation=\u00bbnone\u00bb el_class=\u00bbeffect-description\u00bb]\u00a1Nos alegra que est\u00e9 interesado\/a en convertirse en afiliado\/a con nosotros! Siempre buscamos oportunidades para [&hellip;]<\/p>\n","protected":false},"author":5548,"featured_media":0,"parent":0,"menu_order":0,"comment_status":"closed","ping_status":"closed","template":"","meta":{"_acf_changed":false,"footnotes":""},"class_list":["post-57227","page","type-page","status-publish","hentry"],"acf":[],"_links":{"self":[{"href":"https:\/\/go-microdose.com\/es\/wp-json\/wp\/v2\/pages\/57227","targetHints":{"allow":["GET"]}}],"collection":[{"href":"https:\/\/go-microdose.com\/es\/wp-json\/wp\/v2\/pages"}],"about":[{"href":"https:\/\/go-microdose.com\/es\/wp-json\/wp\/v2\/types\/page"}],"author":[{"embeddable":true,"href":"https:\/\/go-microdose.com\/es\/wp-json\/wp\/v2\/users\/5548"}],"replies":[{"embeddable":true,"href":"https:\/\/go-microdose.com\/es\/wp-json\/wp\/v2\/comments?post=57227"}],"version-history":[{"count":0,"href":"https:\/\/go-microdose.com\/es\/wp-json\/wp\/v2\/pages\/57227\/revisions"}],"wp:attachment":[{"href":"https:\/\/go-microdose.com\/es\/wp-json\/wp\/v2\/media?parent=57227"}],"curies":[{"name":"wp","href":"https:\/\/api.w.org\/{rel}","templated":true}]}}