{"id":57228,"date":"2026-03-25T11:27:00","date_gmt":"2026-03-25T10:27:00","guid":{"rendered":"https:\/\/go-microdose.com\/nuestra-historia\/"},"modified":"2026-04-03T10:47:01","modified_gmt":"2026-04-03T08:47:01","slug":"nuestra-historia","status":"publish","type":"page","link":"https:\/\/go-microdose.com\/es\/nuestra-historia\/","title":{"rendered":"Nuestra historia"},"content":{"rendered":"<div class=\"wpb-content-wrapper\"><p>[vc_section full_width=\u00bbstretch_row_content\u00bb css_animation=\u00bbnone\u00bb el_class=\u00bbhome home-section-1&#8243;][vc_row][vc_column el_class=\u00bbno-ani\u00bb][vc_single_image image=\u00bb57233&#8243; img_size=\u00bbfull\u00bb el_class=\u00bbbig-image\u00bb][\/vc_column][\/vc_row][vc_row css_animation=\u00bbnone\u00bb el_class=\u00bbhome-banner\u00bb][vc_column el_class=\u00bbcontainer no-ani\u00bb][vc_single_image image=\u00bb56254&#8243; img_size=\u00bbfull\u00bb el_class=\u00bbfix-image m-only\u00bb][vc_custom_heading text=\u00bb\u00bb use_theme_fonts=\u00bbyes\u00bb el_class=\u00bbblog-main-title\u00bb][vc_custom_heading text=\u00bbEn GO Microdose nos esforzamos por una vida m\u00e1s saludable y feliz, con m\u00e1s creatividad, concentraci\u00f3n y energ\u00eda. Combatimos la depresi\u00f3n, la ansiedad y los episodios de p\u00e1nico. Nuestra empresa fue fundada por dos emprendedores de \u00e9xito de \u00c1msterdam que, gracias a la microdosificaci\u00f3n, tienen m\u00e1s energ\u00eda, piensan con mayor claridad y aprovechan al m\u00e1ximo sus vidas.  \u00bb font_container=\u00bbtag:h3|text_align:left\u00bb use_theme_fonts=\u00bbyes\u00bb css_animation=\u00bbnone\u00bb el_class=\u00bbml3&#8243;][\/vc_column][\/vc_row][vc_row el_class=\u00bbmove-next-section container\u00bb][vc_column el_class=\u00bbno-ani\u00bb][vc_btn title=\u00bbLeer m\u00e1s\u00bb style=\u00bbflat\u00bb color=\u00bbwhite\u00bb el_class=\u00bbdiscover-more b-to-t\u00bb link=\u00bburl:%23static-section|\u00bb][\/vc_column][\/vc_row][\/vc_section][vc_section full_width=\u00bbstretch_row_content\u00bb el_class=\u00bbhome home-section-2&#8243;][vc_row full_width=\u00bbstretch_row_content_no_spaces\u00bb css_animation=\u00bbnone\u00bb css=\u00bb.vc_custom_1667901485175{background-image: url(https:\/\/go-microdose.com\/wp-content\/uploads\/2021\/12\/background-01.png?id=962) !important;background-position: center !important;background-repeat: no-repeat !important;background-size: cover !important;}\u00bb el_class=\u00bbstatic-section\u00bb el_id=\u00bbsecci\u00f3n-est\u00e1tica\u00bb][vc_column el_class=\u00bbcontainer no-ani\u00bb][vc_row_inner equal_height=\u00bbyes\u00bb][vc_column_inner el_class=\u00bbstatic-column-1 b-to-t\u00bb width=\u00bb5\/12&#8243; css=\u00bb.vc_custom_1667900820602{background-position: center !important;background-repeat: no-repeat !important;background-size: contain !important;}\u00bb][vc_custom_heading text=\u00bbSobre nosotros\u00bb font_container=\u00bbtag:h3|text_align:left\u00bb use_theme_fonts=\u00bbyes\u00bb css_animation=\u00bbnone\u00bb el_class=\u00bbsh3&#8243;][vc_custom_heading text=\u00bbExperimente usted mismo los beneficios\u00bb use_theme_fonts=\u00bbyes\u00bb css_animation=\u00bbnone\u00bb el_class=\u00bbsh2&#8243;][vc_column_text css_animation=\u00bbnone\u00bb el_class=\u00bbstatic discription\u00bb]Nuestra aventura en GO Microdose comenz\u00f3 de forma bastante inesperada, no con la intenci\u00f3n inicial de crear un negocio, sino como una b\u00fasqueda personal de superaci\u00f3n y bienestar. Por un lado, busc\u00e1bamos potenciar la creatividad y la concentraci\u00f3n y, por otro, gestionar el miedo y el p\u00e1nico. Ambos est\u00e1bamos impulsados por un deseo compartido de claridad mental y m\u00e1s energ\u00eda.  <\/p>\n<p>Los profundos beneficios que experimentamos en primera persona fueron transformadores. Esta transformaci\u00f3n despert\u00f3 una pasi\u00f3n profesional: extender estos beneficios a otras personas. Nos dimos cuenta de que lo que hab\u00edamos descubierto pod\u00eda influir positivamente en muchas vidas. As\u00ed naci\u00f3 el concepto de GO Microdose, no solo como un negocio, sino como una plataforma para compartir y desarrollar el incre\u00edble potencial de la microdosificaci\u00f3n con un p\u00fablico m\u00e1s amplio. Nuestro recorrido, de la exploraci\u00f3n personal al compromiso profesional, marca la esencia de lo que GO Microdose representa hoy.[\/vc_column_text][vc_btn title=\u00bbM\u00e1s informaci\u00f3n\u00bb style=\u00bboutline\u00bb color=\u00bbblack\u00bb size=\u00bblg\u00bb align=\u00bbleft\u00bb css_animation=\u00bbnone\u00bb link=\u00bburl:%23research|\u00bb][\/vc_column_inner][vc_column_inner el_class=\u00bbstatic-column-2 b-to-t\u00bb width=\u00bb1\/12&#8243; css=\u00bb.vc_custom_1667900813226{background-position: 0 0 !important;background-repeat: no-repeat !important;}\u00bb][\/vc_column_inner][vc_column_inner width=\u00bb6\/12&#8243;][vc_single_image image=\u00bb57235&#8243; img_size=\u00bb500&#215;500&#8243; css=\u00bb\u00bb el_class=\u00bbimage-with-shadow\u00bb][\/vc_column_inner][\/vc_row_inner][vc_row_inner el_class=\u00bbfix-image\u00bb][vc_column_inner el_class=\u00bbno-ani\u00bb][vc_single_image image=\u00bb56254&#8243; img_size=\u00bbfull\u00bb][\/vc_column_inner][\/vc_row_inner][\/vc_column][\/vc_row][\/vc_section][vc_section full_width=\u00bbstretch_row_content\u00bb el_class=\u00bbbutton-section\u00bb el_id=\u00bbresearch\u00bb css=\u00bb.vc_custom_1667902075632{background-color: #ffffff !important;}\u00bb][vc_row el_class=\u00bbonly-text-content\u00bb][vc_column el_class=\u00bbcontainer\u00bb][vc_row_inner el_class=\u00bbabout-text-column\u00bb][vc_column_inner width=\u00bb1\/2&#8243;][vc_custom_heading text=\u00bbInvestigaci\u00f3n\u00bb font_container=\u00bbtag:h5|text_align:left\u00bb use_theme_fonts=\u00bbyes\u00bb el_class=\u00bbpr-tag\u00bb][vc_custom_heading text=\u00bbLa investigaci\u00f3n cient\u00edfica como base importante\u00bb font_container=\u00bbtag:h2|text_align:left|color:%23000000&#8243; use_theme_fonts=\u00bbyes\u00bb][vc_column_text el_class=\u00bbproduct-copy-description\u00bb]La microdosificaci\u00f3n es completamente segura y est\u00e1 en auge en todo el mundo.<br \/>\nEsto no cambia el hecho de que en GO Microdose basamos todos nuestros conocimientos en la investigaci\u00f3n cient\u00edfica.<\/p>\n<p>Parece, por ejemplo, que cada vez m\u00e1s personas se alejan de los medicamentos convencionales y buscan alternativas. La ciencia recopila cada vez m\u00e1s informaci\u00f3n y conocimientos sobre la microdosificaci\u00f3n y m\u00e9todos de tratamiento comparables. Esto ofrece resultados prometedores, que seguimos y supervisamos de cerca.[\/vc_column_text][\/vc_column_inner][vc_column_inner width=\u00bb1\/2&#8243;][vc_custom_heading text=\u00bbasesoramiento\u00bb font_container=\u00bbtag:h5|text_align:left\u00bb use_theme_fonts=\u00bbyes\u00bb el_class=\u00bbpr-tag\u00bb][vc_custom_heading text=\u00bbProductor neerland\u00e9s de trufas\u00bb font_container=\u00bbtag:h2|text_align:left|color:%23000000&#8243; use_theme_fonts=\u00bbyes\u00bb][vc_column_text el_class=\u00bbeffect-description\u00bb]Desde 2015, colaboramos con un productor neerland\u00e9s de trufas para microdosificaci\u00f3n, la base de nuestros productos. El productor comparte la misma visi\u00f3n que nosotros en GO Microdose. Juntos queremos contribuir a un mundo m\u00e1s saludable y feliz.  <\/p>\n<p>Tras una amplia fase piloto y escuchando atentamente las opiniones de nuestros clientes, finalmente decidimos cooperar de forma estructural. Esto nos garantiza el mejor control sobre la calidad de las trufas, como base de nuestros productos de alta calidad.[\/vc_column_text][\/vc_column_inner][\/vc_row_inner][\/vc_column][\/vc_row][\/vc_section][vc_section full_width=\u00bbstretch_row_content\u00bb el_class=\u00bbbutton-section\u00bb el_id=\u00bbthenetherlands\u00bb css=\u00bb.vc_custom_1664213380375{background-color: rgba(206,198,187,0.4) !important;*background-color: rgb(206,198,187) !important;}\u00bb][vc_row el_class=\u00bbonly-text-content\u00bb][vc_column el_class=\u00bbcontainer\u00bb][vc_row_inner el_class=\u00bbabout-text-column\u00bb][vc_column_inner width=\u00bb1\/2&#8243;][vc_custom_heading text=\u00bbLa granja\u00bb font_container=\u00bbtag:h5|text_align:left\u00bb use_theme_fonts=\u00bbyes\u00bb el_class=\u00bbpr-tag\u00bb][vc_custom_heading text=\u00bbGranja de trufas biol\u00f3gica y org\u00e1nica en los Pa\u00edses Bajos\u00bb font_container=\u00bbtag:h2|text_align:left|color:%23000000&#8243; use_theme_fonts=\u00bbyes\u00bb][vc_column_text el_class=\u00bbproduct-copy-description\u00bb]Nuestro proveedor en los Pa\u00edses Bajos cuenta con una granja ecol\u00f3gica y org\u00e1nica. Las trufas que cosecha la granja van directamente al envasado, completamente sin procesar. Ponemos en contacto la oferta y la demanda. En GO Microdose, junto con nuestro proveedor, nos aseguramos de que los productos vayan directamente de la granja al cliente.<br \/>\nEl proveedor produce millones de trufas cada a\u00f1o y cuenta con m\u00e1s de 25 a\u00f1os de experiencia. Hace a\u00f1os, la granja cultivaba muchas setas. Desde hace varios a\u00f1os, se dedica exclusivamente a las trufas para microdosificaci\u00f3n.[\/vc_column_text][\/vc_column_inner][vc_column_inner width=\u00bb1\/2&#8243;][vc_gallery type=\u00bbimage_grid\u00bb images=\u00bb56920,56919,56918,56917,56929,56924,56923,56933,56930,56928&#8243; img_size=\u00bbfull\u00bb onclick=\u00bb\u00bb el_class=\u00bbimage-slider image-with-shadow\u00bb][\/vc_column_inner][\/vc_row_inner][\/vc_column][\/vc_row][\/vc_section][vc_section full_width=\u00bbstretch_row_content\u00bb el_class=\u00bbbutton-section\u00bb css=\u00bb.vc_custom_1667902083294{background-color: #ffffff !important;}\u00bb][vc_row el_class=\u00bbonly-text-content\u00bb][vc_column el_class=\u00bbcontainer\u00bb][vc_row_inner el_class=\u00bbabout-text-column\u00bb][vc_column_inner width=\u00bb1\/2&#8243;][vc_custom_heading text=\u00bbInvestigaci\u00f3n\u00bb font_container=\u00bbtag:h5|text_align:left\u00bb use_theme_fonts=\u00bbyes\u00bb el_class=\u00bbpr-tag\u00bb][vc_custom_heading text=\u00bbQue el mayor n\u00famero posible de personas experimente los beneficios\u00bb font_container=\u00bbtag:h2|text_align:left|color:%23000000&#8243; use_theme_fonts=\u00bbyes\u00bb][vc_column_text el_class=\u00bbproduct-copy-description\u00bb]Junto con nuestro proveedor, tenemos la misi\u00f3n de dar a conocer a la mayor cantidad posible de personas los beneficios de la microdosificaci\u00f3n. Nos gusta hacerlo de forma accesible, totalmente adaptada a quienes tienen poca experiencia con ello. Adem\u00e1s, ofrecemos nuestros productos a personas con m\u00e1s experiencia que buscan un proveedor fiable.  <\/p>\n<p>Nuestro proveedor comparte la misma visi\u00f3n. Juntos queremos dar a conocer la microdosificaci\u00f3n al mayor p\u00fablico posible. Y nos esforzamos por contar a la mayor cantidad posible de personas la historia real, incluidos todos los beneficios de la microdosificaci\u00f3n. Todav\u00eda existe un tab\u00fa sobre su uso entre determinados grupos objetivo. Es una pena, porque su uso es completamente seguro y natural. Y porque muchas personas experimentan sus beneficios cada d\u00eda.[\/vc_column_text][\/vc_column_inner][vc_column_inner width=\u00bb1\/2&#8243;][vc_custom_heading text=\u00bbasesoramiento\u00bb font_container=\u00bbtag:h5|text_align:left\u00bb use_theme_fonts=\u00bbyes\u00bb el_class=\u00bbpr-tag\u00bb][vc_custom_heading text=\u00bbNos gusta pon\u00e9rselo f\u00e1cil\u00bb font_container=\u00bbtag:h2|text_align:left|color:%23000000&#8243; use_theme_fonts=\u00bbyes\u00bb][vc_column_text el_class=\u00bbeffect-description\u00bb]En GO Microdose, observamos que muchos de nuestros clientes experimentan la microdosificaci\u00f3n por primera vez. Consideramos un honor que elijan nuestros productos para ello. Nos gusta pon\u00e9rselo lo m\u00e1s f\u00e1cil posible a los clientes, por ejemplo explicando c\u00f3mo utilizar mejor los productos. Adem\u00e1s, nos gusta ayudar a definir la estructura adecuada y un calendario saludable.   <\/p>\n<p>Nuestro objetivo, y el de la granja con la que trabajamos, es dar a conocer los beneficios al mayor n\u00famero posible de personas. Experimente una creatividad \u00f3ptima, la m\u00e1xima concentraci\u00f3n, menos miedo y p\u00e1nico, y toda la energ\u00eda y capacidad para pensar con claridad.[\/vc_column_text][vc_btn title=\u00bbNuestro producto\u00bb style=\u00bboutline\u00bb color=\u00bbblack\u00bb size=\u00bblg\u00bb css_animation=\u00bbnone\u00bb link=\u00bburl:%2Four-product%2F|\u00bb][\/vc_column_inner][\/vc_row_inner][\/vc_column][\/vc_row][\/vc_section][vc_row css_animation=\u00bbnone\u00bb][vc_column el_class=\u00bbcontainer\u00bb][vc_widget_sidebar sidebar_id=\u00bbreferenties\u00bb][\/vc_column][\/vc_row][vc_section full_width=\u00bbstretch_row_content\u00bb el_class=\u00bbhome home-section-5&#8243; css=\u00bb.vc_custom_1633433373596{background-color: #f8f7f6 !important;}\u00bb][vc_row][vc_column el_class=\u00bbcontainer\u00bb][vc_custom_heading text=\u00bbnoticias\u00bb font_container=\u00bbtag:h6|text_align:center\u00bb use_theme_fonts=\u00bbyes\u00bb css_animation=\u00bbnone\u00bb el_class=\u00bbblog-small\u00bb][vc_custom_heading text=\u00bbLas \u00faltimas noticias\u00bb font_container=\u00bbtag:h2|text_align:center\u00bb use_theme_fonts=\u00bbyes\u00bb css_animation=\u00bbnone\u00bb el_class=\u00bbblog-main-title\u00bb][\/vc_column][\/vc_row][vc_row full_width=\u00bbstretch_row_content_no_spaces\u00bb el_class=\u00bbproduct-section\u00bb][vc_column el_class=\u00bbcontainer\u00bb][vc_basic_grid post_type=\u00bbpost\u00bb max_items=\u00bb3&#8243; item=\u00bb254&#8243; initial_loading_animation=\u00bbnone\u00bb grid_id=\u00bbvc_gid:1732798809452-ed0a7ffc-9c76-8&#8243;][\/vc_column][\/vc_row][vc_row][vc_column el_class=\u00bbcontainer\u00bb][vc_btn title=\u00bbM\u00e1s art\u00edculos\u00bb style=\u00bboutline\u00bb color=\u00bbblack\u00bb size=\u00bblg\u00bb align=\u00bbcenter\u00bb css_animation=\u00bbnone\u00bb link=\u00bburl:%2Fnieuws%2F|\u00bb][vc_single_image image=\u00bb56254&#8243; img_size=\u00bbfull\u00bb el_class=\u00bbfix-image\u00bb][\/vc_column][\/vc_row][\/vc_section]<\/p>\n<\/div>","protected":false},"excerpt":{"rendered":"<p>[vc_section full_width=\u00bbstretch_row_content\u00bb css_animation=\u00bbnone\u00bb el_class=\u00bbhome home-section-1&#8243;][vc_row][vc_column el_class=\u00bbno-ani\u00bb][vc_single_image image=\u00bb57233&#8243; img_size=\u00bbfull\u00bb el_class=\u00bbbig-image\u00bb][\/vc_column][\/vc_row][vc_row css_animation=\u00bbnone\u00bb el_class=\u00bbhome-banner\u00bb][vc_column el_class=\u00bbcontainer no-ani\u00bb][vc_single_image image=\u00bb56254&#8243; img_size=\u00bbfull\u00bb el_class=\u00bbfix-image m-only\u00bb][vc_custom_heading text=\u00bb\u00bb use_theme_fonts=\u00bbyes\u00bb el_class=\u00bbblog-main-title\u00bb][vc_custom_heading text=\u00bbEn GO Microdose nos esforzamos por una vida m\u00e1s saludable y feliz, con m\u00e1s creatividad, concentraci\u00f3n y energ\u00eda. Combatimos la depresi\u00f3n, la ansiedad y los episodios de p\u00e1nico. Nuestra empresa fue fundada por dos emprendedores [&hellip;]<\/p>\n","protected":false},"author":5548,"featured_media":0,"parent":0,"menu_order":0,"comment_status":"closed","ping_status":"closed","template":"template-homepage.php","meta":{"_acf_changed":false,"footnotes":""},"class_list":["post-57228","page","type-page","status-publish","hentry"],"acf":[],"_links":{"self":[{"href":"https:\/\/go-microdose.com\/es\/wp-json\/wp\/v2\/pages\/57228","targetHints":{"allow":["GET"]}}],"collection":[{"href":"https:\/\/go-microdose.com\/es\/wp-json\/wp\/v2\/pages"}],"about":[{"href":"https:\/\/go-microdose.com\/es\/wp-json\/wp\/v2\/types\/page"}],"author":[{"embeddable":true,"href":"https:\/\/go-microdose.com\/es\/wp-json\/wp\/v2\/users\/5548"}],"replies":[{"embeddable":true,"href":"https:\/\/go-microdose.com\/es\/wp-json\/wp\/v2\/comments?post=57228"}],"version-history":[{"count":0,"href":"https:\/\/go-microdose.com\/es\/wp-json\/wp\/v2\/pages\/57228\/revisions"}],"wp:attachment":[{"href":"https:\/\/go-microdose.com\/es\/wp-json\/wp\/v2\/media?parent=57228"}],"curies":[{"name":"wp","href":"https:\/\/api.w.org\/{rel}","templated":true}]}}