{"id":57243,"date":"2026-03-25T11:27:11","date_gmt":"2026-03-25T10:27:11","guid":{"rendered":"https:\/\/go-microdose.com\/cursos\/"},"modified":"2026-03-27T13:10:00","modified_gmt":"2026-03-27T12:10:00","slug":"cursos","status":"publish","type":"page","link":"https:\/\/go-microdose.com\/es\/cursos\/","title":{"rendered":"Cursos"},"content":{"rendered":"<div class=\"wpb-content-wrapper\"><p>[vc_section full_width=\u00bbstretch_row_content\u00bb content_placement=\u00bbmiddle\u00bb css=\u00bb.vc_custom_1667893842628{padding-bottom: 0px !important;}\u00bb][vc_row css_animation=\u00bbnone\u00bb][vc_column el_class=\u00bbcontainer\u00bb][vc_row_inner content_placement=\u00bbmiddle\u00bb el_class=\u00bbrow-reverse\u00bb][vc_column_inner width=\u00bb1\/2&#8243;][vc_single_image image=\u00bb56934&#8243; img_size=\u00bbfull\u00bb][\/vc_column_inner][vc_column_inner el_class=\u00bbabout-text-column\u00bb width=\u00bb1\/2&#8243;][vc_custom_heading source=\u00bbpost_title\u00bb font_container=\u00bbtag:h5|text_align:left\u00bb use_theme_fonts=\u00bbyes\u00bb el_class=\u00bbpr-tag\u00bb][vc_custom_heading text=\u00bbDescubra nuestros cursos de microdosis\u00bb font_container=\u00bbtag:h2|text_align:left|color:%23000000&#8243; use_theme_fonts=\u00bbyes\u00bb][vc_column_text el_class=\u00bbproduct-copy-description\u00bb]La mejor manera de familiarizarse con la microdosificaci\u00f3n es a trav\u00e9s de nuestros cursos. Nuestras curas son adecuadas tanto para el usuario principiante como para el experimentado. Con la ayuda de nuestra documentaci\u00f3n, le ayudamos a sacar el m\u00e1ximo partido a su experiencia de microdosificaci\u00f3n. Tenemos tres cursos diferentes disponibles tanto en formato de 6 como de 12 meses: principiante, experimentado y avanzado.[\/vc_column_text][vc_btn title=\u00bbIniciar curso\u00bb color=\u00bbwarning\u00bb size=\u00bblg\u00bb align=\u00bbleft\u00bb link=\u00bburl:%23start-course|\u00bb][\/vc_column_inner][\/vc_row_inner][\/vc_column][\/vc_row][\/vc_section][vc_row el_id=\u00bbstart-course\u00bb][vc_column][vc_column_text el_class=\u00bbmb-0&#8243;]    <div class=\"related-products\" id=\"kuur-starten\">\n        <div class=\"col-full\">\n            <div class=\"home-product-form b-to-t\">\n                <span class=\"pr-tag\">Suscripciones<\/span>\n                <h3>Comience su curso<\/h3>\n                <div class='short_description'>\n                    Reciba trufas frescas cada 3 meses. Elija la duraci\u00f3n de su suscripci\u00f3n:                 <\/div>\n                <fieldset class=\"radio-switch\">\n                    <input type=\"radio\" name=\"first-switch\" value=\"6-meses\" id=\"radio-a\" checked=\"checked\">\n                    <label for=\"radio-a\">\n                        6 meses                    <\/label>\n\n                    <input type=\"radio\" name=\"first-switch\" value=\"12-meses\" id=\"radio-b\">\n                    <label for=\"radio-b\">\n                        12 meses                    <\/label>\n                <\/fieldset>\n            <\/div>\n            <div class=\"related-product b-to-t\">\n                <div class=\"inner-class\">\n                                                        <div class=\"box-variations product-65353\">\n                                        <div class=\"variation-title\" style=\"background:#ba6d4f\">\n                                            <h3>Curso avanzado<\/h3>\n                                        <\/div>\n                                        <div class=\"variation-box-hightlite\">\n                                            <div class=\"single_variation_wrap\">\n                                                <div class=\"default-price\">\n                                                    <h3 style=\"color:#ba6d4f\">\n                                                        <del aria-hidden=\"true\"><span class=\"woocommerce-Price-amount amount\"><bdi><span class=\"woocommerce-Price-currencySymbol\">&#36;<\/span>258,50<\/bdi><\/span><\/del> <span class=\"screen-reader-text\">El precio original era: &#036;258,50.<\/span><ins aria-hidden=\"true\"><span class=\"woocommerce-Price-amount amount\"><bdi><span class=\"woocommerce-Price-currencySymbol\">&#36;<\/span>207<\/bdi><\/span><\/ins><span class=\"screen-reader-text\">El precio actual es: &#036;207.<\/span>                                                    <\/h3>\n                                                    <span class=\"shipping-excluded\">\ud83d\ude9a Gastos de env\u00edo no incluidos.<\/span>\n                                                    <span class=\"shipping-excluded\">\u2744\ufe0f Mantener refrigerado.<\/span>\n                                                <\/div>\n                                                <hr>\n                                                <div class=\"default-description\">\n                                                    <ul><li>Reciba <strong>20 % de descuento<\/strong><\/li>\n<li>Reciba 12 tiras de GO Microdose<\/li>\n<li>Reciba trufas frescas cada <strong>3 meses<\/strong><\/li>\n<li>Despu\u00e9s de dos meses, descanse un mes<\/li>\n<li>Gu\u00eda de usuario completa<\/li>\n<li>Entrega discreta posible<\/li>\n<li>Entrega al d\u00eda siguiente (dentro de NL)<\/li>\n<li><strong>B\u00e1scula de precisi\u00f3n<\/strong> gratuita<\/li>\n<\/ul>                                                <\/div>\n                                                <div class=\"dafault-buttons\">\n                                                    <div class=\"cstm-btn with-bg\">\n                                                        <form class=\"cart\" action=\"\" method=\"post\" enctype='multipart\/form-data'>\n                                                            <button type=\"submit\" name=\"add-to-cart\" value=\"65353\"\n                                                                class=\"single_add_to_cart_button button\">A\u00f1adir al carrito<\/button>\n                                                            <input type=\"hidden\" name=\"variation_id\" class=\"variation_id\"\n                                                                value=\"57875\">\n                                                        <\/form>\n                                                    <\/div>\n                                                    <div class=\"more-info\">\n                                                        <a href=\"https:\/\/go-microdose.com\/es\/producto\/curso-avanzado\/\">M\u00c1S INFORMACI\u00d3N<\/a>\n                                                    <\/div>\n                                                <\/div>\n                                            <\/div>\n                                        <\/div>\n                                    <\/div>\n                                                                        <div class=\"box-variations product-61385\">\n                                        <div class=\"variation-title\" style=\"background:#2b4856\">\n                                            <h3>Curso para experimentados<\/h3>\n                                        <\/div>\n                                        <div class=\"variation-box-hightlite\">\n                                            <div class=\"single_variation_wrap\">\n                                                <div class=\"default-price\">\n                                                    <h3 style=\"color:#2b4856\">\n                                                        <del aria-hidden=\"true\"><span class=\"woocommerce-Price-amount amount\"><bdi><span class=\"woocommerce-Price-currencySymbol\">&#36;<\/span>215,50<\/bdi><\/span><\/del> <span class=\"screen-reader-text\">El precio original era: &#036;215,50.<\/span><ins aria-hidden=\"true\"><span class=\"woocommerce-Price-amount amount\"><bdi><span class=\"woocommerce-Price-currencySymbol\">&#36;<\/span>172,25<\/bdi><\/span><\/ins><span class=\"screen-reader-text\">El precio actual es: &#036;172,25.<\/span>                                                    <\/h3>\n                                                    <span class=\"shipping-excluded\">\ud83d\ude9a Gastos de env\u00edo no incluidos.<\/span>\n                                                    <span class=\"shipping-excluded\">\u2744\ufe0f Mantener refrigerado.<\/span>\n                                                <\/div>\n                                                <hr>\n                                                <div class=\"default-description\">\n                                                    <ul><li>Reciba <strong>20 % de descuento<\/strong><\/li>\n<li>Reciba 10 tiras de GO Microdose<\/li>\n<li>Reciba trufas frescas cada <strong>3 meses<\/strong><\/li>\n<li>Despu\u00e9s de dos meses, descanse un mes<\/li>\n<li>Gu\u00eda de usuario completa<\/li>\n<li>Entrega discreta posible<\/li>\n<li>Entrega al d\u00eda siguiente (dentro de NL)<\/li>\n<\/ul>                                                <\/div>\n                                                <div class=\"dafault-buttons\">\n                                                    <div class=\"cstm-btn with-bg\">\n                                                        <form class=\"cart\" action=\"\" method=\"post\" enctype='multipart\/form-data'>\n                                                            <button type=\"submit\" name=\"add-to-cart\" value=\"61385\"\n                                                                class=\"single_add_to_cart_button button\">A\u00f1adir al carrito<\/button>\n                                                            <input type=\"hidden\" name=\"variation_id\" class=\"variation_id\"\n                                                                value=\"57789\">\n                                                        <\/form>\n                                                    <\/div>\n                                                    <div class=\"more-info\">\n                                                        <a href=\"https:\/\/go-microdose.com\/es\/producto\/curso-para-experimentados\/\">M\u00c1S INFORMACI\u00d3N<\/a>\n                                                    <\/div>\n                                                <\/div>\n                                            <\/div>\n                                        <\/div>\n                                    <\/div>\n                                                                        <div class=\"box-variations product-65318\">\n                                        <div class=\"variation-title\" style=\"background:#8c9c90\">\n                                            <h3>Curso para principiantes<\/h3>\n                                        <\/div>\n                                        <div class=\"variation-box-hightlite\">\n                                            <div class=\"single_variation_wrap\">\n                                                <div class=\"default-price\">\n                                                    <h3 style=\"color:#8c9c90\">\n                                                        <del aria-hidden=\"true\"><span class=\"woocommerce-Price-amount amount\"><bdi><span class=\"woocommerce-Price-currencySymbol\">&#36;<\/span>129,25<\/bdi><\/span><\/del> <span class=\"screen-reader-text\">El precio original era: &#036;129,25.<\/span><ins aria-hidden=\"true\"><span class=\"woocommerce-Price-amount amount\"><bdi><span class=\"woocommerce-Price-currencySymbol\">&#36;<\/span>104,25<\/bdi><\/span><\/ins><span class=\"screen-reader-text\">El precio actual es: &#036;104,25.<\/span>                                                    <\/h3>\n                                                    <span class=\"shipping-excluded\">\ud83d\ude9a Gastos de env\u00edo no incluidos.<\/span>\n                                                    <span class=\"shipping-excluded\">\u2744\ufe0f Mantener refrigerado.<\/span>\n                                                <\/div>\n                                                <hr>\n                                                <div class=\"default-description\">\n                                                    <ul><li>Reciba <strong>20 % de descuento<\/strong><\/li>\n<li>Reciba 6 tiras de GO Microdose<\/li>\n<li>Reciba trufas frescas cada <strong>3 meses<\/strong><\/li>\n<li>Despu\u00e9s de dos meses, descanse un mes<\/li>\n<li>Gu\u00eda de usuario completa<\/li>\n<li>Entrega discreta posible<\/li>\n<li>Entrega al d\u00eda siguiente (dentro de NL)<\/li>\n<\/ul>                                                <\/div>\n                                                <div class=\"dafault-buttons\">\n                                                    <div class=\"cstm-btn with-bg\">\n                                                        <form class=\"cart\" action=\"\" method=\"post\" enctype='multipart\/form-data'>\n                                                            <button type=\"submit\" name=\"add-to-cart\" value=\"65318\"\n                                                                class=\"single_add_to_cart_button button\">A\u00f1adir al carrito<\/button>\n                                                            <input type=\"hidden\" name=\"variation_id\" class=\"variation_id\"\n                                                                value=\"57869\">\n                                                        <\/form>\n                                                    <\/div>\n                                                    <div class=\"more-info\">\n                                                        <a href=\"https:\/\/go-microdose.com\/es\/producto\/curso-para-principiantes\/\">M\u00c1S INFORMACI\u00d3N<\/a>\n                                                    <\/div>\n                                                <\/div>\n                                            <\/div>\n                                        <\/div>\n                                    <\/div>\n                                                    <\/div>\n            <\/div>\n        <\/div>\n    <\/div>\n    [\/vc_column_text][\/vc_column][\/vc_row]<\/p>\n<\/div>","protected":false},"excerpt":{"rendered":"<p>[vc_section full_width=\u00bbstretch_row_content\u00bb content_placement=\u00bbmiddle\u00bb css=\u00bb.vc_custom_1667893842628{padding-bottom: 0px !important;}\u00bb][vc_row css_animation=\u00bbnone\u00bb][vc_column el_class=\u00bbcontainer\u00bb][vc_row_inner content_placement=\u00bbmiddle\u00bb el_class=\u00bbrow-reverse\u00bb][vc_column_inner width=\u00bb1\/2&#8243;][vc_single_image image=\u00bb56934&#8243; img_size=\u00bbfull\u00bb][\/vc_column_inner][vc_column_inner el_class=\u00bbabout-text-column\u00bb width=\u00bb1\/2&#8243;][vc_custom_heading source=\u00bbpost_title\u00bb font_container=\u00bbtag:h5|text_align:left\u00bb use_theme_fonts=\u00bbyes\u00bb el_class=\u00bbpr-tag\u00bb][vc_custom_heading text=\u00bbDescubra nuestros cursos de microdosis\u00bb font_container=\u00bbtag:h2|text_align:left|color:%23000000&#8243; use_theme_fonts=\u00bbyes\u00bb][vc_column_text el_class=\u00bbproduct-copy-description\u00bb]La mejor manera de familiarizarse con la microdosificaci\u00f3n es a trav\u00e9s de nuestros cursos. Nuestras curas son adecuadas tanto para el usuario principiante como para el experimentado. Con la [&hellip;]<\/p>\n","protected":false},"author":5548,"featured_media":0,"parent":0,"menu_order":0,"comment_status":"closed","ping_status":"closed","template":"","meta":{"_acf_changed":false,"footnotes":""},"class_list":["post-57243","page","type-page","status-publish","hentry"],"acf":[],"_links":{"self":[{"href":"https:\/\/go-microdose.com\/es\/wp-json\/wp\/v2\/pages\/57243","targetHints":{"allow":["GET"]}}],"collection":[{"href":"https:\/\/go-microdose.com\/es\/wp-json\/wp\/v2\/pages"}],"about":[{"href":"https:\/\/go-microdose.com\/es\/wp-json\/wp\/v2\/types\/page"}],"author":[{"embeddable":true,"href":"https:\/\/go-microdose.com\/es\/wp-json\/wp\/v2\/users\/5548"}],"replies":[{"embeddable":true,"href":"https:\/\/go-microdose.com\/es\/wp-json\/wp\/v2\/comments?post=57243"}],"version-history":[{"count":0,"href":"https:\/\/go-microdose.com\/es\/wp-json\/wp\/v2\/pages\/57243\/revisions"}],"wp:attachment":[{"href":"https:\/\/go-microdose.com\/es\/wp-json\/wp\/v2\/media?parent=57243"}],"curies":[{"name":"wp","href":"https:\/\/api.w.org\/{rel}","templated":true}]}}