{"id":58314,"date":"2026-03-25T13:16:19","date_gmt":"2026-03-25T12:16:19","guid":{"rendered":"https:\/\/go-microdose.com\/envio\/paises-bajos\/"},"modified":"2026-03-25T13:17:12","modified_gmt":"2026-03-25T12:17:12","slug":"paises-bajos","status":"publish","type":"page","link":"https:\/\/go-microdose.com\/es\/envio\/paises-bajos\/","title":{"rendered":"Pa\u00edses Bajos"},"content":{"rendered":"<div class=\"wpb-content-wrapper\"><p>[vc_row][vc_column width=\u00bb1\/2&#8243;][vc_btn title=\u00bbVolver a la descripci\u00f3n general de env\u00edos\u00bb css=\u00bb\u00bb link=\u00bburl:https%3A%2F%2Fgo-microdose.com%2Fes%2Fenvio%2F|title:Shipping|\u00bb el_class=\u00bbbutton-back\u00bb][\/vc_column][vc_column width=\u00bb1\/2&#8243;][\/vc_column][\/vc_row][vc_row el_class=\u00bbpb-40&#8243;][vc_column width=\u00bb1\/2&#8243; el_class=\u00bbpr-80&#8243;][vc_custom_heading text=\u00bbEnv\u00edos a los Pa\u00edses Bajos\u00bb font_container=\u00bbtag:h1|text_align:left\u00bb use_theme_fonts=\u00bbyes\u00bb css=\u00bb\u00bb el_class=\u00bbeffect-title\u00bb][vc_custom_heading text=\u00bbSetas m\u00e1gicas, trufas, microdosis y m\u00e1s&#8230;\u00bb use_theme_fonts=\u00bbyes\u00bb el_class=\u00bbh3&#8243;][vc_column_text css=\u00bb\u00bb]<\/p>\n<p class=\"p1\">\u00a1S\u00ed! \u00a1Enviamos todos nuestros productos a los Pa\u00edses Bajos! <\/p>\n<p class=\"p3\">Todas las <span class=\"s1\">trufas, tiras de microdosis y kits de cultivo<\/span> se env\u00edan directamente desde \u00c1msterdam y suelen llegar <span class=\"s1\">en 1-2 d\u00edas laborables<\/span>. La mayor\u00eda de los pedidos caben en el buz\u00f3n, excepto los productos m\u00e1s grandes como los <span class=\"s1\">kits de cultivo de setas m\u00e1gicas<\/span> y los accesorios, por lo que normalmente no necesita estar en casa para la entrega. <\/p>\n<p class=\"p3\">Nuestro env\u00edo es <span class=\"s1\">r\u00e1pido, discreto y fiable<\/span>. Tanto si empieza con la <span class=\"s1\">microdosificaci\u00f3n<\/span> como si planea una <span class=\"s1\">ceremonia de trufas<\/span>, nos aseguramos de que su pedido llegue de forma segura y fresca. \u00bfQuiere saber m\u00e1s sobre nuestras opciones de env\u00edo, plazos de entrega y m\u00e9todos? Consulte todos los detalles a continuaci\u00f3n sobre <span class=\"s1\">pedidos y env\u00edos dentro de los Pa\u00edses Bajos<\/span>.   <\/p>\n<p>[\/vc_column_text][\/vc_column][vc_column width=\u00bb1\/2&#8243; el_class=\u00bbs-white-box\u00bb][vc_custom_heading text=\u00bbSeguimiento\u00bb font_container=\u00bbtag:h3|text_align:left\u00bb use_theme_fonts=\u00bbyes\u00bb][vc_column_text]Utilice su c\u00f3digo de seguimiento y no su n\u00famero de pedido.[\/vc_column_text][vc_btn title=\u00bbSeguimiento de PostNL\u00bb css=\u00bb\u00bb link=\u00bburl:https%3A%2F%2Ftracking.postnl.nl%2Ftrack-and-trace%2F|target:_blank|\u00bb][vc_btn title=\u00bbSeguimiento de DHL\u00bb css=\u00bb\u00bb link=\u00bburl:https%3A%2F%2Fwww.dhl.com%2Fnl-nl%2Fhome%2Ftraceren.html|target:_blank|\u00bb][\/vc_column][\/vc_row][vc_row el_class=\u00bbpb-80&#8243;][vc_column][vc_custom_heading text=\u00bbm\u00e1s informaci\u00f3n\u00bb font_container=\u00bbtag:div|text_align:left\u00bb use_theme_fonts=\u00bbyes\u00bb el_class=\u00bbpr-tag\u00bb][vc_tta_accordion style=\u00bbflat\u00bb shape=\u00bbsquare\u00bb color=\u00bbwhite\u00bb c_icon=\u00bb\u00bb active_section=\u00bb100&#8243; no_fill=\u00bbtrue\u00bb collapsible_all=\u00bbtrue\u00bb title=\u00bbInformaci\u00f3n de env\u00edo\u00bb][vc_tta_section title=\u00bb\u00bfCu\u00e1l es el estatus legal en mi pa\u00eds?\u00bb tab_id=\u00bb1737187665466-5703fda6-be48cc15-dcd0&#8243;][vc_column_text css=\u00bb\u00bb]<\/p>\n<p class=\"p1\">Todos nuestros productos son <span class=\"s1\">100% legales en los Pa\u00edses Bajos<\/span>, incluyendo las <span class=\"s1\">trufas m\u00e1gicas, las tiras de microdosis y los kits de cultivo<\/span>. Operamos plenamente dentro de la normativa neerlandesa, asegurando que todo lo que vendemos cumple con las leyes locales. Tanto si busca explorar la <span class=\"s1\">microdosificaci\u00f3n para la concentraci\u00f3n y la creatividad<\/span> como si desea experimentar las <span class=\"s1\">trufas m\u00e1gicas para viajes m\u00e1s profundos<\/span>, puede realizar su pedido con la confianza de saber que nuestros productos son completamente legales y seguros de usar.  <\/p>\n<p>[\/vc_column_text][\/vc_tta_section][vc_tta_section title=\u00bb\u00bfQu\u00e9 productos pueden enviar a mi pa\u00eds?\u00bb tab_id=\u00bb1737187665459-72042fcd-1c33cc15-dcd0&#8243;][vc_column_text css=\u00bb\u00bb]<\/p>\n<p class=\"p3\">Enviamos <span class=\"s1\">todos nuestros productos<\/span> a los Pa\u00edses Bajos, directamente desde nuestra ubicaci\u00f3n en \u00c1msterdam. Tanto si busca <span class=\"s1\">trufas m\u00e1gicas<\/span>, <span class=\"s1\">tiras de microdosis<\/span> o <span class=\"s1\">kits de cultivo de setas<\/span>, tenemos lo que necesita. Toda nuestra gama est\u00e1 disponible para una entrega r\u00e1pida y discreta, llegando en <span class=\"s1\">1-2 d\u00edas laborables<\/span>.  <\/p>\n<p class=\"p3\">Si est\u00e1 interesado en la <span class=\"s1\">microdosificaci\u00f3n<\/span> para mejorar la concentraci\u00f3n, la creatividad o el estado de \u00e1nimo, nuestras <span class=\"s1\">tiras de microdosis de trufas frescas<\/span> son una excelente opci\u00f3n. Para aquellos que buscan <span class=\"s1\">una experiencia psicod\u00e9lica m\u00e1s profunda<\/span>, ofrecemos <span class=\"s1\">trufas m\u00e1gicas de alta potencia<\/span> como <span class=\"s1\">Hollandia, Utopia y Galindoi<\/span>. \u00bfQuiere cultivar las suyas propias? Nuestros <span class=\"s1\">kits de cultivo de setas<\/span> proporcionan una forma f\u00e1cil y legal de cultivar sus propias setas en casa.   <\/p>\n<p class=\"p4\"><span class=\"s2\">Haga su pedido hoy mismo y comience su viaje con <\/span>trufas y productos de microdosis de alta calidad.<\/p>\n<p>[\/vc_column_text][\/vc_tta_section][vc_tta_section title=\u00bb\u00bfCu\u00e1nto tarda el env\u00edo?\u00bb tab_id=\u00bb1737188614232-01a47c52-44d4cc15-dcd0&#8243;][vc_column_text css=\u00bb\u00bb]<\/p>\n<p class=\"p1\">El env\u00edo dentro de los <span class=\"s1\">Pa\u00edses Bajos es r\u00e1pido y fiable<\/span>, y la mayor\u00eda de los pedidos llegan en <span class=\"s1\">1-2 d\u00edas laborables<\/span> despu\u00e9s del env\u00edo. Dado que enviamos directamente desde <span class=\"s1\">\u00c1msterdam<\/span>, puede esperar una entrega r\u00e1pida en su domicilio. <\/p>\n<p class=\"p1\">La mayor\u00eda de los pedidos m\u00e1s peque\u00f1os, como las <span class=\"s1\">tiras de microdosis<\/span> y las <span class=\"s1\">trufas m\u00e1gicas<\/span>, caben en el buz\u00f3n, por lo que no tiene que estar en casa para recibirlos. Los art\u00edculos m\u00e1s grandes, como los <span class=\"s1\">kits de cultivo de setas<\/span>, pueden requerir una entrega de paquete est\u00e1ndar. <\/p>\n<p class=\"p1\">Para las \u00faltimas actualizaciones de su pedido, consulte su <span class=\"s1\">enlace de seguimiento<\/span> una vez que su paquete haya sido enviado.<\/p>\n<p>[\/vc_column_text][\/vc_tta_section][vc_tta_section title=\u00bb\u00bfD\u00f3nde puedo seguir mi pedido?\u00bb tab_id=\u00bb1737188637035-b7eae861-e627cc15-dcd0&#8243;][vc_column_text css=\u00bb\u00bb]<\/p>\n<p class=\"p1\">Una vez que su pedido haya sido enviado, recibir\u00e1 un <span class=\"s1\">enlace de seguimiento<\/span> por correo electr\u00f3nico. Puede utilizar este enlace para seguir el trayecto de su paquete. <\/p>\n<p class=\"p1\">Si necesita seguir su pedido manualmente, utilice uno de los siguientes enlaces e introduzca su c\u00f3digo de seguimiento:<br \/>\ud83d\udce6 <span class=\"s1\"><b>PostNL<\/b><\/span>: <a href=\"https:\/\/tracking.postnl.nl\/track-and-trace\/\" target=\"_blank\" rel=\"noopener\">Siga su pedido aqu\u00ed<\/a><br \/>\ud83d\udce6 <span class=\"s1\"><b>DHL<\/b><\/span>: <a href=\"https:\/\/www.dhl.com\/nl-nl\/home\/traceren.html\" target=\"_blank\" rel=\"noopener\">Siga su pedido aqu\u00ed<\/a><\/p>\n<p class=\"p1\">Si experimenta alg\u00fan problema con el seguimiento, espere un tiempo para las actualizaciones o p\u00f3ngase en contacto directamente con el proveedor de env\u00edos.<\/p>\n<p>[\/vc_column_text][\/vc_tta_section][vc_tta_section title=\u00bb\u00bfCu\u00e1les son los costes y m\u00e9todos de env\u00edo?\u00bb tab_id=\u00bb1737188651466-1dfecdda-bebecc15-dcd0&#8243;][vc_column_text css=\u00bb\u00bb]<\/p>\n<p class=\"p3\">Ofrecemos m\u00faltiples opciones de env\u00edo dentro de los Pa\u00edses Bajos para garantizar una entrega r\u00e1pida y fiable. Elija el m\u00e9todo que mejor se adapte a sus necesidades: <\/p>\n<p class=\"p4\"><span class=\"s1\">\ud83d\udce6 <\/span>Paquete de buz\u00f3n (seguimiento):<span class=\"s1\"> 5,75 \u20ac<br \/><\/span><span class=\"s1\">\ud83d\udce6 <\/span>Paquete certificado (seguimiento + firma requerida):<span class=\"s1\"> 10,74 \u20ac<br \/><\/span><span class=\"s1\">\ud83d\udce6 <\/span>Paquete DHL (seguimiento):<span class=\"s1\"> 8,50 \u20ac<\/span><\/p>\n<p class=\"p4\"><span class=\"s1\">\ud83d\ude80 <\/span>Opci\u00f3n de env\u00edo discreto:<span class=\"s1\"> +1,95 \u20ac<br \/><\/span>\u00bfQuiere privacidad adicional? Seleccione nuestra opci\u00f3n de env\u00edo discreto al finalizar la compra para un embalaje sin marca con etiquetado gen\u00e9rico. <\/p>\n<p class=\"p3\">Todos los pedidos se env\u00edan desde <span class=\"s2\">\u00c1msterdam<\/span> y suelen llegar <span class=\"s2\">en 1-2 d\u00edas laborables<\/span>. Sus detalles de seguimiento se proporcionar\u00e1n una vez que su pedido haya sido enviado. <\/p>\n<p>[\/vc_column_text][\/vc_tta_section][vc_tta_section title=\u00bb\u00bfC\u00f3mo puedo pagar mi pedido?\u00bb tab_id=\u00bb1739569614085-b2259a37-6ad1cc15-dcd0&#8243;][vc_column_text css=\u00bb\u00bb]<\/p>\n<p class=\"p1\">Ofrecemos una variedad de m\u00e9todos de pago seguros y convenientes para pedidos dentro de los Pa\u00edses Bajos:<\/p>\n<ul>\n<li>Tarjeta (de cr\u00e9dito)<\/li>\n<li>PayPal<\/li>\n<li>Revolut<\/li>\n<li>iDEAL<\/li>\n<li>Criptomoneda<\/li>\n<li>Przelewy24<\/li>\n<li>Bancontact<\/li>\n<li>Transferencia bancaria SEPA<\/li>\n<li>Online \u00dcberweisen<\/li>\n<li><span class=\"s1\">Sofortbanking<\/span><\/li>\n<li>Transferencias bancarias manuales<\/li>\n<\/ul>\n<p class=\"p1\">Todos los pagos se procesan de forma segura y sus datos est\u00e1n protegidos. Recibir\u00e1 una confirmaci\u00f3n de pedido tan pronto como se complete su pago. <\/p>\n<p>[\/vc_column_text][\/vc_tta_section][vc_tta_section title=\u00bbGarant\u00eda y reclamaciones\u00bb tab_id=\u00bb1739569639087-ce3e2607-c5c5cc15-dcd0&#8243;][vc_column_text css=\u00bb\u00bb]<\/p>\n<p class=\"p1\">Nos esforzamos al m\u00e1ximo para garantizar que nuestros productos le lleguen en \u00f3ptimas condiciones. Sin embargo, si recibe un art\u00edculo da\u00f1ado durante el transporte o con otro defecto, puede tener derecho a una reclamaci\u00f3n de garant\u00eda. <\/p>\n<p class=\"p3\"><b>Reclamaciones de garant\u00eda<br \/><\/b><b><\/b>Si descubre un problema con su pedido, p\u00f3ngase en contacto con nosotros en un plazo razonable, idealmente dentro de <span class=\"s1\">1 d\u00eda<\/span> de la recepci\u00f3n de su paquete. Evaluaremos la situaci\u00f3n y determinaremos la mejor soluci\u00f3n. <\/p>\n<p class=\"p3\"><b>Reclamaciones<br \/><\/b><b><\/b>Si algo no sale como esperaba, estamos aqu\u00ed para ayudarle. P\u00f3ngase en contacto con nosotros en <span class=\"s1\">info@go-microdose.com<\/span>, y haremos todo lo posible para resolver el problema. <\/p>\n<p>[\/vc_column_text][\/vc_tta_section][vc_tta_section title=\u00bbDevoluciones\u00bb tab_id=\u00bb1737188666632-9ee3fe40-4609cc15-dcd0&#8243;][vc_column_text css=\u00bb\u00bb]<\/p>\n<p class=\"p1\">Debido a la naturaleza de nuestros productos, <span class=\"s1\"><b>no es posible realizar devoluciones<\/b><\/span>. Nuestras trufas y otros productos frescos tienen una <span class=\"s1\">vida \u00fatil limitada de aproximadamente 2 meses<\/span>, lo que significa que no pueden revenderse despu\u00e9s de ser devueltos. Esta pol\u00edtica garantiza que todos los clientes reciban productos frescos y de alta calidad.  <\/p>\n<p class=\"p3\"><b>Pol\u00edtica de cambios<br \/><\/b><b><\/b>Si desea cambiar un producto, p\u00f3ngase en contacto con nosotros en <span class=\"s1\">info@go-microdose.com<\/span>. Aunque los cambios pueden ser posibles para ciertos art\u00edculos no perecederos, <span class=\"s1\">los clientes son responsables de los gastos de env\u00edo de la devoluci\u00f3n<\/span>. <\/p>\n<p class=\"p3\"><b>Direcci\u00f3n de entrega incorrecta<br \/><\/b><b><\/b>Si ha proporcionado una direcci\u00f3n de env\u00edo incorrecta, p\u00f3ngase en contacto con nosotros lo antes posible. Intentaremos actualizar su pedido antes de que se env\u00ede. Sin embargo, una vez que el pedido ha sido enviado, los cambios ya no son posibles.  <\/p>\n<p>[\/vc_column_text][\/vc_tta_section][vc_tta_section title=\u00bbContacto\u00bb tab_id=\u00bb1737188682135-ea9d8e7b-ed3ccc15-dcd0&#8243;][vc_column_text css=\u00bb\u00bb]Hacemos todo lo posible por usted como cliente. Esto significa que puede ponerse en contacto con nosotros f\u00e1cilmente.<br \/>Si tiene alguna pregunta sobre cualquiera de estos temas, puede ponerse en contacto con nosotros utilizando la siguiente informaci\u00f3n: <\/p>\n<p><strong>GO-Microdose.com<\/strong><br \/>Correo electr\u00f3nico: <a href=\"mailto:info@go-microdose.com\">info@go-microdose.com<\/a><br \/>El nombre comercial de nuestra empresa es: GK Health B.V.<br \/>Nuestro nombre de dominio es GO-Microdose.com<br \/>Nuestra direcci\u00f3n postal: Joop Geesinkweg 601, 1114AB \u00c1msterdam<br \/>C\u00e1mara de Comercio: 87887274<br \/>IVA: NL864437584B01[\/vc_column_text][\/vc_tta_section][\/vc_tta_accordion][\/vc_column][\/vc_row][vc_row el_class=\u00bbpb-220&#8243;][vc_column width=\u00bb1\/2&#8243;][vc_custom_heading text=\u00bbcontacto\u00bb font_container=\u00bbtag:div|text_align:left\u00bb use_theme_fonts=\u00bbyes\u00bb el_class=\u00bbpr-tag\u00bb][vc_custom_heading text=\u00bb\u00bfPreguntas o comentarios?\u00bb use_theme_fonts=\u00bbyes\u00bb]\n<div class=\"wpcf7 no-js\" id=\"wpcf7-f57946-o1\" lang=\"es-ES\" dir=\"ltr\" data-wpcf7-id=\"57946\">\n<div class=\"screen-reader-response\"><p role=\"status\" aria-live=\"polite\" aria-atomic=\"true\"><\/p> <ul><\/ul><\/div>\n<form action=\"\/es\/wp-json\/wp\/v2\/pages\/58314#wpcf7-f57946-o1\" method=\"post\" class=\"wpcf7-form init\" aria-label=\"Formulario de contacto\" novalidate=\"novalidate\" data-status=\"init\">\n<fieldset class=\"hidden-fields-container\"><input type=\"hidden\" name=\"_wpcf7\" value=\"57946\" \/><input type=\"hidden\" name=\"_wpcf7_version\" value=\"6.1.5\" \/><input type=\"hidden\" name=\"_wpcf7_locale\" value=\"es_ES\" \/><input type=\"hidden\" name=\"_wpcf7_unit_tag\" value=\"wpcf7-f57946-o1\" \/><input type=\"hidden\" name=\"_wpcf7_container_post\" value=\"0\" \/><input type=\"hidden\" name=\"_wpcf7_posted_data_hash\" value=\"\" \/><input type=\"hidden\" name=\"_wpcf7_recaptcha_response\" value=\"\" \/>\n<\/fieldset>\n<div class=\"contact-form\">\n\t<div class=\"form-row\">\n\t\t<p><span class=\"wpcf7-form-control-wrap\" data-name=\"Naam\"><input size=\"40\" maxlength=\"400\" class=\"wpcf7-form-control wpcf7-text form-field\" aria-invalid=\"false\" placeholder=\"Nombre\" value=\"\" type=\"text\" name=\"Naam\" \/><\/span>\n\t\t<\/p>\n\t<\/div>\n\t<div class=\"form-row\">\n\t\t<p><span class=\"wpcf7-form-control-wrap\" data-name=\"Email\"><input size=\"40\" maxlength=\"400\" class=\"wpcf7-form-control wpcf7-email wpcf7-validates-as-required wpcf7-text wpcf7-validates-as-email form-field\" aria-required=\"true\" aria-invalid=\"false\" placeholder=\"Correo electr\u00f3nico\" value=\"\" type=\"email\" name=\"Email\" \/><\/span>\n\t\t<\/p>\n\t<\/div>\n\t<div class=\"form-row\">\n\t\t<p><span class=\"wpcf7-form-control-wrap\" data-name=\"your-message\"><textarea cols=\"40\" rows=\"10\" maxlength=\"2000\" class=\"wpcf7-form-control wpcf7-textarea form-field\" aria-invalid=\"false\" placeholder=\"Pregunta o comentario\u2026\" name=\"your-message\"><\/textarea><\/span>\n\t\t<\/p>\n\t<\/div>\n\t<div class=\"form-row checkbox\">\n\t\t<p><span class=\"wpcf7-form-control-wrap\" data-name=\"agree\"><span class=\"wpcf7-form-control wpcf7-acceptance\"><span class=\"wpcf7-list-item\"><label><input type=\"checkbox\" name=\"agree\" value=\"1\" aria-invalid=\"false\" \/><span class=\"wpcf7-list-item-label\">Acepto el <a href=\"\/privacy-policy\/\" target=\"_blank\"> aviso de privacidad<\/a><\/span><\/label><\/span><\/span><\/span>\n\t\t<\/p>\n\t<\/div>\n\t<div class=\"form-row\">\n\t<span class=\"wpcf7-form-control-wrap recaptcha\" data-name=\"recaptcha\"><span data-sitekey=\"6LcxYnAUAAAAAK0N-eell9CfBJrJukJ8yVIG3u5S\" class=\"wpcf7-form-control wpcf7-recaptcha g-recaptcha\"><\/span>\r\n<noscript>\r\n\t<div class=\"grecaptcha-noscript\">\r\n\t\t<iframe src=\"https:\/\/www.google.com\/recaptcha\/api\/fallback?k=6LcxYnAUAAAAAK0N-eell9CfBJrJukJ8yVIG3u5S\" frameborder=\"0\" scrolling=\"no\" width=\"310\" height=\"430\">\r\n\t\t<\/iframe>\r\n\t\t<textarea name=\"g-recaptcha-response\" rows=\"3\" cols=\"40\" placeholder=\"Aqu\u00ed la respuesta de reCAPTCHA\">\r\n\t\t<\/textarea>\r\n\t<\/div>\r\n<\/noscript>\r\n<\/span>\n\t<\/div>\n\t<div class=\"form-row submit\">\n\t\t<p><button class=\"button vc_btn3-style-modern\"><input class=\"wpcf7-form-control wpcf7-submit has-spinner\" type=\"submit\" value=\"Enviar\" \/><\/button>\n\t\t<\/p>\n\t<\/div>\n<\/div><div class=\"wpcf7-response-output\" aria-hidden=\"true\"><\/div>\n<\/form>\n<\/div>\n[\/vc_column][vc_column width=\u00bb1\/2&#8243;][\/vc_column][\/vc_row]<\/p>\n<\/div>","protected":false},"excerpt":{"rendered":"<p>[vc_row][vc_column width=\u00bb1\/2&#8243;][vc_btn title=\u00bbVolver a la descripci\u00f3n general de env\u00edos\u00bb css=\u00bb\u00bb link=\u00bburl:https%3A%2F%2Fgo-microdose.com%2Fes%2Fenvio%2F|title:Shipping|\u00bb el_class=\u00bbbutton-back\u00bb][\/vc_column][vc_column width=\u00bb1\/2&#8243;][\/vc_column][\/vc_row][vc_row el_class=\u00bbpb-40&#8243;][vc_column width=\u00bb1\/2&#8243; el_class=\u00bbpr-80&#8243;][vc_custom_heading text=\u00bbEnv\u00edos a los Pa\u00edses Bajos\u00bb font_container=\u00bbtag:h1|text_align:left\u00bb use_theme_fonts=\u00bbyes\u00bb css=\u00bb\u00bb el_class=\u00bbeffect-title\u00bb][vc_custom_heading text=\u00bbSetas m\u00e1gicas, trufas, microdosis y m\u00e1s&#8230;\u00bb use_theme_fonts=\u00bbyes\u00bb el_class=\u00bbh3&#8243;][vc_column_text css=\u00bb\u00bb] \u00a1S\u00ed! \u00a1Enviamos todos nuestros productos a los Pa\u00edses Bajos! Todas las trufas, tiras de microdosis y kits de cultivo se env\u00edan [&hellip;]<\/p>\n","protected":false},"author":5548,"featured_media":0,"parent":56799,"menu_order":0,"comment_status":"open","ping_status":"open","template":"","meta":{"_acf_changed":false,"footnotes":""},"class_list":["post-58314","page","type-page","status-publish","hentry"],"acf":[],"_links":{"self":[{"href":"https:\/\/go-microdose.com\/es\/wp-json\/wp\/v2\/pages\/58314","targetHints":{"allow":["GET"]}}],"collection":[{"href":"https:\/\/go-microdose.com\/es\/wp-json\/wp\/v2\/pages"}],"about":[{"href":"https:\/\/go-microdose.com\/es\/wp-json\/wp\/v2\/types\/page"}],"author":[{"embeddable":true,"href":"https:\/\/go-microdose.com\/es\/wp-json\/wp\/v2\/users\/5548"}],"replies":[{"embeddable":true,"href":"https:\/\/go-microdose.com\/es\/wp-json\/wp\/v2\/comments?post=58314"}],"version-history":[{"count":0,"href":"https:\/\/go-microdose.com\/es\/wp-json\/wp\/v2\/pages\/58314\/revisions"}],"up":[{"embeddable":true,"href":"https:\/\/go-microdose.com\/es\/wp-json\/wp\/v2\/pages\/56799"}],"wp:attachment":[{"href":"https:\/\/go-microdose.com\/es\/wp-json\/wp\/v2\/media?parent=58314"}],"curies":[{"name":"wp","href":"https:\/\/api.w.org\/{rel}","templated":true}]}}