{"id":59823,"date":"2026-03-25T13:35:22","date_gmt":"2026-03-25T12:35:22","guid":{"rendered":"https:\/\/go-microdose.com\/envio\/estados-unidos\/"},"modified":"2026-03-25T13:36:52","modified_gmt":"2026-03-25T12:36:52","slug":"estados-unidos","status":"publish","type":"page","link":"https:\/\/go-microdose.com\/es\/envio\/estados-unidos\/","title":{"rendered":"Estados Unidos"},"content":{"rendered":"<div class=\"wpb-content-wrapper\"><p>[vc_row][vc_column width=\u00bb1\/2&#8243;][vc_btn title=\u00bbVolver al resumen de env\u00edos\u00bb css=\u00bb\u00bb link=\u00bburl:https%3A%2F%2Fgo-microdose.com%2Fes%2Fenvio%2F|title:Shipping|\u00bb el_class=\u00bbbutton-back\u00bb][\/vc_column][vc_column width=\u00bb1\/2&#8243;][\/vc_column][\/vc_row][vc_row el_class=\u00bbpb-40&#8243;][vc_column width=\u00bb1\/2&#8243; el_class=\u00bbpr-80&#8243;][vc_custom_heading text=\u00bbEnv\u00edo a Estados Unidos\u00bb font_container=\u00bbtag:h1|text_align:left\u00bb use_theme_fonts=\u00bbyes\u00bb css=\u00bb\u00bb el_class=\u00bbeffect-title\u00bb][vc_custom_heading text=\u00bbSetas m\u00e1gicas, trufas, microdosificaci\u00f3n y m\u00e1s&#8230;\u00bb use_theme_fonts=\u00bbyes\u00bb el_class=\u00bbh3&#8243;][vc_column_text css=\u00bb\u00bb]<\/p>\n<p class=\"p1\">\u00a1S\u00ed! \u00a1Enviamos todos nuestros productos a Estados Unidos! <\/p>\n<p class=\"p1\">Nuestras trufas frescas, tiras de microdosificaci\u00f3n y kits de cultivo se env\u00edan directamente desde \u00c1msterdam y, por lo general, llegan en un plazo de <span class=\"s1\">6-10 d\u00edas laborables<\/span>. Utilizamos <span class=\"s1\">m\u00e9todos de env\u00edo discretos y fiables<\/span> para garantizar que su pedido le llegue de forma segura. <\/p>\n<p class=\"p1\">La mayor\u00eda de los pedidos peque\u00f1os, como las tiras de microdosificaci\u00f3n y las trufas, caben en un paquete apto para el buz\u00f3n, lo que reduce las posibilidades de entregas fallidas. Los productos m\u00e1s grandes, como los kits de cultivo de setas, pueden requerir una entrega est\u00e1ndar de paqueter\u00eda. <\/p>\n<p class=\"p1\">Tenemos una <span class=\"s1\">alta tasa de \u00e9xito en los env\u00edos a EE. UU.<\/span>, pero la responsabilidad de comprender y cumplir la normativa local <span class=\"s1\">recae en el cliente<\/span>.<\/p>\n<p class=\"p1\">\u00bfQuiere saber m\u00e1s sobre nuestras <span class=\"s1\">opciones de env\u00edo, plazos de entrega y m\u00e9todos<\/span>? Consulte a continuaci\u00f3n todos los detalles sobre pedidos y env\u00edos dentro de Estados Unidos. <\/p>\n<p>[\/vc_column_text][\/vc_column][vc_column width=\u00bb1\/2&#8243; el_class=\u00bbs-white-box\u00bb][vc_custom_heading text=\u00bbSeguimiento (track &amp; trace)\u00bb font_container=\u00bbtag:h3|text_align:left\u00bb use_theme_fonts=\u00bbyes\u00bb][vc_column_text]Utilice su c\u00f3digo de seguimiento y no su n\u00famero de pedido.[\/vc_column_text][vc_btn title=\u00bbSeguimiento de Deutsche Post\u00bb css=\u00bb\u00bb link=\u00bburl:https%3A%2F%2Fpacket.deutschepost.com%2Fpublic%2Fpacket_traceit.xhtml|target:_blank|\u00bb][vc_btn title=\u00bbSeguimiento de USPS\u00bb css=\u00bb\u00bb link=\u00bburl:https%3A%2F%2Ftools.usps.com%2Fgo%2FTrackConfirmAction_input|target:_blank|\u00bb][\/vc_column][\/vc_row][vc_row el_class=\u00bbpb-80&#8243;][vc_column][vc_custom_heading text=\u00bbm\u00e1s informaci\u00f3n\u00bb font_container=\u00bbtag:div|text_align:left\u00bb use_theme_fonts=\u00bbyes\u00bb el_class=\u00bbpr-tag\u00bb][vc_tta_accordion style=\u00bbflat\u00bb shape=\u00bbsquare\u00bb color=\u00bbwhite\u00bb c_icon=\u00bb\u00bb active_section=\u00bb100&#8243; no_fill=\u00bbtrue\u00bb collapsible_all=\u00bbtrue\u00bb title=\u00bbInformaci\u00f3n de env\u00edo\u00bb][vc_tta_section title=\u00bb\u00bfCu\u00e1l es el estatus legal en mi pa\u00eds?\u00bb tab_id=\u00bb1737187665466-5703fda6-be48&#8243;][vc_column_text css=\u00bb\u00bb]<\/p>\n<p class=\"p1\">Las setas que contienen psilocibina est\u00e1n clasificadas como una <span class=\"s1\">sustancia de la Lista I<\/span> seg\u00fan la legislaci\u00f3n federal de EE. UU. Sin embargo, nuestras trufas se encuentran en una <span class=\"s1\">zona gris legal<\/span>, ya que son una parte distinta del organismo f\u00fangico que las setas. Algunos estados y ciudades han empezado a despenalizar la psilocibina, pero <span class=\"s1\">las leyes var\u00edan ampliamente en EE. UU.<\/span>  <\/p>\n<p class=\"p1\"><span class=\"s1\">No somos abogados<\/span> y <span class=\"s1\">no tenemos capacidad para seguir la evoluci\u00f3n legal en todos los pa\u00edses a los que enviamos<\/span>. Por ello, es <span class=\"s1\">responsabilidad del cliente<\/span> comprender y cumplir la normativa local antes de realizar un pedido. <\/p>\n<p class=\"p1\">Aunque nuestros env\u00edos a EE. UU. tienen una <span class=\"s1\">alta tasa de llegada del 94%<\/span>, siempre existe la posibilidad de que la aduana destruya el paquete. Debido a las <span class=\"s1\">complejidades legales implicadas<\/span>, <span class=\"s1\">no podemos ofrecer reembolsos ni reenv\u00edos gratuitos<\/span> si un pedido es incautado o no llega. <\/p>\n<p>[\/vc_column_text][\/vc_tta_section][vc_tta_section title=\u00bb\u00bfQu\u00e9 productos pueden enviar a mi pa\u00eds?\u00bb tab_id=\u00bb1737187665459-72042fcd-1c33&#8243;][vc_column_text css=\u00bb\u00bb]<\/p>\n<p class=\"p1\">Enviamos todos nuestros productos a EE. UU. con <span class=\"s1\">entrega r\u00e1pida y discreta<\/span> directamente desde nuestras instalaciones en \u00c1msterdam. Tanto si busca <span class=\"s1\">tiras de microdosificaci\u00f3n, trufas m\u00e1gicas o kits de cultivo de setas<\/span>, tenemos lo que necesita. <\/p>\n<p class=\"p3\"><span class=\"s2\">Si le interesa la <\/span>microdosificaci\u00f3n para mejorar la concentraci\u00f3n, la creatividad o el estado de \u00e1nimo<span class=\"s2\">, nuestras <\/span>tiras de microdosificaci\u00f3n de trufa fresca<span class=\"s2\">  son una excelente opci\u00f3n. Para quienes buscan una   <\/span>experiencia psicod\u00e9lica<span class=\"s2\"> m\u00e1s profunda, ofrecemos <\/span>trufas m\u00e1gicas de alta potencia<span class=\"s2\"> como <\/span>Hollandia, Utopia y Galindoi<span class=\"s2\">. \u00bfQuiere cultivar las suyas? Nuestros   <\/span>kits de cultivo de setas<span class=\"s2\"> le proporcionan todo lo que necesita para cultivar setas en casa.<\/span><\/p>\n<p class=\"p1\"><span class=\"s1\">Haga su pedido hoy<\/span> y comience su viaje con trufas y productos de microdosificaci\u00f3n de calidad premium.<\/p>\n<p>[\/vc_column_text][\/vc_tta_section][vc_tta_section title=\u00bb\u00bfCu\u00e1nto tarda el env\u00edo?\u00bb tab_id=\u00bb1737188614232-01a47c52-44d4&#8243;][vc_column_text css=\u00bb\u00bb]<\/p>\n<p class=\"p3\">El env\u00edo a EE. UU. suele tardar <span class=\"s1\">6\u201310 d\u00edas laborables<\/span>, en funci\u00f3n del despacho de aduanas y de los servicios postales locales. Aunque la mayor\u00eda de los pedidos llegan dentro de este plazo, pueden producirse retrasos puntuales debido a inspecciones aduaneras o al procesamiento postal. <\/p>\n<p class=\"p3\">Una vez que su pedido se haya enviado, recibir\u00e1 un <span class=\"s1\">enlace de seguimiento<\/span> para supervisar su progreso. Si su paquete sufre retrasos, le recomendamos que conceda algo de tiempo adicional, ya que las actualizaciones de seguimiento no siempre son inmediatas. <\/p>\n<p class=\"p3\">Para conocer las \u00faltimas actualizaciones de env\u00edo y la informaci\u00f3n de seguimiento, consulte su correo electr\u00f3nico o haga clic en el bot\u00f3n de seguimiento en la parte superior de esta p\u00e1gina.<\/p>\n<p>[\/vc_column_text][\/vc_tta_section][vc_tta_section title=\u00bb\u00bfD\u00f3nde puedo hacer el seguimiento de mi pedido?\u00bb tab_id=\u00bb1737188637035-b7eae861-e627&#8243;][vc_column_text css=\u00bb\u00bb]<\/p>\n<p class=\"p3\">Una vez que su pedido se haya enviado, recibir\u00e1 por correo electr\u00f3nico un <span class=\"s1\">enlace de seguimiento<\/span>. Utilice este enlace para supervisar el recorrido de su paquete hasta EE. UU. <\/p>\n<p class=\"p3\">Si necesita hacer el seguimiento de su pedido manualmente, visite la siguiente p\u00e1gina de seguimiento e introduzca su c\u00f3digo de seguimiento<br \/>\n  <a href=\"https:\/\/go-microdose.com\/tracking\/\"><span class=\"s1\"><b>Haga el seguimiento de su pedido aqu\u00ed<\/b><\/span><\/a><\/p>\n<p class=\"p3\">Tenga en cuenta que las actualizaciones de seguimiento pueden tardar un tiempo en aparecer, especialmente durante el procesamiento aduanero. Si tiene alg\u00fan problema, le recomendamos que conceda tiempo adicional para las actualizaciones o que se ponga en contacto directamente con el transportista. <\/p>\n<p>[\/vc_column_text][\/vc_tta_section][vc_tta_section title=\u00bb\u00bfCu\u00e1les son los costes y m\u00e9todos de env\u00edo?\u00bb tab_id=\u00bb1737188651466-1dfecdda-bebe\u00bb][vc_column_text css=\u00bb\u00bb]<\/p>\n<p class=\"p1\">Ofrecemos env\u00edos <span class=\"s1\">seguros y con seguimiento<\/span> a Estados Unidos a trav\u00e9s de <span class=\"s1\">Deutsche Post<\/span>, garantizando un proceso de entrega fluido y discreto.<\/p>\n<p class=\"p3\"><span class=\"s2\">  <\/span>Entrega est\u00e1ndar de Deutsche Post<span class=\"s2\"> (Track &amp; Trace | <\/span>5 \u2013 7 d\u00edas laborables<span class=\"s2\">): 12 $ <\/span>(puede fluctuar seg\u00fan el tipo de cambio)<\/p>\n<p class=\"p3\"><span class=\"s2\">  <\/span>Opci\u00f3n de env\u00edo discreto<span class=\"s2\">: +1,95 $<\/span><\/p>\n<p class=\"p1\">\u00bfQuiere m\u00e1s privacidad? Seleccione nuestra opci\u00f3n de env\u00edo discreto al finalizar la compra para un embalaje sin marca y con etiquetado gen\u00e9rico. <\/p>\n<p class=\"p1\">Todos los pedidos se env\u00edan <span class=\"s1\">desde \u00c1msterdam<\/span>, y se facilitar\u00e1n los detalles de seguimiento una vez que su paquete haya sido despachado. Tenga en cuenta que los plazos de entrega pueden variar debido al procesamiento aduanero. <\/p>\n<p>[\/vc_column_text][\/vc_tta_section][vc_tta_section title=\u00bb\u00bfC\u00f3mo puedo pagar mi pedido?\u00bb tab_id=\u00bb1739569614085-b2259a37-6ad1&#8243;][vc_column_text css=\u00bb\u00bb]<\/p>\n<p class=\"p1\">Ofrecemos una variedad de m\u00e9todos de pago seguros y c\u00f3modos para pedidos a Estados Unidos:<\/p>\n<ul>\n<li>Tarjeta de cr\u00e9dito\/d\u00e9bito<\/li>\n<li>PayPal<\/li>\n<li>Revolut<\/li>\n<li>iDEAL<\/li>\n<li>Criptomoneda<\/li>\n<li>Przelewy24<\/li>\n<li>Bancontact<\/li>\n<li>Transferencia bancaria SEPA<\/li>\n<li>Online \u00dcberweisen<\/li>\n<li><span class=\"s1\">Sofortbanking<\/span><\/li>\n<li>Transferencias bancarias manuales<\/li>\n<\/ul>\n<p class=\"p1\">Todos los pagos se procesan de forma segura y sus datos est\u00e1n protegidos. Recibir\u00e1 una confirmaci\u00f3n del pedido en cuanto se complete el pago. <\/p>\n<p>[\/vc_column_text][\/vc_tta_section][vc_tta_section title=\u00bbGarant\u00eda y reclamaciones\u00bb tab_id=\u00bb1739569639087-ce3e2607-c5c5&#8243;][vc_column_text css=\u00bb\u00bb]<\/p>\n<p class=\"p1\">Ponemos el m\u00e1ximo cuidado en garantizar que nuestros productos le lleguen en perfectas condiciones. No obstante, si recibe un art\u00edculo da\u00f1ado durante el transporte o con alg\u00fan otro defecto, puede tener derecho a una reclamaci\u00f3n de garant\u00eda. <\/p>\n<p class=\"p3\"><b>Reclamaciones de garant\u00eda<br \/>\n<\/b><b><\/b>Si detecta un problema con su pedido, p\u00f3ngase en contacto con nosotros en un plazo razonable, idealmente dentro de <span class=\"s1\">1 d\u00eda<\/span> desde la recepci\u00f3n del paquete. Evaluaremos la situaci\u00f3n y determinaremos la mejor soluci\u00f3n. <\/p>\n<p class=\"p3\"><b>Reclamaciones<br \/>\n<\/b><b><\/b>Si algo no sale como se esperaba, estamos aqu\u00ed para ayudarle. P\u00f3ngase en contacto con nosotros en <span class=\"s1\">info@go-microdose.com<\/span> y haremos todo lo posible por resolver el problema. <\/p>\n<p>[\/vc_column_text][\/vc_tta_section][vc_tta_section title=\u00bbDevoluciones\u00bb tab_id=\u00bb1737188666632-9ee3fe40-4609&#8243;][vc_column_text css=\u00bb\u00bb]<\/p>\n<p class=\"p1\">Debido a la naturaleza de nuestros productos, <span class=\"s1\"><b>no se admiten devoluciones<\/b><\/span>. Nuestras trufas y otros productos frescos tienen una <span class=\"s1\">vida \u00fatil limitada de aproximadamente 2 meses<\/span>, lo que significa que no pueden revenderse tras una devoluci\u00f3n. Esta pol\u00edtica garantiza que todos los clientes reciban productos frescos y de alta calidad.  <\/p>\n<p class=\"p3\"><b>Pol\u00edtica de cambios<br \/>\n<\/b><b><\/b>Si desea cambiar un producto, p\u00f3ngase en contacto con nosotros en <span class=\"s1\">info@go-microdose.com<\/span>. Aunque los cambios pueden ser posibles para determinados art\u00edculos no perecederos, <span class=\"s1\">los clientes son responsables de los gastos de env\u00edo de la devoluci\u00f3n<\/span>. <\/p>\n<p class=\"p3\"><b>Direcci\u00f3n de entrega incorrecta<br \/>\n<\/b><b><\/b>Si ha proporcionado una direcci\u00f3n de env\u00edo incorrecta, p\u00f3ngase en contacto con nosotros lo antes posible. Intentaremos actualizar su pedido antes de que se env\u00ede. Sin embargo, una vez que el pedido se haya despachado, ya no ser\u00e1 posible realizar cambios.  <\/p>\n<p>[\/vc_column_text][\/vc_tta_section][vc_tta_section title=\u00bbContacto\u00bb tab_id=\u00bb1737188682135-ea9d8e7b-ed3c\u00bb][vc_column_text css=\u00bb\u00bb]Hacemos todo lo posible por usted como cliente. Esto significa que puede ponerse en contacto con nosotros f\u00e1cilmente.<br \/>\nSi tiene alguna pregunta sobre cualquiera de estos aspectos, puede contactarnos mediante la siguiente informaci\u00f3n: <\/p>\n<p><strong>GO-Microdose.com<\/strong><br \/>\nCorreo: <a href=\"mailto:info@go-microdose.com\">info@go-microdose.com<\/a><br \/>\nLa denominaci\u00f3n comercial de nuestra empresa es: GK Health B.V.<br \/>\nNuestro nombre de dominio es GO-Microdose.com<br \/>\nNuestra direcci\u00f3n postal: Joop Geesinkweg 601, 1114AB Amsterdam<br \/>\nC\u00e1mara de Comercio: 87887274<br \/>\nIVA: NL864437584B01[\/vc_column_text][\/vc_tta_section][\/vc_tta_accordion][\/vc_column][\/vc_row][vc_row el_class=\u00bbpb-220&#8243;][vc_column width=\u00bb1\/2&#8243;][vc_custom_heading text=\u00bbcontacto\u00bb font_container=\u00bbtag:div|text_align:left\u00bb use_theme_fonts=\u00bbyes\u00bb el_class=\u00bbpr-tag\u00bb][vc_custom_heading text=\u00bb\u00bfPreguntas o comentarios?\u00bb use_theme_fonts=\u00bbyes\u00bb]\n<div class=\"wpcf7 no-js\" id=\"wpcf7-f57946-o1\" lang=\"es-ES\" dir=\"ltr\" data-wpcf7-id=\"57946\">\n<div class=\"screen-reader-response\"><p role=\"status\" aria-live=\"polite\" aria-atomic=\"true\"><\/p> <ul><\/ul><\/div>\n<form action=\"\/es\/wp-json\/wp\/v2\/pages\/59823#wpcf7-f57946-o1\" method=\"post\" class=\"wpcf7-form init\" aria-label=\"Formulario de contacto\" novalidate=\"novalidate\" data-status=\"init\">\n<fieldset class=\"hidden-fields-container\"><input type=\"hidden\" name=\"_wpcf7\" value=\"57946\" \/><input type=\"hidden\" name=\"_wpcf7_version\" value=\"6.1.5\" \/><input type=\"hidden\" name=\"_wpcf7_locale\" value=\"es_ES\" \/><input type=\"hidden\" name=\"_wpcf7_unit_tag\" value=\"wpcf7-f57946-o1\" \/><input type=\"hidden\" name=\"_wpcf7_container_post\" value=\"0\" \/><input type=\"hidden\" name=\"_wpcf7_posted_data_hash\" value=\"\" \/><input type=\"hidden\" name=\"_wpcf7_recaptcha_response\" value=\"\" \/>\n<\/fieldset>\n<div class=\"contact-form\">\n\t<div class=\"form-row\">\n\t\t<p><span class=\"wpcf7-form-control-wrap\" data-name=\"Naam\"><input size=\"40\" maxlength=\"400\" class=\"wpcf7-form-control wpcf7-text form-field\" aria-invalid=\"false\" placeholder=\"Nombre\" value=\"\" type=\"text\" name=\"Naam\" \/><\/span>\n\t\t<\/p>\n\t<\/div>\n\t<div class=\"form-row\">\n\t\t<p><span class=\"wpcf7-form-control-wrap\" data-name=\"Email\"><input size=\"40\" maxlength=\"400\" class=\"wpcf7-form-control wpcf7-email wpcf7-validates-as-required wpcf7-text wpcf7-validates-as-email form-field\" aria-required=\"true\" aria-invalid=\"false\" placeholder=\"Correo electr\u00f3nico\" value=\"\" type=\"email\" name=\"Email\" \/><\/span>\n\t\t<\/p>\n\t<\/div>\n\t<div class=\"form-row\">\n\t\t<p><span class=\"wpcf7-form-control-wrap\" data-name=\"your-message\"><textarea cols=\"40\" rows=\"10\" maxlength=\"2000\" class=\"wpcf7-form-control wpcf7-textarea form-field\" aria-invalid=\"false\" placeholder=\"Pregunta o comentario\u2026\" name=\"your-message\"><\/textarea><\/span>\n\t\t<\/p>\n\t<\/div>\n\t<div class=\"form-row checkbox\">\n\t\t<p><span class=\"wpcf7-form-control-wrap\" data-name=\"agree\"><span class=\"wpcf7-form-control wpcf7-acceptance\"><span class=\"wpcf7-list-item\"><label><input type=\"checkbox\" name=\"agree\" value=\"1\" aria-invalid=\"false\" \/><span class=\"wpcf7-list-item-label\">Acepto el <a href=\"\/privacy-policy\/\" target=\"_blank\"> aviso de privacidad<\/a><\/span><\/label><\/span><\/span><\/span>\n\t\t<\/p>\n\t<\/div>\n\t<div class=\"form-row\">\n\t<span class=\"wpcf7-form-control-wrap recaptcha\" data-name=\"recaptcha\"><span data-sitekey=\"6LcxYnAUAAAAAK0N-eell9CfBJrJukJ8yVIG3u5S\" class=\"wpcf7-form-control wpcf7-recaptcha g-recaptcha\"><\/span>\r\n<noscript>\r\n\t<div class=\"grecaptcha-noscript\">\r\n\t\t<iframe src=\"https:\/\/www.google.com\/recaptcha\/api\/fallback?k=6LcxYnAUAAAAAK0N-eell9CfBJrJukJ8yVIG3u5S\" frameborder=\"0\" scrolling=\"no\" width=\"310\" height=\"430\">\r\n\t\t<\/iframe>\r\n\t\t<textarea name=\"g-recaptcha-response\" rows=\"3\" cols=\"40\" placeholder=\"Aqu\u00ed la respuesta de reCAPTCHA\">\r\n\t\t<\/textarea>\r\n\t<\/div>\r\n<\/noscript>\r\n<\/span>\n\t<\/div>\n\t<div class=\"form-row submit\">\n\t\t<p><button class=\"button vc_btn3-style-modern\"><input class=\"wpcf7-form-control wpcf7-submit has-spinner\" type=\"submit\" value=\"Enviar\" \/><\/button>\n\t\t<\/p>\n\t<\/div>\n<\/div><div class=\"wpcf7-response-output\" aria-hidden=\"true\"><\/div>\n<\/form>\n<\/div>\n[\/vc_column][vc_column width=\u00bb1\/2&#8243;][\/vc_column][\/vc_row]<\/p>\n<\/div>","protected":false},"excerpt":{"rendered":"<p>[vc_row][vc_column width=\u00bb1\/2&#8243;][vc_btn title=\u00bbVolver al resumen de env\u00edos\u00bb css=\u00bb\u00bb link=\u00bburl:https%3A%2F%2Fgo-microdose.com%2Fes%2Fenvio%2F|title:Shipping|\u00bb el_class=\u00bbbutton-back\u00bb][\/vc_column][vc_column width=\u00bb1\/2&#8243;][\/vc_column][\/vc_row][vc_row el_class=\u00bbpb-40&#8243;][vc_column width=\u00bb1\/2&#8243; el_class=\u00bbpr-80&#8243;][vc_custom_heading text=\u00bbEnv\u00edo a Estados Unidos\u00bb font_container=\u00bbtag:h1|text_align:left\u00bb use_theme_fonts=\u00bbyes\u00bb css=\u00bb\u00bb el_class=\u00bbeffect-title\u00bb][vc_custom_heading text=\u00bbSetas m\u00e1gicas, trufas, microdosificaci\u00f3n y m\u00e1s&#8230;\u00bb use_theme_fonts=\u00bbyes\u00bb el_class=\u00bbh3&#8243;][vc_column_text css=\u00bb\u00bb] \u00a1S\u00ed! \u00a1Enviamos todos nuestros productos a Estados Unidos! Nuestras trufas frescas, tiras de microdosificaci\u00f3n y kits de cultivo se env\u00edan directamente desde \u00c1msterdam y, [&hellip;]<\/p>\n","protected":false},"author":5548,"featured_media":0,"parent":56799,"menu_order":0,"comment_status":"open","ping_status":"open","template":"","meta":{"_acf_changed":false,"footnotes":""},"class_list":["post-59823","page","type-page","status-publish","hentry"],"acf":[],"_links":{"self":[{"href":"https:\/\/go-microdose.com\/es\/wp-json\/wp\/v2\/pages\/59823","targetHints":{"allow":["GET"]}}],"collection":[{"href":"https:\/\/go-microdose.com\/es\/wp-json\/wp\/v2\/pages"}],"about":[{"href":"https:\/\/go-microdose.com\/es\/wp-json\/wp\/v2\/types\/page"}],"author":[{"embeddable":true,"href":"https:\/\/go-microdose.com\/es\/wp-json\/wp\/v2\/users\/5548"}],"replies":[{"embeddable":true,"href":"https:\/\/go-microdose.com\/es\/wp-json\/wp\/v2\/comments?post=59823"}],"version-history":[{"count":0,"href":"https:\/\/go-microdose.com\/es\/wp-json\/wp\/v2\/pages\/59823\/revisions"}],"up":[{"embeddable":true,"href":"https:\/\/go-microdose.com\/es\/wp-json\/wp\/v2\/pages\/56799"}],"wp:attachment":[{"href":"https:\/\/go-microdose.com\/es\/wp-json\/wp\/v2\/media?parent=59823"}],"curies":[{"name":"wp","href":"https:\/\/api.w.org\/{rel}","templated":true}]}}