{"id":59824,"date":"2025-02-26T12:09:01","date_gmt":"2025-02-26T11:09:01","guid":{"rendered":"https:\/\/go-microdose.com\/envio\/reino-unido\/"},"modified":"2026-04-13T17:48:29","modified_gmt":"2026-04-13T15:48:29","slug":"reino-unido","status":"publish","type":"page","link":"https:\/\/go-microdose.com\/es\/envio\/reino-unido\/","title":{"rendered":"Reino Unido"},"content":{"rendered":"<div class=\"wpb-content-wrapper\"><p>[vc_row][vc_column width=\u00bb1\/2&#8243;][vc_btn title=\u00bbVolver a la descripci\u00f3n general de env\u00edos\u00bb css=\u00bb\u00bb link=\u00bburl:https%3A%2F%2Fgo-microdose.com%2Fes%2Fenvio%2F|title:Env%C3%ADo|\u00bb el_class=\u00bbbutton-back\u00bb][\/vc_column][vc_column width=\u00bb1\/2&#8243;][\/vc_column][\/vc_row][vc_row el_class=\u00bbpb-40&#8243;][vc_column width=\u00bb1\/2&#8243; el_class=\u00bbpr-80&#8243;][vc_custom_heading text=\u00bbEnv\u00edo al Reino Unido\u00bb font_container=\u00bbtag:h1|text_align:left\u00bb use_theme_fonts=\u00bbyes\u00bb css=\u00bb\u00bb el_class=\u00bbeffect-title\u00bb][vc_custom_heading text=\u00bbSetas m\u00e1gicas, trufas, microdosis y m\u00e1s&#8230;\u00bb use_theme_fonts=\u00bbyes\u00bb el_class=\u00bbh3&#8243;][vc_column_text css=\u00bb\u00bb]<\/p>\n<p class=\"p1\">\u00a1S\u00ed! Hemos enviado nuestros productos al Reino Unido con una tasa de llegada de casi el 100 % desde febrero de 2024. <\/p>\n<p class=\"p1\">\u00bfBusca <span class=\"s1\"><a href=\"https:\/\/go-microdose.com\/es\/categoria-producto\/trufas-magicas\/\">trufas m\u00e1gicas<\/a>, <a href=\"https:\/\/go-microdose.com\/es\/categoria-producto\/microdosis\/\">tiras de microdosificaci\u00f3n<\/a> o <a href=\"https:\/\/go-microdose.com\/es\/categoria-producto\/kits-de-cultivo-de-setas-alucinogenas\/\">kits de cultivo de setas m\u00e1gicas<\/a><\/span> de alta calidad en el Reino Unido? \u00a1Nosotros nos encargamos! Todos los pedidos se env\u00edan de forma discreta desde <span class=\"s1\">\u00c1msterdam<\/span> y suelen llegar en un plazo de <span class=\"s1\">5 a 7 d\u00edas laborables<\/span>. Nuestro embalaje est\u00e1 dise\u00f1ado para garantizar la privacidad y la mayor\u00eda de los art\u00edculos peque\u00f1os caben en el buz\u00f3n, por lo que no ser\u00e1 necesario que est\u00e9 en casa para la entrega.   <\/p>\n<p class=\"p1\">Nuestro env\u00edo es <span class=\"s1\">r\u00e1pido, fiable y discreto<\/span>, lo que facilita m\u00e1s que nunca explorar los beneficios de la <span class=\"s1\">microdosificaci\u00f3n para la concentraci\u00f3n, la creatividad y la mejora del estado de \u00e1nimo<\/span> o sumergirse en una <span class=\"s1\">experiencia completa con trufas<\/span>. Tanto si est\u00e1 empezando como si busca <span class=\"s1\">trufas de alta potencia como <a href=\"https:\/\/go-microdose.com\/es\/producto\/trufa-hollandia\/\">Hollandia<\/a>, <a href=\"https:\/\/go-microdose.com\/es\/producto\/trufa-utopia\/\">Utopia<\/a> y <a href=\"https:\/\/go-microdose.com\/es\/producto\/trufa-galindoi-mushrocks\/\">Galindoi<\/a><\/span>, puede realizar su pedido con total confianza. <\/p>\n<p class=\"p1\">\u00bfDesea saber m\u00e1s sobre nuestras <span class=\"s1\">opciones de env\u00edo, plazos de entrega y m\u00e9todos<\/span>? Consulte a continuaci\u00f3n todos los detalles sobre pedidos y env\u00edos al Reino Unido. <\/p>\n<p>[\/vc_column_text][\/vc_column][vc_column width=\u00bb1\/2&#8243; el_class=\u00bbs-white-box\u00bb][vc_custom_heading text=\u00bbSeguimiento\u00bb font_container=\u00bbtag:h3|text_align:left\u00bb use_theme_fonts=\u00bbyes\u00bb][vc_column_text]Utilice su c\u00f3digo de seguimiento y no su n\u00famero de pedido.[\/vc_column_text][vc_btn title=\u00bbSeguimiento de Deutsche Post\u00bb css=\u00bb\u00bb link=\u00bburl:https%3A%2F%2Fpacket.deutschepost.com%2Fpublic%2Fpacket_traceit.xhtml|target:_blank|\u00bb][vc_btn title=\u00bbSeguimiento de Royal Mail\u00bb css=\u00bb\u00bb link=\u00bburl:https%3A%2F%2Fwww.royalmail.com%2Ftrack-your-item%23%2F%3Fiid%3DRM0624_NAV_BUS_REC_TRACK|target:_blank|\u00bb][\/vc_column][\/vc_row][vc_row el_class=\u00bbpb-80&#8243;][vc_column][vc_custom_heading text=\u00bbm\u00e1s informaci\u00f3n\u00bb font_container=\u00bbtag:div|text_align:left\u00bb use_theme_fonts=\u00bbyes\u00bb el_class=\u00bbpr-tag\u00bb][vc_tta_accordion style=\u00bbflat\u00bb shape=\u00bbsquare\u00bb color=\u00bbwhite\u00bb c_icon=\u00bb\u00bb active_section=\u00bb100&#8243; no_fill=\u00bbtrue\u00bb collapsible_all=\u00bbtrue\u00bb title=\u00bbInformaci\u00f3n de env\u00edo\u00bb][vc_tta_section title=\u00bb\u00bfCu\u00e1l es el estado legal en mi pa\u00eds?\u00bb tab_id=\u00bb1737187665466-5703fda6-be48&#8243;][vc_column_text css=\u00bb\u00bb]<\/p>\n<p class=\"p3\">Nos complace informarles de que nuestro <span class=\"s1\">proceso de env\u00edo al Reino Unido se ha optimizado por completo<\/span>, garantizando entregas <span class=\"s1\">r\u00e1pidas y fiables<\/span> con Deutsche Post y Royal Mail. Desde <span class=\"s1\">febrero de 2024, hemos mantenido una tasa de llegada de casi el 100 %<\/span> en todos los pedidos, llegando con \u00e9xito a nuestros clientes sin inconvenientes. <\/p>\n<p class=\"p1\"><strong>Estado actual del env\u00edo al Reino Unido:<\/strong><br \/>\n\u2705 <span class=\"s1\">Eficiencia mejorada<\/span> \u2013 Nuestra log\u00edstica optimizada con <span class=\"s1\">Deutsche Post y Royal Mail<\/span> permite un procesamiento m\u00e1s r\u00e1pido y entregas sin contratiempos. Cada pedido se gestiona con cuidado para asegurar la ruta m\u00e1s r\u00e1pida hasta su puerta. <\/p>\n<p class=\"p3\">\u2705 <span class=\"s1\">Actualizaciones de seguimiento fiables<\/span> \u2013 Hemos mejorado nuestro sistema de seguimiento para que pueda monitorizar su pedido <span class=\"s1\">desde el despacho hasta la entrega<\/span> con mayor precisi\u00f3n. Mant\u00e9ngase informado consultando los detalles de su seguimiento aqu\u00ed: <strong><a href=\"https:\/\/packet.deutschepost.com\/public\/packet_traceit.xhtml\" target=\"_blank\" rel=\"noopener\"><span class=\"s1\">Siga su pedido<\/span><\/a><\/strong>. <\/p>\n<p class=\"p3\">\u2705 <span class=\"s1\">Compromiso con la puntualidad<\/span> \u2013 El panorama del transporte evoluciona constantemente, pero nuestro <span class=\"s1\">equipo dedicado garantiza que cada pedido se procese con rapidez<\/span>. Optimizamos continuamente nuestro proceso de env\u00edo para mantener la velocidad, la eficiencia y la fiabilidad. <\/p>\n<p class=\"p1\"><b>Consideraciones legales<br \/>\n<\/b>Antes de realizar un pedido, es su responsabilidad consultar y comprender las leyes y normativas de su propio pa\u00eds. Vendemos una gama de productos, algunos de los cuales pueden tener un estatus legal diferente seg\u00fan la ubicaci\u00f3n. Todos los productos se venden y env\u00edan de acuerdo con la legislaci\u00f3n neerlandesa. No obstante, las leyes relativas a determinados ingredientes o tipos de productos pueden variar significativamente de un pa\u00eds a otro. No proporcionamos asesoramiento legal y no podemos garantizar el trato que los productos recibir\u00e1n por parte de las aduanas o las autoridades locales de su regi\u00f3n. Al realizar un pedido, usted confirma que ha revisado y aceptado las leyes aplicables en su pa\u00eds y comprende que cualquier riesgo relacionado con la importaci\u00f3n, la gesti\u00f3n aduanera o las normativas locales es responsabilidad suya.     <\/p>\n<p class=\"p1\">Para mantenerse informado, visite nuestra p\u00e1gina sobre el <a href=\"https:\/\/go-microdose.com\/es\/estatus-legal-de-las-trufas\/\" target=\"_blank\" rel=\"noopener\"><span class=\"s1\"><b>Estatus legal de las trufas<\/b><\/span><\/a>. Es responsabilidad del cliente conocer las leyes locales antes de realizar una compra. <\/p>\n<p class=\"p1\"><b>Nuestra promesa para usted<br \/>\n<\/b><b><\/b>Sabemos lo importante que es para usted recibir su pedido a tiempo. Aunque los retrasos inesperados son poco comunes, prometemos mantenerle informado y tomar medidas proactivas para resolver cualquier problema. Nuestro equipo de atenci\u00f3n al cliente est\u00e1 siempre a su disposici\u00f3n para ayudarle; no dude en <span class=\"s1\">contactarnos si tiene cualquier duda o inquietud<\/span>.  <\/p>\n<p>[\/vc_column_text][\/vc_tta_section][vc_tta_section title=\u00bb\u00bfQu\u00e9 productos pueden enviar a mi pa\u00eds?\u00bb tab_id=\u00bb1737187665459-72042fcd-1c33&#8243;][vc_column_text css=\u00bb\u00bb]<\/p>\n<p class=\"p1\">Enviamos <span class=\"s1\">todos nuestros productos al Reino Unido<\/span>, garantizando una entrega r\u00e1pida, discreta y fiable directamente desde \u00c1msterdam. Ya sea que busque <span class=\"s1\">trufas m\u00e1gicas, tiras de microdosificaci\u00f3n o kits de cultivo de setas<\/span>, tenemos lo que necesita. Desde <span class=\"s1\">febrero de 2024, hemos logrado una tasa de llegada de casi el 100 %<\/span> en todos los env\u00edos al Reino Unido, lo que nos convierte en una fuente de confianza para productos de alta calidad.  <\/p>\n<p class=\"p1\">Si est\u00e1 explorando la <span class=\"s1\">microdosificaci\u00f3n para la concentraci\u00f3n, la creatividad o la mejora del estado de \u00e1nimo<\/span>, nuestras <span class=\"s1\">tiras de microdosificaci\u00f3n de trufas frescas<\/span> ofrecen una opci\u00f3n c\u00f3moda y eficaz. Para quienes buscan una <span class=\"s1\">experiencia psicod\u00e9lica m\u00e1s intensa<\/span>, ofrecemos <span class=\"s1\">trufas de alta potencia<\/span> como <span class=\"s1\">Hollandia, Utopia y Galindoi<\/span>. \u00bfDesea cultivar las suyas propias? Nuestros <span class=\"s1\">kits de cultivo de setas<\/span> le permiten cultivar sus propias setas en casa f\u00e1cilmente.   <\/p>\n<p class=\"p3\">Haga su pedido hoy mismo y comience su viaje con trufas y productos de microdosificaci\u00f3n de primera calidad, entregados de forma segura y discreta en su puerta en el Reino Unido.<\/p>\n<p>[\/vc_column_text][\/vc_tta_section][vc_tta_section title=\u00bb\u00bfCu\u00e1nto tarda el env\u00edo?\u00bb tab_id=\u00bb1737188614232-01a47c52-44d4&#8243;][vc_column_text css=\u00bb\u00bb]<\/p>\n<p class=\"p3\"><span class=\"s1\">Enviamos todos los pedidos <\/span>directamente desde \u00c1msterdam<span class=\"s1\">, y la entrega al Reino Unido suele tardar entre <\/span>5 y 7 d\u00edas laborables<span class=\"s1\">. Desde  <\/span>febrero de 2024, hemos logrado una tasa de llegada de casi el 100 %<span class=\"s1\"> en todos los env\u00edos al Reino Unido.<\/span><\/p>\n<p class=\"p4\"><strong>Plazos de entrega estimados:<\/strong><br \/>\n<span class=\"s2\">Tiempo de procesamiento<\/span>: Los pedidos suelen despacharse <span class=\"s2\">en un plazo de 1 d\u00eda laborable<\/span> tras la confirmaci\u00f3n del pago.<br \/>\nTiempo de tr\u00e1nsito<span class=\"s1\">: Los env\u00edos al Reino Unido tardan una media de <\/span>5 a 7 d\u00edas laborables<span class=\"s1\"> a trav\u00e9s de <\/span>Deutsche Post y Royal Mail<span class=\"s1\">.<br \/>\n<\/span> <span class=\"s2\">Actualizaciones de seguimiento<\/span>: Recibir\u00e1 un <span class=\"s2\">enlace de seguimiento<\/span> una vez que se env\u00ede su pedido, lo que le permitir\u00e1 seguir su progreso.<\/p>\n<p class=\"p5\">Aunque la mayor\u00eda de las entregas llegan a tiempo, ocasionalmente pueden producirse retrasos debido al procesamiento aduanero o a los servicios postales locales. Si su seguimiento no se ha actualizado despu\u00e9s de <span class=\"s2\">14 d\u00edas<\/span>, p\u00f3ngase en contacto con nosotros y le ayudaremos. <\/p>\n<p>[\/vc_column_text][\/vc_tta_section][vc_tta_section title=\u00bb\u00bfD\u00f3nde puedo hacer el seguimiento de mi pedido?\u00bb tab_id=\u00bb1737188637035-b7eae861-e627&#8243;][vc_column_text css=\u00bb\u00bb]<\/p>\n<p class=\"p3\">Una vez que su pedido haya sido enviado, recibir\u00e1 un <span class=\"s1\">enlace de seguimiento por correo electr\u00f3nico<\/span>. Esto le permitir\u00e1 monitorizar el trayecto de su paquete desde el despacho hasta la entrega. <\/p>\n<p class=\"p3\">Si necesita realizar el seguimiento de su pedido manualmente, puede introducir su c\u00f3digo de seguimiento en uno de los siguientes enlaces:<\/p>\n<p class=\"p3\"><span class=\"s1\"><b>Deutsche Post<\/b><\/span>: <a href=\"https:\/\/packet.deutschepost.com\/public\/packet_traceit.xhtml\" target=\"_blank\" rel=\"noopener\">Siga su pedido aqu\u00ed<\/a><br \/>\n<span class=\"s1\"><b>Royal Mail<\/b><\/span>: <a href=\"https:\/\/www.royalmail.com\/track-your-item#\/?iid=RM0624_NAV_BUS_REC_TRACK\" target=\"_blank\" rel=\"noopener\">Siga su pedido aqu\u00ed<\/a><\/p>\n<p class=\"p1\">Durante los primeros <span class=\"s1\">2 o 3 d\u00edas laborables<\/span> tras el env\u00edo de su pedido, es posible que no vea actualizaciones en la informaci\u00f3n de seguimiento. Esto es completamente normal y forma parte de nuestro proceso de env\u00edo. <\/p>\n<p class=\"p1\">Todos nuestros env\u00edos al Reino Unido se env\u00edan inicialmente <span class=\"s1\">en un \u00fanico contenedor a Alemania<\/span>. Una vez que llegan a Alemania, se clasifican antes de ser despachados a sus destinos finales dentro del Reino Unido. <\/p>\n<p class=\"p1\">La informaci\u00f3n de seguimiento se actualizar\u00e1 tan pronto como su paquete sea procesado y enviado desde Alemania. Agradecemos su paciencia durante esta fase inicial del proceso de env\u00edo. Si tiene alguna duda, no dude en ponerse en contacto con nuestro equipo de soporte.  <\/p>\n<p>[\/vc_column_text][\/vc_tta_section][vc_tta_section title=\u00bb\u00bfCu\u00e1les son los costes y m\u00e9todos de env\u00edo?\u00bb tab_id=\u00bb1737188651466-1dfecdda-bebe\u00bb][vc_column_text css=\u00bb\u00bb]<\/p>\n<p class=\"p3\">Ofrecemos un env\u00edo fiable y <span class=\"s1\">totalmente rastreable<\/span> al Reino Unido a trav\u00e9s de Deutsche Post y Royal Mail. A continuaci\u00f3n se detallan las opciones de env\u00edo disponibles: <\/p>\n<p class=\"p4\"><b>Entrega regular por Deutsche Post<\/b><span class=\"s2\"> (Seguimiento y localizaci\u00f3n) \u2013 <\/span>7,89 \u00a3 (puede variar seg\u00fan el tipo de cambio)<\/p>\n<p class=\"p4\"><b>Opci\u00f3n de env\u00edo discreto<\/b><span class=\"s2\"> \u2013 <\/span>+1,95 \u00a3<b><\/b><\/p>\n<p class=\"p3\">\u00bfQuiere m\u00e1s privacidad? Seleccione nuestra opci\u00f3n de env\u00edo discreto al finalizar la compra para recibir un embalaje sin marca y con etiquetado gen\u00e9rico. <\/p>\n<p class=\"p1\"><b>Proceso de env\u00edo y plazo de entrega<br \/>\n<\/b><b><\/b>\u2022 Los pedidos se <span class=\"s1\">despachan desde \u00c1msterdam<\/span> y se env\u00edan en cargamentos a granel a <span class=\"s1\">Alemania<\/span>, donde se clasifican antes de continuar hacia el Reino Unido.<br \/>\n\u2022 El seguimiento puede tardar <span class=\"s1\">2 o 3 d\u00edas laborables<\/span> en actualizarse mientras su paquete se procesa en Alemania.<br \/>\n\u2022 Una vez en el Reino Unido, su pedido es entregado por Deutsche Post o <span class=\"s1\">Royal Mail<\/span> y puede rastrearse en su sitio web.<\/p>\n<p class=\"p3\">Hemos mantenido una tasa de llegada de casi el <span class=\"s1\">100 % al Reino Unido desde febrero de 2024<\/span>, garantizando un proceso de entrega fluido y fiable. Si tiene alguna pregunta sobre el env\u00edo, \u00a1no dude en contactarnos! <\/p>\n<p>[\/vc_column_text][\/vc_tta_section][vc_tta_section title=\u00bb\u00bfC\u00f3mo puedo pagar mi pedido?\u00bb tab_id=\u00bb1739569614085-b2259a37-6ad1&#8243;][vc_column_text css=\u00bb\u00bb]<\/p>\n<p class=\"p1\">Ofrecemos diversos m\u00e9todos de pago seguros y c\u00f3modos para pedidos al Reino Unido:<\/p>\n<ul>\n<li>Tarjeta (de cr\u00e9dito)<\/li>\n<li>PayPal<\/li>\n<li>Revolut<\/li>\n<li>iDEAL<\/li>\n<li>Criptomoneda<\/li>\n<li>Przelewy24<\/li>\n<li>Bancontact<\/li>\n<li>Transferencia bancaria SEPA<\/li>\n<li>Online \u00dcberweisen<\/li>\n<li><span class=\"s1\">Sofortbanking<\/span><\/li>\n<li>Transferencias bancarias manuales<\/li>\n<\/ul>\n<p class=\"p1\">Todos los pagos se procesan de forma segura y sus datos est\u00e1n protegidos. Recibir\u00e1 una confirmaci\u00f3n de pedido en cuanto se complete su pago. <\/p>\n<p>[\/vc_column_text][\/vc_tta_section][vc_tta_section title=\u00bbGarant\u00eda y reclamaciones\u00bb tab_id=\u00bb1739569639087-ce3e2607-c5c5&#8243;][vc_column_text css=\u00bb\u00bb]<\/p>\n<p class=\"p1\">Nos esforzamos mucho para garantizar que nuestros productos le lleguen en perfectas condiciones. Sin embargo, si recibe un art\u00edculo da\u00f1ado durante el transporte o con otro defecto, puede tener derecho a una reclamaci\u00f3n de garant\u00eda. <\/p>\n<p class=\"p3\"><b>Reclamaciones de garant\u00eda<br \/>\n<\/b><b><\/b>Si descubre alg\u00fan problema con su pedido, p\u00f3ngase en contacto con nosotros en un plazo razonable, idealmente <span class=\"s1\">en 1 d\u00eda<\/span> tras recibir su paquete. Evaluaremos la situaci\u00f3n y determinaremos la mejor soluci\u00f3n. <\/p>\n<p class=\"p3\"><b>Reclamaciones<br \/>\n<\/b><b><\/b>Si algo no sale como se esperaba, estamos aqu\u00ed para ayudarle. P\u00f3ngase en contacto con nosotros en <span class=\"s1\">info@go-microdose.com<\/span> y haremos todo lo posible para resolver el problema. <\/p>\n<p>[\/vc_column_text][\/vc_tta_section][vc_tta_section title=\u00bbDevoluciones\u00bb tab_id=\u00bb1737188666632-9ee3fe40-4609&#8243;][vc_column_text css=\u00bb\u00bb]<\/p>\n<p class=\"p1\">Debido a la naturaleza de nuestros productos, <span class=\"s1\"><b>no son posibles las devoluciones<\/b><\/span>. Nuestras trufas y otros productos frescos tienen una <span class=\"s1\">vida \u00fatil limitada de aproximadamente 2 meses<\/span>, lo que significa que no pueden revenderse despu\u00e9s de ser devueltos. Esta pol\u00edtica garantiza que todos los clientes reciban productos frescos y de alta calidad.  <\/p>\n<p class=\"p3\"><b>Pol\u00edtica de cambio<br \/>\n<\/b><b><\/b>Si desea cambiar un producto, p\u00f3ngase en contacto con nosotros en <span class=\"s1\">info@go-microdose.com<\/span>. Aunque los cambios pueden ser posibles para ciertos art\u00edculos no perecederos, <span class=\"s1\">los clientes son responsables de los costes de env\u00edo de devoluci\u00f3n<\/span>. <\/p>\n<p class=\"p3\"><b>Direcci\u00f3n de entrega incorrecta<br \/>\n<\/b><b><\/b>Si ha proporcionado una direcci\u00f3n de env\u00edo incorrecta, p\u00f3ngase en contacto con nosotros lo antes posible. Intentaremos actualizar su pedido antes de que sea enviado.  Sin embargo, una vez que el pedido ha sido enviado, ya no es posible realizar cambios.<\/p>\n<p>[\/vc_column_text][\/vc_tta_section][vc_tta_section title=\u00bbContacto\u00bb tab_id=\u00bb1737188682135-ea9d8e7b-ed3c\u00bb][vc_column_text css=\u00bb\u00bb]Hacemos todo lo posible por usted como cliente. Esto significa que puede ponerse en contacto con nosotros f\u00e1cilmente.<br \/>\nSi tiene alguna pregunta sobre cualquiera de estos temas, puede contactarnos utilizando la siguiente informaci\u00f3n: <\/p>\n<p><strong>GO-Microdose.com<\/strong><br \/>\nCorreo electr\u00f3nico: <a href=\"mailto:info@go-microdose.com\">info@go-microdose.com<\/a><br \/>\nEl nombre comercial de nuestra empresa es: GK Health B.V.<br \/>\nNuestro nombre de dominio es GO-Microdose.com<br \/>\nNuestra direcci\u00f3n postal: Joop Geesinkweg 601, 1114AB \u00c1msterdam<br \/>\nC\u00e1mara de Comercio: 87887274<br \/>\nIVA: NL864437584B01[\/vc_column_text][\/vc_tta_section][\/vc_tta_accordion][\/vc_column][\/vc_row][vc_row el_class=\u00bbpb-220&#8243;][vc_column width=\u00bb1\/2&#8243;][vc_custom_heading text=\u00bbcontacto\u00bb font_container=\u00bbtag:div|text_align:left\u00bb use_theme_fonts=\u00bbyes\u00bb el_class=\u00bbpr-tag\u00bb][vc_custom_heading text=\u00bb\u00bfPreguntas o comentarios?\u00bb use_theme_fonts=\u00bbyes\u00bb]\n<div class=\"wpcf7 no-js\" id=\"wpcf7-f57946-o1\" lang=\"es-ES\" dir=\"ltr\" data-wpcf7-id=\"57946\">\n<div class=\"screen-reader-response\"><p role=\"status\" aria-live=\"polite\" aria-atomic=\"true\"><\/p> <ul><\/ul><\/div>\n<form action=\"\/es\/wp-json\/wp\/v2\/pages\/59824#wpcf7-f57946-o1\" method=\"post\" class=\"wpcf7-form init\" aria-label=\"Formulario de contacto\" novalidate=\"novalidate\" data-status=\"init\">\n<fieldset class=\"hidden-fields-container\"><input type=\"hidden\" name=\"_wpcf7\" value=\"57946\" \/><input type=\"hidden\" name=\"_wpcf7_version\" value=\"6.1.5\" \/><input type=\"hidden\" name=\"_wpcf7_locale\" value=\"es_ES\" \/><input type=\"hidden\" name=\"_wpcf7_unit_tag\" value=\"wpcf7-f57946-o1\" \/><input type=\"hidden\" name=\"_wpcf7_container_post\" value=\"0\" \/><input type=\"hidden\" name=\"_wpcf7_posted_data_hash\" value=\"\" \/><input type=\"hidden\" name=\"_wpcf7_recaptcha_response\" value=\"\" \/>\n<\/fieldset>\n<div class=\"contact-form\">\n\t<div class=\"form-row\">\n\t\t<p><span class=\"wpcf7-form-control-wrap\" data-name=\"Naam\"><input size=\"40\" maxlength=\"400\" class=\"wpcf7-form-control wpcf7-text form-field\" aria-invalid=\"false\" placeholder=\"Nombre\" value=\"\" type=\"text\" name=\"Naam\" \/><\/span>\n\t\t<\/p>\n\t<\/div>\n\t<div class=\"form-row\">\n\t\t<p><span class=\"wpcf7-form-control-wrap\" data-name=\"Email\"><input size=\"40\" maxlength=\"400\" class=\"wpcf7-form-control wpcf7-email wpcf7-validates-as-required wpcf7-text wpcf7-validates-as-email form-field\" aria-required=\"true\" aria-invalid=\"false\" placeholder=\"Correo electr\u00f3nico\" value=\"\" type=\"email\" name=\"Email\" \/><\/span>\n\t\t<\/p>\n\t<\/div>\n\t<div class=\"form-row\">\n\t\t<p><span class=\"wpcf7-form-control-wrap\" data-name=\"your-message\"><textarea cols=\"40\" rows=\"10\" maxlength=\"2000\" class=\"wpcf7-form-control wpcf7-textarea form-field\" aria-invalid=\"false\" placeholder=\"Pregunta o comentario\u2026\" name=\"your-message\"><\/textarea><\/span>\n\t\t<\/p>\n\t<\/div>\n\t<div class=\"form-row checkbox\">\n\t\t<p><span class=\"wpcf7-form-control-wrap\" data-name=\"agree\"><span class=\"wpcf7-form-control wpcf7-acceptance\"><span class=\"wpcf7-list-item\"><label><input type=\"checkbox\" name=\"agree\" value=\"1\" aria-invalid=\"false\" \/><span class=\"wpcf7-list-item-label\">Acepto el <a href=\"\/privacy-policy\/\" target=\"_blank\"> aviso de privacidad<\/a><\/span><\/label><\/span><\/span><\/span>\n\t\t<\/p>\n\t<\/div>\n\t<div class=\"form-row\">\n\t<span class=\"wpcf7-form-control-wrap recaptcha\" data-name=\"recaptcha\"><span data-sitekey=\"6LcxYnAUAAAAAK0N-eell9CfBJrJukJ8yVIG3u5S\" class=\"wpcf7-form-control wpcf7-recaptcha g-recaptcha\"><\/span>\r\n<noscript>\r\n\t<div class=\"grecaptcha-noscript\">\r\n\t\t<iframe src=\"https:\/\/www.google.com\/recaptcha\/api\/fallback?k=6LcxYnAUAAAAAK0N-eell9CfBJrJukJ8yVIG3u5S\" frameborder=\"0\" scrolling=\"no\" width=\"310\" height=\"430\">\r\n\t\t<\/iframe>\r\n\t\t<textarea name=\"g-recaptcha-response\" rows=\"3\" cols=\"40\" placeholder=\"Aqu\u00ed la respuesta de reCAPTCHA\">\r\n\t\t<\/textarea>\r\n\t<\/div>\r\n<\/noscript>\r\n<\/span>\n\t<\/div>\n\t<div class=\"form-row submit\">\n\t\t<p><button class=\"button vc_btn3-style-modern\"><input class=\"wpcf7-form-control wpcf7-submit has-spinner\" type=\"submit\" value=\"Enviar\" \/><\/button>\n\t\t<\/p>\n\t<\/div>\n<\/div><div class=\"wpcf7-response-output\" aria-hidden=\"true\"><\/div>\n<\/form>\n<\/div>\n[\/vc_column][vc_column width=\u00bb1\/2&#8243;][\/vc_column][\/vc_row]<\/p>\n<\/div>","protected":false},"excerpt":{"rendered":"<p>[vc_row][vc_column width=\u00bb1\/2&#8243;][vc_btn title=\u00bbVolver a la descripci\u00f3n general de env\u00edos\u00bb css=\u00bb\u00bb link=\u00bburl:https%3A%2F%2Fgo-microdose.com%2Fes%2Fenvio%2F|title:Env%C3%ADo|\u00bb el_class=\u00bbbutton-back\u00bb][\/vc_column][vc_column width=\u00bb1\/2&#8243;][\/vc_column][\/vc_row][vc_row el_class=\u00bbpb-40&#8243;][vc_column width=\u00bb1\/2&#8243; el_class=\u00bbpr-80&#8243;][vc_custom_heading text=\u00bbEnv\u00edo al Reino Unido\u00bb font_container=\u00bbtag:h1|text_align:left\u00bb use_theme_fonts=\u00bbyes\u00bb css=\u00bb\u00bb el_class=\u00bbeffect-title\u00bb][vc_custom_heading text=\u00bbSetas m\u00e1gicas, trufas, microdosis y m\u00e1s&#8230;\u00bb use_theme_fonts=\u00bbyes\u00bb el_class=\u00bbh3&#8243;][vc_column_text css=\u00bb\u00bb] \u00a1S\u00ed! Hemos enviado nuestros productos al Reino Unido con una tasa de llegada de casi el 100 % desde febrero de 2024. [&hellip;]<\/p>\n","protected":false},"author":6585,"featured_media":0,"parent":56799,"menu_order":0,"comment_status":"open","ping_status":"open","template":"","meta":{"_acf_changed":false,"footnotes":""},"class_list":["post-59824","page","type-page","status-publish","hentry"],"acf":[],"_links":{"self":[{"href":"https:\/\/go-microdose.com\/es\/wp-json\/wp\/v2\/pages\/59824","targetHints":{"allow":["GET"]}}],"collection":[{"href":"https:\/\/go-microdose.com\/es\/wp-json\/wp\/v2\/pages"}],"about":[{"href":"https:\/\/go-microdose.com\/es\/wp-json\/wp\/v2\/types\/page"}],"author":[{"embeddable":true,"href":"https:\/\/go-microdose.com\/es\/wp-json\/wp\/v2\/users\/6585"}],"replies":[{"embeddable":true,"href":"https:\/\/go-microdose.com\/es\/wp-json\/wp\/v2\/comments?post=59824"}],"version-history":[{"count":3,"href":"https:\/\/go-microdose.com\/es\/wp-json\/wp\/v2\/pages\/59824\/revisions"}],"predecessor-version":[{"id":70191,"href":"https:\/\/go-microdose.com\/es\/wp-json\/wp\/v2\/pages\/59824\/revisions\/70191"}],"up":[{"embeddable":true,"href":"https:\/\/go-microdose.com\/es\/wp-json\/wp\/v2\/pages\/56799"}],"wp:attachment":[{"href":"https:\/\/go-microdose.com\/es\/wp-json\/wp\/v2\/media?parent=59824"}],"curies":[{"name":"wp","href":"https:\/\/api.w.org\/{rel}","templated":true}]}}