{"id":60473,"date":"2026-03-25T21:04:24","date_gmt":"2026-03-25T20:04:24","guid":{"rendered":"https:\/\/go-microdose.com\/envio\/islandia\/"},"modified":"2026-03-25T21:05:45","modified_gmt":"2026-03-25T20:05:45","slug":"islandia","status":"publish","type":"page","link":"https:\/\/go-microdose.com\/es\/envio\/islandia\/","title":{"rendered":"Islandia"},"content":{"rendered":"<div class=\"wpb-content-wrapper\"><p>[vc_row][vc_column width=\u00bb1\/2&#8243;][vc_btn title=\u00bbVolver a la descripci\u00f3n general del env\u00edo\u00bb css=\u00bb\u00bb link=\u00bburl:https%3A%2F%2Fgo-microdose.com%2Fes%2Fenvio%2F|title:Shipping|\u00bb el_class=\u00bbbutton-back\u00bb][\/vc_column][vc_column width=\u00bb1\/2&#8243;][\/vc_column][\/vc_row][vc_row el_class=\u00bbpb-40&#8243;][vc_column width=\u00bb1\/2&#8243; el_class=\u00bbpr-80&#8243;][vc_custom_heading text=\u00bbEnv\u00edo a Islandia\u00bb font_container=\u00bbtag:h1|text_align:left\u00bb use_theme_fonts=\u00bbyes\u00bb css=\u00bb\u00bb el_class=\u00bbeffect-title\u00bb][vc_custom_heading text=\u00bbSetas m\u00e1gicas, trufas, microdosis y m\u00e1s&#8230;\u00bb use_theme_fonts=\u00bbyes\u00bb el_class=\u00bbh3&#8243;][vc_column_text css=\u00bb\u00bb]<\/p>\n<p class=\"p1\">\u00a1S\u00ed! \u00a1Enviamos todos nuestros productos a Islandia! <\/p>\n<p class=\"p3\">Todas las <span class=\"s1\">trufas, tiras de microdosis y kits de cultivo<\/span> se env\u00edan directamente desde \u00c1msterdam y suelen llegar <span class=\"s1\">en 5-6 d\u00edas laborables<\/span>. La mayor\u00eda de los pedidos caben en el buz\u00f3n, excepto los productos m\u00e1s grandes como <span class=\"s1\">kits de cultivo de setas m\u00e1gicas y accesorios<\/span>, por lo que normalmente <span class=\"s1\">no necesita estar en casa<\/span> para la entrega. <\/p>\n<p class=\"p4\"><span class=\"s2\">Nuestro env\u00edo es <\/span>r\u00e1pido, discreto y fiable<span class=\"s2\">. Ya est\u00e9  <\/span>empezando con la microdosis<span class=\"s2\"> o planeando una <\/span>experiencia psicod\u00e9lica m\u00e1s profunda<span class=\"s2\">, nos aseguramos de que su pedido llegue <\/span>de forma segura y fresca<span class=\"s2\">.<\/span><\/p>\n<p class=\"p4\"><span class=\"s2\">\u00bfDesea saber m\u00e1s sobre nuestras <\/span>opciones de env\u00edo, plazos de entrega y m\u00e9todos<span class=\"s2\">? Consulte todos los detalles a continuaci\u00f3n sobre   <\/span>pedidos y env\u00edos a Canad\u00e1<span class=\"s2\">.<\/span><\/p>\n<p>[\/vc_column_text][\/vc_column][vc_column width=\u00bb1\/2&#8243; el_class=\u00bbs-white-box\u00bb][vc_custom_heading text=\u00bbSeguimiento\u00bb font_container=\u00bbtag:h3|text_align:left\u00bb use_theme_fonts=\u00bbyes\u00bb][vc_column_text]Utilice su c\u00f3digo de seguimiento y no su n\u00famero de pedido.[\/vc_column_text][vc_btn title=\u00bbSeguimiento de PostNL\u00bb css=\u00bb\u00bb link=\u00bburl:https%3A%2F%2Ftracking.postnl.nl%2Ftrack-and-trace%2F|target:_blank|\u00bb][vc_btn title=\u00bb\u00cdslandsp\u00f3stur\u00bb css=\u00bb\u00bb link=\u00bburl:https%3A%2F%2Fposturinn.is%2Fen%2Findividuals%2Freceiving%2Ftrack-shipment%2F|target:_blank|\u00bb][\/vc_column][\/vc_row][vc_row el_class=\u00bbpb-80&#8243;][vc_column][vc_custom_heading text=\u00bbm\u00e1s informaci\u00f3n\u00bb font_container=\u00bbtag:div|text_align:left\u00bb use_theme_fonts=\u00bbyes\u00bb el_class=\u00bbpr-tag\u00bb][vc_tta_accordion style=\u00bbflat\u00bb shape=\u00bbsquare\u00bb color=\u00bbwhite\u00bb c_icon=\u00bb\u00bb active_section=\u00bb100&#8243; no_fill=\u00bbtrue\u00bb collapsible_all=\u00bbtrue\u00bb title=\u00bbInformaci\u00f3n de env\u00edo\u00bb][vc_tta_section title=\u00bb\u00bfCu\u00e1l es el estado legal en mi pa\u00eds?\u00bb tab_id=\u00bb1737187665466-5703fda6-be482f74-a132&#8243;][vc_column_text css=\u00bb\u00bb]<\/p>\n<p class=\"p1\">No somos abogados y no tenemos la capacidad de seguir los desarrollos legales en todos los pa\u00edses a los que enviamos. Por este motivo, es responsabilidad del cliente investigar y comprender la normativa local antes de realizar un pedido. Al comprar en nuestra tienda, usted reconoce que es consciente de cualquier posible riesgo legal y acepta la plena responsabilidad de cumplir con las leyes de su regi\u00f3n.  <\/p>\n<p class=\"p1\">Dicho esto, tenemos un s\u00f3lido historial de env\u00edos exitosos a Islandia y no hemos encontrado ninguna dificultad con las entregas. Nuestros env\u00edos llegan de forma fiable, pero como con cualquier pedido internacional, la responsabilidad final recae en el cliente. <\/p>\n<p>[\/vc_column_text][\/vc_tta_section][vc_tta_section title=\u00bb\u00bfQu\u00e9 productos pueden enviar a mi pa\u00eds?\u00bb tab_id=\u00bb1737187665459-72042fcd-1c332f74-a132&#8243;][vc_column_text css=\u00bb\u00bb]<\/p>\n<p class=\"p1\">Enviamos todos nuestros productos a Islandia, directamente desde nuestra ubicaci\u00f3n en \u00c1msterdam. Ya est\u00e9 buscando trufas m\u00e1gicas, tiras de microdosis o kits de cultivo de setas, le tenemos cubierto. Toda nuestra gama est\u00e1 disponible para entrega r\u00e1pida y discreta, que suele llegar en 5-6 d\u00edas laborables.  <\/p>\n<p class=\"p1\">Si est\u00e1 interesado en la microdosis para mejorar la concentraci\u00f3n, la creatividad o el estado de \u00e1nimo, nuestras tiras de microdosis de trufas frescas son una excelente opci\u00f3n. Para aquellos que buscan una experiencia psicod\u00e9lica m\u00e1s profunda, ofrecemos trufas m\u00e1gicas de alta potencia como Hollandia, Utopia y Galindoi. \u00bfDesea cultivar las suyas propias? Nuestros kits de cultivo de setas proporcionan una forma f\u00e1cil de cultivar sus propias setas en casa.   <\/p>\n<p class=\"p1\">\u00a1Haga su pedido hoy y comience su viaje con trufas y productos de microdosis de alta calidad!<\/p>\n<p>[\/vc_column_text][\/vc_tta_section][vc_tta_section title=\u00bb\u00bfCu\u00e1nto tarda el env\u00edo?\u00bb tab_id=\u00bb1737188614232-01a47c52-44d42f74-a132&#8243;][vc_column_text css=\u00bb\u00bb]<\/p>\n<p class=\"p1\">El env\u00edo a Canad\u00e1 suele tardar <span class=\"s1\">5-6 d\u00edas laborables<\/span> desde el momento en que se env\u00eda su pedido. Sin embargo, los plazos de entrega pueden variar en funci\u00f3n de factores como el procesamiento aduanero, retrasos del servicio postal local y d\u00edas festivos. <\/p>\n<p class=\"p1\">Una vez que su paquete haya sido enviado, recibir\u00e1 un enlace de seguimiento por correo electr\u00f3nico. Aunque la mayor\u00eda de los pedidos llegan dentro del plazo estimado, el despacho de aduanas puede a\u00f1adir a veces tiempo de procesamiento adicional. Agradecemos su paciencia y le recomendamos que est\u00e9 atento a las actualizaciones de seguimiento.  <\/p>\n<p class=\"p1\">Para obtener la informaci\u00f3n m\u00e1s reciente sobre su env\u00edo, consulte su enlace de seguimiento. Si tiene alguna duda sobre su pedido, no dude en ponerse en contacto con nuestro equipo de asistencia. \u00a1Estaremos encantados de ayudarle! <\/p>\n<p>[\/vc_column_text][\/vc_tta_section][vc_tta_section title=\u00bb\u00bfD\u00f3nde puedo hacer el seguimiento de mi pedido?\u00bb tab_id=\u00bb1737188637035-b7eae861-e6272f74-a132&#8243;][vc_column_text css=\u00bb\u00bb]<\/p>\n<p class=\"p1\">Una vez que su pedido haya sido enviado, recibir\u00e1 un <span class=\"s1\">enlace de seguimiento<\/span> por correo electr\u00f3nico. Puede utilizar este enlace para seguir el recorrido de su paquete. <\/p>\n<p class=\"p1\">Si necesita hacer el seguimiento de su pedido manualmente, utilice uno de los siguientes enlaces e introduzca su c\u00f3digo de seguimiento:<br \/>\n  <strong>\u00cdslandsp\u00f3stur<\/strong>: <a href=\"https:\/\/posturinn.is\/en\/individuals\/receiving\/track-shipment\/\" target=\"_blank\" rel=\"noopener\">Haga el seguimiento de su pedido aqu\u00ed<\/a><br \/>\n  <span class=\"s1\"><b>PostNL<\/b><\/span>: <a href=\"https:\/\/tracking.postnl.nl\/track-and-trace\/\" target=\"_blank\" rel=\"noopener\">Haga el seguimiento de su pedido aqu\u00ed<\/a><\/p>\n<p class=\"p1\">Si experimenta alg\u00fan problema con el seguimiento, espere un tiempo para las actualizaciones o p\u00f3ngase en contacto directamente con el proveedor de env\u00edo.<\/p>\n<p>[\/vc_column_text][\/vc_tta_section][vc_tta_section title=\u00bb\u00bfCu\u00e1les son los costes y m\u00e9todos de env\u00edo?\u00bb tab_id=\u00bb1737188651466-1dfecdda-bebe2f74-a132&#8243;][vc_column_text css=\u00bb\u00bb]<\/p>\n<p class=\"p3\">Ofrecemos env\u00edo fiable y discreto a Islandia. Elija el m\u00e9todo que mejor se adapte a sus necesidades: <\/p>\n<p class=\"p4\"><span class=\"s1\">  <\/span><b>Paquete de buz\u00f3n (seguimiento limitado):<\/b><span class=\"s1\"> 8,99 \u20ac<br \/>\n<\/span><span class=\"s1\">  <\/span><b>Paquete certificado (seguimiento + firma requerida):<\/b><span class=\"s1\"> 15 \u20ac<\/span><\/p>\n<p class=\"p4\"><span class=\"s1\">  <\/span><b>Opci\u00f3n de env\u00edo discreto:<\/b><span class=\"s1\"> +1,95 \u20ac<\/span><\/p>\n<p class=\"p3\">\u00bfDesea mayor privacidad? Seleccione nuestra opci\u00f3n de env\u00edo discreto al finalizar la compra para un embalaje sin marca con etiquetado gen\u00e9rico. <\/p>\n<p class=\"p3\">Todos los pedidos se env\u00edan desde \u00c1msterdam y suelen llegar en <span class=\"s2\">5-6 d\u00edas laborables<\/span>. Los datos de seguimiento se proporcionar\u00e1n una vez que su pedido haya sido enviado. <\/p>\n<p>[\/vc_column_text][\/vc_tta_section][vc_tta_section title=\u00bb\u00bfC\u00f3mo puedo pagar mi pedido?\u00bb tab_id=\u00bb1739569614085-b2259a37-6ad12f74-a132&#8243;][vc_column_text css=\u00bb\u00bb]<\/p>\n<p class=\"p1\">Ofrecemos una variedad de m\u00e9todos de pago seguros y convenientes para pedidos a Islandia:<\/p>\n<ul>\n<li>Tarjeta (de cr\u00e9dito)<\/li>\n<li>PayPal<\/li>\n<li>Revolut<\/li>\n<li>iDEAL<\/li>\n<li>Criptomoneda<\/li>\n<li>Przelewy24<\/li>\n<li>Bancontact<\/li>\n<li>Transferencia bancaria SEPA<\/li>\n<li>Online \u00dcberweisen<\/li>\n<li><span class=\"s1\">Sofortbanking<\/span><\/li>\n<li>Transferencias bancarias manuales<\/li>\n<\/ul>\n<p class=\"p1\">Todos los pagos se procesan de forma segura y sus datos est\u00e1n protegidos. Recibir\u00e1 una confirmaci\u00f3n de pedido en cuanto se complete su pago. <\/p>\n<p>[\/vc_column_text][\/vc_tta_section][vc_tta_section title=\u00bbGarant\u00eda y reclamaciones\u00bb tab_id=\u00bb1739569639087-ce3e2607-c5c52f74-a132&#8243;][vc_column_text css=\u00bb\u00bb]<\/p>\n<p class=\"p1\">Ponemos gran cuidado en garantizar que nuestros productos le lleguen en perfectas condiciones. Sin embargo, si recibe un art\u00edculo que est\u00e1 da\u00f1ado durante el transporte o tiene otro defecto, puede tener derecho a una reclamaci\u00f3n de garant\u00eda. <\/p>\n<p class=\"p3\"><b>Reclamaciones de garant\u00eda<br \/>\n<\/b><b><\/b>Si descubre un problema con su pedido, p\u00f3ngase en contacto con nosotros en un plazo razonable, idealmente en <span class=\"s1\">1 d\u00eda<\/span> despu\u00e9s de recibir su paquete. Evaluaremos la situaci\u00f3n y determinaremos la mejor soluci\u00f3n. <\/p>\n<p class=\"p3\"><b>Reclamaciones<br \/>\n<\/b><b><\/b>Si algo no sale como se esperaba, estamos aqu\u00ed para ayudarle. P\u00f3ngase en contacto con nosotros en <span class=\"s1\">info@go-microdose.com<\/span> y haremos todo lo posible para resolver el problema. <\/p>\n<p>[\/vc_column_text][\/vc_tta_section][vc_tta_section title=\u00bbDevoluciones\u00bb tab_id=\u00bb1737188666632-9ee3fe40-46092f74-a132&#8243;][vc_column_text css=\u00bb\u00bb]<\/p>\n<p class=\"p1\">Debido a la naturaleza de nuestros productos, <span class=\"s1\"><b>no son posibles las devoluciones<\/b><\/span>. Nuestras trufas y otros productos frescos tienen una <span class=\"s1\">vida \u00fatil limitada de aproximadamente 2 meses<\/span>, lo que significa que no pueden revenderse despu\u00e9s de ser devueltos. Esta pol\u00edtica garantiza que todos los clientes reciban productos frescos y de alta calidad.  <\/p>\n<p class=\"p3\"><b>Pol\u00edtica de cambio<br \/>\n<\/b><b><\/b>Si desea cambiar un producto, p\u00f3ngase en contacto con nosotros en <span class=\"s1\">info@go-microdose.com<\/span>. Aunque los cambios pueden ser posibles para ciertos art\u00edculos no perecederos, <span class=\"s1\">los clientes son responsables de los costes de env\u00edo de devoluci\u00f3n<\/span>. <\/p>\n<p class=\"p3\"><b>Direcci\u00f3n de entrega incorrecta<br \/>\n<\/b><b><\/b>Si ha proporcionado una direcci\u00f3n de env\u00edo incorrecta, p\u00f3ngase en contacto con nosotros lo antes posible. Intentaremos actualizar su pedido antes de que se env\u00ede. Sin embargo, una vez que el pedido se ha enviado, ya no son posibles los cambios.  <\/p>\n<p>[\/vc_column_text][\/vc_tta_section][vc_tta_section title=\u00bbContacto\u00bb tab_id=\u00bb1737188682135-ea9d8e7b-ed3c2f74-a132&#8243;][vc_column_text css=\u00bb\u00bb]Hacemos todo lo posible por usted como cliente. Esto significa que puede ponerse en contacto con nosotros f\u00e1cilmente.<br \/>\nSi tiene alguna pregunta sobre cualquiera de estos temas, puede contactarnos utilizando la siguiente informaci\u00f3n: <\/p>\n<p><strong>GO-Microdose.com<\/strong><br \/>\nCorreo electr\u00f3nico: <a href=\"mailto:info@go-microdose.com\">info@go-microdose.com<\/a><br \/>\nEl nombre comercial de nuestra empresa es: GK Health B.V.<br \/>\nNuestro nombre de dominio es GO-Microdose.com<br \/>\nNuestra direcci\u00f3n postal: Joop Geesinkweg 601, 1114AB \u00c1msterdam<br \/>\nC\u00e1mara de Comercio: 87887274<br \/>\nIVA: NL864437584B01[\/vc_column_text][\/vc_tta_section][\/vc_tta_accordion][\/vc_column][\/vc_row][vc_row el_class=\u00bbpb-220&#8243;][vc_column width=\u00bb1\/2&#8243;][vc_custom_heading text=\u00bbcontacto\u00bb font_container=\u00bbtag:div|text_align:left\u00bb use_theme_fonts=\u00bbyes\u00bb el_class=\u00bbpr-tag\u00bb][vc_custom_heading text=\u00bb\u00bfPreguntas o comentarios?\u00bb use_theme_fonts=\u00bbyes\u00bb]\n<div class=\"wpcf7 no-js\" id=\"wpcf7-f57946-o1\" lang=\"es-ES\" dir=\"ltr\" data-wpcf7-id=\"57946\">\n<div class=\"screen-reader-response\"><p role=\"status\" aria-live=\"polite\" aria-atomic=\"true\"><\/p> <ul><\/ul><\/div>\n<form action=\"\/es\/wp-json\/wp\/v2\/pages\/60473#wpcf7-f57946-o1\" method=\"post\" class=\"wpcf7-form init\" aria-label=\"Formulario de contacto\" novalidate=\"novalidate\" data-status=\"init\">\n<fieldset class=\"hidden-fields-container\"><input type=\"hidden\" name=\"_wpcf7\" value=\"57946\" \/><input type=\"hidden\" name=\"_wpcf7_version\" value=\"6.1.5\" \/><input type=\"hidden\" name=\"_wpcf7_locale\" value=\"es_ES\" \/><input type=\"hidden\" name=\"_wpcf7_unit_tag\" value=\"wpcf7-f57946-o1\" \/><input type=\"hidden\" name=\"_wpcf7_container_post\" value=\"0\" \/><input type=\"hidden\" name=\"_wpcf7_posted_data_hash\" value=\"\" \/><input type=\"hidden\" name=\"_wpcf7_recaptcha_response\" value=\"\" \/>\n<\/fieldset>\n<div class=\"contact-form\">\n\t<div class=\"form-row\">\n\t\t<p><span class=\"wpcf7-form-control-wrap\" data-name=\"Naam\"><input size=\"40\" maxlength=\"400\" class=\"wpcf7-form-control wpcf7-text form-field\" aria-invalid=\"false\" placeholder=\"Nombre\" value=\"\" type=\"text\" name=\"Naam\" \/><\/span>\n\t\t<\/p>\n\t<\/div>\n\t<div class=\"form-row\">\n\t\t<p><span class=\"wpcf7-form-control-wrap\" data-name=\"Email\"><input size=\"40\" maxlength=\"400\" class=\"wpcf7-form-control wpcf7-email wpcf7-validates-as-required wpcf7-text wpcf7-validates-as-email form-field\" aria-required=\"true\" aria-invalid=\"false\" placeholder=\"Correo electr\u00f3nico\" value=\"\" type=\"email\" name=\"Email\" \/><\/span>\n\t\t<\/p>\n\t<\/div>\n\t<div class=\"form-row\">\n\t\t<p><span class=\"wpcf7-form-control-wrap\" data-name=\"your-message\"><textarea cols=\"40\" rows=\"10\" maxlength=\"2000\" class=\"wpcf7-form-control wpcf7-textarea form-field\" aria-invalid=\"false\" placeholder=\"Pregunta o comentario\u2026\" name=\"your-message\"><\/textarea><\/span>\n\t\t<\/p>\n\t<\/div>\n\t<div class=\"form-row checkbox\">\n\t\t<p><span class=\"wpcf7-form-control-wrap\" data-name=\"agree\"><span class=\"wpcf7-form-control wpcf7-acceptance\"><span class=\"wpcf7-list-item\"><label><input type=\"checkbox\" name=\"agree\" value=\"1\" aria-invalid=\"false\" \/><span class=\"wpcf7-list-item-label\">Acepto el <a href=\"\/privacy-policy\/\" target=\"_blank\"> aviso de privacidad<\/a><\/span><\/label><\/span><\/span><\/span>\n\t\t<\/p>\n\t<\/div>\n\t<div class=\"form-row\">\n\t<span class=\"wpcf7-form-control-wrap recaptcha\" data-name=\"recaptcha\"><span data-sitekey=\"6LcxYnAUAAAAAK0N-eell9CfBJrJukJ8yVIG3u5S\" class=\"wpcf7-form-control wpcf7-recaptcha g-recaptcha\"><\/span>\r\n<noscript>\r\n\t<div class=\"grecaptcha-noscript\">\r\n\t\t<iframe src=\"https:\/\/www.google.com\/recaptcha\/api\/fallback?k=6LcxYnAUAAAAAK0N-eell9CfBJrJukJ8yVIG3u5S\" frameborder=\"0\" scrolling=\"no\" width=\"310\" height=\"430\">\r\n\t\t<\/iframe>\r\n\t\t<textarea name=\"g-recaptcha-response\" rows=\"3\" cols=\"40\" placeholder=\"Aqu\u00ed la respuesta de reCAPTCHA\">\r\n\t\t<\/textarea>\r\n\t<\/div>\r\n<\/noscript>\r\n<\/span>\n\t<\/div>\n\t<div class=\"form-row submit\">\n\t\t<p><button class=\"button vc_btn3-style-modern\"><input class=\"wpcf7-form-control wpcf7-submit has-spinner\" type=\"submit\" value=\"Enviar\" \/><\/button>\n\t\t<\/p>\n\t<\/div>\n<\/div><div class=\"wpcf7-response-output\" aria-hidden=\"true\"><\/div>\n<\/form>\n<\/div>\n[\/vc_column][vc_column width=\u00bb1\/2&#8243;][\/vc_column][\/vc_row]<\/p>\n<\/div>","protected":false},"excerpt":{"rendered":"<p>[vc_row][vc_column width=\u00bb1\/2&#8243;][vc_btn title=\u00bbVolver a la descripci\u00f3n general del env\u00edo\u00bb css=\u00bb\u00bb link=\u00bburl:https%3A%2F%2Fgo-microdose.com%2Fes%2Fenvio%2F|title:Shipping|\u00bb el_class=\u00bbbutton-back\u00bb][\/vc_column][vc_column width=\u00bb1\/2&#8243;][\/vc_column][\/vc_row][vc_row el_class=\u00bbpb-40&#8243;][vc_column width=\u00bb1\/2&#8243; el_class=\u00bbpr-80&#8243;][vc_custom_heading text=\u00bbEnv\u00edo a Islandia\u00bb font_container=\u00bbtag:h1|text_align:left\u00bb use_theme_fonts=\u00bbyes\u00bb css=\u00bb\u00bb el_class=\u00bbeffect-title\u00bb][vc_custom_heading text=\u00bbSetas m\u00e1gicas, trufas, microdosis y m\u00e1s&#8230;\u00bb use_theme_fonts=\u00bbyes\u00bb el_class=\u00bbh3&#8243;][vc_column_text css=\u00bb\u00bb] \u00a1S\u00ed! \u00a1Enviamos todos nuestros productos a Islandia! Todas las trufas, tiras de microdosis y kits de cultivo se env\u00edan directamente desde \u00c1msterdam y [&hellip;]<\/p>\n","protected":false},"author":5548,"featured_media":0,"parent":56799,"menu_order":0,"comment_status":"open","ping_status":"open","template":"","meta":{"_acf_changed":false,"footnotes":""},"class_list":["post-60473","page","type-page","status-publish","hentry"],"acf":[],"_links":{"self":[{"href":"https:\/\/go-microdose.com\/es\/wp-json\/wp\/v2\/pages\/60473","targetHints":{"allow":["GET"]}}],"collection":[{"href":"https:\/\/go-microdose.com\/es\/wp-json\/wp\/v2\/pages"}],"about":[{"href":"https:\/\/go-microdose.com\/es\/wp-json\/wp\/v2\/types\/page"}],"author":[{"embeddable":true,"href":"https:\/\/go-microdose.com\/es\/wp-json\/wp\/v2\/users\/5548"}],"replies":[{"embeddable":true,"href":"https:\/\/go-microdose.com\/es\/wp-json\/wp\/v2\/comments?post=60473"}],"version-history":[{"count":0,"href":"https:\/\/go-microdose.com\/es\/wp-json\/wp\/v2\/pages\/60473\/revisions"}],"up":[{"embeddable":true,"href":"https:\/\/go-microdose.com\/es\/wp-json\/wp\/v2\/pages\/56799"}],"wp:attachment":[{"href":"https:\/\/go-microdose.com\/es\/wp-json\/wp\/v2\/media?parent=60473"}],"curies":[{"name":"wp","href":"https:\/\/api.w.org\/{rel}","templated":true}]}}