{"id":60629,"date":"2026-03-25T21:07:51","date_gmt":"2026-03-25T20:07:51","guid":{"rendered":"https:\/\/go-microdose.com\/envio\/canada\/"},"modified":"2026-03-25T21:08:30","modified_gmt":"2026-03-25T20:08:30","slug":"canada","status":"publish","type":"page","link":"https:\/\/go-microdose.com\/es\/envio\/canada\/","title":{"rendered":"Canad\u00e1"},"content":{"rendered":"<div class=\"wpb-content-wrapper\"><p>[vc_row][vc_column width=\u00bb1\/2&#8243;][vc_btn title=\u00bbVolver al resumen de env\u00edos\u00bb css=\u00bb\u00bb link=\u00bburl:https%3A%2F%2Fgo-microdose.com%2Fes%2Fenvio%2F|title:Shipping|\u00bb el_class=\u00bbbutton-back\u00bb][\/vc_column][vc_column width=\u00bb1\/2&#8243;][\/vc_column][\/vc_row][vc_row el_class=\u00bbpb-40&#8243;][vc_column width=\u00bb1\/2&#8243; el_class=\u00bbpr-80&#8243;][vc_custom_heading text=\u00bbEnv\u00edo a Canad\u00e1\u00bb font_container=\u00bbtag:h1|text_align:left\u00bb use_theme_fonts=\u00bbyes\u00bb css=\u00bb\u00bb el_class=\u00bbeffect-title\u00bb][vc_custom_heading text=\u00bbSetas m\u00e1gicas, trufas, microdosificaci\u00f3n y m\u00e1s&#8230;\u00bb use_theme_fonts=\u00bbyes\u00bb el_class=\u00bbh3&#8243;][vc_column_text css=\u00bb\u00bb]<\/p>\n<p class=\"p1\">\u00a1S\u00ed! \u00a1Enviamos todos nuestros productos a Canad\u00e1! <\/p>\n<p class=\"p3\">Todas las <span class=\"s1\">trufas, tiras de microdosificaci\u00f3n y kits de cultivo<\/span> se env\u00edan directamente desde \u00c1msterdam y suelen llegar <span class=\"s1\">en un plazo de 6-8 d\u00edas laborables<\/span>. La mayor\u00eda de los pedidos caben en el buz\u00f3n, excepto los productos m\u00e1s grandes, como los <span class=\"s1\">kits de cultivo de setas m\u00e1gicas y accesorios<\/span>, por lo que normalmente <span class=\"s1\">no necesita estar en casa<\/span> para la entrega. <\/p>\n<p class=\"p4\"><span class=\"s2\">Nuestros env\u00edos son <\/span>r\u00e1pidos, discretos y fiables<span class=\"s2\">. Tanto si est\u00e1  <\/span>empezando con la microdosificaci\u00f3n<span class=\"s2\"> como si est\u00e1 planeando una <\/span>experiencia psicod\u00e9lica<span class=\"s2\"> m\u00e1s profunda, nos aseguramos de que su pedido llegue <\/span>de forma segura y fresco<span class=\"s2\">.<\/span><\/p>\n<p class=\"p4\"><span class=\"s2\">\u00bfQuiere saber m\u00e1s sobre nuestras <\/span>opciones de env\u00edo, plazos de entrega y m\u00e9todos<span class=\"s2\">? Consulte todos los detalles a continuaci\u00f3n sobre   <\/span>c\u00f3mo hacer un pedido y el env\u00edo a Canad\u00e1<span class=\"s2\">.<\/span><\/p>\n<p>[\/vc_column_text][\/vc_column][vc_column width=\u00bb1\/2&#8243; el_class=\u00bbs-white-box\u00bb][vc_custom_heading text=\u00bbSeguimiento y localizaci\u00f3n\u00bb font_container=\u00bbtag:h3|text_align:left\u00bb use_theme_fonts=\u00bbyes\u00bb][vc_column_text]Utilice su c\u00f3digo de seguimiento y no su n\u00famero de pedido.[\/vc_column_text][vc_btn title=\u00bbSeguimiento de PostNL\u00bb css=\u00bb\u00bb link=\u00bburl:https%3A%2F%2Ftracking.postnl.nl%2Ftrack-and-trace%2F|target:_blank|\u00bb][vc_btn title=\u00bbCanada Post\u00bb css=\u00bb\u00bb link=\u00bburl:https%3A%2F%2Fwww.canadapost-postescanada.ca%2Ftrack-reperage%2Fen%23%2Fhome|target:_blank|\u00bb][\/vc_column][\/vc_row][vc_row el_class=\u00bbpb-80&#8243;][vc_column][vc_custom_heading text=\u00bbm\u00e1s informaci\u00f3n\u00bb font_container=\u00bbtag:div|text_align:left\u00bb use_theme_fonts=\u00bbyes\u00bb el_class=\u00bbpr-tag\u00bb][vc_tta_accordion style=\u00bbflat\u00bb shape=\u00bbsquare\u00bb color=\u00bbwhite\u00bb c_icon=\u00bb\u00bb active_section=\u00bb100&#8243; no_fill=\u00bbtrue\u00bb collapsible_all=\u00bbtrue\u00bb title=\u00bbInformaci\u00f3n de env\u00edo\u00bb][vc_tta_section title=\u00bb\u00bfCu\u00e1l es el estatus legal en mi pa\u00eds?\u00bb tab_id=\u00bb1737187665466-5703fda6-be48&#8243;][vc_column_text css=\u00bb\u00bb]<\/p>\n<p class=\"p1\">No somos abogados y no tenemos capacidad para hacer un seguimiento de la evoluci\u00f3n legal en todos los pa\u00edses a los que enviamos. Por ello, es responsabilidad del cliente investigar y comprender la normativa local antes de realizar un pedido. Al comprar en nuestra web, usted reconoce que es consciente de los posibles riesgos legales y acepta toda la responsabilidad de cumplir las leyes de su regi\u00f3n.  <\/p>\n<p class=\"p1\">Dicho esto, contamos con un s\u00f3lido historial de env\u00edos exitosos a Canad\u00e1 y no hemos tenido ninguna dificultad con las entregas. Nuestros env\u00edos llegan de forma fiable, pero, como en cualquier pedido internacional, la responsabilidad final recae en el cliente. <\/p>\n<p>[\/vc_column_text][\/vc_tta_section][vc_tta_section title=\u00bb\u00bfQu\u00e9 productos pueden enviarse a mi pa\u00eds?\u00bb tab_id=\u00bb1737187665459-72042fcd-1c33&#8243;][vc_column_text css=\u00bb\u00bb]<\/p>\n<p class=\"p1\">Enviamos todos nuestros productos a Canad\u00e1, directamente desde nuestras instalaciones en \u00c1msterdam. Tanto si busca trufas m\u00e1gicas, tiras de microdosificaci\u00f3n o kits de cultivo de setas, tenemos lo que necesita. Toda nuestra gama est\u00e1 disponible para una entrega r\u00e1pida y discreta, que suele llegar en un plazo de 6-8 d\u00edas laborables.  <\/p>\n<p class=\"p1\">Si le interesa la microdosificaci\u00f3n para mejorar la concentraci\u00f3n, la creatividad o el estado de \u00e1nimo, nuestras tiras de microdosificaci\u00f3n de trufa fresca son una excelente opci\u00f3n. Para quienes buscan una experiencia psicod\u00e9lica m\u00e1s profunda, ofrecemos trufas m\u00e1gicas de alta potencia como Hollandia, Utopia y Galindoi. \u00bfQuiere cultivar las suyas? Nuestros kits de cultivo de setas ofrecen una forma sencilla de cultivar sus propias setas en casa.   <\/p>\n<p class=\"p1\">\u00a1Haga su pedido hoy y comience su viaje con trufas y productos de microdosificaci\u00f3n de alta calidad!<\/p>\n<p>[\/vc_column_text][\/vc_tta_section][vc_tta_section title=\u00bb\u00bfCu\u00e1nto tarda el env\u00edo?\u00bb tab_id=\u00bb1737188614232-01a47c52-44d4&#8243;][vc_column_text css=\u00bb\u00bb]<\/p>\n<p class=\"p1\">El env\u00edo a Canad\u00e1 suele tardar <span class=\"s1\">6-8 d\u00edas laborables<\/span> desde el momento en que se env\u00eda su pedido. No obstante, los plazos de entrega pueden variar en funci\u00f3n de factores como el tr\u00e1mite aduanero, retrasos del servicio postal local y festivos. <\/p>\n<p class=\"p1\">Una vez enviado su paquete, recibir\u00e1 un enlace de seguimiento por correo electr\u00f3nico. Aunque la mayor\u00eda de los pedidos llegan dentro del plazo estimado, el despacho de aduanas a veces puede a\u00f1adir tiempo adicional de tramitaci\u00f3n. Agradecemos su paciencia y le recomendamos estar atento a las actualizaciones del seguimiento.  <\/p>\n<p class=\"p1\">Para obtener la informaci\u00f3n m\u00e1s reciente sobre su env\u00edo, consulte su enlace de seguimiento. Si tiene alguna duda sobre su pedido, no dude en ponerse en contacto con nuestro equipo de soporte: \u00a1estaremos encantados de ayudarle! <\/p>\n<p>[\/vc_column_text][\/vc_tta_section][vc_tta_section title=\u00bb\u00bfD\u00f3nde puedo hacer el seguimiento de mi pedido?\u00bb tab_id=\u00bb1737188637035-b7eae861-e627&#8243;][vc_column_text css=\u00bb\u00bb]<\/p>\n<p class=\"p1\">Una vez enviado su pedido, recibir\u00e1 por correo electr\u00f3nico un <span class=\"s1\">enlace de seguimiento<\/span>. Puede utilizarlo para seguir el recorrido de su paquete. <\/p>\n<p class=\"p1\">Si necesita hacer el seguimiento de su pedido manualmente, utilice uno de los siguientes enlaces e introduzca su c\u00f3digo de seguimiento:<br \/>\n  <span class=\"s1\"><b>Canada Post<\/b><\/span>: <a href=\"https:\/\/www.canadapost-postescanada.ca\/track-reperage\/en#\/home\" target=\"_blank\" rel=\"noopener\">Haga el seguimiento de su pedido aqu\u00ed<\/a><br \/>\n  <span class=\"s1\"><b>PostNL<\/b><\/span>: <a href=\"https:\/\/tracking.postnl.nl\/track-and-trace\/\" target=\"_blank\" rel=\"noopener\">Haga el seguimiento de su pedido aqu\u00ed<\/a><\/p>\n<p class=\"p1\">Si tiene alg\u00fan problema con el seguimiento, espere un tiempo para que se actualice o p\u00f3ngase en contacto directamente con el transportista.<\/p>\n<p>[\/vc_column_text][\/vc_tta_section][vc_tta_section title=\u00bb\u00bfCu\u00e1les son los costes y m\u00e9todos de env\u00edo?\u00bb tab_id=\u00bb1737188651466-1dfecdda-bebe\u00bb][vc_column_text css=\u00bb\u00bb]<\/p>\n<p class=\"p3\">Ofrecemos env\u00edos fiables y discretos a Canad\u00e1. Elija el m\u00e9todo que mejor se adapte a sus necesidades: <\/p>\n<p class=\"p4\"><span class=\"s1\">  <\/span><b>Paquete en buz\u00f3n (seguimiento limitado):<\/b><span class=\"s1\"> 8,99 \u20ac<br \/>\n<\/span><span class=\"s1\">  <\/span><b>Paquete certificado (seguimiento + firma obligatoria):<\/b><span class=\"s1\"> 18 \u20ac<\/span><\/p>\n<p class=\"p4\"><span class=\"s1\">  <\/span><b>Opci\u00f3n de env\u00edo discreto:<\/b><span class=\"s1\"> +1,95 \u20ac<\/span><\/p>\n<p class=\"p3\">\u00bfQuiere m\u00e1s privacidad? Seleccione nuestra opci\u00f3n de env\u00edo discreto al finalizar la compra para recibir un embalaje sin marca y con etiquetado gen\u00e9rico. <\/p>\n<p class=\"p3\">Todos los pedidos se env\u00edan desde \u00c1msterdam y suelen llegar en un plazo de <span class=\"s2\">6-8 d\u00edas laborables<\/span>. Sus datos de seguimiento se facilitar\u00e1n una vez que su pedido haya sido enviado. <\/p>\n<p>[\/vc_column_text][\/vc_tta_section][vc_tta_section title=\u00bb\u00bfC\u00f3mo puedo pagar mi pedido?\u00bb tab_id=\u00bb1739569614085-b2259a37-6ad1&#8243;][vc_column_text css=\u00bb\u00bb]<\/p>\n<p class=\"p1\">Ofrecemos una variedad de m\u00e9todos de pago seguros y c\u00f3modos para pedidos a Canad\u00e1:<\/p>\n<ul>\n<li>Tarjeta (de cr\u00e9dito)<\/li>\n<li>PayPal<\/li>\n<li>Revolut<\/li>\n<li>iDEAL<\/li>\n<li>Criptomoneda<\/li>\n<li>Przelewy24<\/li>\n<li>Bancontact<\/li>\n<li>Transferencia bancaria SEPA<\/li>\n<li>Online \u00dcberweisen<\/li>\n<li><span class=\"s1\">Sofortbanking<\/span><\/li>\n<li>Transferencias bancarias manuales<\/li>\n<\/ul>\n<p class=\"p1\">Todos los pagos se procesan de forma segura y sus datos est\u00e1n protegidos. Recibir\u00e1 una confirmaci\u00f3n del pedido en cuanto se complete el pago. <\/p>\n<p>[\/vc_column_text][\/vc_tta_section][vc_tta_section title=\u00bbGarant\u00eda y reclamaciones\u00bb tab_id=\u00bb1739569639087-ce3e2607-c5c5&#8243;][vc_column_text css=\u00bb\u00bb]<\/p>\n<p class=\"p1\">Ponemos el m\u00e1ximo cuidado para garantizar que nuestros productos le lleguen en perfectas condiciones. No obstante, si recibe un art\u00edculo da\u00f1ado durante el transporte o con alg\u00fan otro defecto, puede tener derecho a una reclamaci\u00f3n de garant\u00eda. <\/p>\n<p class=\"p3\"><b>Reclamaciones de garant\u00eda<br \/>\n<\/b><b><\/b>Si detecta un problema con su pedido, p\u00f3ngase en contacto con nosotros en un plazo razonable, idealmente dentro de <span class=\"s1\">1 d\u00eda<\/span> desde la recepci\u00f3n del paquete. Evaluaremos la situaci\u00f3n y determinaremos la mejor soluci\u00f3n. <\/p>\n<p class=\"p3\"><b>Reclamaciones<br \/>\n<\/b><b><\/b>Si algo no sale como se esperaba, estamos aqu\u00ed para ayudarle. Escr\u00edbanos a <span class=\"s1\">info@go-microdose.com<\/span> y haremos todo lo posible por resolver el problema. <\/p>\n<p>[\/vc_column_text][\/vc_tta_section][vc_tta_section title=\u00bbDevoluciones\u00bb tab_id=\u00bb1737188666632-9ee3fe40-4609&#8243;][vc_column_text css=\u00bb\u00bb]<\/p>\n<p class=\"p1\">Debido a la naturaleza de nuestros productos, <span class=\"s1\"><b>no se aceptan devoluciones<\/b><\/span>. Nuestras trufas y otros productos frescos tienen una <span class=\"s1\">vida \u00fatil limitada de aproximadamente 2 meses<\/span>, lo que significa que no pueden revenderse tras ser devueltos. Esta pol\u00edtica garantiza que todos los clientes reciban productos frescos y de alta calidad.  <\/p>\n<p class=\"p3\"><b>Pol\u00edtica de cambios<br \/>\n<\/b><b><\/b>Si desea cambiar un producto, p\u00f3ngase en contacto con nosotros en <span class=\"s1\">info@go-microdose.com<\/span>. Aunque los cambios pueden ser posibles para determinados art\u00edculos no perecederos, <span class=\"s1\">los clientes son responsables de los gastos de env\u00edo de la devoluci\u00f3n<\/span>. <\/p>\n<p class=\"p3\"><b>Direcci\u00f3n de entrega incorrecta<br \/>\n<\/b><b><\/b>Si ha facilitado una direcci\u00f3n de env\u00edo incorrecta, p\u00f3ngase en contacto con nosotros lo antes posible. Intentaremos actualizar su pedido antes de que se env\u00ede. Sin embargo, una vez que el pedido se haya enviado, ya no ser\u00e1 posible realizar cambios.  <\/p>\n<p>[\/vc_column_text][\/vc_tta_section][vc_tta_section title=\u00bbContacto\u00bb tab_id=\u00bb1737188682135-ea9d8e7b-ed3c\u00bb][vc_column_text css=\u00bb\u00bb]Hacemos todo lo posible por usted como cliente. Esto significa que puede ponerse en contacto con nosotros f\u00e1cilmente.<br \/>\nSi tiene alguna pregunta sobre cualquiera de estos temas, puede contactarnos mediante la siguiente informaci\u00f3n: <\/p>\n<p><strong>GO-Microdose.com<\/strong><br \/>\nCorreo: <a href=\"mailto:info@go-microdose.com\">info@go-microdose.com<\/a><br \/>\nLa denominaci\u00f3n comercial de nuestra empresa es: GK Health B.V.<br \/>\nNuestro nombre de dominio es GO-Microdose.com<br \/>\nNuestra direcci\u00f3n postal: Joop Geesinkweg 601, 1114AB \u00c1msterdam<br \/>\nC\u00e1mara de Comercio: 87887274<br \/>\nIVA: NL864437584B01[\/vc_column_text][\/vc_tta_section][\/vc_tta_accordion][\/vc_column][\/vc_row][vc_row el_class=\u00bbpb-220&#8243;][vc_column width=\u00bb1\/2&#8243;][vc_custom_heading text=\u00bbcontacto\u00bb font_container=\u00bbtag:div|text_align:left\u00bb use_theme_fonts=\u00bbyes\u00bb el_class=\u00bbpr-tag\u00bb][vc_custom_heading text=\u00bb\u00bfPreguntas u observaciones?\u00bb use_theme_fonts=\u00bbyes\u00bb]\n<div class=\"wpcf7 no-js\" id=\"wpcf7-f57946-o1\" lang=\"es-ES\" dir=\"ltr\" data-wpcf7-id=\"57946\">\n<div class=\"screen-reader-response\"><p role=\"status\" aria-live=\"polite\" aria-atomic=\"true\"><\/p> <ul><\/ul><\/div>\n<form action=\"\/es\/wp-json\/wp\/v2\/pages\/60629#wpcf7-f57946-o1\" method=\"post\" class=\"wpcf7-form init\" aria-label=\"Formulario de contacto\" novalidate=\"novalidate\" data-status=\"init\">\n<fieldset class=\"hidden-fields-container\"><input type=\"hidden\" name=\"_wpcf7\" value=\"57946\" \/><input type=\"hidden\" name=\"_wpcf7_version\" value=\"6.1.5\" \/><input type=\"hidden\" name=\"_wpcf7_locale\" value=\"es_ES\" \/><input type=\"hidden\" name=\"_wpcf7_unit_tag\" value=\"wpcf7-f57946-o1\" \/><input type=\"hidden\" name=\"_wpcf7_container_post\" value=\"0\" \/><input type=\"hidden\" name=\"_wpcf7_posted_data_hash\" value=\"\" \/><input type=\"hidden\" name=\"_wpcf7_recaptcha_response\" value=\"\" \/>\n<\/fieldset>\n<div class=\"contact-form\">\n\t<div class=\"form-row\">\n\t\t<p><span class=\"wpcf7-form-control-wrap\" data-name=\"Naam\"><input size=\"40\" maxlength=\"400\" class=\"wpcf7-form-control wpcf7-text form-field\" aria-invalid=\"false\" placeholder=\"Nombre\" value=\"\" type=\"text\" name=\"Naam\" \/><\/span>\n\t\t<\/p>\n\t<\/div>\n\t<div class=\"form-row\">\n\t\t<p><span class=\"wpcf7-form-control-wrap\" data-name=\"Email\"><input size=\"40\" maxlength=\"400\" class=\"wpcf7-form-control wpcf7-email wpcf7-validates-as-required wpcf7-text wpcf7-validates-as-email form-field\" aria-required=\"true\" aria-invalid=\"false\" placeholder=\"Correo electr\u00f3nico\" value=\"\" type=\"email\" name=\"Email\" \/><\/span>\n\t\t<\/p>\n\t<\/div>\n\t<div class=\"form-row\">\n\t\t<p><span class=\"wpcf7-form-control-wrap\" data-name=\"your-message\"><textarea cols=\"40\" rows=\"10\" maxlength=\"2000\" class=\"wpcf7-form-control wpcf7-textarea form-field\" aria-invalid=\"false\" placeholder=\"Pregunta o comentario\u2026\" name=\"your-message\"><\/textarea><\/span>\n\t\t<\/p>\n\t<\/div>\n\t<div class=\"form-row checkbox\">\n\t\t<p><span class=\"wpcf7-form-control-wrap\" data-name=\"agree\"><span class=\"wpcf7-form-control wpcf7-acceptance\"><span class=\"wpcf7-list-item\"><label><input type=\"checkbox\" name=\"agree\" value=\"1\" aria-invalid=\"false\" \/><span class=\"wpcf7-list-item-label\">Acepto el <a href=\"\/privacy-policy\/\" target=\"_blank\"> aviso de privacidad<\/a><\/span><\/label><\/span><\/span><\/span>\n\t\t<\/p>\n\t<\/div>\n\t<div class=\"form-row\">\n\t<span class=\"wpcf7-form-control-wrap recaptcha\" data-name=\"recaptcha\"><span data-sitekey=\"6LcxYnAUAAAAAK0N-eell9CfBJrJukJ8yVIG3u5S\" class=\"wpcf7-form-control wpcf7-recaptcha g-recaptcha\"><\/span>\r\n<noscript>\r\n\t<div class=\"grecaptcha-noscript\">\r\n\t\t<iframe src=\"https:\/\/www.google.com\/recaptcha\/api\/fallback?k=6LcxYnAUAAAAAK0N-eell9CfBJrJukJ8yVIG3u5S\" frameborder=\"0\" scrolling=\"no\" width=\"310\" height=\"430\">\r\n\t\t<\/iframe>\r\n\t\t<textarea name=\"g-recaptcha-response\" rows=\"3\" cols=\"40\" placeholder=\"Aqu\u00ed la respuesta de reCAPTCHA\">\r\n\t\t<\/textarea>\r\n\t<\/div>\r\n<\/noscript>\r\n<\/span>\n\t<\/div>\n\t<div class=\"form-row submit\">\n\t\t<p><button class=\"button vc_btn3-style-modern\"><input class=\"wpcf7-form-control wpcf7-submit has-spinner\" type=\"submit\" value=\"Enviar\" \/><\/button>\n\t\t<\/p>\n\t<\/div>\n<\/div><div class=\"wpcf7-response-output\" aria-hidden=\"true\"><\/div>\n<\/form>\n<\/div>\n[\/vc_column][vc_column width=\u00bb1\/2&#8243;][\/vc_column][\/vc_row]<\/p>\n<\/div>","protected":false},"excerpt":{"rendered":"<p>[vc_row][vc_column width=\u00bb1\/2&#8243;][vc_btn title=\u00bbVolver al resumen de env\u00edos\u00bb css=\u00bb\u00bb link=\u00bburl:https%3A%2F%2Fgo-microdose.com%2Fes%2Fenvio%2F|title:Shipping|\u00bb el_class=\u00bbbutton-back\u00bb][\/vc_column][vc_column width=\u00bb1\/2&#8243;][\/vc_column][\/vc_row][vc_row el_class=\u00bbpb-40&#8243;][vc_column width=\u00bb1\/2&#8243; el_class=\u00bbpr-80&#8243;][vc_custom_heading text=\u00bbEnv\u00edo a Canad\u00e1\u00bb font_container=\u00bbtag:h1|text_align:left\u00bb use_theme_fonts=\u00bbyes\u00bb css=\u00bb\u00bb el_class=\u00bbeffect-title\u00bb][vc_custom_heading text=\u00bbSetas m\u00e1gicas, trufas, microdosificaci\u00f3n y m\u00e1s&#8230;\u00bb use_theme_fonts=\u00bbyes\u00bb el_class=\u00bbh3&#8243;][vc_column_text css=\u00bb\u00bb] \u00a1S\u00ed! \u00a1Enviamos todos nuestros productos a Canad\u00e1! Todas las trufas, tiras de microdosificaci\u00f3n y kits de cultivo se env\u00edan directamente desde \u00c1msterdam y suelen llegar [&hellip;]<\/p>\n","protected":false},"author":5548,"featured_media":0,"parent":56799,"menu_order":0,"comment_status":"open","ping_status":"open","template":"","meta":{"_acf_changed":false,"footnotes":""},"class_list":["post-60629","page","type-page","status-publish","hentry"],"acf":[],"_links":{"self":[{"href":"https:\/\/go-microdose.com\/es\/wp-json\/wp\/v2\/pages\/60629","targetHints":{"allow":["GET"]}}],"collection":[{"href":"https:\/\/go-microdose.com\/es\/wp-json\/wp\/v2\/pages"}],"about":[{"href":"https:\/\/go-microdose.com\/es\/wp-json\/wp\/v2\/types\/page"}],"author":[{"embeddable":true,"href":"https:\/\/go-microdose.com\/es\/wp-json\/wp\/v2\/users\/5548"}],"replies":[{"embeddable":true,"href":"https:\/\/go-microdose.com\/es\/wp-json\/wp\/v2\/comments?post=60629"}],"version-history":[{"count":0,"href":"https:\/\/go-microdose.com\/es\/wp-json\/wp\/v2\/pages\/60629\/revisions"}],"up":[{"embeddable":true,"href":"https:\/\/go-microdose.com\/es\/wp-json\/wp\/v2\/pages\/56799"}],"wp:attachment":[{"href":"https:\/\/go-microdose.com\/es\/wp-json\/wp\/v2\/media?parent=60629"}],"curies":[{"name":"wp","href":"https:\/\/api.w.org\/{rel}","templated":true}]}}