{"id":60671,"date":"2026-03-25T21:08:51","date_gmt":"2026-03-25T20:08:51","guid":{"rendered":"https:\/\/go-microdose.com\/la-guia-completa-sobre-microdosis\/"},"modified":"2026-04-07T09:14:25","modified_gmt":"2026-04-07T07:14:25","slug":"la-guia-completa-sobre-microdosis","status":"publish","type":"page","link":"https:\/\/go-microdose.com\/es\/la-guia-completa-sobre-microdosis\/","title":{"rendered":"La gu\u00eda completa sobre microdosis"},"content":{"rendered":"<div class=\"wpb-content-wrapper\"><p>[vc_section full_width=\u00bbstretch_row_content\u00bb full_height=\u00bbyes\u00bb content_placement=\u00bbmiddle\u00bb el_class=\u00bbbutton-section product-copy-page\u00bb css=\u00bb.vc_custom_1640248080539{padding-bottom: 0px !important;}\u00bb][vc_row full_height=\u00bbyes\u00bb css_animation=\u00bbnone\u00bb][vc_column el_class=\u00bbcontainer\u00bb][vc_row_inner content_placement=\u00bbmiddle\u00bb el_class=\u00bbrow-reverse s-magazine-banner\u00bb][vc_column_inner width=\u00bb1\/2&#8243;][vc_single_image image=\u00bb56287&#8243; img_size=\u00bbfull\u00bb css=\u00bb\u00bb][\/vc_column_inner][vc_column_inner el_class=\u00bbabout-text-column\u00bb width=\u00bb1\/2&#8243;][vc_custom_heading text=\u00bbSu gu\u00eda\u00bb font_container=\u00bbtag:h5|text_align:left\u00bb use_theme_fonts=\u00bbyes\u00bb css=\u00bb\u00bb el_class=\u00bbpr-tag\u00bb][vc_custom_heading text=\u00bbLa gu\u00eda completa<br \/>\nde microdosis\u00bb font_container=\u00bbtag:h2|text_align:left|color:%23000000&#8243; use_theme_fonts=\u00bbyes\u00bb css=\u00bb\u00bb][vc_column_text css=\u00bb\u00bb el_class=\u00bbproduct-copy-description mb-0&#8243;]Descubra el poder transformador de la microdosis con nuestra gu\u00eda completa, dise\u00f1ada tanto para principiantes como para exploradores experimentados. Este recurso esencial profundiza en la ciencia detr\u00e1s de la microdosis, explicando c\u00f3mo puede mejorar la creatividad, la concentraci\u00f3n y el bienestar general. <\/p>\n<p>Aprender\u00e1 protocolos paso a paso, descubrir\u00e1 consejos para encontrar su dosis \u00f3ptima y explorar\u00e1 los beneficios de integrar la microdosis en su rutina diaria. Tambi\u00e9n abordamos los posibles desaf\u00edos y c\u00f3mo superarlos, asegur\u00e1ndole que tiene todas las herramientas necesarias para un viaje exitoso. Ya sea que busque aumentar la productividad, gestionar el estr\u00e9s o profundizar en su autoconciencia, nuestra gu\u00eda le ser\u00e1 de gran ayuda.[\/vc_column_text][vc_column_text css=\u00bb\u00bb]                <div class=\"ml-embedded\" data-form=\"tcAR2l\"><\/div>\n            [\/vc_column_text][\/vc_column_inner][\/vc_row_inner][\/vc_column][\/vc_row][vc_row el_class=\u00bbmove-next-section\u00bb][vc_column el_class=\u00bbcontainer\u00bb][vc_btn title=\u00bbLeer m\u00e1s\u00bb style=\u00bbflat\u00bb color=\u00bbblack\u00bb css=\u00bb\u00bb link=\u00bburl:%23more|\u00bb el_class=\u00bbdiscover-more\u00bb][\/vc_column][\/vc_row][\/vc_section][vc_section full_width=\u00bbstretch_row_content\u00bb content_placement=\u00bbmiddle\u00bb css=\u00bb.vc_custom_1648641388106{background-image: url(https:\/\/go-microdose.com\/wp-content\/uploads\/2021\/12\/background-01.png?id=962) !important;background-position: center !important;background-repeat: no-repeat !important;background-size: cover !important;}\u00bb el_class=\u00bbeffect-main-section\u00bb el_id=\u00bbmore\u00bb][vc_row][vc_column el_class=\u00bbcontainer\u00bb][vc_row_inner content_placement=\u00bbmiddle\u00bb el_class=\u00bbrow-reverse effect-section\u00bb][vc_column_inner width=\u00bb1\/2&#8243;][vc_single_image image=\u00bb60673&#8243; img_size=\u00bbfull\u00bb css=\u00bb\u00bb el_class=\u00bbimage-with-shadow\u00bb][\/vc_column_inner][vc_column_inner width=\u00bb1\/2&#8243;][vc_custom_heading text=\u00bbEl documento\u00bb font_container=\u00bbtag:h3|text_align:left|color:%23696764&#8243; use_theme_fonts=\u00bbyes\u00bb css=\u00bb\u00bb][vc_custom_heading text=\u00bbToda la informaci\u00f3n necesaria\u00bb font_container=\u00bbtag:h2|text_align:left|color:%23000000&#8243; use_theme_fonts=\u00bbyes\u00bb css=\u00bb\u00bb el_class=\u00bbeffect-title\u00bb][vc_column_text css=\u00bb\u00bb el_class=\u00bbeffect-description\u00bb]Lo que encontrar\u00e1 dentro:<\/p>\n<ul>\n<li><strong>Introducci\u00f3n a la microdosis:<\/strong> Descubra qu\u00e9 es la microdosis y c\u00f3mo funciona para mejorar la claridad mental, la creatividad y el bienestar emocional.<\/li>\n<li><strong>Beneficios y riesgos potenciales:<\/strong> Obtenga informaci\u00f3n sobre las ventajas y posibles desventajas, ofreciendo una visi\u00f3n equilibrada para ayudarle a tomar decisiones informadas.<\/li>\n<li><strong>Encontrar su punto \u00f3ptimo:<\/strong> Aprenda a adaptar la dosis a sus necesidades \u00fanicas, asegurando resultados \u00f3ptimos con un riesgo m\u00ednimo.<\/li>\n<li><strong>Protocolos diarios:<\/strong> Siga gu\u00edas paso a paso tanto para principiantes como para usuarios avanzados, dise\u00f1adas para integrar la microdosis sin problemas en su rutina.<\/li>\n<li><strong>Consejos para llevar un diario e integrar:<\/strong> Consejos pr\u00e1cticos sobre c\u00f3mo registrar e integrar los beneficios de la microdosis en su vida.<\/li>\n<li><strong>Seguridad y mejores pr\u00e1cticas:<\/strong> Pautas esenciales para garantizar una experiencia de microdosis segura y efectiva.<\/li>\n<li><strong>Preguntas frecuentes:<\/strong> Respuestas a consultas comunes, abordando desde la legalidad hasta los posibles efectos secundarios.<\/li>\n<\/ul>\n<p>[\/vc_column_text][\/vc_column_inner][\/vc_row_inner][\/vc_column][\/vc_row][\/vc_section]<\/p>\n<\/div>","protected":false},"excerpt":{"rendered":"<p>[vc_section full_width=\u00bbstretch_row_content\u00bb full_height=\u00bbyes\u00bb content_placement=\u00bbmiddle\u00bb el_class=\u00bbbutton-section product-copy-page\u00bb css=\u00bb.vc_custom_1640248080539{padding-bottom: 0px !important;}\u00bb][vc_row full_height=\u00bbyes\u00bb css_animation=\u00bbnone\u00bb][vc_column el_class=\u00bbcontainer\u00bb][vc_row_inner content_placement=\u00bbmiddle\u00bb el_class=\u00bbrow-reverse s-magazine-banner\u00bb][vc_column_inner width=\u00bb1\/2&#8243;][vc_single_image image=\u00bb56287&#8243; img_size=\u00bbfull\u00bb css=\u00bb\u00bb][\/vc_column_inner][vc_column_inner el_class=\u00bbabout-text-column\u00bb width=\u00bb1\/2&#8243;][vc_custom_heading text=\u00bbSu gu\u00eda\u00bb font_container=\u00bbtag:h5|text_align:left\u00bb use_theme_fonts=\u00bbyes\u00bb css=\u00bb\u00bb el_class=\u00bbpr-tag\u00bb][vc_custom_heading text=\u00bbLa gu\u00eda completa de microdosis\u00bb font_container=\u00bbtag:h2|text_align:left|color:%23000000&#8243; use_theme_fonts=\u00bbyes\u00bb css=\u00bb\u00bb][vc_column_text css=\u00bb\u00bb el_class=\u00bbproduct-copy-description mb-0&#8243;]Descubra el poder transformador de la microdosis con nuestra gu\u00eda completa, dise\u00f1ada tanto para principiantes como para exploradores [&hellip;]<\/p>\n","protected":false},"author":5548,"featured_media":0,"parent":0,"menu_order":0,"comment_status":"closed","ping_status":"closed","template":"","meta":{"_acf_changed":false,"footnotes":""},"class_list":["post-60671","page","type-page","status-publish","hentry"],"acf":[],"_links":{"self":[{"href":"https:\/\/go-microdose.com\/es\/wp-json\/wp\/v2\/pages\/60671","targetHints":{"allow":["GET"]}}],"collection":[{"href":"https:\/\/go-microdose.com\/es\/wp-json\/wp\/v2\/pages"}],"about":[{"href":"https:\/\/go-microdose.com\/es\/wp-json\/wp\/v2\/types\/page"}],"author":[{"embeddable":true,"href":"https:\/\/go-microdose.com\/es\/wp-json\/wp\/v2\/users\/5548"}],"replies":[{"embeddable":true,"href":"https:\/\/go-microdose.com\/es\/wp-json\/wp\/v2\/comments?post=60671"}],"version-history":[{"count":0,"href":"https:\/\/go-microdose.com\/es\/wp-json\/wp\/v2\/pages\/60671\/revisions"}],"wp:attachment":[{"href":"https:\/\/go-microdose.com\/es\/wp-json\/wp\/v2\/media?parent=60671"}],"curies":[{"name":"wp","href":"https:\/\/api.w.org\/{rel}","templated":true}]}}