{"id":63270,"date":"2026-03-26T08:12:39","date_gmt":"2026-03-26T07:12:39","guid":{"rendered":"https:\/\/go-microdose.com\/estado-del-pedido-en-el-reino-unido\/"},"modified":"2026-03-26T08:13:55","modified_gmt":"2026-03-26T07:13:55","slug":"estado-del-pedido-en-el-reino-unido","status":"publish","type":"page","link":"https:\/\/go-microdose.com\/es\/estado-del-pedido-en-el-reino-unido\/","title":{"rendered":"Estado del pedido en el Reino Unido"},"content":{"rendered":"<div class=\"wpb-content-wrapper\"><p>[vc_section full_width=\u00bbstretch_row_content\u00bb el_class=\u00bbcontact-main-section-with-af\u00bb][vc_row el_class=\u00bbcontact-section\u00bb][vc_column el_class=\u00bbcontainer\u00bb][vc_row_inner][vc_column_inner width=\u00bb2\/3&#8243;][vc_custom_heading text=\u00bbEnv\u00edo agilizado y asesoramiento legal\u00bb font_container=\u00bbtag:h5|text_align:left\u00bb use_theme_fonts=\u00bbyes\u00bb css=\u00bb\u00bb el_class=\u00bbpr-tag\u00bb][vc_custom_heading text=\u00bbEstado del pedido en el Reino Unido\u00bb use_theme_fonts=\u00bbyes\u00bb el_class=\u00bbcontact-text\u00bb][vc_column_text css=\u00bb\u00bb el_class=\u00bbcontact-column\u00bb]<\/p>\n<div class=\"footer-social\">\n<p class=\"p1\"><b>Actualizaci\u00f3n sobre los env\u00edos al Reino Unido<\/b><b><\/b><\/p>\n<p class=\"p1\">Nos complace enormemente comunicar que nuestros procesos de env\u00edo con Deutsche Post y Royal Mail se han optimizado con \u00e9xito, proporcionando servicios de entrega m\u00e1s r\u00e1pidos y fiables al Reino Unido. Desde febrero de 2024, hemos logrado una tasa de llegada del 100% a las puertas de nuestros clientes en todos los pedidos, asegurando que nuestros env\u00edos lleguen a nuestros clientes sin problemas y a tiempo. <\/p>\n<p class=\"p1\"><b>Estado actual del env\u00edo:<\/b><b><\/b><\/p>\n<p class=\"p4\">\u2022<b>Mayor eficiencia:<\/b> Nuestra colaboraci\u00f3n con Deutsche Post y Royal Mail ha mejorado significativamente, procesando todos los pedidos de forma r\u00e1pida y eficiente. Esto ha resultado en un registro de entrega perfecto desde principios de 2024. <\/p>\n<p class=\"p4\">\u2022<b>Actualizaciones de seguimiento fiables:<\/b> Hemos mejorado la integraci\u00f3n de nuestro sistema de seguimiento, lo que le permite rastrear su pedido de forma fiable desde el env\u00edo hasta la entrega. Mant\u00e9ngase informado con actualizaciones peri\u00f3dicas y precisas visitando nuestra p\u00e1gina de seguimiento: <strong><a href=\"https:\/\/packet.deutschepost.com\/public\/packet_traceit.xhtml\" target=\"_blank\" rel=\"noopener\">Rastrear su pedido<\/a><\/strong>. <\/p>\n<p class=\"p4\">\u2022<b>Compromiso con la puntualidad:<\/b> El entorno de env\u00edo est\u00e1 en constante cambio, pero nuestra dedicaci\u00f3n a la entrega puntual se mantiene firme. Optimizamos continuamente cada paso del proceso de entrega para garantizar la eficiencia y la fiabilidad. <\/p>\n<p class=\"p1\"><b>Consideraciones legales:<\/b><b><\/b><\/p>\n<p class=\"p1\">Antes de realizar un pedido, le animamos a revisar el estatus legal de las trufas en su zona. Para obtener informaci\u00f3n detallada sobre el estatus legal de nuestros productos, visite: <a href=\"https:\/\/go-microdose.com\/legal-status-of-truffles\/\"><strong>Estatus legal de las trufas<\/strong><\/a>. Es importante estar bien informado para tomar decisiones con respecto a sus compras.  <\/p>\n<p class=\"p1\">Comprendemos la importancia de la entrega puntual y nos comprometemos a que su experiencia con nosotros sea lo m\u00e1s fluida y satisfactoria posible. Si se produjera alg\u00fan retraso inesperado, nos comprometemos a mantenerle informado y a tomar medidas proactivas para resolver cualquier problema. <\/p>\n<p class=\"p1\">Gracias por su continua confianza en GO Microdose. Nuestro equipo est\u00e1 siempre a su disposici\u00f3n para ayudarle con cualquier pregunta o inquietud. No dude en ponerse en contacto con nosotros en cualquier momento. Esperamos poder servirle y garantizar su satisfacci\u00f3n con cada pedido.   <\/p>\n<p class=\"p1\"><b>Equipo GO Microdose<\/b><b><\/b><\/p>\n<\/div>\n<p>[\/vc_column_text][\/vc_column_inner][vc_column_inner width=\u00bb1\/3&#8243;][\/vc_column_inner][\/vc_row_inner][\/vc_column][\/vc_row][\/vc_section]<\/p>\n<\/div>","protected":false},"excerpt":{"rendered":"<p>[vc_section full_width=\u00bbstretch_row_content\u00bb el_class=\u00bbcontact-main-section-with-af\u00bb][vc_row el_class=\u00bbcontact-section\u00bb][vc_column el_class=\u00bbcontainer\u00bb][vc_row_inner][vc_column_inner width=\u00bb2\/3&#8243;][vc_custom_heading text=\u00bbEnv\u00edo agilizado y asesoramiento legal\u00bb font_container=\u00bbtag:h5|text_align:left\u00bb use_theme_fonts=\u00bbyes\u00bb css=\u00bb\u00bb el_class=\u00bbpr-tag\u00bb][vc_custom_heading text=\u00bbEstado del pedido en el Reino Unido\u00bb use_theme_fonts=\u00bbyes\u00bb el_class=\u00bbcontact-text\u00bb][vc_column_text css=\u00bb\u00bb el_class=\u00bbcontact-column\u00bb] Actualizaci\u00f3n sobre los env\u00edos al Reino Unido Nos complace enormemente comunicar que nuestros procesos de env\u00edo con Deutsche Post y Royal Mail se han optimizado con \u00e9xito, proporcionando servicios [&hellip;]<\/p>\n","protected":false},"author":5548,"featured_media":0,"parent":0,"menu_order":0,"comment_status":"closed","ping_status":"closed","template":"","meta":{"_acf_changed":false,"footnotes":""},"class_list":["post-63270","page","type-page","status-publish","hentry"],"acf":[],"_links":{"self":[{"href":"https:\/\/go-microdose.com\/es\/wp-json\/wp\/v2\/pages\/63270","targetHints":{"allow":["GET"]}}],"collection":[{"href":"https:\/\/go-microdose.com\/es\/wp-json\/wp\/v2\/pages"}],"about":[{"href":"https:\/\/go-microdose.com\/es\/wp-json\/wp\/v2\/types\/page"}],"author":[{"embeddable":true,"href":"https:\/\/go-microdose.com\/es\/wp-json\/wp\/v2\/users\/5548"}],"replies":[{"embeddable":true,"href":"https:\/\/go-microdose.com\/es\/wp-json\/wp\/v2\/comments?post=63270"}],"version-history":[{"count":0,"href":"https:\/\/go-microdose.com\/es\/wp-json\/wp\/v2\/pages\/63270\/revisions"}],"wp:attachment":[{"href":"https:\/\/go-microdose.com\/es\/wp-json\/wp\/v2\/media?parent=63270"}],"curies":[{"name":"wp","href":"https:\/\/api.w.org\/{rel}","templated":true}]}}