{"id":63331,"date":"2026-03-26T08:14:26","date_gmt":"2026-03-26T07:14:26","guid":{"rendered":"https:\/\/go-microdose.com\/envio\/alemania\/"},"modified":"2026-03-26T08:14:40","modified_gmt":"2026-03-26T07:14:40","slug":"alemania","status":"publish","type":"page","link":"https:\/\/go-microdose.com\/es\/envio\/alemania\/","title":{"rendered":"Alemania"},"content":{"rendered":"<div class=\"wpb-content-wrapper\"><p>[vc_row][vc_column width=\u00bb1\/2&#8243;][vc_btn title=\u00bbVolver al resumen de env\u00edos\u00bb css=\u00bb\u00bb link=\u00bburl:https%3A%2F%2Fgo-microdose.com%2Fes%2Fenvio%2F|title:Env%C3%ADo|\u00bb el_class=\u00bbbutton-back\u00bb][\/vc_column][vc_column width=\u00bb1\/2&#8243;][\/vc_column][\/vc_row][vc_row el_class=\u00bbpb-40&#8243;][vc_column width=\u00bb1\/2&#8243; el_class=\u00bbpr-80&#8243;][vc_custom_heading text=\u00bbEnv\u00edo a Alemania\u00bb font_container=\u00bbtag:h1|text_align:left\u00bb use_theme_fonts=\u00bbyes\u00bb css=\u00bb\u00bb el_class=\u00bbeffect-title\u00bb][vc_custom_heading text=\u00bbSetas m\u00e1gicas, trufas, microdosificaci\u00f3n y m\u00e1s&#8230;\u00bb use_theme_fonts=\u00bbyes\u00bb el_class=\u00bbh3&#8243;][vc_column_text css=\u00bb\u00bb]<\/p>\n<p class=\"p1\">\u00a1S\u00ed! \u00a1Enviamos todos nuestros productos a Alemania! <\/p>\n<p class=\"p1\">Todas las trufas, tiras de microdosificaci\u00f3n y kits de cultivo se env\u00edan desde \u00c1msterdam y suelen llegar en un plazo de 3 a 5 d\u00edas laborables. Los pedidos m\u00e1s peque\u00f1os suelen caber en el buz\u00f3n, lo que hace que la entrega sea sencilla y c\u00f3moda. Los art\u00edculos m\u00e1s grandes, como los kits de cultivo, requieren un env\u00edo de paquete est\u00e1ndar.  <\/p>\n<p class=\"p1\">Nuestro env\u00edo es discreto, fiable y r\u00e1pido, lo que garantiza entregas satisfactorias en toda Alemania. Tanto si se microdosifica para obtener claridad mental como si se planea un viaje con trufas, tenemos las opciones adecuadas para usted. <\/p>\n<p class=\"p1\">Nuestros productos se env\u00edan legalmente dentro de la UE bajo el principio de reconocimiento mutuo de mercanc\u00edas. Puede encontrar m\u00e1s detalles a continuaci\u00f3n en \u00ab\u00bfCu\u00e1l es la situaci\u00f3n legal en mi pa\u00eds?\u00bb. <\/p>\n<p class=\"p1\">\u00a1Consulte las opciones de env\u00edo y los plazos de entrega a continuaci\u00f3n!<\/p>\n<p>[\/vc_column_text][\/vc_column][vc_column width=\u00bb1\/2&#8243; el_class=\u00bbs-white-box\u00bb][vc_custom_heading text=\u00bbSeguimiento y localizaci\u00f3n\u00bb font_container=\u00bbtag:h3|text_align:left\u00bb use_theme_fonts=\u00bbyes\u00bb][vc_column_text]Utilice su c\u00f3digo de seguimiento y no su n\u00famero de pedido.[\/vc_column_text][vc_btn title=\u00bbSeguimiento de PostNL\u00bb css=\u00bb\u00bb link=\u00bburl:https%3A%2F%2Ftracking.postnl.nl%2Ftrack-and-trace%2F|target:_blank|\u00bb][vc_btn title=\u00bbSeguimiento de DHL\u00bb css=\u00bb\u00bb link=\u00bburl:https%3A%2F%2Fwww.dhl.com%2Fnl-nl%2Fhome%2Ftraceren.html|target:_blank|\u00bb][\/vc_column][\/vc_row][vc_row el_class=\u00bbpb-80&#8243;][vc_column][vc_custom_heading text=\u00bbm\u00e1s informaci\u00f3n\u00bb font_container=\u00bbtag:div|text_align:left\u00bb use_theme_fonts=\u00bbyes\u00bb el_class=\u00bbpr-tag\u00bb][vc_tta_accordion style=\u00bbflat\u00bb shape=\u00bbsquare\u00bb color=\u00bbwhite\u00bb c_icon=\u00bb\u00bb active_section=\u00bb100&#8243; no_fill=\u00bbtrue\u00bb collapsible_all=\u00bbtrue\u00bb title=\u00bbInformaci\u00f3n de env\u00edo\u00bb][vc_tta_section title=\u00bb\u00bfCu\u00e1l es la situaci\u00f3n legal en mi pa\u00eds?\u00bb tab_id=\u00bb1737187665466-5703fda6-be48&#8243;][vc_column_text css=\u00bb\u00bb]<\/p>\n<p class=\"p1\">El env\u00edo a Alemania es completamente legal seg\u00fan la legislaci\u00f3n de la UE. El reconocimiento mutuo de mercanc\u00edas garantiza que cualquier producto vendido legalmente en un pa\u00eds de la UE pueda enviarse a otro. Dado que las trufas m\u00e1gicas son legales en los Pa\u00edses Bajos, podemos enviarlas a Alemania sin restricciones.  <\/p>\n<p class=\"p1\">Para m\u00e1s informaci\u00f3n, visite:<\/p>\n<p class=\"p1\">  <a href=\"https:\/\/single-market-economy.ec.europa.eu\/single-market\/goods\/free-movement-sectors\/mutual-recognition-goods_en\" target=\"_blank\" rel=\"noopener\"><span class=\"s1\">Reconocimiento mutuo de mercanc\u00edas \u2013 Comisi\u00f3n Europea<\/span><\/a><\/p>\n<p class=\"p1\">Para obtener una explicaci\u00f3n detallada del marco legal, los riesgos potenciales y detalles importantes, visite la siguiente p\u00e1gina:<\/p>\n<p class=\"p1\"><span class=\"s2\"> <\/span> <a href=\"https:\/\/go-microdose.com\/legal-status-of-truffles\/\"><span class=\"s1\">Situaci\u00f3n legal<\/span><\/a><\/p>\n<p>[\/vc_column_text][\/vc_tta_section][vc_tta_section title=\u00bb\u00bfQu\u00e9 productos pueden enviar a mi pa\u00eds?\u00bb tab_id=\u00bb1737187665459-72042fcd-1c33&#8243;][vc_column_text css=\u00bb\u00bb]<\/p>\n<p class=\"p1\">Enviamos todos nuestros productos directamente desde \u00c1msterdam a Alemania, con una entrega r\u00e1pida y discreta en 3-5 d\u00edas laborables.<\/p>\n<p class=\"p1\"><span class=\"s1\">\u2714<\/span> Embalaje seguro para mantener la frescura<br \/>\n<span class=\"s1\">\u2714<\/span> Env\u00edo fiable y con seguimiento<br \/>\n<span class=\"s1\">\u2714<\/span> Proceso de pedido sencillo<\/p>\n<p class=\"p1\">\u00a1Comience su experiencia de microdosificaci\u00f3n hoy mismo!<\/p>\n<p>[\/vc_column_text][\/vc_tta_section][vc_tta_section title=\u00bb\u00bfCu\u00e1nto tarda el env\u00edo?\u00bb tab_id=\u00bb1737188614232-01a47c52-44d4&#8243;][vc_column_text css=\u00bb\u00bb]<\/p>\n<p class=\"p1\">Enviamos todos los pedidos a Alemania directamente desde \u00c1msterdam, con un tiempo de entrega estimado de 3 a 5 d\u00edas laborables.<\/p>\n<p>[\/vc_column_text][\/vc_tta_section][vc_tta_section title=\u00bb\u00bfD\u00f3nde puedo realizar el seguimiento de mi pedido?\u00bb tab_id=\u00bb1737188637035-b7eae861-e627&#8243;][vc_column_text css=\u00bb\u00bb]<\/p>\n<p class=\"p1\">Una vez que su pedido haya sido enviado, recibir\u00e1 un <span class=\"s1\">enlace de seguimiento<\/span> por correo electr\u00f3nico. Puede utilizar este enlace para seguir el trayecto de su paquete. <\/p>\n<p class=\"p1\">Si necesita realizar el seguimiento de su pedido manualmente, utilice uno de los siguientes enlaces e introduzca su c\u00f3digo de seguimiento:<br \/>\n  <span class=\"s1\"><b>PostNL<\/b><\/span>: <a href=\"https:\/\/tracking.postnl.nl\/track-and-trace\/\" target=\"_blank\" rel=\"noopener\">Siga su pedido aqu\u00ed<\/a><br \/>\n  <span class=\"s1\"><b>DHL<\/b><\/span>: <a href=\"https:\/\/www.dhl.com\/nl-nl\/home\/traceren.html\" target=\"_blank\" rel=\"noopener\">Siga su pedido aqu\u00ed<\/a><\/p>\n<p class=\"p1\">Si experimenta alg\u00fan problema con el seguimiento, espere un tiempo para que se realicen las actualizaciones o p\u00f3ngase en contacto directamente con el proveedor de transporte.<\/p>\n<p>[\/vc_column_text][\/vc_tta_section][vc_tta_section title=\u00bb\u00bfCu\u00e1les son los costes y m\u00e9todos de env\u00edo?\u00bb tab_id=\u00bb1737188651466-1dfecdda-bebe\u00bb][vc_column_text css=\u00bb\u00bb]<\/p>\n<p class=\"p3\">Ofrecemos m\u00faltiples opciones de env\u00edo a Alemania para garantizar una entrega r\u00e1pida y fiable. Elija el m\u00e9todo que mejor se adapte a sus necesidades: <\/p>\n<p class=\"p4\"><span class=\"s1\">  <\/span>Paquete para buz\u00f3n (seguimiento y localizaci\u00f3n):<span class=\"s1\"> 8,98 \u20ac<br \/>\n<\/span><span class=\"s1\">  <\/span>Paquete certificado (seguimiento + firma requerida):<span class=\"s1\"> 15,01 \u20ac<br \/>\n<\/span><span class=\"s1\">  <\/span>Paquete DHL (seguimiento y localizaci\u00f3n):<span class=\"s1\"> 19 \u20ac<\/span><\/p>\n<p class=\"p4\"><span class=\"s1\">  <\/span>Opci\u00f3n de env\u00edo discreto:<span class=\"s1\"> +1,95 \u20ac<br \/>\n<\/span>\u00bfDesea privacidad adicional? Seleccione nuestra opci\u00f3n de env\u00edo discreto al finalizar la compra para obtener un embalaje sin marca con etiquetado gen\u00e9rico. <\/p>\n<p class=\"p3\">Todos los pedidos se env\u00edan desde <span class=\"s2\">\u00c1msterdam<\/span> y suelen llegar <span class=\"s2\">en un plazo de 3 a 5 d\u00edas laborables<\/span>. Se le proporcionar\u00e1n los detalles de seguimiento una vez que su pedido haya sido enviado. <\/p>\n<p>[\/vc_column_text][\/vc_tta_section][vc_tta_section title=\u00bb\u00bfC\u00f3mo puedo pagar mi pedido?\u00bb tab_id=\u00bb1739569614085-b2259a37-6ad1&#8243;][vc_column_text css=\u00bb\u00bb]<\/p>\n<p class=\"p1\">Ofrecemos una variedad de m\u00e9todos de pago seguros y c\u00f3modos para los pedidos a Alemania:<\/p>\n<ul>\n<li>Tarjeta (cr\u00e9dito\/d\u00e9bito)<\/li>\n<li>PayPal<\/li>\n<li>Revolut<\/li>\n<li>iDEAL<\/li>\n<li>Criptomonedas<\/li>\n<li>Przelewy24<\/li>\n<li>Bancontact<\/li>\n<li>Transferencia bancaria SEPA<\/li>\n<li>Online \u00dcberweisen<\/li>\n<li><span class=\"s1\">Sofortbanking<\/span><\/li>\n<li>Transferencias bancarias manuales<\/li>\n<\/ul>\n<p class=\"p1\">Todos los pagos se procesan de forma segura y sus datos est\u00e1n protegidos. Recibir\u00e1 una confirmaci\u00f3n del pedido tan pronto como se complete su pago. <\/p>\n<p>[\/vc_column_text][\/vc_tta_section][vc_tta_section title=\u00bbGarant\u00eda y reclamaciones\u00bb tab_id=\u00bb1739569639087-ce3e2607-c5c5&#8243;][vc_column_text css=\u00bb\u00bb]<\/p>\n<p class=\"p1\">Ponemos gran cuidado en asegurar que nuestros productos le lleguen en \u00f3ptimas condiciones. No obstante, si recibe un art\u00edculo da\u00f1ado durante el transporte o con otro defecto, puede tener derecho a una reclamaci\u00f3n de garant\u00eda. <\/p>\n<p class=\"p3\"><b>Reclamaciones de garant\u00eda<br \/>\n<\/b><b><\/b>Si descubre un problema con su pedido, p\u00f3ngase en contacto con nosotros en un plazo razonable, idealmente dentro de <span class=\"s1\">1 d\u00eda<\/span> tras recibir su paquete. Evaluaremos la situaci\u00f3n y determinaremos la mejor soluci\u00f3n. <\/p>\n<p class=\"p3\"><b>Reclamaciones<br \/>\n<\/b><b><\/b>Si algo no sale como esperaba, estamos aqu\u00ed para ayudarle. P\u00f3ngase en contacto con nosotros en <span class=\"s1\">info@go-microdose.com<\/span> y haremos todo lo posible para resolver el problema. <\/p>\n<p>[\/vc_column_text][\/vc_tta_section][vc_tta_section title=\u00bbDevoluciones\u00bb tab_id=\u00bb1737188666632-9ee3fe40-4609&#8243;][vc_column_text css=\u00bb\u00bb]<\/p>\n<p class=\"p1\">Debido a la naturaleza de nuestros productos, <span class=\"s1\"><b>no es posible realizar devoluciones<\/b><\/span>. Nuestras trufas y otros productos frescos tienen una <span class=\"s1\">vida \u00fatil limitada de aproximadamente 2 meses<\/span>, lo que significa que no pueden volver a venderse tras ser devueltos. Esta pol\u00edtica garantiza que todos los clientes reciban productos frescos y de alta calidad.  <\/p>\n<p class=\"p3\"><b>Pol\u00edtica de cambios<br \/>\n<\/b><b><\/b>Si desea cambiar un producto, p\u00f3ngase en contacto con nosotros en <span class=\"s1\">info@go-microdose.com<\/span>. Aunque los cambios pueden ser posibles para ciertos art\u00edculos no perecederos, <span class=\"s1\">los clientes son responsables de los gastos de env\u00edo de la devoluci\u00f3n<\/span>. <\/p>\n<p class=\"p3\"><b>Direcci\u00f3n de entrega incorrecta<br \/>\n<\/b><b><\/b>Si ha proporcionado una direcci\u00f3n de env\u00edo incorrecta, p\u00f3ngase en contacto con nosotros lo antes posible. Intentaremos actualizar su pedido antes de que sea enviado. Sin embargo, una vez que el pedido ha sido despachado, ya no es posible realizar cambios.  <\/p>\n<p>[\/vc_column_text][\/vc_tta_section][vc_tta_section title=\u00bbContacto\u00bb tab_id=\u00bb1737188682135-ea9d8e7b-ed3c\u00bb][vc_column_text css=\u00bb\u00bb]Hacemos todo lo posible por usted como cliente. Esto significa que puede contactarnos f\u00e1cilmente.<br \/>\nSi tiene alguna pregunta sobre cualquiera de estos puntos, puede localizarnos utilizando la siguiente informaci\u00f3n: <\/p>\n<p><strong>GO-Microdose.com<\/strong><br \/>\nCorreo: <a href=\"mailto:info@go-microdose.com\">info@go-microdose.com<\/a><br \/>\nEl nombre comercial de nuestra empresa es: GK Health B.V.<br \/>\nNuestro nombre de dominio es GO-Microdose.com<br \/>\nNuestra direcci\u00f3n postal: Joop Geesinkweg 601, 1114AB \u00c1msterdam<br \/>\nC\u00e1mara de Comercio: 87887274<br \/>\nIVA: NL864437584B01[\/vc_column_text][\/vc_tta_section][\/vc_tta_accordion][\/vc_column][\/vc_row][vc_row el_class=\u00bbpb-220&#8243;][vc_column width=\u00bb1\/2&#8243;][vc_custom_heading text=\u00bbcontacto\u00bb font_container=\u00bbtag:div|text_align:left\u00bb use_theme_fonts=\u00bbyes\u00bb el_class=\u00bbpr-tag\u00bb][vc_custom_heading text=\u00bb\u00bfPreguntas o comentarios?\u00bb use_theme_fonts=\u00bbyes\u00bb]\n<div class=\"wpcf7 no-js\" id=\"wpcf7-f57946-o1\" lang=\"es-ES\" dir=\"ltr\" data-wpcf7-id=\"57946\">\n<div class=\"screen-reader-response\"><p role=\"status\" aria-live=\"polite\" aria-atomic=\"true\"><\/p> <ul><\/ul><\/div>\n<form action=\"\/es\/wp-json\/wp\/v2\/pages\/63331#wpcf7-f57946-o1\" method=\"post\" class=\"wpcf7-form init\" aria-label=\"Formulario de contacto\" novalidate=\"novalidate\" data-status=\"init\">\n<fieldset class=\"hidden-fields-container\"><input type=\"hidden\" name=\"_wpcf7\" value=\"57946\" \/><input type=\"hidden\" name=\"_wpcf7_version\" value=\"6.1.5\" \/><input type=\"hidden\" name=\"_wpcf7_locale\" value=\"es_ES\" \/><input type=\"hidden\" name=\"_wpcf7_unit_tag\" value=\"wpcf7-f57946-o1\" \/><input type=\"hidden\" name=\"_wpcf7_container_post\" value=\"0\" \/><input type=\"hidden\" name=\"_wpcf7_posted_data_hash\" value=\"\" \/><input type=\"hidden\" name=\"_wpcf7_recaptcha_response\" value=\"\" \/>\n<\/fieldset>\n<div class=\"contact-form\">\n\t<div class=\"form-row\">\n\t\t<p><span class=\"wpcf7-form-control-wrap\" data-name=\"Naam\"><input size=\"40\" maxlength=\"400\" class=\"wpcf7-form-control wpcf7-text form-field\" aria-invalid=\"false\" placeholder=\"Nombre\" value=\"\" type=\"text\" name=\"Naam\" \/><\/span>\n\t\t<\/p>\n\t<\/div>\n\t<div class=\"form-row\">\n\t\t<p><span class=\"wpcf7-form-control-wrap\" data-name=\"Email\"><input size=\"40\" maxlength=\"400\" class=\"wpcf7-form-control wpcf7-email wpcf7-validates-as-required wpcf7-text wpcf7-validates-as-email form-field\" aria-required=\"true\" aria-invalid=\"false\" placeholder=\"Correo electr\u00f3nico\" value=\"\" type=\"email\" name=\"Email\" \/><\/span>\n\t\t<\/p>\n\t<\/div>\n\t<div class=\"form-row\">\n\t\t<p><span class=\"wpcf7-form-control-wrap\" data-name=\"your-message\"><textarea cols=\"40\" rows=\"10\" maxlength=\"2000\" class=\"wpcf7-form-control wpcf7-textarea form-field\" aria-invalid=\"false\" placeholder=\"Pregunta o comentario\u2026\" name=\"your-message\"><\/textarea><\/span>\n\t\t<\/p>\n\t<\/div>\n\t<div class=\"form-row checkbox\">\n\t\t<p><span class=\"wpcf7-form-control-wrap\" data-name=\"agree\"><span class=\"wpcf7-form-control wpcf7-acceptance\"><span class=\"wpcf7-list-item\"><label><input type=\"checkbox\" name=\"agree\" value=\"1\" aria-invalid=\"false\" \/><span class=\"wpcf7-list-item-label\">Acepto el <a href=\"\/privacy-policy\/\" target=\"_blank\"> aviso de privacidad<\/a><\/span><\/label><\/span><\/span><\/span>\n\t\t<\/p>\n\t<\/div>\n\t<div class=\"form-row\">\n\t<span class=\"wpcf7-form-control-wrap recaptcha\" data-name=\"recaptcha\"><span data-sitekey=\"6LcxYnAUAAAAAK0N-eell9CfBJrJukJ8yVIG3u5S\" class=\"wpcf7-form-control wpcf7-recaptcha g-recaptcha\"><\/span>\r\n<noscript>\r\n\t<div class=\"grecaptcha-noscript\">\r\n\t\t<iframe src=\"https:\/\/www.google.com\/recaptcha\/api\/fallback?k=6LcxYnAUAAAAAK0N-eell9CfBJrJukJ8yVIG3u5S\" frameborder=\"0\" scrolling=\"no\" width=\"310\" height=\"430\">\r\n\t\t<\/iframe>\r\n\t\t<textarea name=\"g-recaptcha-response\" rows=\"3\" cols=\"40\" placeholder=\"Aqu\u00ed la respuesta de reCAPTCHA\">\r\n\t\t<\/textarea>\r\n\t<\/div>\r\n<\/noscript>\r\n<\/span>\n\t<\/div>\n\t<div class=\"form-row submit\">\n\t\t<p><button class=\"button vc_btn3-style-modern\"><input class=\"wpcf7-form-control wpcf7-submit has-spinner\" type=\"submit\" value=\"Enviar\" \/><\/button>\n\t\t<\/p>\n\t<\/div>\n<\/div><div class=\"wpcf7-response-output\" aria-hidden=\"true\"><\/div>\n<\/form>\n<\/div>\n[\/vc_column][vc_column width=\u00bb1\/2&#8243;][\/vc_column][\/vc_row]<\/p>\n<\/div>","protected":false},"excerpt":{"rendered":"<p>[vc_row][vc_column width=\u00bb1\/2&#8243;][vc_btn title=\u00bbVolver al resumen de env\u00edos\u00bb css=\u00bb\u00bb link=\u00bburl:https%3A%2F%2Fgo-microdose.com%2Fes%2Fenvio%2F|title:Env%C3%ADo|\u00bb el_class=\u00bbbutton-back\u00bb][\/vc_column][vc_column width=\u00bb1\/2&#8243;][\/vc_column][\/vc_row][vc_row el_class=\u00bbpb-40&#8243;][vc_column width=\u00bb1\/2&#8243; el_class=\u00bbpr-80&#8243;][vc_custom_heading text=\u00bbEnv\u00edo a Alemania\u00bb font_container=\u00bbtag:h1|text_align:left\u00bb use_theme_fonts=\u00bbyes\u00bb css=\u00bb\u00bb el_class=\u00bbeffect-title\u00bb][vc_custom_heading text=\u00bbSetas m\u00e1gicas, trufas, microdosificaci\u00f3n y m\u00e1s&#8230;\u00bb use_theme_fonts=\u00bbyes\u00bb el_class=\u00bbh3&#8243;][vc_column_text css=\u00bb\u00bb] \u00a1S\u00ed! \u00a1Enviamos todos nuestros productos a Alemania! Todas las trufas, tiras de microdosificaci\u00f3n y kits de cultivo se env\u00edan desde \u00c1msterdam y suelen llegar en [&hellip;]<\/p>\n","protected":false},"author":5548,"featured_media":0,"parent":56799,"menu_order":0,"comment_status":"open","ping_status":"open","template":"","meta":{"_acf_changed":false,"footnotes":""},"class_list":["post-63331","page","type-page","status-publish","hentry"],"acf":[],"_links":{"self":[{"href":"https:\/\/go-microdose.com\/es\/wp-json\/wp\/v2\/pages\/63331","targetHints":{"allow":["GET"]}}],"collection":[{"href":"https:\/\/go-microdose.com\/es\/wp-json\/wp\/v2\/pages"}],"about":[{"href":"https:\/\/go-microdose.com\/es\/wp-json\/wp\/v2\/types\/page"}],"author":[{"embeddable":true,"href":"https:\/\/go-microdose.com\/es\/wp-json\/wp\/v2\/users\/5548"}],"replies":[{"embeddable":true,"href":"https:\/\/go-microdose.com\/es\/wp-json\/wp\/v2\/comments?post=63331"}],"version-history":[{"count":0,"href":"https:\/\/go-microdose.com\/es\/wp-json\/wp\/v2\/pages\/63331\/revisions"}],"up":[{"embeddable":true,"href":"https:\/\/go-microdose.com\/es\/wp-json\/wp\/v2\/pages\/56799"}],"wp:attachment":[{"href":"https:\/\/go-microdose.com\/es\/wp-json\/wp\/v2\/media?parent=63331"}],"curies":[{"name":"wp","href":"https:\/\/api.w.org\/{rel}","templated":true}]}}