{"id":57384,"date":"2023-11-08T09:59:11","date_gmt":"2023-11-08T09:59:11","guid":{"rendered":"https:\/\/go-microdose.com\/product\/bolsa-de-gel-de-silice\/"},"modified":"2026-04-06T07:53:27","modified_gmt":"2026-04-06T05:53:27","slug":"bolsa-de-gel-de-silice","status":"publish","type":"product","link":"https:\/\/go-microdose.com\/es\/producto\/bolsa-de-gel-de-silice\/","title":{"rendered":"Bolsa de gel de s\u00edlice"},"content":{"rendered":"<div class=\"wpb-content-wrapper\"><p>[vc_row][vc_column][vc_column_text]El gel de s\u00edlice, el h\u00e9roe silencioso del control de la humedad, ya est\u00e1 disponible en una bolsita compacta de 5 g, con el tama\u00f1o perfecto para acompa\u00f1ar el almacenamiento de sus setas y trufas. Estas peque\u00f1as potencias est\u00e1n dise\u00f1adas para mantener la frescura al absorber la humedad no deseada que puede comprometer la integridad de sus tesoros bot\u00e1nicos. Con unas medidas de apenas 58 x 47 x 3 mm, estas bolsitas reutilizables son las guardianas de la potencia, garantizando que cada experiencia con su cosecha casera sea tal y como la naturaleza la concibi\u00f3.  <\/p>\n<p>Pensando en el herbolario y el cultivador avanzados, entendemos la importancia de mantener el entorno seco perfecto para su valiosa cosecha. Nuestras bolsitas de gel de s\u00edlice son la armadura contra los enemigos habituales del moho y la descomposici\u00f3n, y ofrecen una soluci\u00f3n sencilla pero eficaz para prolongar la vida \u00fatil de sus productos. Tanto si guarda su cosecha para uso personal como si la comparte con conocedores de las mejores hierbas, la integridad de sus productos se mantiene intacta.  <\/p>\n<p>En el \u00e1mbito del almacenamiento de productos secos, nuestras bolsitas de gel de s\u00edlice se convierten en un aliado esencial. Incorp\u00f3relas a su protocolo de almacenamiento y disfrute de la tranquilidad de saber que sus bot\u00e1nicos se conservan en su estado \u00f3ptimo, listos para cuando llegue el momento.[\/vc_column_text][\/vc_column][\/vc_row]<\/p>\n<\/div>","protected":false},"excerpt":{"rendered":"<ul>\n<li>Absorbe la humedad r\u00e1pidamente<\/li>\n<li>Protege contra la humedad<\/li>\n<li>Las bolsitas de tama\u00f1o peque\u00f1o caben f\u00e1cilmente en cualquier recipiente de almacenamiento<\/li>\n<li>Se puede secar y reutilizar<\/li>\n<li>Ideal para conservar una amplia gama de productos m\u00e1s all\u00e1 de los bot\u00e1nicos<\/li>\n<li>Al controlar la humedad, inhibe el crecimiento de moho<\/li>\n<li>Las perlas cambian de color, indicando cu\u00e1ndo es el momento de sustituir la bolsita<\/li>\n<\/ul>\n","protected":false},"featured_media":58924,"comment_status":"open","ping_status":"closed","template":"","meta":{"_acf_changed":false},"product_brand":[],"product_cat":[180],"product_tag":[],"giftcard-category":[],"class_list":{"0":"post-57384","1":"product","2":"type-product","3":"status-publish","4":"has-post-thumbnail","6":"product_cat-accesorios","8":"first","9":"instock","10":"taxable","11":"shipping-taxable","12":"purchasable","13":"product-type-simple"},"acf":[],"_links":{"self":[{"href":"https:\/\/go-microdose.com\/es\/wp-json\/wp\/v2\/product\/57384","targetHints":{"allow":["GET"]}}],"collection":[{"href":"https:\/\/go-microdose.com\/es\/wp-json\/wp\/v2\/product"}],"about":[{"href":"https:\/\/go-microdose.com\/es\/wp-json\/wp\/v2\/types\/product"}],"replies":[{"embeddable":true,"href":"https:\/\/go-microdose.com\/es\/wp-json\/wp\/v2\/comments?post=57384"}],"wp:featuredmedia":[{"embeddable":true,"href":"https:\/\/go-microdose.com\/es\/wp-json\/wp\/v2\/media\/58924"}],"wp:attachment":[{"href":"https:\/\/go-microdose.com\/es\/wp-json\/wp\/v2\/media?parent=57384"}],"wp:term":[{"taxonomy":"product_brand","embeddable":true,"href":"https:\/\/go-microdose.com\/es\/wp-json\/wp\/v2\/product_brand?post=57384"},{"taxonomy":"product_cat","embeddable":true,"href":"https:\/\/go-microdose.com\/es\/wp-json\/wp\/v2\/product_cat?post=57384"},{"taxonomy":"product_tag","embeddable":true,"href":"https:\/\/go-microdose.com\/es\/wp-json\/wp\/v2\/product_tag?post=57384"},{"taxonomy":"giftcard-category","embeddable":true,"href":"https:\/\/go-microdose.com\/es\/wp-json\/wp\/v2\/giftcard-category?post=57384"}],"curies":[{"name":"wp","href":"https:\/\/api.w.org\/{rel}","templated":true}]}}