{"id":57453,"date":"2023-11-10T05:15:50","date_gmt":"2023-11-10T05:15:50","guid":{"rendered":"https:\/\/go-microdose.com\/product\/liquido-de-cordyceps-cotae\/"},"modified":"2026-04-06T07:51:14","modified_gmt":"2026-04-06T05:51:14","slug":"liquido-de-cordyceps-cotae","status":"publish","type":"product","link":"https:\/\/go-microdose.com\/es\/producto\/liquido-de-cordyceps-cotae\/","title":{"rendered":"L\u00edquido de Cordyceps C\u014dtae"},"content":{"rendered":"<div class=\"wpb-content-wrapper\"><p>[vc_row][vc_column][vc_column_text]El extracto l\u00edquido de Cordyceps de C\u014dtae es una mezcla din\u00e1mica dise\u00f1ada para impulsar su b\u00fasqueda de energ\u00eda y resistencia. Reconocido por su uso en la medicina tradicional tibetana y china, el hongo Cordyceps militaris es un energizante natural, venerado tanto por atletas como por entusiastas de la salud. Nuestro extracto, obtenido de cordyceps cultivado de forma sostenible, ofrece una alternativa segura y potente a las variedades recolectadas en estado silvestre, minimizando el contenido de metales pesados y maximizando los beneficios para la salud.  <\/p>\n<p>Con cada gota de este extracto l\u00edquido, aprovecha el potencial del hongo para activar la energ\u00eda natural del organismo y contribuir al vigor mental. Este elixir concentrado 8:1 es su aliado en el d\u00eda a d\u00eda, ayud\u00e1ndole a afrontar retos f\u00edsicos y exigencias cognitivas con una vitalidad renovada. <\/p>\n<p>Nuestro compromiso con la calidad se refleja en nuestra elecci\u00f3n de utilizar \u00fanicamente los cuerpos fruct\u00edferos de Cordyceps militaris, garantizando un producto puro y potente, estandarizado a un m\u00ednimo del 30% de polisac\u00e1ridos. Tanto si es atleta, profesional o cualquier persona que necesite un impulso natural, el extracto l\u00edquido de Cordyceps de C\u014dtae est\u00e1 dise\u00f1ado para apoyar su estilo de vida activo y mejorar su rendimiento.[\/vc_column_text][\/vc_column][\/vc_row]<\/p>\n<\/div>","protected":false},"excerpt":{"rendered":"<p>El extracto l\u00edquido de Cordyceps de C\u014dtae es una mezcla din\u00e1mica dise\u00f1ada para impulsar su b\u00fasqueda de energ\u00eda y resistencia. Reconocido por su uso en la medicina tradicional tibetana y china, el hongo Cordyceps militaris es un energizante natural, venerado tanto por atletas como por entusiastas de la salud. Nuestro extracto, obtenido de cordyceps cultivado de forma sostenible, ofrece una alternativa segura y potente a las variedades recolectadas en estado silvestre, minimizando el contenido de metales pesados y maximizando los beneficios para la salud.  <\/p>\n<p>Con cada gota de este extracto l\u00edquido, aprovecha el potencial del hongo para activar la energ\u00eda natural del organismo y contribuir al vigor mental. Este elixir concentrado 8:1 es su aliado en el d\u00eda a d\u00eda, ayud\u00e1ndole a afrontar retos f\u00edsicos y exigencias cognitivas con una vitalidad renovada. <\/p>\n<p>Nuestro compromiso con la calidad se refleja en nuestra elecci\u00f3n de utilizar \u00fanicamente los cuerpos fruct\u00edferos de Cordyceps militaris, garantizando un producto puro y potente, estandarizado a un m\u00ednimo del 30% de polisac\u00e1ridos. Tanto si es atleta, profesional o cualquier persona que necesite un impulso natural, el extracto l\u00edquido de Cordyceps de C\u014dtae est\u00e1 dise\u00f1ado para apoyar su estilo de vida activo y mejorar su rendimiento. <\/p>\n","protected":false},"featured_media":57454,"comment_status":"open","ping_status":"closed","template":"","meta":{"_acf_changed":false},"product_brand":[],"product_cat":[193],"product_tag":[],"giftcard-category":[],"class_list":{"0":"post-57453","1":"product","2":"type-product","3":"status-publish","4":"has-post-thumbnail","6":"product_cat-suplementos-de-hongos","7":"product_shipping_class-caja-grande","9":"first","10":"instock","11":"taxable","12":"shipping-taxable","13":"purchasable","14":"product-type-simple"},"acf":[],"_links":{"self":[{"href":"https:\/\/go-microdose.com\/es\/wp-json\/wp\/v2\/product\/57453","targetHints":{"allow":["GET"]}}],"collection":[{"href":"https:\/\/go-microdose.com\/es\/wp-json\/wp\/v2\/product"}],"about":[{"href":"https:\/\/go-microdose.com\/es\/wp-json\/wp\/v2\/types\/product"}],"replies":[{"embeddable":true,"href":"https:\/\/go-microdose.com\/es\/wp-json\/wp\/v2\/comments?post=57453"}],"wp:featuredmedia":[{"embeddable":true,"href":"https:\/\/go-microdose.com\/es\/wp-json\/wp\/v2\/media\/57454"}],"wp:attachment":[{"href":"https:\/\/go-microdose.com\/es\/wp-json\/wp\/v2\/media?parent=57453"}],"wp:term":[{"taxonomy":"product_brand","embeddable":true,"href":"https:\/\/go-microdose.com\/es\/wp-json\/wp\/v2\/product_brand?post=57453"},{"taxonomy":"product_cat","embeddable":true,"href":"https:\/\/go-microdose.com\/es\/wp-json\/wp\/v2\/product_cat?post=57453"},{"taxonomy":"product_tag","embeddable":true,"href":"https:\/\/go-microdose.com\/es\/wp-json\/wp\/v2\/product_tag?post=57453"},{"taxonomy":"giftcard-category","embeddable":true,"href":"https:\/\/go-microdose.com\/es\/wp-json\/wp\/v2\/giftcard-category?post=57453"}],"curies":[{"name":"wp","href":"https:\/\/api.w.org\/{rel}","templated":true}]}}