{"id":57473,"date":"2023-11-10T04:55:04","date_gmt":"2023-11-10T04:55:04","guid":{"rendered":"https:\/\/go-microdose.com\/product\/liquido-reishi-cotae\/"},"modified":"2026-04-06T07:51:17","modified_gmt":"2026-04-06T05:51:17","slug":"liquido-reishi-cotae","status":"publish","type":"product","link":"https:\/\/go-microdose.com\/es\/producto\/liquido-reishi-cotae\/","title":{"rendered":"L\u00edquido Reishi C\u014dtae"},"content":{"rendered":"<div class=\"wpb-content-wrapper\"><p>[vc_row][vc_column][vc_column_text]Ad\u00e9ntrese en la antigua tradici\u00f3n de vitalidad con el Extracto L\u00edquido de Reishi de C\u014dtae, dise\u00f1ado para encarnar la armon\u00eda y la longevidad. Nuestro extracto honra el legado de \u00abel hongo de la inmortalidad\u00bb, utilizado durante m\u00e1s de dos milenios para simbolizar la alegr\u00eda, la salud y la longevidad. Este potente l\u00edquido ofrece una v\u00eda moderna a los venerados efectos del Reishi, proporcionando un impulso natural a su sistema inmunitario y promoviendo la energ\u00eda natural dentro del cuerpo.  <\/p>\n<p>En la elaboraci\u00f3n de este extracto, hemos adoptado un meticuloso proceso de extracci\u00f3n de tres v\u00edas, que incluye t\u00e9cnicas de frecuencia de ultrasonido, para asegurar que se conserve el espectro completo de las sustancias vitales del Reishi. Al utilizar solo los cuerpos fruct\u00edferos, nuestro producto permanece libre de rellenos y micelio en grano, logrando una alta relaci\u00f3n de concentraci\u00f3n de 12:1 y un m\u00ednimo del 30 % de polisac\u00e1ridos, celebrados por sus funciones de apoyo inmunitario. <\/p>\n<p>Ya sea que busque fortalecer su resistencia, mejorar la energ\u00eda natural o simplemente integrar un suplemento hol\u00edstico en su rutina diaria de bienestar, el Extracto L\u00edquido de Reishi de C\u014dtae es su aliado. Cada gota es un testimonio de nuestro compromiso con la pureza, la potencia y la sabidur\u00eda atemporal de las pr\u00e1cticas de salud natural.[\/vc_column_text][\/vc_column][\/vc_row]<\/p>\n<\/div>","protected":false},"excerpt":{"rendered":"<p>Ad\u00e9ntrese en la antigua tradici\u00f3n de vitalidad con el Extracto L\u00edquido de Reishi de C\u014dtae, dise\u00f1ado para encarnar la armon\u00eda y la longevidad. Nuestro extracto honra el legado de \u00abel hongo de la inmortalidad\u00bb, utilizado durante m\u00e1s de dos milenios para simbolizar la alegr\u00eda, la salud y la longevidad. Este potente l\u00edquido ofrece una v\u00eda moderna a los venerados efectos del Reishi, proporcionando un impulso natural a su sistema inmunitario y promoviendo la energ\u00eda natural dentro del cuerpo.  <\/p>\n<p>En la elaboraci\u00f3n de este extracto, hemos adoptado un meticuloso proceso de extracci\u00f3n de tres v\u00edas, que incluye t\u00e9cnicas de frecuencia de ultrasonido, para asegurar que se conserve el espectro completo de las sustancias vitales del Reishi. Al utilizar solo los cuerpos fruct\u00edferos, nuestro producto permanece libre de rellenos y micelio en grano, logrando una alta relaci\u00f3n de concentraci\u00f3n de 12:1 y un m\u00ednimo del 30 % de polisac\u00e1ridos, celebrados por sus funciones de apoyo inmunitario. <\/p>\n<p>Ya sea que busque fortalecer su resistencia, mejorar la energ\u00eda natural o simplemente integrar un suplemento hol\u00edstico en su rutina diaria de bienestar, el Extracto L\u00edquido de Reishi de C\u014dtae es su aliado. Cada gota es un testimonio de nuestro compromiso con la pureza, la potencia y la sabidur\u00eda atemporal de las pr\u00e1cticas de salud natural. <\/p>\n","protected":false},"featured_media":57474,"comment_status":"open","ping_status":"closed","template":"","meta":{"_acf_changed":false},"product_brand":[],"product_cat":[193],"product_tag":[],"giftcard-category":[],"class_list":{"0":"post-57473","1":"product","2":"type-product","3":"status-publish","4":"has-post-thumbnail","6":"product_cat-suplementos-de-hongos","7":"product_shipping_class-caja-grande","9":"first","10":"instock","11":"taxable","12":"shipping-taxable","13":"purchasable","14":"product-type-simple"},"acf":[],"_links":{"self":[{"href":"https:\/\/go-microdose.com\/es\/wp-json\/wp\/v2\/product\/57473","targetHints":{"allow":["GET"]}}],"collection":[{"href":"https:\/\/go-microdose.com\/es\/wp-json\/wp\/v2\/product"}],"about":[{"href":"https:\/\/go-microdose.com\/es\/wp-json\/wp\/v2\/types\/product"}],"replies":[{"embeddable":true,"href":"https:\/\/go-microdose.com\/es\/wp-json\/wp\/v2\/comments?post=57473"}],"wp:featuredmedia":[{"embeddable":true,"href":"https:\/\/go-microdose.com\/es\/wp-json\/wp\/v2\/media\/57474"}],"wp:attachment":[{"href":"https:\/\/go-microdose.com\/es\/wp-json\/wp\/v2\/media?parent=57473"}],"wp:term":[{"taxonomy":"product_brand","embeddable":true,"href":"https:\/\/go-microdose.com\/es\/wp-json\/wp\/v2\/product_brand?post=57473"},{"taxonomy":"product_cat","embeddable":true,"href":"https:\/\/go-microdose.com\/es\/wp-json\/wp\/v2\/product_cat?post=57473"},{"taxonomy":"product_tag","embeddable":true,"href":"https:\/\/go-microdose.com\/es\/wp-json\/wp\/v2\/product_tag?post=57473"},{"taxonomy":"giftcard-category","embeddable":true,"href":"https:\/\/go-microdose.com\/es\/wp-json\/wp\/v2\/giftcard-category?post=57473"}],"curies":[{"name":"wp","href":"https:\/\/api.w.org\/{rel}","templated":true}]}}