{"id":57487,"date":"2023-11-10T05:18:21","date_gmt":"2023-11-10T05:18:21","guid":{"rendered":"https:\/\/go-microdose.com\/product\/cotae-chaga-liquido\/"},"modified":"2026-04-06T07:51:01","modified_gmt":"2026-04-06T05:51:01","slug":"cotae-chaga-liquido","status":"publish","type":"product","link":"https:\/\/go-microdose.com\/es\/producto\/cotae-chaga-liquido\/","title":{"rendered":"C\u014dtae Chaga l\u00edquido"},"content":{"rendered":"<div class=\"wpb-content-wrapper\"><p>[vc_row][vc_column][vc_column_text]El extracto l\u00edquido de Chaga de C\u014dtae encarna el venerado t\u00edtulo de \u00abel rey del bosque\u00bb, un testimonio de su legendario pasado y sus potentes beneficios para la salud. Esta poderosa tintura captura la esencia del Chaga, un esclerocio rico en nutrientes y apreciado en regiones como Siberia, China y Escandinavia por sus propiedades de apoyo inmunitario. <\/p>\n<p>Nuestro extracto l\u00edquido no solo aporta bienestar; proporciona una conexi\u00f3n pr\u00e1ctica con un remedio ancestral. Utilizando un sofisticado m\u00e9todo de triple extracci\u00f3n, que incluye t\u00e9cnicas de frecuencia ultras\u00f3nica, garantizamos que se preserve el espectro completo de sustancias vitales del Chaga. Estandarizado para contener un m\u00ednimo del 30 % de polisac\u00e1ridos, cada gota est\u00e1 repleta de compuestos bioactivos que apoyan el sistema inmunitario, la divisi\u00f3n celular saludable y la formaci\u00f3n de gl\u00f3bulos rojos.  <\/p>\n<p>Adoptar un ritual diario con el extracto l\u00edquido de Chaga de C\u014dtae puede ayudar a fortalecer las defensas naturales de su organismo y contribuir a la vitalidad general. Es una opci\u00f3n ideal para quienes buscan integrar el poder protector del Chaga en su rutina diaria, asegurando una base s\u00f3lida para la salud.[\/vc_column_text][\/vc_column][\/vc_row]<\/p>\n<\/div>","protected":false},"excerpt":{"rendered":"<p>El extracto l\u00edquido de Chaga de C\u014dtae encarna el venerado t\u00edtulo de \u00abel rey del bosque\u00bb, un testimonio de su legendario pasado y sus potentes beneficios para la salud. Esta poderosa tintura captura la esencia del Chaga, un esclerocio rico en nutrientes y apreciado en regiones como Siberia, China y Escandinavia por sus propiedades de apoyo inmunitario. <\/p>\n<p>Nuestro extracto l\u00edquido no solo aporta bienestar; proporciona una conexi\u00f3n pr\u00e1ctica con un remedio ancestral. Utilizando un sofisticado m\u00e9todo de triple extracci\u00f3n, que incluye t\u00e9cnicas de frecuencia ultras\u00f3nica, garantizamos que se preserve el espectro completo de sustancias vitales del Chaga. Estandarizado para contener un m\u00ednimo del 30 % de polisac\u00e1ridos, cada gota est\u00e1 repleta de compuestos bioactivos que apoyan el sistema inmunitario, la divisi\u00f3n celular saludable y la formaci\u00f3n de gl\u00f3bulos rojos.  <\/p>\n<p>Adoptar un ritual diario con el extracto l\u00edquido de Chaga de C\u014dtae puede ayudar a fortalecer las defensas naturales de su organismo y contribuir a la vitalidad general. Es una opci\u00f3n ideal para quienes buscan integrar el poder protector del Chaga en su rutina diaria, asegurando una base s\u00f3lida para la salud. <\/p>\n","protected":false},"featured_media":57488,"comment_status":"open","ping_status":"closed","template":"","meta":{"_acf_changed":false},"product_brand":[],"product_cat":[193],"product_tag":[],"giftcard-category":[],"class_list":{"0":"post-57487","1":"product","2":"type-product","3":"status-publish","4":"has-post-thumbnail","6":"product_cat-suplementos-de-hongos","7":"product_shipping_class-caja-grande","9":"first","10":"instock","11":"taxable","12":"shipping-taxable","13":"purchasable","14":"product-type-simple"},"acf":[],"_links":{"self":[{"href":"https:\/\/go-microdose.com\/es\/wp-json\/wp\/v2\/product\/57487","targetHints":{"allow":["GET"]}}],"collection":[{"href":"https:\/\/go-microdose.com\/es\/wp-json\/wp\/v2\/product"}],"about":[{"href":"https:\/\/go-microdose.com\/es\/wp-json\/wp\/v2\/types\/product"}],"replies":[{"embeddable":true,"href":"https:\/\/go-microdose.com\/es\/wp-json\/wp\/v2\/comments?post=57487"}],"wp:featuredmedia":[{"embeddable":true,"href":"https:\/\/go-microdose.com\/es\/wp-json\/wp\/v2\/media\/57488"}],"wp:attachment":[{"href":"https:\/\/go-microdose.com\/es\/wp-json\/wp\/v2\/media?parent=57487"}],"wp:term":[{"taxonomy":"product_brand","embeddable":true,"href":"https:\/\/go-microdose.com\/es\/wp-json\/wp\/v2\/product_brand?post=57487"},{"taxonomy":"product_cat","embeddable":true,"href":"https:\/\/go-microdose.com\/es\/wp-json\/wp\/v2\/product_cat?post=57487"},{"taxonomy":"product_tag","embeddable":true,"href":"https:\/\/go-microdose.com\/es\/wp-json\/wp\/v2\/product_tag?post=57487"},{"taxonomy":"giftcard-category","embeddable":true,"href":"https:\/\/go-microdose.com\/es\/wp-json\/wp\/v2\/giftcard-category?post=57487"}],"curies":[{"name":"wp","href":"https:\/\/api.w.org\/{rel}","templated":true}]}}