{"id":57528,"date":"2023-11-10T05:21:08","date_gmt":"2023-11-10T05:21:08","guid":{"rendered":"https:\/\/go-microdose.com\/product\/liquido-de-melena-de-leon-cotae\/"},"modified":"2026-04-06T07:50:59","modified_gmt":"2026-04-06T05:50:59","slug":"liquido-de-melena-de-leon-cotae","status":"publish","type":"product","link":"https:\/\/go-microdose.com\/es\/producto\/liquido-de-melena-de-leon-cotae\/","title":{"rendered":"L\u00edquido de melena de le\u00f3n C\u014dtae"},"content":{"rendered":"<div class=\"wpb-content-wrapper\"><p>[vc_row][vc_column][vc_column_text]El l\u00edquido de melena de le\u00f3n de C\u014dtae ofrece un enfoque din\u00e1mico para la claridad mental y la concentraci\u00f3n. Esta potente tintura aprovecha el poder del \u00abhongo inteligente\u00bb, un venerado nootr\u00f3pico utilizado tradicionalmente en Jap\u00f3n por su apoyo a las funciones mentales y la salud cerebral general. Cada gota es una esencia concentrada del hongo Hericium erinaceus, conocido por estimular la producci\u00f3n del factor de crecimiento nervioso (NGF) y favorecer el crecimiento de las neuronas y la funci\u00f3n cerebral.  <\/p>\n<p>Nuestro l\u00edquido de melena de le\u00f3n es una fusi\u00f3n sublime de sabidur\u00eda ancestral y ciencia moderna. Aporta ericenonas y erinacinas, alcaloides que refuerzan significativamente los procesos cognitivos, el aprendizaje y la memoria. Este extracto no solo contribuye al equilibrio mental, sino que tambi\u00e9n vigoriza con energ\u00eda mental, lo que lo convierte en una excelente opci\u00f3n para quienes buscan optimizar su agudeza mental.  <\/p>\n<p>En GO Microdose, nos aseguramos de que nuestros productos encarnen la pureza de la naturaleza. Al utilizar \u00fanicamente los cuerpos fruct\u00edferos y evitar el micelio cultivado en grano y los rellenos, nuestro extracto l\u00edquido se mantiene potente y puro. Cada frasco de 30 ml contiene 60 dosis, lo que proporciona el suministro de un mes completo de este elixir cerebral, estandarizado a una alta proporci\u00f3n de concentraci\u00f3n de 8:1.  <\/p>\n<p>Incorpore nuestro l\u00edquido de melena de le\u00f3n a su r\u00e9gimen diario para desbloquear un mundo de mejora cognitiva. Con su f\u00e1cil aplicaci\u00f3n y r\u00e1pida absorci\u00f3n, es un suplemento ideal para cualquiera que busque elevar su rendimiento mental y aprovechar todo el potencial de su mente con GO Microdose.[\/vc_column_text][\/vc_column][\/vc_row]<\/p>\n<\/div>","protected":false},"excerpt":{"rendered":"<p>El l\u00edquido de melena de le\u00f3n de C\u014dtae ofrece un enfoque din\u00e1mico para la claridad mental y la concentraci\u00f3n. Esta potente tintura aprovecha el poder del \u00abhongo inteligente\u00bb, un venerado nootr\u00f3pico utilizado tradicionalmente en Jap\u00f3n por su apoyo a las funciones mentales y la salud cerebral general. Cada gota es una esencia concentrada del hongo Hericium erinaceus, conocido por estimular la producci\u00f3n del factor de crecimiento nervioso (NGF) y favorecer el crecimiento de las neuronas y la funci\u00f3n cerebral.  <\/p>\n<p>Nuestro l\u00edquido de melena de le\u00f3n es una fusi\u00f3n sublime de sabidur\u00eda ancestral y ciencia moderna. Aporta ericenonas y erinacinas, alcaloides que refuerzan significativamente los procesos cognitivos, el aprendizaje y la memoria. Este extracto no solo contribuye al equilibrio mental, sino que tambi\u00e9n vigoriza con energ\u00eda mental, lo que lo convierte en una excelente opci\u00f3n para quienes buscan optimizar su agudeza mental.  <\/p>\n<p>En GO Microdose, nos aseguramos de que nuestros productos encarnen la pureza de la naturaleza. Al utilizar \u00fanicamente los cuerpos fruct\u00edferos y evitar el micelio cultivado en grano y los rellenos, nuestro extracto l\u00edquido se mantiene potente y puro. Cada frasco de 30 ml contiene 60 dosis, lo que proporciona el suministro de un mes completo de este elixir cerebral, estandarizado a una alta proporci\u00f3n de concentraci\u00f3n de 8:1.  <\/p>\n<p>Incorpore nuestro l\u00edquido de melena de le\u00f3n a su r\u00e9gimen diario para desbloquear un mundo de mejora cognitiva. Con su f\u00e1cil aplicaci\u00f3n y r\u00e1pida absorci\u00f3n, es un suplemento ideal para cualquiera que busque elevar su rendimiento mental y aprovechar todo el potencial de su mente con GO Microdose. <\/p>\n","protected":false},"featured_media":57532,"comment_status":"open","ping_status":"closed","template":"","meta":{"_acf_changed":false},"product_brand":[],"product_cat":[193],"product_tag":[],"giftcard-category":[],"class_list":{"0":"post-57528","1":"product","2":"type-product","3":"status-publish","4":"has-post-thumbnail","6":"product_cat-suplementos-de-hongos","7":"product_shipping_class-caja-grande","9":"first","10":"instock","11":"taxable","12":"shipping-taxable","13":"purchasable","14":"product-type-simple"},"acf":[],"_links":{"self":[{"href":"https:\/\/go-microdose.com\/es\/wp-json\/wp\/v2\/product\/57528","targetHints":{"allow":["GET"]}}],"collection":[{"href":"https:\/\/go-microdose.com\/es\/wp-json\/wp\/v2\/product"}],"about":[{"href":"https:\/\/go-microdose.com\/es\/wp-json\/wp\/v2\/types\/product"}],"replies":[{"embeddable":true,"href":"https:\/\/go-microdose.com\/es\/wp-json\/wp\/v2\/comments?post=57528"}],"wp:featuredmedia":[{"embeddable":true,"href":"https:\/\/go-microdose.com\/es\/wp-json\/wp\/v2\/media\/57532"}],"wp:attachment":[{"href":"https:\/\/go-microdose.com\/es\/wp-json\/wp\/v2\/media?parent=57528"}],"wp:term":[{"taxonomy":"product_brand","embeddable":true,"href":"https:\/\/go-microdose.com\/es\/wp-json\/wp\/v2\/product_brand?post=57528"},{"taxonomy":"product_cat","embeddable":true,"href":"https:\/\/go-microdose.com\/es\/wp-json\/wp\/v2\/product_cat?post=57528"},{"taxonomy":"product_tag","embeddable":true,"href":"https:\/\/go-microdose.com\/es\/wp-json\/wp\/v2\/product_tag?post=57528"},{"taxonomy":"giftcard-category","embeddable":true,"href":"https:\/\/go-microdose.com\/es\/wp-json\/wp\/v2\/giftcard-category?post=57528"}],"curies":[{"name":"wp","href":"https:\/\/api.w.org\/{rel}","templated":true}]}}