{"id":57561,"date":"2023-11-10T05:30:37","date_gmt":"2023-11-10T05:30:37","guid":{"rendered":"https:\/\/go-microdose.com\/product\/recipientes-de-almacenamiento-hermeticos\/"},"modified":"2026-04-06T07:50:55","modified_gmt":"2026-04-06T05:50:55","slug":"recipientes-de-almacenamiento-hermeticos","status":"publish","type":"product","link":"https:\/\/go-microdose.com\/es\/producto\/recipientes-de-almacenamiento-hermeticos\/","title":{"rendered":"Recipientes de almacenamiento herm\u00e9ticos"},"content":{"rendered":"<div class=\"wpb-content-wrapper\"><p>[vc_row][vc_column][vc_column_text]Mejore sus soluciones de almacenamiento con nuestra l\u00ednea de recipientes de pl\u00e1stico herm\u00e9ticos, dise\u00f1ados meticulosamente para salvaguardar la frescura y la esencia de sus trufas, setas y otros art\u00edculos delicados. Estos recipientes robustos y antiolor est\u00e1n disponibles en diversos tama\u00f1os, desde los compactos 60 ml hasta los generosos 650 ml, cubriendo necesidades de almacenamiento tanto m\u00ednimas como extensas. <\/p>\n<p>Su construcci\u00f3n opaca en color negro no solo ofrece discreci\u00f3n, sino que tambi\u00e9n bloquea la luz da\u00f1ina, preservando la calidad y vitalidad de sus productos. Ideales para un curado meticuloso y un control preciso de la humedad, estos recipientes son indispensables tanto para expertos como para usuarios ocasionales. Su fabricaci\u00f3n duradera garantiza una larga vida \u00fatil, mientras que las tapas de cierre herm\u00e9tico aseguran una experiencia segura y sin fugas. El mantenimiento es muy sencillo: basta con un lavado r\u00e1pido y estar\u00e1n listos para volver a usarse. Organice y almacene con total confianza, sabiendo que sus art\u00edculos est\u00e1n protegidos en una fortaleza de frescura.    <\/p>\n<table>\n<thead>\n<tr>\n<th>Tama\u00f1o<\/th>\n<th>Di\u00e1metro<\/th>\n<th>Altura<\/th>\n<th>Precio<\/th>\n<\/tr>\n<\/thead>\n<tbody>\n<tr>\n<td>60 ml<\/td>\n<td>4,3 cm<\/td>\n<td>7,3 cm<\/td>\n<td>7,99 \u20ac<\/td>\n<\/tr>\n<tr>\n<td>120 ml<\/td>\n<td>6 cm<\/td>\n<td>7,4 cm<\/td>\n<td>8,99 \u20ac<\/td>\n<\/tr>\n<tr>\n<td>300 ml<\/td>\n<td>7,5 cm<\/td>\n<td>9,5 cm<\/td>\n<td>10,99 \u20ac<\/td>\n<\/tr>\n<tr>\n<td>550 ml<\/td>\n<td>7,7 cm<\/td>\n<td>15 cm<\/td>\n<td>11,99 \u20ac<\/td>\n<\/tr>\n<tr>\n<td>650 ml<\/td>\n<td>8,5 cm<\/td>\n<td>14 cm<\/td>\n<td>12,99 \u20ac<\/td>\n<\/tr>\n<\/tbody>\n<\/table>\n<p>[\/vc_column_text][\/vc_column][\/vc_row]<\/p>\n<\/div>","protected":false},"excerpt":{"rendered":"<ul>\n<li>Varios tama\u00f1os (60 ml-650 ml) para un almacenamiento a medida<\/li>\n<li>Pl\u00e1stico antiolor que protege la frescura<\/li>\n<li>Dise\u00f1o negro para mayor discreci\u00f3n y protecci\u00f3n lum\u00ednica<\/li>\n<li>Perfectos para el curado y el control de la humedad<\/li>\n<li>Duraderos y reutilizables<\/li>\n<li>Lavables para un mantenimiento sencillo<\/li>\n<li>Apilables para optimizar el espacio<\/li>\n<\/ul>\n<p>Precios entre 7,99 \u20ac y 12,99 \u20ac.<\/p>\n","protected":false},"featured_media":57562,"comment_status":"open","ping_status":"closed","template":"","meta":{"_acf_changed":false},"product_brand":[],"product_cat":[180],"product_tag":[],"giftcard-category":[],"class_list":{"0":"post-57561","1":"product","2":"type-product","3":"status-publish","4":"has-post-thumbnail","6":"product_cat-accesorios","7":"product_shipping_class-caja-grande","9":"first","10":"instock","11":"taxable","12":"shipping-taxable","13":"purchasable","14":"product-type-variable"},"acf":[],"_links":{"self":[{"href":"https:\/\/go-microdose.com\/es\/wp-json\/wp\/v2\/product\/57561","targetHints":{"allow":["GET"]}}],"collection":[{"href":"https:\/\/go-microdose.com\/es\/wp-json\/wp\/v2\/product"}],"about":[{"href":"https:\/\/go-microdose.com\/es\/wp-json\/wp\/v2\/types\/product"}],"replies":[{"embeddable":true,"href":"https:\/\/go-microdose.com\/es\/wp-json\/wp\/v2\/comments?post=57561"}],"wp:featuredmedia":[{"embeddable":true,"href":"https:\/\/go-microdose.com\/es\/wp-json\/wp\/v2\/media\/57562"}],"wp:attachment":[{"href":"https:\/\/go-microdose.com\/es\/wp-json\/wp\/v2\/media?parent=57561"}],"wp:term":[{"taxonomy":"product_brand","embeddable":true,"href":"https:\/\/go-microdose.com\/es\/wp-json\/wp\/v2\/product_brand?post=57561"},{"taxonomy":"product_cat","embeddable":true,"href":"https:\/\/go-microdose.com\/es\/wp-json\/wp\/v2\/product_cat?post=57561"},{"taxonomy":"product_tag","embeddable":true,"href":"https:\/\/go-microdose.com\/es\/wp-json\/wp\/v2\/product_tag?post=57561"},{"taxonomy":"giftcard-category","embeddable":true,"href":"https:\/\/go-microdose.com\/es\/wp-json\/wp\/v2\/giftcard-category?post=57561"}],"curies":[{"name":"wp","href":"https:\/\/api.w.org\/{rel}","templated":true}]}}