{"id":57621,"date":"2023-11-19T12:41:57","date_gmt":"2023-11-19T12:41:57","guid":{"rendered":"https:\/\/go-microdose.com\/product\/imprescindibles-para-growkit-premium\/"},"modified":"2026-04-06T07:50:48","modified_gmt":"2026-04-06T05:50:48","slug":"imprescindibles-para-growkit-premium","status":"publish","type":"product","link":"https:\/\/go-microdose.com\/es\/producto\/imprescindibles-para-growkit-premium\/","title":{"rendered":"Imprescindibles para growkit \u2013 Premium"},"content":{"rendered":"<div class=\"wpb-content-wrapper\"><p>[vc_row][vc_column][vc_column_text]Emprenda un enriquecedor viaje de crecimiento y descubrimiento con nuestro \u00abImprescindibles para growkit \u2013 Premium\u00bb, el compa\u00f1ero definitivo para sus proyectos de cultivo de setas. Dise\u00f1ado meticulosamente tanto para cultivadores noveles como experimentados, este kit garantiza un entorno de cultivo \u00f3ptimo para sus valiosas setas. <\/p>\n<p>En el coraz\u00f3n de este kit se encuentra nuestra eficiente esterilla t\u00e9rmica, dise\u00f1ada por expertos para proporcionar un calor constante y suave, crucial para estimular el crecimiento de las setas. Este control preciso de la temperatura es clave para desbloquear todo el potencial de su kit de cultivo, garantizando una cosecha abundante y sana. <\/p>\n<p>Acompa\u00f1ando a la esterilla t\u00e9rmica se incluyen tres bolsas de perlas de s\u00edlice de primera calidad. Estas perlas marcan la diferencia, ya que son expertas en mantener los niveles de humedad ideales y garantizar un entorno seco y controlable. Combaten la humedad no deseada, protegiendo sus setas de posibles contaminantes y promoviendo un proceso de cultivo m\u00e1s exitoso.  <\/p>\n<p>El kit se completa con nuestro recipiente premium de acero inoxidable de 750 ml. No es un recipiente cualquiera, sino un recipiente al vac\u00edo especialmente dise\u00f1ado y equipado con una v\u00e1lvula de escape unidireccional. Crea un microentorno ideal para almacenar sus setas cosechadas, preservando su frescura y potencia. El cierre herm\u00e9tico mantiene el equilibrio perfecto de humedad y temperatura, vital para conservar la calidad de sus setas.   <\/p>\n<p>En conjunto, estos componentes forman el \u00abImprescindibles para growkit \u2013 Premium\u00bb: una combinaci\u00f3n armoniosa de utilidad y comodidad, creada para mejorar su experiencia de cultivo y maximizar el rendimiento de su growkit.[\/vc_column_text][\/vc_column][\/vc_row]<\/p>\n<\/div>","protected":false},"excerpt":{"rendered":"<ul>\n<li>Esterilla t\u00e9rmica fiable para un control \u00f3ptimo de la temperatura.<\/li>\n<li>3 bolsas de perlas de s\u00edlice para mantener el nivel de humedad perfecto.<\/li>\n<li>Recipiente al vac\u00edo premium de 750 ml para un almacenamiento \u00f3ptimo.<\/li>\n<li>Apto tanto para principiantes como para cultivadores experimentados.<\/li>\n<li>Dise\u00f1ado para maximizar el rendimiento y la salud de su kit de cultivo.<\/li>\n<li>Componentes f\u00e1ciles de usar para un cultivo sin complicaciones.<\/li>\n<li>Materiales de primera calidad para mayor durabilidad y eficacia.<\/li>\n<\/ul>\n","protected":false},"featured_media":57623,"comment_status":"open","ping_status":"closed","template":"","meta":{"_acf_changed":false},"product_brand":[],"product_cat":[180,191],"product_tag":[],"giftcard-category":[],"class_list":{"0":"post-57621","1":"product","2":"type-product","3":"status-publish","4":"has-post-thumbnail","6":"product_cat-accesorios","7":"product_cat-ofertas-de-packs","8":"product_shipping_class-caja-grande","10":"first","11":"instock","12":"sale","13":"taxable","14":"shipping-taxable","15":"purchasable","16":"product-type-simple"},"acf":[],"_links":{"self":[{"href":"https:\/\/go-microdose.com\/es\/wp-json\/wp\/v2\/product\/57621","targetHints":{"allow":["GET"]}}],"collection":[{"href":"https:\/\/go-microdose.com\/es\/wp-json\/wp\/v2\/product"}],"about":[{"href":"https:\/\/go-microdose.com\/es\/wp-json\/wp\/v2\/types\/product"}],"replies":[{"embeddable":true,"href":"https:\/\/go-microdose.com\/es\/wp-json\/wp\/v2\/comments?post=57621"}],"wp:featuredmedia":[{"embeddable":true,"href":"https:\/\/go-microdose.com\/es\/wp-json\/wp\/v2\/media\/57623"}],"wp:attachment":[{"href":"https:\/\/go-microdose.com\/es\/wp-json\/wp\/v2\/media?parent=57621"}],"wp:term":[{"taxonomy":"product_brand","embeddable":true,"href":"https:\/\/go-microdose.com\/es\/wp-json\/wp\/v2\/product_brand?post=57621"},{"taxonomy":"product_cat","embeddable":true,"href":"https:\/\/go-microdose.com\/es\/wp-json\/wp\/v2\/product_cat?post=57621"},{"taxonomy":"product_tag","embeddable":true,"href":"https:\/\/go-microdose.com\/es\/wp-json\/wp\/v2\/product_tag?post=57621"},{"taxonomy":"giftcard-category","embeddable":true,"href":"https:\/\/go-microdose.com\/es\/wp-json\/wp\/v2\/giftcard-category?post=57621"}],"curies":[{"name":"wp","href":"https:\/\/api.w.org\/{rel}","templated":true}]}}