{"id":57638,"date":"2023-11-10T05:40:21","date_gmt":"2023-11-10T05:40:21","guid":{"rendered":"https:\/\/go-microdose.com\/product\/contenedor-de-almacenamiento-al-vacio\/"},"modified":"2026-04-06T07:50:52","modified_gmt":"2026-04-06T05:50:52","slug":"contenedor-de-almacenamiento-al-vacio","status":"publish","type":"product","link":"https:\/\/go-microdose.com\/es\/producto\/contenedor-de-almacenamiento-al-vacio\/","title":{"rendered":"Contenedor de almacenamiento al vac\u00edo"},"content":{"rendered":"<div class=\"wpb-content-wrapper\"><p>[vc_row][vc_column][vc_column_text]Ad\u00e9ntrese en el mundo del almacenamiento sofisticado con nuestros contenedores de acero inoxidable de lujo, una perfecta combinaci\u00f3n de forma y funci\u00f3n. Disponibles en dos tama\u00f1os pr\u00e1cticos, 750 ml y 1100 ml, estos contenedores satisfacen una amplia variedad de necesidades de almacenamiento, desde hierbas culinarias hasta trufas preciadas. Elaborados con un elegante acabado beige y tapas negras contrastantes, aportan un toque moderno a cualquier espacio.  <\/p>\n<p>La avanzada v\u00e1lvula de escape al vac\u00edo unidireccional est\u00e1 dise\u00f1ada para sellar la frescura, creando un entorno que reduce considerablemente los niveles de ox\u00edgeno, deteniendo as\u00ed eficazmente la actividad bacteriana y la degradaci\u00f3n. La inclusi\u00f3n de un anillo de sellado de silicona refuerza las capacidades herm\u00e9ticas del contenedor, garantizando que el contenido permanezca inalterado por elementos externos. Protegido de la luz, el contenido se conserva en su estado m\u00e1s potente. Con un bot\u00f3n de liberaci\u00f3n de vac\u00edo f\u00e1cil de usar, acceder a sus art\u00edculos almacenados se convierte en una experiencia fluida. Estos contenedores no solo se centran en la utilidad, sino que tambi\u00e9n son una declaraci\u00f3n de lujo, prometiendo durabilidad y longevidad en sus esfuerzos de almacenamiento.    <\/p>\n<table>\n<thead>\n<tr>\n<th>Tama\u00f1o<\/th>\n<th>Di\u00e1metro<\/th>\n<th>Altura<\/th>\n<th>Precio<\/th>\n<\/tr>\n<\/thead>\n<tbody>\n<tr>\n<td>750 ml<\/td>\n<td>14,2 cm<\/td>\n<td>9,4 cm<\/td>\n<td>29,99 \u20ac<\/td>\n<\/tr>\n<tr>\n<td>1100 ml<\/td>\n<td>14,2 cm<\/td>\n<td>11,5 cm<\/td>\n<td>34,99 \u20ac<\/td>\n<\/tr>\n<\/tbody>\n<\/table>\n<p>[\/vc_column_text][\/vc_column][\/vc_row]<\/p>\n<\/div>","protected":false},"excerpt":{"rendered":"<ul>\n<li>Dos tama\u00f1os: 750 ml y 1100 ml para diversas necesidades de almacenamiento<\/li>\n<li>Acero inoxidable de alta calidad con sellado al vac\u00edo<\/li>\n<li>V\u00e1lvula de escape unidireccional para una frescura \u00f3ptima<\/li>\n<li>Anillo de sellado de silicona garantiza un cierre herm\u00e9tico<\/li>\n<li>Bot\u00f3n de liberaci\u00f3n de vac\u00edo f\u00e1cil para mayor comodidad<\/li>\n<li>Protege el contenido de la luz y las bacterias<\/li>\n<li>Elegante combinaci\u00f3n de colores beige y negro<\/li>\n<li>Duradero y dise\u00f1ado para uso repetido<\/li>\n<\/ul>\n<p>Los precios oscilan entre 29,99 \u20ac y 34,99 \u20ac.<\/p>\n","protected":false},"featured_media":57639,"comment_status":"open","ping_status":"closed","template":"","meta":{"_acf_changed":false},"product_brand":[],"product_cat":[180],"product_tag":[],"giftcard-category":[],"class_list":{"0":"post-57638","1":"product","2":"type-product","3":"status-publish","4":"has-post-thumbnail","6":"product_cat-accesorios","7":"product_shipping_class-caja-grande","9":"first","10":"instock","11":"taxable","12":"shipping-taxable","13":"purchasable","14":"product-type-variable"},"acf":[],"_links":{"self":[{"href":"https:\/\/go-microdose.com\/es\/wp-json\/wp\/v2\/product\/57638","targetHints":{"allow":["GET"]}}],"collection":[{"href":"https:\/\/go-microdose.com\/es\/wp-json\/wp\/v2\/product"}],"about":[{"href":"https:\/\/go-microdose.com\/es\/wp-json\/wp\/v2\/types\/product"}],"replies":[{"embeddable":true,"href":"https:\/\/go-microdose.com\/es\/wp-json\/wp\/v2\/comments?post=57638"}],"wp:featuredmedia":[{"embeddable":true,"href":"https:\/\/go-microdose.com\/es\/wp-json\/wp\/v2\/media\/57639"}],"wp:attachment":[{"href":"https:\/\/go-microdose.com\/es\/wp-json\/wp\/v2\/media?parent=57638"}],"wp:term":[{"taxonomy":"product_brand","embeddable":true,"href":"https:\/\/go-microdose.com\/es\/wp-json\/wp\/v2\/product_brand?post=57638"},{"taxonomy":"product_cat","embeddable":true,"href":"https:\/\/go-microdose.com\/es\/wp-json\/wp\/v2\/product_cat?post=57638"},{"taxonomy":"product_tag","embeddable":true,"href":"https:\/\/go-microdose.com\/es\/wp-json\/wp\/v2\/product_tag?post=57638"},{"taxonomy":"giftcard-category","embeddable":true,"href":"https:\/\/go-microdose.com\/es\/wp-json\/wp\/v2\/giftcard-category?post=57638"}],"curies":[{"name":"wp","href":"https:\/\/api.w.org\/{rel}","templated":true}]}}