{"id":57878,"date":"2024-02-09T11:33:46","date_gmt":"2024-02-09T11:33:46","guid":{"rendered":"https:\/\/go-microdose.com\/product\/gominolas-diarias-mezcla-de-hongos\/"},"modified":"2026-04-06T07:50:52","modified_gmt":"2026-04-06T05:50:52","slug":"gominolas-diarias-mezcla-de-hongos","status":"publish","type":"product","link":"https:\/\/go-microdose.com\/es\/producto\/gominolas-diarias-mezcla-de-hongos\/","title":{"rendered":"Gominolas Diarias \u2013 Mezcla de hongos"},"content":{"rendered":"<div class=\"wpb-content-wrapper\"><p>[vc_section full_width=\u00bbstretch_row\u00bb css=\u00bb.vc_custom_1707396139446{background-color: #ffffff !important;}\u00bb el_class=\u00bbpb-110 add-lines-before add-lines-after\u00bb][vc_row el_class=\u00bbpt-80&#8243;][vc_column width=\u00bb5\/12&#8243;][vc_single_image image=\u00bb57924&#8243; img_size=\u00bbfull\u00bb el_class=\u00bbimage-with-shadow\u00bb][vc_raw_html]ICA8ZGl2IGNsYXNzPSJndW1taWVzLXJhbmRvbSI+CiAgICA8ZGl2PjwvZGl2PgogICAgPGRpdj48L2Rpdj4KICAgIDxkaXY+PC9kaXY+CiAgPC9kaXY+[\/vc_raw_html][\/vc_column][vc_column width=\u00bb1\/12&#8243;][\/vc_column][vc_column width=\u00bb6\/12&#8243;][vc_custom_heading text=\u00bbInformaci\u00f3n\u00bb font_container=\u00bbtag:div|text_align:left\u00bb use_theme_fonts=\u00bbyes\u00bb el_class=\u00bbpr-tag\u00bb][vc_custom_heading text=\u00bbAcerca de las Gominolas Diarias\u00bb use_theme_fonts=\u00bbyes\u00bb][vc_column_text]Presentamos nuestras Gominolas Diarias, una mezcla de 10 hongos funcionales de cultivo ecol\u00f3gico en un formato c\u00f3modo y sabroso. Cada porci\u00f3n proporciona una potente dosis de 2500 mg de nuestra exclusiva mezcla de hongos, dise\u00f1ada para apoyar su estado de \u00e1nimo, energ\u00eda, inmunidad, concentraci\u00f3n y memoria. Elaboradas con esmero, nuestras gominolas son veganas, sin gluten y libres de aditivos nocivos, garantizando que reciba solo lo mejor que la naturaleza puede ofrecer. Probadas en laboratorio para pureza y potencia, estas gominolas son su aliado diario para lograr una vida equilibrada y saludable. Abrace el poder natural de los hongos y experimente un mayor bienestar con cada bocado.[\/vc_column_text][vc_tta_accordion section_title_tag=\u00bbh5&#8243; shape=\u00bbsquare\u00bb c_icon=\u00bb\u00bb active_section=\u00bb100&#8243; collapsible_all=\u00bbtrue\u00bb el_class=\u00bbb-accordion\u00bb][vc_tta_section title=\u00bbDescripci\u00f3n\u00bb tab_id=\u00bb1707379190568-89bf1352-854ecb43-1b84f456-72d7&#8243;][vc_column_text]Nuestras Gominolas Diarias ofrecen una potente mezcla de 10 hongos funcionales para mejorar de forma natural el estado de \u00e1nimo, la energ\u00eda, la inmunidad y las funciones cognitivas. Disfrute de los beneficios hol\u00edsticos de los hongos en un delicioso formato de gominola, perfecto para uso diario.[\/vc_column_text][\/vc_tta_section][vc_tta_section title=\u00bbIngredientes\u00bb tab_id=\u00bb1707379190574-70f5bee6-e5e8cb43-1b84f456-72d7&#8243;][vc_column_text]<\/p>\n<ul>\n<li>Hongo Maitake<\/li>\n<li>Hongo Shiitake<\/li>\n<li>Hongo Melena de Le\u00f3n<\/li>\n<li>Hongo Reishi<\/li>\n<li>Hongo Cordyceps<\/li>\n<li>Hongo Chaga<\/li>\n<li>Hongo Cola de Pavo<\/li>\n<li>Champi\u00f1\u00f3n Blanco<\/li>\n<li>Hongo Negro<\/li>\n<li>Hongo del Sol Real<\/li>\n<li>Otros ingredientes: Jarabe de glucosa, pectina, \u00e1cido c\u00edtrico, aroma natural de frambuesa, citrato de sodio, concentrado de zumo de zanahoria morada, aceite vegetal (aceite de coco con cera de carnauba).<\/li>\n<\/ul>\n<p>[\/vc_column_text][\/vc_tta_section][vc_tta_section title=\u00bbRese\u00f1as\u00bb tab_id=\u00bb1707379232450-e7f3c484-56b4cb43-1b84f456-72d7&#8243;][vc_raw_html]W2N1c3Jldl9yZXZpZXdzXQ==[\/vc_raw_html][\/vc_tta_section][\/vc_tta_accordion][vc_wp_text title=\u00bbVeganas, sin gluten y probadas en laboratorio.\u00bb el_class=\u00bbblock-vegan\u00bb]Nuestras gominolas son de origen vegetal y sin gluten,<br \/>\nperfectas para dietas veganas y sin gluten.<br \/>\n<strong>SIN:<\/strong> transg\u00e9nicos, gelatina, alcohol ni colorantes alimentarios.[\/vc_wp_text][\/vc_column][\/vc_row][vc_row equal_height=\u00bbyes\u00bb el_class=\u00bbpt-80&#8243;][vc_column width=\u00bb6\/12&#8243;][vc_custom_heading text=\u00bbInformaci\u00f3n\u00bb font_container=\u00bbtag:div|text_align:left\u00bb use_theme_fonts=\u00bbyes\u00bb el_class=\u00bbpr-tag\u00bb][vc_custom_heading text=\u00bbBeneficios\u00bb use_theme_fonts=\u00bbyes\u00bb][vc_column_text]Experimente los beneficios sin\u00e9rgicos de 10 potentes hongos, cada uno contribuyendo a mejorar la concentraci\u00f3n, la memoria, el apoyo inmunitario, los niveles de energ\u00eda y la regulaci\u00f3n del estado de \u00e1nimo. Nuestras Gominolas Diarias son su soluci\u00f3n todo en uno para una vida m\u00e1s saludable y vibrante.[\/vc_column_text][vc_tta_accordion section_title_tag=\u00bbh5&#8243; shape=\u00bbsquare\u00bb c_icon=\u00bb\u00bb active_section=\u00bb100&#8243; collapsible_all=\u00bbtrue\u00bb el_class=\u00bbb-accordion\u00bb][vc_tta_section title=\u00bbRefuerza la inmunidad*\u00bb tab_id=\u00bb1707387765192-400d8d04-1612cb43-1b84f456-72d7&#8243; el_class=\u00bbicon-boost-immunity\u00bb][vc_column_text]Fortalezca su sistema inmunitario con el poder de los hongos. Nuestras Gominolas Diarias proporcionan nutrientes esenciales y antioxidantes que apoyan la salud inmunitaria, ayud\u00e1ndole a mantenerse resistente frente al estr\u00e9s y los pat\u00f3genos.[\/vc_column_text][\/vc_tta_section][vc_tta_section title=\u00bbExperimente m\u00e1s energ\u00eda*\u00bb tab_id=\u00bb1707387765213-ee1cfffa-0c5ccb43-1b84f456-72d7&#8243; el_class=\u00bbicon-experience\u00bb][vc_column_text]Aumente su energ\u00eda diaria sin cafe\u00edna ni estimulantes. Nuestra exclusiva mezcla de hongos apoya la producci\u00f3n natural de energ\u00eda y resistencia, permiti\u00e9ndole afrontar su d\u00eda con vigor y vitalidad.[\/vc_column_text][\/vc_tta_section][vc_tta_section title=\u00bbMejora el estado de \u00e1nimo*\u00bb tab_id=\u00bb1707387765230-c937f601-5d59cb43-1b84f456-72d7&#8243; el_class=\u00bbicon-improve-mood\u00bb][vc_column_text]Eleve su estado de \u00e1nimo y reduzca el estr\u00e9s con nuestras Gominolas Diarias. Cada porci\u00f3n contiene una mezcla de hongos conocidos por sus propiedades adapt\u00f3genas, ayudando a equilibrar el bienestar mental y emocional para un usted m\u00e1s feliz y relajado.[\/vc_column_text][\/vc_tta_section][vc_tta_section title=\u00bbAumenta la concentraci\u00f3n y la memoria*\u00bb tab_id=\u00bb1707387998641-fe4b3cc3-3a1ecb43-1b84f456-72d7&#8243; el_class=\u00bbicon-increase-focus\u00bb][vc_column_text]Agudice su concentraci\u00f3n y mejore la retenci\u00f3n de memoria con nuestras gominolas de hongos funcionales. Ideales para quienes buscan claridad mental y apoyo cognitivo, estas gominolas le ayudan a mantenerse alerta y comprometido durante todo el d\u00eda.[\/vc_column_text][\/vc_tta_section][\/vc_tta_accordion][\/vc_column][vc_column width=\u00bb1\/12&#8243;][\/vc_column][vc_column width=\u00bb5\/12&#8243; el_class=\u00bbmo-1&#8243;][vc_single_image image=\u00bb57923&#8243; img_size=\u00bbfull\u00bb el_class=\u00bbimage-with-shadow\u00bb][vc_raw_html]ICA8ZGl2IGNsYXNzPSJndW1taWVzLXJhbmRvbSI+CiAgICA8ZGl2PjwvZGl2PgogICAgPGRpdj48L2Rpdj4KICAgIDxkaXY+PC9kaXY+CiAgPC9kaXY+[\/vc_raw_html][\/vc_column][\/vc_row][\/vc_section][vc_section full_width=\u00bbstretch_row\u00bb el_class=\u00bbadd-lines-after white pb-180&#8243;][vc_row el_class=\u00bbpt-90&#8243;][vc_column][vc_custom_heading text=\u00bbSABROSAS Y DELICIOSAS\u00bb font_container=\u00bbtag:div|text_align:center\u00bb use_theme_fonts=\u00bbyes\u00bb el_class=\u00bbpr-tag\u00bb][vc_custom_heading text=\u00bb\u00bfQu\u00e9 contienen?\u00bb font_container=\u00bbtag:h2|text_align:center\u00bb use_theme_fonts=\u00bbyes\u00bb][vc_column_text el_class=\u00bbtext-center\u00bb]Dentro de cada gominola se encuentra una potente mezcla de 10 hongos funcionales, meticulosamente seleccionados por sus propiedades beneficiosas para la salud. Estos potentes naturales trabajan juntos para apoyar su bienestar general, haciendo cada d\u00eda m\u00e1s brillante y equilibrado.[\/vc_column_text][\/vc_column][\/vc_row][vc_row el_class=\u00bbs-whats-inside pb-80&#8243;][vc_column][vc_row_inner][vc_column_inner][vc_single_image image=\u00bb57910&#8243; img_size=\u00bbfull\u00bb][vc_column_text]Refuerza la inmunidad y apoya niveles saludables de az\u00facar en sangre.[\/vc_column_text][vc_custom_heading text=\u00bbHongo<br \/>\nMaitake\u00bb font_container=\u00bbtag:h5|text_align:left\u00bb use_theme_fonts=\u00bbyes\u00bb][\/vc_column_inner][\/vc_row_inner][vc_row_inner][vc_column_inner][vc_single_image image=\u00bb57913&#8243; img_size=\u00bbfull\u00bb][vc_column_text]Mejora la salud cardiovascular y proporciona nutrientes vitales.[\/vc_column_text][vc_custom_heading text=\u00bbHongo<br \/>\nShiitake\u00bb font_container=\u00bbtag:h5|text_align:left\u00bb use_theme_fonts=\u00bbyes\u00bb][\/vc_column_inner][\/vc_row_inner][vc_row_inner][vc_column_inner][vc_single_image image=\u00bb57909&#8243; img_size=\u00bbfull\u00bb][vc_column_text]Promueve la salud cerebral, mejorando la concentraci\u00f3n y la memoria.[\/vc_column_text][vc_custom_heading text=\u00bbHongo<br \/>\nMelena de Le\u00f3n\u00bb font_container=\u00bbtag:h5|text_align:left\u00bb use_theme_fonts=\u00bbyes\u00bb][\/vc_column_inner][\/vc_row_inner][vc_row_inner][vc_column_inner][vc_single_image image=\u00bb57911&#8243; img_size=\u00bbfull\u00bb][vc_column_text]Reduce el estr\u00e9s y mejora la calidad del sue\u00f1o.[\/vc_column_text][vc_custom_heading text=\u00bbHongo<br \/>\nReishi\u00bb font_container=\u00bbtag:h5|text_align:left\u00bb use_theme_fonts=\u00bbyes\u00bb][\/vc_column_inner][\/vc_row_inner][vc_row_inner][vc_column_inner][vc_single_image image=\u00bb57908&#8243; img_size=\u00bbfull\u00bb][vc_column_text]Aumenta la energ\u00eda y el rendimiento atl\u00e9tico.[\/vc_column_text][vc_custom_heading text=\u00bbHongo<br \/>\nCordyceps\u00bb font_container=\u00bbtag:h5|text_align:left\u00bb use_theme_fonts=\u00bbyes\u00bb][\/vc_column_inner][\/vc_row_inner][vc_row_inner][vc_column_inner][vc_single_image image=\u00bb57907&#8243; img_size=\u00bbfull\u00bb][vc_column_text]Contiene potentes antioxidantes para el apoyo inmunitario.[\/vc_column_text][vc_custom_heading text=\u00bbHongo<br \/>\nChaga\u00bb font_container=\u00bbtag:h5|text_align:left\u00bb use_theme_fonts=\u00bbyes\u00bb][\/vc_column_inner][\/vc_row_inner][vc_row_inner][vc_column_inner][vc_single_image image=\u00bb57914&#8243; img_size=\u00bbfull\u00bb][vc_column_text]Apoya la salud intestinal y la inmunidad.[\/vc_column_text][vc_custom_heading text=\u00bbHongo<br \/>\nCola de Pavo\u00bb font_container=\u00bbtag:h5|text_align:left\u00bb use_theme_fonts=\u00bbyes\u00bb][\/vc_column_inner][\/vc_row_inner][vc_row_inner][vc_column_inner][vc_single_image image=\u00bb57915&#8243; img_size=\u00bbfull\u00bb][vc_column_text]Ofrece nutrientes esenciales para la salud general.[\/vc_column_text][vc_custom_heading text=\u00bbChampi\u00f1\u00f3n<br \/>\nBlanco\u00bb font_container=\u00bbtag:h5|text_align:left\u00bb use_theme_fonts=\u00bbyes\u00bb][\/vc_column_inner][\/vc_row_inner][vc_row_inner][vc_column_inner][vc_single_image image=\u00bb57906&#8243; img_size=\u00bbfull\u00bb][vc_column_text]Mejora la circulaci\u00f3n sangu\u00ednea y la salud card\u00edaca.[\/vc_column_text][vc_custom_heading text=\u00bbHongo<br \/>\nNegro\u00bb font_container=\u00bbtag:h5|text_align:left\u00bb use_theme_fonts=\u00bbyes\u00bb][\/vc_column_inner][\/vc_row_inner][vc_row_inner][vc_column_inner][vc_single_image image=\u00bb57912&#8243; img_size=\u00bbfull\u00bb][vc_column_text]Apoya la funci\u00f3n inmunitaria y reduce la fatiga.[\/vc_column_text][vc_custom_heading text=\u00bbHongo<br \/>\ndel Sol Real\u00bb font_container=\u00bbtag:h5|text_align:left\u00bb use_theme_fonts=\u00bbyes\u00bb][\/vc_column_inner][\/vc_row_inner][\/vc_column][\/vc_row][vc_row el_class=\u00bbs-supplement-facts\u00bb][vc_column width=\u00bb5\/12&#8243; el_class=\u00bbb-supplement-facts\u00bb][vc_custom_heading text=\u00bbIngredientes\u00bb font_container=\u00bbtag:div|text_align:left\u00bb use_theme_fonts=\u00bbyes\u00bb el_class=\u00bbpr-tag\u00bb][vc_custom_heading text=\u00bbInformaci\u00f3n nutricional\u00bb use_theme_fonts=\u00bbyes\u00bb][vc_column_text]<\/p>\n<div class=\"flex-1 overflow-hidden\">\n<div class=\"react-scroll-to-bottom--css-ubvzx-79elbk h-full\">\n<div class=\"react-scroll-to-bottom--css-ubvzx-1n7m0yu\">\n<div class=\"flex flex-col pb-9 text-sm\">\n<div class=\"w-full text-token-text-primary\" data-testid=\"conversation-turn-891\">\n<div class=\"px-4 py-2 justify-center text-base md:gap-6 m-auto\">\n<div class=\"flex flex-1 text-base mx-auto gap-3 md:px-5 lg:px-1 xl:px-5 md:max-w-3xl lg:max-w-[40rem] xl:max-w-[48rem] group final-completion\">\n<div class=\"relative flex w-full flex-col lg:w-[calc(100%-115px)] agent-turn\">\n<div class=\"flex-col gap-1 md:gap-3\">\n<div class=\"flex flex-grow flex-col max-w-full\">\n<div class=\"min-h-[20px] text-message flex flex-col items-start gap-3 whitespace-pre-wrap break-words [.text-message+&amp;]:mt-5 overflow-x-auto\" data-message-author-role=\"assistant\" data-message-id=\"cd52f8b0-8a28-48b1-a432-6caec25cc0df\">\n<div class=\"markdown prose w-full break-words dark:prose-invert light\">\n<p>Nuestras Gominolas Diarias est\u00e1n elaboradas con hongos de la m\u00e1s alta calidad y cultivo ecol\u00f3gico, proporcionando una mezcla premium de 10 variedades funcionales. Esta f\u00f3rmula expertamente extra\u00edda y probada en laboratorio garantiza que reciba el apoyo nutricional m\u00e1s puro y eficaz en cada gominola. <\/p>\n<\/div>\n<\/div>\n<\/div>\n<div class=\"mt-1 flex justify-start gap-3 empty:hidden\">\n<div class=\"text-gray-400 flex self-end lg:self-center justify-center lg:justify-start mt-0 -ml-1 visible\">\n<p>&nbsp;<\/p>\n<div class=\"flex\"><\/div>\n<\/div>\n<\/div>\n<\/div>\n<\/div>\n<\/div>\n<\/div>\n<\/div>\n<\/div>\n<\/div>\n<\/div>\n<\/div>\n<div class=\"w-full pt-2 md:pt-0 dark:border-white\/20 md:border-transparent md:dark:border-transparent md:w-[calc(100%-.5rem)]\">\n<form class=\"stretch mx-2 flex flex-row gap-3 last:mb-2 md:mx-4 md:last:mb-6 lg:mx-auto lg:max-w-2xl xl:max-w-3xl\">\n<div class=\"relative flex h-full flex-1 items-stretch md:flex-col\">\n<div class=\"flex w-full items-center\"><\/div>\n<\/div>\n<\/form>\n<\/div>\n<p>[\/vc_column_text][vc_column_text]<\/p>\n<ul>\n<li><img decoding=\"async\" src=\"\/wp-content\/uploads\/2024\/02\/30.png\" alt=\"Suministro para 30 d\u00edas\" width=\"101\" height=\"101\">Suministro para 30 d\u00edas<\/li>\n<li><img decoding=\"async\" src=\"\/wp-content\/uploads\/2024\/02\/10.png\" alt=\"Mezcla de 10 hongos funcionales\" width=\"101\" height=\"101\">Mezcla de 10 hongos funcionales<\/li>\n<li><img decoding=\"async\" src=\"\/wp-content\/uploads\/2024\/02\/60.png\" alt=\"\" width=\"101\" height=\"101\">60 gominolas,<br \/>\n2500 mg por porci\u00f3n<\/li>\n<li><img decoding=\"async\" src=\"\/wp-content\/uploads\/2024\/02\/vegan.png\" alt=\"\" width=\"101\" height=\"101\">Veganas, 100% naturales<\/li>\n<li><img decoding=\"async\" src=\"\/wp-content\/uploads\/2024\/02\/gluten.png\" alt=\"\" width=\"101\" height=\"101\">Sin gluten<\/li>\n<li><img decoding=\"async\" src=\"\/wp-content\/uploads\/2024\/02\/raspberry-flavour.png\" alt=\"\" width=\"101\" height=\"101\">Sabor natural a frambuesa<\/li>\n<\/ul>\n<p>[\/vc_column_text][\/vc_column][vc_column width=\u00bb1\/12&#8243;][\/vc_column][vc_column width=\u00bb6\/12&#8243;][vc_single_image image=\u00bb57890&#8243; img_size=\u00bbfull\u00bb onclick=\u00bblink_image\u00bb][vc_single_image image=\u00bb56254&#8243; img_size=\u00bbfull\u00bb el_class=\u00bbfix-image\u00bb][\/vc_column][\/vc_row][\/vc_section][vc_section full_width=\u00bbstretch_row\u00bb css=\u00bb.vc_custom_1707458017878{background-color: #ffffff !important;}\u00bb el_class=\u00bbs-why-gummies pb-150 add-lines-after\u00bb][vc_row el_class=\u00bbpt-100 pb-100&#8243;][vc_column width=\u00bb4\/12&#8243;][vc_custom_heading text=\u00bb\u00bfPor qu\u00e9 gominolas?\u00bb font_container=\u00bbtag:div|text_align:left\u00bb use_theme_fonts=\u00bbyes\u00bb el_class=\u00bbpr-tag\u00bb][vc_custom_heading text=\u00bbLa mayor\u00eda de los suplementos desperdician su dinero\u00bb use_theme_fonts=\u00bbyes\u00bb][vc_column_text]Nuestros cuerpos no son eficientes: solo una peque\u00f1a parte de lo que consumimos se absorbe en nuestro organismo. Como resultado, los suplementos que tomamos por v\u00eda oral producen poco o ning\u00fan resultado. Pruebe los suplementos en gominola y aumente las tasas de absorci\u00f3n hasta un 90%.[\/vc_column_text][\/vc_column][vc_column width=\u00bb1\/12&#8243;][\/vc_column][vc_column width=\u00bb7\/12&#8243;][vc_row_inner equal_height=\u00bbyes\u00bb el_class=\u00bbs-compare\u00bb][vc_column_inner el_class=\u00bbb-pure-natural\u00bb width=\u00bb1\/2&#8243;][vc_custom_heading text=\u00bbGominolas puras de hongos naturales\u00bb font_container=\u00bbtag:h3|text_align:left\u00bb use_theme_fonts=\u00bbyes\u00bb][vc_column_text]<\/p>\n<ul>\n<li>M\u00e1s nutrientes por porci\u00f3n<\/li>\n<li>\u00b190% de eficiencia de absorci\u00f3n<\/li>\n<li>Con ingredientes que potencian los beneficios<\/li>\n<li>Masticables y f\u00e1ciles de consumir<\/li>\n<li>Deliciosas y suaves para el est\u00f3mago<\/li>\n<\/ul>\n<p>[\/vc_column_text][\/vc_column_inner][vc_column_inner width=\u00bb1\/2&#8243;][vc_custom_heading text=\u00bbSuplementos en c\u00e1psulas\/comprimidos\u00bb font_container=\u00bbtag:h3|text_align:left\u00bb use_theme_fonts=\u00bbyes\u00bb][vc_column_text]<\/p>\n<ul>\n<li>Menos nutrientes por porci\u00f3n<\/li>\n<li>7%-12% de eficiencia de absorci\u00f3n<\/li>\n<li>Solo unos pocos ingredientes<\/li>\n<li>Pueden ser dif\u00edciles de tragar<\/li>\n<li>Causan n\u00e1useas en algunas personas<\/li>\n<\/ul>\n<p>[\/vc_column_text][\/vc_column_inner][\/vc_row_inner][\/vc_column][\/vc_row][vc_row][vc_column width=\u00bb1\/12&#8243;][\/vc_column][vc_column width=\u00bb10\/12&#8243;][vc_custom_heading text=\u00bbPreguntas frecuentes\u00bb font_container=\u00bbtag:div|text_align:center\u00bb use_theme_fonts=\u00bbyes\u00bb][vc_custom_heading text=\u00bbPreguntas frecuentes\u00bb font_container=\u00bbtag:h2|text_align:center\u00bb use_theme_fonts=\u00bbyes\u00bb][vc_tta_accordion section_title_tag=\u00bbh5&#8243; shape=\u00bbsquare\u00bb c_position=\u00bbright\u00bb active_section=\u00bb1&#8243; collapsible_all=\u00bbtrue\u00bb el_class=\u00bbb-accordion\u00bb][vc_tta_section title=\u00bb\u00bfSon legales las Gominolas Diarias en todas partes?\u00bb tab_id=\u00bb1707397517424-4679fe32-f3d2cb43-1b84f456-72d7&#8243;][vc_column_text]Las Gominolas Diarias est\u00e1n elaboradas con hongos legales y no psicoactivos, y cumplen con los est\u00e1ndares legales en casi todos los pa\u00edses del mundo.[\/vc_column_text][\/vc_tta_section][vc_tta_section title=\u00bb\u00bfContienen las Gominolas Diarias alguna sustancia psicoactiva?\u00bb tab_id=\u00bb1707644934934-b5813886-da89&#8243;][vc_column_text]No, nuestras Gominolas Diarias no contienen ninguna sustancia psicoactiva. Est\u00e1n formuladas con hongos funcionales conocidos por sus beneficios para la salud sin alterar su estado mental.[\/vc_column_text][\/vc_tta_section][vc_tta_section title=\u00bb\u00bfC\u00f3mo tomo las Gominolas Diarias?\u00bb tab_id=\u00bb1707644929388-8e5b15d3-6629&#8243;][vc_column_text]Tome 2 gominolas una vez al d\u00eda, preferiblemente con una comida. Para obtener resultados \u00f3ptimos, recomendamos un uso diario constante. No exceda las 4 gominolas diarias.[\/vc_column_text][\/vc_tta_section][vc_tta_section title=\u00bb\u00bfPuedo tomar las Gominolas Diarias mientras hago microdosis de trufas?\u00bb tab_id=\u00bb1709284706003-0f98f840-74e5&#8243;][vc_column_text]\u00a1Por supuesto! Nuestras Gominolas Diarias est\u00e1n dise\u00f1adas para complementar su rutina de microdosis. Funcionan de forma sin\u00e9rgica, con las gominolas proporcionando un amplio espectro de beneficios para el bienestar mientras que las trufas se centran en mejorar su estado mental y emocional. Es importante escuchar a su cuerpo y ajustar las dosis seg\u00fan sea necesario. Si tiene alguna pregunta sobre c\u00f3mo equilibrar estos productos o necesita asesoramiento personalizado, no dude en contactarnos.[\/vc_column_text][\/vc_tta_section][vc_tta_section title=\u00bb\u00bfSon las Gominolas Diarias adecuadas para dietas veganas y sin gluten?\u00bb tab_id=\u00bb1707397517450-71acc7f8-2d61cb43-1b84f456-72d7&#8243;][vc_column_text]\u00a1Por supuesto! Nuestras Gominolas Diarias son veganas y sin gluten, elaboradas sin transg\u00e9nicos, gelatina, alcohol ni colorantes alimentarios, adapt\u00e1ndose a una amplia gama de preferencias diet\u00e9ticas.[\/vc_column_text][\/vc_tta_section][vc_tta_section title=\u00bb\u00bfQu\u00e9 beneficios puedo esperar al tomar las Gominolas Diarias?\u00bb tab_id=\u00bb1707397648753-75caf291-4451cb43-1b84f456-72d7&#8243;][vc_column_text]Los usuarios pueden experimentar una mejora en la concentraci\u00f3n, la memoria, la energ\u00eda y el estado de \u00e1nimo. Adem\u00e1s, la mezcla apoya la salud inmunitaria y el bienestar general.[\/vc_column_text][\/vc_tta_section][vc_tta_section title=\u00bb\u00bfPuedo tomar las Gominolas Diarias con otros medicamentos o suplementos?\u00bb tab_id=\u00bb1707397659420-b8c4bfb6-f0d9cb43-1b84f456-72d7&#8243;][vc_column_text]Aunque nuestras gominolas est\u00e1n elaboradas con ingredientes naturales, recomendamos consultar con un profesional sanitario antes de comenzar cualquier nuevo suplemento, especialmente si est\u00e1 tomando medicaci\u00f3n o tiene problemas de salud.[\/vc_column_text][\/vc_tta_section][vc_tta_section title=\u00bb\u00bfCu\u00e1nto tiempo tarda en notarse los beneficios de las Gominolas Diarias?\u00bb tab_id=\u00bb1707397671972-7ba54117-ca28cb43-1b84f456-72d7&#8243;][vc_column_text]Los beneficios pueden variar seg\u00fan cada persona, pero algunos usuarios informan de efectos tras una o dos semanas de uso regular. La constancia es clave para lograr los mejores resultados.[\/vc_column_text][\/vc_tta_section][vc_tta_section title=\u00bb\u00bfHay alg\u00fan efecto secundario al tomar las Gominolas Diarias?\u00bb tab_id=\u00bb1707644609562-bf154d2c-ce72&#8243;][vc_column_text]Nuestras gominolas est\u00e1n elaboradas con ingredientes naturales de alta calidad y generalmente se toleran bien. Sin embargo, como con cualquier suplemento, algunas personas pueden experimentar molestias digestivas leves. Si tiene dudas, consulte a un profesional sanitario.[\/vc_column_text][\/vc_tta_section][vc_tta_section title=\u00bb\u00bfPueden las Gominolas Diarias ayudar con condiciones de salud espec\u00edficas?\u00bb tab_id=\u00bb1707644609440-079de11c-e612&#8243;][vc_column_text]Aunque las Gominolas Diarias est\u00e1n dise\u00f1adas para apoyar el bienestar general, no est\u00e1n destinadas a diagnosticar, tratar, curar o prevenir ninguna enfermedad. Para condiciones de salud espec\u00edficas, consulte a un profesional sanitario.[\/vc_column_text][\/vc_tta_section][vc_tta_section title=\u00bb\u00bfC\u00f3mo se obtienen los hongos de las Gominolas Diarias?\u00bb tab_id=\u00bb1707644609298-f3ba3bf5-93f9&#8243;][vc_column_text]Obtenemos nuestros hongos de granjas ecol\u00f3gicas y sostenibles, centr\u00e1ndonos en el cuerpo fruct\u00edfero para obtener la m\u00e1xima potencia y pureza. Nuestro extracto 10:1 garantiza que reciba una dosis concentrada de los mejores hongos funcionales.[\/vc_column_text][\/vc_tta_section][vc_tta_section title=\u00bb\u00bfQu\u00e9 hace diferentes a las Gominolas Diarias de otros suplementos de hongos?\u00bb tab_id=\u00bb1707644608372-19803699-5a0c\u00bb][vc_column_text]Nuestra mezcla incluye una combinaci\u00f3n \u00fanica de 10 hongos funcionales, ofreciendo un enfoque integral del bienestar. Adem\u00e1s, nuestro compromiso con la calidad, los ingredientes naturales y la sostenibilidad nos distingue.[\/vc_column_text][\/vc_tta_section][vc_tta_section title=\u00bb\u00bfPueden los ni\u00f1os tomar las Gominolas Diarias?\u00bb tab_id=\u00bb1707644664176-66581d3e-706c\u00bb][vc_column_text]Las Gominolas Diarias est\u00e1n formuladas para uso adulto. Recomendamos consultar con un pediatra antes de dar cualquier suplemento a los ni\u00f1os.[\/vc_column_text][\/vc_tta_section][\/vc_tta_accordion][vc_btn title=\u00bb\u00bfOtras preguntas?\u00bb style=\u00bboutline\u00bb color=\u00bbblack\u00bb align=\u00bbcenter\u00bb link=\u00bburl:https%3A%2F%2Fgo-microdose.com%2Fes%2Fcontacto%2F|\u00bb][\/vc_column][vc_column width=\u00bb1\/12&#8243;][\/vc_column][\/vc_row][\/vc_section][vc_row][vc_column][vc_widget_sidebar sidebar_id=\u00bbreferenties\u00bb][\/vc_column][\/vc_row]<\/p>\n<\/div>","protected":false},"excerpt":{"rendered":"<p>Presentamos nuestras Gominolas Diarias, una mezcla de 10 hongos funcionales de cultivo ecol\u00f3gico en un formato c\u00f3modo y sabroso. Cada porci\u00f3n proporciona una potente dosis de 2500 mg de nuestra exclusiva mezcla de hongos, dise\u00f1ada para apoyar su estado de \u00e1nimo, energ\u00eda, inmunidad, concentraci\u00f3n y memoria. Elaboradas con esmero, nuestras gominolas son veganas, sin gluten y libres de aditivos nocivos, garantizando que reciba solo lo mejor que la naturaleza puede ofrecer. Probadas en laboratorio para pureza y potencia, estas gominolas son su aliado diario para lograr una vida equilibrada y saludable. Abrace el poder natural de los hongos y experimente un mayor bienestar con cada bocado.    <\/p>\n","protected":false},"featured_media":57922,"comment_status":"open","ping_status":"closed","template":"","meta":{"_acf_changed":false},"product_brand":[],"product_cat":[220],"product_tag":[],"giftcard-category":[],"class_list":{"0":"post-57878","1":"product","2":"type-product","3":"status-publish","4":"has-post-thumbnail","6":"product_cat-gominolas","8":"first","9":"instock","10":"taxable","11":"shipping-taxable","12":"purchasable","13":"product-type-simple"},"acf":[],"_links":{"self":[{"href":"https:\/\/go-microdose.com\/es\/wp-json\/wp\/v2\/product\/57878","targetHints":{"allow":["GET"]}}],"collection":[{"href":"https:\/\/go-microdose.com\/es\/wp-json\/wp\/v2\/product"}],"about":[{"href":"https:\/\/go-microdose.com\/es\/wp-json\/wp\/v2\/types\/product"}],"replies":[{"embeddable":true,"href":"https:\/\/go-microdose.com\/es\/wp-json\/wp\/v2\/comments?post=57878"}],"wp:featuredmedia":[{"embeddable":true,"href":"https:\/\/go-microdose.com\/es\/wp-json\/wp\/v2\/media\/57922"}],"wp:attachment":[{"href":"https:\/\/go-microdose.com\/es\/wp-json\/wp\/v2\/media?parent=57878"}],"wp:term":[{"taxonomy":"product_brand","embeddable":true,"href":"https:\/\/go-microdose.com\/es\/wp-json\/wp\/v2\/product_brand?post=57878"},{"taxonomy":"product_cat","embeddable":true,"href":"https:\/\/go-microdose.com\/es\/wp-json\/wp\/v2\/product_cat?post=57878"},{"taxonomy":"product_tag","embeddable":true,"href":"https:\/\/go-microdose.com\/es\/wp-json\/wp\/v2\/product_tag?post=57878"},{"taxonomy":"giftcard-category","embeddable":true,"href":"https:\/\/go-microdose.com\/es\/wp-json\/wp\/v2\/giftcard-category?post=57878"}],"curies":[{"name":"wp","href":"https:\/\/api.w.org\/{rel}","templated":true}]}}