{"id":58920,"date":"2023-11-19T12:10:46","date_gmt":"2023-11-19T12:10:46","guid":{"rendered":"https:\/\/go-microdose.com\/product\/esenciales-para-el-kit-de-cultivo\/"},"modified":"2026-04-06T07:50:50","modified_gmt":"2026-04-06T05:50:50","slug":"esenciales-para-el-kit-de-cultivo","status":"publish","type":"product","link":"https:\/\/go-microdose.com\/es\/producto\/esenciales-para-el-kit-de-cultivo\/","title":{"rendered":"Esenciales para el kit de cultivo"},"content":{"rendered":"<div class=\"wpb-content-wrapper\"><p>[vc_row][vc_column][vc_column_text]Emb\u00e1rquese en un enriquecedor viaje de crecimiento y descubrimiento con nuestros \u00abEsenciales para el kit de cultivo\u00bb, el compa\u00f1ero definitivo para sus proyectos de cultivo de setas. Dise\u00f1ado meticulosamente tanto para cultivadores noveles como experimentados, este kit garantiza un entorno de crecimiento \u00f3ptimo para sus preciadas setas. <\/p>\n<p>En el coraz\u00f3n de este kit se encuentra nuestra eficiente esterilla t\u00e9rmica, dise\u00f1ada por expertos para proporcionar un calor constante y suave, crucial para estimular el crecimiento de las setas. Este control preciso de la temperatura es clave para desbloquear todo el potencial de su kit de cultivo, garantizando una cosecha abundante y sana. <\/p>\n<p>Acompa\u00f1ando a la esterilla t\u00e9rmica se incluyen tres bolsas de perlas de s\u00edlice de primera calidad. Estas perlas marcan la diferencia, ya que son expertas en mantener los niveles de humedad ideales y garantizar un entorno seco y controlable. Combaten la humedad no deseada, protegiendo sus setas de posibles contaminantes y promoviendo un proceso de cultivo m\u00e1s exitoso.  <\/p>\n<p>Completa el kit nuestro duradero recipiente herm\u00e9tico de 650 ml. Este recipiente no es solo una soluci\u00f3n de almacenamiento; es un microentorno perfectamente adaptado al cultivo de setas. Su cierre herm\u00e9tico preserva la humedad y la temperatura ideales, proporcionando un santuario para que sus setas prosperen.  <\/p>\n<p>Juntos, estos componentes forman los \u00abEsenciales para el kit de cultivo\u00bb: una mezcla armoniosa de utilidad y comodidad, creada para mejorar su experiencia de cultivo y maximizar el rendimiento de su kit.[\/vc_column_text][\/vc_column][\/vc_row]<\/p>\n<\/div>","protected":false},"excerpt":{"rendered":"<ul>\n<li>Esterilla t\u00e9rmica fiable para un control \u00f3ptimo de la temperatura.<\/li>\n<li>3 bolsas de perlas de s\u00edlice para mantener el nivel de humedad perfecto.<\/li>\n<li>Recipiente herm\u00e9tico de 650 ml para un almacenamiento \u00f3ptimo.<\/li>\n<li>Apto tanto para principiantes como para cultivadores experimentados.<\/li>\n<li>Dise\u00f1ado para maximizar el rendimiento y la salud de su kit de cultivo.<\/li>\n<li>Componentes f\u00e1ciles de usar para un cultivo sin complicaciones.<\/li>\n<li>Materiales de primera calidad para mayor durabilidad y eficacia.<\/li>\n<\/ul>\n","protected":false},"featured_media":58921,"comment_status":"open","ping_status":"closed","template":"","meta":{"_acf_changed":false},"product_brand":[],"product_cat":[180,191],"product_tag":[],"giftcard-category":[],"class_list":{"0":"post-58920","1":"product","2":"type-product","3":"status-publish","4":"has-post-thumbnail","6":"product_cat-accesorios","7":"product_cat-ofertas-de-packs","8":"product_shipping_class-caja-grande","10":"first","11":"instock","12":"sale","13":"taxable","14":"shipping-taxable","15":"purchasable","16":"product-type-simple"},"acf":[],"_links":{"self":[{"href":"https:\/\/go-microdose.com\/es\/wp-json\/wp\/v2\/product\/58920","targetHints":{"allow":["GET"]}}],"collection":[{"href":"https:\/\/go-microdose.com\/es\/wp-json\/wp\/v2\/product"}],"about":[{"href":"https:\/\/go-microdose.com\/es\/wp-json\/wp\/v2\/types\/product"}],"replies":[{"embeddable":true,"href":"https:\/\/go-microdose.com\/es\/wp-json\/wp\/v2\/comments?post=58920"}],"wp:featuredmedia":[{"embeddable":true,"href":"https:\/\/go-microdose.com\/es\/wp-json\/wp\/v2\/media\/58921"}],"wp:attachment":[{"href":"https:\/\/go-microdose.com\/es\/wp-json\/wp\/v2\/media?parent=58920"}],"wp:term":[{"taxonomy":"product_brand","embeddable":true,"href":"https:\/\/go-microdose.com\/es\/wp-json\/wp\/v2\/product_brand?post=58920"},{"taxonomy":"product_cat","embeddable":true,"href":"https:\/\/go-microdose.com\/es\/wp-json\/wp\/v2\/product_cat?post=58920"},{"taxonomy":"product_tag","embeddable":true,"href":"https:\/\/go-microdose.com\/es\/wp-json\/wp\/v2\/product_tag?post=58920"},{"taxonomy":"giftcard-category","embeddable":true,"href":"https:\/\/go-microdose.com\/es\/wp-json\/wp\/v2\/giftcard-category?post=58920"}],"curies":[{"name":"wp","href":"https:\/\/api.w.org\/{rel}","templated":true}]}}