{"id":58962,"date":"2023-11-09T15:05:00","date_gmt":"2023-11-09T15:05:00","guid":{"rendered":"https:\/\/go-microdose.com\/product\/molinillo-de-trufas-magicas\/"},"modified":"2026-04-06T07:53:24","modified_gmt":"2026-04-06T05:53:24","slug":"molinillo-de-trufas-magicas","status":"publish","type":"product","link":"https:\/\/go-microdose.com\/es\/producto\/molinillo-de-trufas-magicas\/","title":{"rendered":"Molinillo de trufas m\u00e1gicas"},"content":{"rendered":"<div class=\"wpb-content-wrapper\"><p>[vc_row][vc_column][vc_column_text]Aproveche todo el potencial de las trufas m\u00e1gicas con una facilidad inigualable gracias a nuestro innovador Molinillo de Trufas M\u00e1gicas. Este accesorio, cuidadosamente dise\u00f1ado, es la clave para disfrutar de una experiencia con trufas sin complicaciones y agradable, ideal tanto para principiantes como para psiconautas experimentados. Diga adi\u00f3s al sabor, a menudo dif\u00edcil y amargo, de las trufas crudas: nuestro molinillo las transforma sin esfuerzo en una pasta agradable al paladar, lista para consumir sin las molestias habituales.  <\/p>\n<p>Fabricado pensando en la durabilidad, su resistente material pl\u00e1stico soporta el uso frecuente, para que la preparaci\u00f3n de sus trufas est\u00e9 siempre a un simple giro. Sus dimensiones compactas, de solo 8 cm por 4,5 cm, lo convierten en un complemento discreto para cualquier cocina o bolsa de viaje. Tanto si se prepara para una tranquila velada de introspecci\u00f3n como para un momento compartido con amigos, este molinillo es su fiel compa\u00f1ero.  <\/p>\n<p>Sencillo en dise\u00f1o pero eficaz en rendimiento, el Molinillo de Trufas M\u00e1gicas est\u00e1 dise\u00f1ado para la comodidad. El mecanismo de giro es suave y requiere un esfuerzo m\u00ednimo, triturando incluso las trufas m\u00e1s firmes hasta lograr una consistencia cremosa. Esto no solo facilita un m\u00e9todo de consumo m\u00e1s agradable, sino que tambi\u00e9n ayuda a una absorci\u00f3n m\u00e1s r\u00e1pida, permitiendo que los efectos de las trufas comiencen sin demora.  <\/p>\n<p>La limpieza despu\u00e9s de usarlo es muy sencilla: el molinillo es totalmente apto para lavavajillas, para que pueda mantener la higiene sin esfuerzo adicional. Esto tambi\u00e9n significa que el molinillo est\u00e1 listo cuando lo necesite, aportando tranquilidad y una presencia siempre disponible en su kit de herramientas psicon\u00e1uticas.[\/vc_column_text][\/vc_column][\/vc_row]<\/p>\n<\/div>","protected":false},"excerpt":{"rendered":"<ul>\n<li>Convierte las trufas en una pasta f\u00e1cil de consumir.<\/li>\n<li>Facilita la ingesta y mejora el perfil de sabor.<\/li>\n<li>Construcci\u00f3n de pl\u00e1stico duradero y de alta calidad.<\/li>\n<li>Tama\u00f1o compacto: 8 cm x 4,5 cm, perfecto para viajar.<\/li>\n<li>Apto para lavavajillas para una limpieza sin esfuerzo.<\/li>\n<li>Mecanismo de molido suave para una preparaci\u00f3n r\u00e1pida.<\/li>\n<li>Favorece una absorci\u00f3n m\u00e1s r\u00e1pida de los compuestos activos de las trufas.<\/li>\n<li>Ideal tanto para microdosificaci\u00f3n como para experiencias psicod\u00e9licas completas.<\/li>\n<\/ul>\n","protected":false},"featured_media":58964,"comment_status":"open","ping_status":"closed","template":"","meta":{"_acf_changed":false},"product_brand":[],"product_cat":[180],"product_tag":[],"giftcard-category":[],"class_list":{"0":"post-58962","1":"product","2":"type-product","3":"status-publish","4":"has-post-thumbnail","6":"product_cat-accesorios","7":"product_shipping_class-caja-grande","9":"first","10":"instock","11":"taxable","12":"shipping-taxable","13":"purchasable","14":"product-type-simple"},"acf":[],"_links":{"self":[{"href":"https:\/\/go-microdose.com\/es\/wp-json\/wp\/v2\/product\/58962","targetHints":{"allow":["GET"]}}],"collection":[{"href":"https:\/\/go-microdose.com\/es\/wp-json\/wp\/v2\/product"}],"about":[{"href":"https:\/\/go-microdose.com\/es\/wp-json\/wp\/v2\/types\/product"}],"replies":[{"embeddable":true,"href":"https:\/\/go-microdose.com\/es\/wp-json\/wp\/v2\/comments?post=58962"}],"wp:featuredmedia":[{"embeddable":true,"href":"https:\/\/go-microdose.com\/es\/wp-json\/wp\/v2\/media\/58964"}],"wp:attachment":[{"href":"https:\/\/go-microdose.com\/es\/wp-json\/wp\/v2\/media?parent=58962"}],"wp:term":[{"taxonomy":"product_brand","embeddable":true,"href":"https:\/\/go-microdose.com\/es\/wp-json\/wp\/v2\/product_brand?post=58962"},{"taxonomy":"product_cat","embeddable":true,"href":"https:\/\/go-microdose.com\/es\/wp-json\/wp\/v2\/product_cat?post=58962"},{"taxonomy":"product_tag","embeddable":true,"href":"https:\/\/go-microdose.com\/es\/wp-json\/wp\/v2\/product_tag?post=58962"},{"taxonomy":"giftcard-category","embeddable":true,"href":"https:\/\/go-microdose.com\/es\/wp-json\/wp\/v2\/giftcard-category?post=58962"}],"curies":[{"name":"wp","href":"https:\/\/api.w.org\/{rel}","templated":true}]}}