{"id":60708,"date":"2023-06-20T23:33:32","date_gmt":"2023-06-20T23:33:32","guid":{"rendered":"https:\/\/go-microdose.com\/product\/capsulas-de-chaga-cotae\/"},"modified":"2026-04-06T07:53:30","modified_gmt":"2026-04-06T05:53:30","slug":"capsulas-de-chaga-cotae","status":"publish","type":"product","link":"https:\/\/go-microdose.com\/es\/producto\/capsulas-de-chaga-cotae\/","title":{"rendered":"C\u00e1psulas de Chaga C\u014dtae"},"content":{"rendered":"<div class=\"wpb-content-wrapper\"><p>[vc_row][vc_column][vc_column_text]Las c\u00e1psulas de Chaga de C\u014dtae le invitan a aprovechar la sabidur\u00eda ancestral y los potentes beneficios del \u00abrey del bosque\u00bb. Los hongos Chaga han sido apreciados durante mucho tiempo en Siberia, China, Escandinavia y otros lugares por sus propiedades saludables. A diferencia del hongo com\u00fan, el Chaga es un esclerocio: un micelio denso y compacto que crece en los abedules y ofrece una concentraci\u00f3n de nutrientes que no se encuentra en las variedades de sombrero y tallo.  <\/p>\n<p>Nuestras c\u00e1psulas de Chaga traen este remedio tradicional al mundo moderno. Cada c\u00e1psula contiene un potente extracto 12:1 derivado de los cuerpos fruct\u00edferos del Chaga, lo que garantiza una alta concentraci\u00f3n de compuestos bioactivos. Estandarizamos nuestros extractos para que contengan al menos un 30 % de polisac\u00e1ridos, carbohidratos complejos conocidos por sus efectos de apoyo al sistema inmunitario.  <\/p>\n<p>El proceso de recolecci\u00f3n y extracci\u00f3n es una labor de amor y ciencia. Mediante un m\u00e9todo de extracci\u00f3n triple de vanguardia, capturamos la esencia del Chaga, incluidas sus valiosas ericenonas y erinacinas. Se cree que estos alcaloides \u00fanicos estimulan la producci\u00f3n del factor de crecimiento nervioso (NGF), esencial para la salud neuronal y la mielinizaci\u00f3n, el proceso que permite la r\u00e1pida transmisi\u00f3n de se\u00f1ales a trav\u00e9s de los nervios.  <\/p>\n<p>Elegir las c\u00e1psulas de Chaga de C\u014dtae significa elegir pureza y potencia. Nos comprometemos con los m\u00e1s altos est\u00e1ndares de calidad, utilizando \u00fanicamente los cuerpos fruct\u00edferos del hongo y evitando rellenos o micelio cultivado en grano. Este enfoque garantiza que cada c\u00e1psula que tome est\u00e9 llena de nada m\u00e1s que la esencia pura y poderosa del Chaga.  <\/p>\n<p>Tanto si busca reforzar su sistema inmunitario, apoyar la funci\u00f3n cognitiva o simplemente integrar los dones nutritivos de la naturaleza en su rutina diaria, las c\u00e1psulas de Chaga de C\u014dtae ofrecen una soluci\u00f3n c\u00f3moda y fiable. Adopte la resiliencia del rey y mejore su salud con cada dosis.[\/vc_column_text][\/vc_column][\/vc_row]<\/p>\n<\/div>","protected":false},"excerpt":{"rendered":"<p>Las c\u00e1psulas de Chaga de C\u014dtae le invitan a aprovechar la sabidur\u00eda ancestral y los potentes beneficios del \u00abrey del bosque\u00bb. Los hongos Chaga han sido apreciados durante mucho tiempo en Siberia, China, Escandinavia y otros lugares por sus propiedades saludables. A diferencia del hongo com\u00fan, el Chaga es un esclerocio: un micelio denso y compacto que crece en los abedules y ofrece una concentraci\u00f3n de nutrientes que no se encuentra en las variedades de sombrero y tallo.  <\/p>\n<p>Nuestras c\u00e1psulas de Chaga traen este remedio tradicional al mundo moderno. Cada c\u00e1psula contiene un potente extracto 12:1 derivado de los cuerpos fruct\u00edferos del Chaga, lo que garantiza una alta concentraci\u00f3n de compuestos bioactivos. Estandarizamos nuestros extractos para que contengan al menos un 30 % de polisac\u00e1ridos, carbohidratos complejos conocidos por sus efectos de apoyo al sistema inmunitario.  <\/p>\n<p>El proceso de recolecci\u00f3n y extracci\u00f3n es una labor de amor y ciencia. Mediante un m\u00e9todo de extracci\u00f3n triple de vanguardia, capturamos la esencia del Chaga, incluidas sus valiosas ericenonas y erinacinas. Se cree que estos alcaloides \u00fanicos estimulan la producci\u00f3n del factor de crecimiento nervioso (NGF), esencial para la salud neuronal y la mielinizaci\u00f3n, el proceso que permite la r\u00e1pida transmisi\u00f3n de se\u00f1ales a trav\u00e9s de los nervios.  <\/p>\n<p>Elegir las c\u00e1psulas de Chaga de C\u014dtae significa elegir pureza y potencia. Nos comprometemos con los m\u00e1s altos est\u00e1ndares de calidad, utilizando \u00fanicamente los cuerpos fruct\u00edferos del hongo y evitando rellenos o micelio cultivado en grano. Este enfoque garantiza que cada c\u00e1psula que tome est\u00e9 llena de nada m\u00e1s que la esencia pura y poderosa del Chaga.  <\/p>\n<p>Tanto si busca reforzar su sistema inmunitario, apoyar la funci\u00f3n cognitiva o simplemente integrar los dones nutritivos de la naturaleza en su rutina diaria, las c\u00e1psulas de Chaga de C\u014dtae ofrecen una soluci\u00f3n c\u00f3moda y fiable. Adopte la resiliencia del rey y mejore su salud con cada dosis. <\/p>\n","protected":false},"featured_media":60709,"comment_status":"open","ping_status":"closed","template":"","meta":{"_acf_changed":false},"product_brand":[],"product_cat":[193],"product_tag":[],"giftcard-category":[],"class_list":{"0":"post-60708","1":"product","2":"type-product","3":"status-publish","4":"has-post-thumbnail","6":"product_cat-suplementos-de-hongos","7":"product_shipping_class-caja-grande","9":"first","10":"instock","11":"taxable","12":"shipping-taxable","13":"purchasable","14":"product-type-simple"},"acf":[],"_links":{"self":[{"href":"https:\/\/go-microdose.com\/es\/wp-json\/wp\/v2\/product\/60708","targetHints":{"allow":["GET"]}}],"collection":[{"href":"https:\/\/go-microdose.com\/es\/wp-json\/wp\/v2\/product"}],"about":[{"href":"https:\/\/go-microdose.com\/es\/wp-json\/wp\/v2\/types\/product"}],"replies":[{"embeddable":true,"href":"https:\/\/go-microdose.com\/es\/wp-json\/wp\/v2\/comments?post=60708"}],"wp:featuredmedia":[{"embeddable":true,"href":"https:\/\/go-microdose.com\/es\/wp-json\/wp\/v2\/media\/60709"}],"wp:attachment":[{"href":"https:\/\/go-microdose.com\/es\/wp-json\/wp\/v2\/media?parent=60708"}],"wp:term":[{"taxonomy":"product_brand","embeddable":true,"href":"https:\/\/go-microdose.com\/es\/wp-json\/wp\/v2\/product_brand?post=60708"},{"taxonomy":"product_cat","embeddable":true,"href":"https:\/\/go-microdose.com\/es\/wp-json\/wp\/v2\/product_cat?post=60708"},{"taxonomy":"product_tag","embeddable":true,"href":"https:\/\/go-microdose.com\/es\/wp-json\/wp\/v2\/product_tag?post=60708"},{"taxonomy":"giftcard-category","embeddable":true,"href":"https:\/\/go-microdose.com\/es\/wp-json\/wp\/v2\/giftcard-category?post=60708"}],"curies":[{"name":"wp","href":"https:\/\/api.w.org\/{rel}","templated":true}]}}