{"id":60712,"date":"2023-07-13T23:16:44","date_gmt":"2023-07-13T23:16:44","guid":{"rendered":"https:\/\/go-microdose.com\/product\/tarjeta-de-pegatinas-premium\/"},"modified":"2026-04-06T07:53:29","modified_gmt":"2026-04-06T05:53:29","slug":"tarjeta-de-pegatinas-premium","status":"publish","type":"product","link":"https:\/\/go-microdose.com\/es\/producto\/tarjeta-de-pegatinas-premium\/","title":{"rendered":"Tarjeta de pegatinas premium"},"content":{"rendered":"<div class=\"wpb-content-wrapper\"><p>[vc_row][vc_column][vc_column_text]\u00a1Sum\u00e9rjase en el apasionante mundo de la microdosificaci\u00f3n con nuestra moderna y elegante tarjeta de pegatinas de 15 x 25 cm! Con ocho pegatinas de microdosificaci\u00f3n de dise\u00f1o \u00fanico, divertidas y geniales, esta colecci\u00f3n es una forma amena y atractiva de expresar su entusiasmo por la microdosificaci\u00f3n y las trufas. <\/p>\n<p>Fabricadas en PET metalizado Mirror Premium con adhesivo permanente, estas pegatinas lucen un llamativo efecto de espejo mate que las hace \u00fanicas. No solo son agradables a la vista, sino tambi\u00e9n robustas y duraderas. Al estar fabricadas con materiales sin PVC, son respetuosas con el medio ambiente, apoyando tanto su pasi\u00f3n por la microdosificaci\u00f3n como el entorno.  <\/p>\n<p>Adem\u00e1s, estas pegatinas de alta calidad son resistentes a los rayos UV y al agua, lo que las hace perfectas para cualquier superficie, ya sea en interiores o exteriores. Soportan los rayos del sol, la lluvia o incluso derrames accidentales, manteniendo su atractivo sin decolorarse ni despegarse. <\/p>\n<p>Ya sea para personalizar su port\u00e1til, adornar su botella de agua o dar un toque especial a su libreta, estas pegatinas son la opci\u00f3n ideal. Sin duda, suscitar\u00e1n conversaciones y mostrar\u00e1n su car\u00e1cter divertido y explorador. <\/p>\n<p>\u00bfA qu\u00e9 espera? \u00a1Ll\u00e9vese a casa esta tarjeta de pegatinas y empiece a a\u00f1adir un toque de encanto psicod\u00e9lico a sus objetos cotidianos! No es solo un producto; es un reflejo de su personalidad y una forma \u00fanica de expresi\u00f3n personal. Ya sea un capricho para usted o un regalo para otro entusiasta de la microdosificaci\u00f3n, esta tarjeta es un complemento ideal para cualquier viaje de microdosificaci\u00f3n.[\/vc_column_text][\/vc_column][\/vc_row]<\/p>\n<\/div>","protected":false},"excerpt":{"rendered":"<ul>\n<li>8 pegatinas de calidad premium<\/li>\n<li>Efectos de espejo mate<\/li>\n<li>Resistente a la luz UV y al agua<\/li>\n<li>15 cm x 25 cm<\/li>\n<li>Sin PVC<\/li>\n<\/ul>\n","protected":false},"featured_media":60723,"comment_status":"open","ping_status":"closed","template":"","meta":{"_acf_changed":false},"product_brand":[],"product_cat":[180],"product_tag":[],"giftcard-category":[],"class_list":{"0":"post-60712","1":"product","2":"type-product","3":"status-publish","4":"has-post-thumbnail","6":"product_cat-accesorios","8":"first","9":"instock","10":"sale","11":"taxable","12":"shipping-taxable","13":"purchasable","14":"product-type-simple"},"acf":[],"_links":{"self":[{"href":"https:\/\/go-microdose.com\/es\/wp-json\/wp\/v2\/product\/60712","targetHints":{"allow":["GET"]}}],"collection":[{"href":"https:\/\/go-microdose.com\/es\/wp-json\/wp\/v2\/product"}],"about":[{"href":"https:\/\/go-microdose.com\/es\/wp-json\/wp\/v2\/types\/product"}],"replies":[{"embeddable":true,"href":"https:\/\/go-microdose.com\/es\/wp-json\/wp\/v2\/comments?post=60712"}],"wp:featuredmedia":[{"embeddable":true,"href":"https:\/\/go-microdose.com\/es\/wp-json\/wp\/v2\/media\/60723"}],"wp:attachment":[{"href":"https:\/\/go-microdose.com\/es\/wp-json\/wp\/v2\/media?parent=60712"}],"wp:term":[{"taxonomy":"product_brand","embeddable":true,"href":"https:\/\/go-microdose.com\/es\/wp-json\/wp\/v2\/product_brand?post=60712"},{"taxonomy":"product_cat","embeddable":true,"href":"https:\/\/go-microdose.com\/es\/wp-json\/wp\/v2\/product_cat?post=60712"},{"taxonomy":"product_tag","embeddable":true,"href":"https:\/\/go-microdose.com\/es\/wp-json\/wp\/v2\/product_tag?post=60712"},{"taxonomy":"giftcard-category","embeddable":true,"href":"https:\/\/go-microdose.com\/es\/wp-json\/wp\/v2\/giftcard-category?post=60712"}],"curies":[{"name":"wp","href":"https:\/\/api.w.org\/{rel}","templated":true}]}}