{"id":60779,"date":"2023-06-20T23:31:11","date_gmt":"2023-06-20T23:31:11","guid":{"rendered":"https:\/\/go-microdose.com\/product\/capsulas-de-cordyceps-cotae\/"},"modified":"2026-04-06T07:53:32","modified_gmt":"2026-04-06T05:53:32","slug":"capsulas-de-cordyceps-cotae","status":"publish","type":"product","link":"https:\/\/go-microdose.com\/es\/producto\/capsulas-de-cordyceps-cotae\/","title":{"rendered":"C\u00e1psulas de Cordyceps C\u014dtae"},"content":{"rendered":"<div class=\"wpb-content-wrapper\"><p>[vc_row][vc_column][vc_column_text]Las c\u00e1psulas de Cordyceps de C\u014dtae, etiquetadas como Energy &amp; Endurance, son un testimonio de c\u00f3mo las pr\u00e1cticas ancestrales satisfacen las necesidades de bienestar contempor\u00e1neas. El Cordyceps militaris, con su rica historia en la medicina tibetana y china, es famoso por sus propiedades energizantes, utilizadas a menudo por deportistas para mejorar el rendimiento. A diferencia de sus hom\u00f3logos silvestres, nuestro Cordyceps se cultiva en sustratos cuidadosamente seleccionados, lo que garantiza un producto rico en nutrientes y libre de irregularidades por metales pesados.  <\/p>\n<p>Cada c\u00e1psula es una fuente de potencial, dise\u00f1ada para vigorizar y mantener la energ\u00eda. Elaboradas exclusivamente a partir de los cuerpos fruct\u00edferos de Cordyceps militaris, nuestras c\u00e1psulas encarnan pureza y potencia. Nos abstenemos de utilizar micelio cultivado en grano, comprometi\u00e9ndonos en su lugar con un producto potente y \u00e9tico. Nuestros extractos estandarizados garantizan un m\u00ednimo del 30 % de polisac\u00e1ridos, lo que subraya nuestra dedicaci\u00f3n a la calidad y la eficacia.   <\/p>\n<p>Las c\u00e1psulas de Cordyceps de C\u014dtae est\u00e1n dise\u00f1adas para quienes buscan elevar su vitalidad y resistencia. La elevada proporci\u00f3n de concentraci\u00f3n 8:1 garantiza que cada c\u00e1psula de 400 mg est\u00e9 repleta de los c\u00e9lebres componentes activos del hongo. Tanto si es un atleta profesional, un entusiasta del fitness o simplemente alguien que busca mejorar su vigor diario, nuestras c\u00e1psulas de Cordyceps ofrecen un impulso natural y robusto a su rutina.  <\/p>\n<p>Nuestras c\u00e1psulas no solo sirven para energizar el cuerpo, sino tambi\u00e9n para respetar la armon\u00eda de la naturaleza. Son un gui\u00f1o a la relaci\u00f3n simbi\u00f3tica que compartimos con la tierra, aprovechando sus dones de forma responsable. Al elegir el Cordyceps de C\u014dtae, no solo est\u00e1 nutriendo su cuerpo; tambi\u00e9n forma parte de un movimiento m\u00e1s amplio hacia soluciones de salud sostenibles.[\/vc_column_text][\/vc_column][\/vc_row]<\/p>\n<\/div>","protected":false},"excerpt":{"rendered":"<p>Las c\u00e1psulas de Cordyceps de C\u014dtae, etiquetadas como Energy &amp; Endurance, son un testimonio de c\u00f3mo las pr\u00e1cticas ancestrales satisfacen las necesidades de bienestar contempor\u00e1neas. El Cordyceps militaris, con su rica historia en la medicina tibetana y china, es famoso por sus propiedades energizantes, utilizadas a menudo por deportistas para mejorar el rendimiento. A diferencia de sus hom\u00f3logos silvestres, nuestro Cordyceps se cultiva en sustratos cuidadosamente seleccionados, lo que garantiza un producto rico en nutrientes y libre de irregularidades por metales pesados.  <\/p>\n<p>Cada c\u00e1psula es una fuente de potencial, dise\u00f1ada para vigorizar y mantener la energ\u00eda. Elaboradas exclusivamente a partir de los cuerpos fruct\u00edferos de Cordyceps militaris, nuestras c\u00e1psulas encarnan pureza y potencia. Nos abstenemos de utilizar micelio cultivado en grano, comprometi\u00e9ndonos en su lugar con un producto potente y \u00e9tico. Nuestros extractos estandarizados garantizan un m\u00ednimo del 30 % de polisac\u00e1ridos, lo que subraya nuestra dedicaci\u00f3n a la calidad y la eficacia.   <\/p>\n<p>Las c\u00e1psulas de Cordyceps de C\u014dtae est\u00e1n dise\u00f1adas para quienes buscan elevar su vitalidad y resistencia. La elevada proporci\u00f3n de concentraci\u00f3n 8:1 garantiza que cada c\u00e1psula de 400 mg est\u00e9 repleta de los c\u00e9lebres componentes activos del hongo. Tanto si es un atleta profesional, un entusiasta del fitness o simplemente alguien que busca mejorar su vigor diario, nuestras c\u00e1psulas de Cordyceps ofrecen un impulso natural y robusto a su rutina.  <\/p>\n<p>Nuestras c\u00e1psulas no solo sirven para energizar el cuerpo, sino tambi\u00e9n para respetar la armon\u00eda de la naturaleza. Son un gui\u00f1o a la relaci\u00f3n simbi\u00f3tica que compartimos con la tierra, aprovechando sus dones de forma responsable. Al elegir el Cordyceps de C\u014dtae, no solo est\u00e1 nutriendo su cuerpo; tambi\u00e9n forma parte de un movimiento m\u00e1s amplio hacia soluciones de salud sostenibles.  <\/p>\n","protected":false},"featured_media":60782,"comment_status":"open","ping_status":"closed","template":"","meta":{"_acf_changed":false},"product_brand":[],"product_cat":[193],"product_tag":[],"giftcard-category":[],"class_list":{"0":"post-60779","1":"product","2":"type-product","3":"status-publish","4":"has-post-thumbnail","6":"product_cat-suplementos-de-hongos","7":"product_shipping_class-caja-grande","9":"first","10":"instock","11":"taxable","12":"shipping-taxable","13":"purchasable","14":"product-type-simple"},"acf":[],"_links":{"self":[{"href":"https:\/\/go-microdose.com\/es\/wp-json\/wp\/v2\/product\/60779","targetHints":{"allow":["GET"]}}],"collection":[{"href":"https:\/\/go-microdose.com\/es\/wp-json\/wp\/v2\/product"}],"about":[{"href":"https:\/\/go-microdose.com\/es\/wp-json\/wp\/v2\/types\/product"}],"replies":[{"embeddable":true,"href":"https:\/\/go-microdose.com\/es\/wp-json\/wp\/v2\/comments?post=60779"}],"wp:featuredmedia":[{"embeddable":true,"href":"https:\/\/go-microdose.com\/es\/wp-json\/wp\/v2\/media\/60782"}],"wp:attachment":[{"href":"https:\/\/go-microdose.com\/es\/wp-json\/wp\/v2\/media?parent=60779"}],"wp:term":[{"taxonomy":"product_brand","embeddable":true,"href":"https:\/\/go-microdose.com\/es\/wp-json\/wp\/v2\/product_brand?post=60779"},{"taxonomy":"product_cat","embeddable":true,"href":"https:\/\/go-microdose.com\/es\/wp-json\/wp\/v2\/product_cat?post=60779"},{"taxonomy":"product_tag","embeddable":true,"href":"https:\/\/go-microdose.com\/es\/wp-json\/wp\/v2\/product_tag?post=60779"},{"taxonomy":"giftcard-category","embeddable":true,"href":"https:\/\/go-microdose.com\/es\/wp-json\/wp\/v2\/giftcard-category?post=60779"}],"curies":[{"name":"wp","href":"https:\/\/api.w.org\/{rel}","templated":true}]}}