{"id":60781,"date":"2023-06-20T23:29:03","date_gmt":"2023-06-20T23:29:03","guid":{"rendered":"https:\/\/go-microdose.com\/product\/capsulas-de-melena-de-leon-cotae\/"},"modified":"2026-04-06T07:53:35","modified_gmt":"2026-04-06T05:53:35","slug":"capsulas-de-melena-de-leon-cotae","status":"publish","type":"product","link":"https:\/\/go-microdose.com\/es\/producto\/capsulas-de-melena-de-leon-cotae\/","title":{"rendered":"C\u00e1psulas de Melena de le\u00f3n C\u014dtae"},"content":{"rendered":"<div class=\"wpb-content-wrapper\"><p>[vc_row][vc_column][vc_column_text]Descubra los secretos de la claridad mental y la concentraci\u00f3n con las c\u00e1psulas de Melena de le\u00f3n de C\u014dtae. Nuestra Melena de le\u00f3n, tambi\u00e9n conocida como \u00abel hongo inteligente\u00bb, es un venerado nootr\u00f3pico que ha honrado los bosques y la medicina tradicional de Jap\u00f3n durante siglos. Estas c\u00e1psulas son su puerta de entrada para desbloquear un mayor potencial cognitivo, brindando apoyo a la salud cerebral y la agudeza mental.  <\/p>\n<p>El hongo Melena de le\u00f3n, denominado cient\u00edficamente Hericium erinaceus, es c\u00e9lebre por su capacidad \u00fanica de producir ericenonas y erinacinas. Estos compuestos naturales estimulan la producci\u00f3n del Factor de Crecimiento Nervioso (NGF) en el organismo, un elemento cr\u00edtico en el crecimiento de las neuronas y la funci\u00f3n cerebral. Al fomentar la mielinizaci\u00f3n, el proceso responsable de la transmisi\u00f3n eficiente de las se\u00f1ales nerviosas, la Melena de le\u00f3n puede mejorar significativamente sus procesos cognitivos.  <\/p>\n<p>En GO Microdose, priorizamos la pureza y potencia de nuestros productos. Por ello, nuestras c\u00e1psulas de Melena de le\u00f3n contienen \u00fanicamente los cuerpos fruct\u00edferos del hongo, evitando el uso de micelio cultivado en grano, que es menos potente. Cada c\u00e1psula est\u00e1 estandarizada para contener un m\u00ednimo del 30 % de polisac\u00e1ridos, lo que garantiza una dosis constante y potente en cada ocasi\u00f3n.  <\/p>\n<p>Tanto si busca potenciar sus capacidades cognitivas, fomentar la creatividad o simplemente apoyar la salud de su cerebro, nuestras c\u00e1psulas de Melena de le\u00f3n son el complemento perfecto para un estilo de vida consciente. Adopte la sabidur\u00eda de las pr\u00e1cticas ancestrales con la comodidad moderna de GO Microdose.[\/vc_column_text][\/vc_column][\/vc_row]<\/p>\n<\/div>","protected":false},"excerpt":{"rendered":"<p>Descubra los secretos de la claridad mental y la concentraci\u00f3n con las c\u00e1psulas de Melena de le\u00f3n de C\u014dtae. Nuestra Melena de le\u00f3n, tambi\u00e9n conocida como \u00abel hongo inteligente\u00bb, es un venerado nootr\u00f3pico que ha honrado los bosques y la medicina tradicional de Jap\u00f3n durante siglos. Estas c\u00e1psulas son su puerta de entrada para desbloquear un mayor potencial cognitivo, brindando apoyo a la salud cerebral y la agudeza mental.  <\/p>\n<p>El hongo Melena de le\u00f3n, denominado cient\u00edficamente Hericium erinaceus, es c\u00e9lebre por su capacidad \u00fanica de producir ericenonas y erinacinas. Estos compuestos naturales estimulan la producci\u00f3n del Factor de Crecimiento Nervioso (NGF) en el organismo, un elemento cr\u00edtico en el crecimiento de las neuronas y la funci\u00f3n cerebral. Al fomentar la mielinizaci\u00f3n, el proceso responsable de la transmisi\u00f3n eficiente de las se\u00f1ales nerviosas, la Melena de le\u00f3n puede mejorar significativamente sus procesos cognitivos.  <\/p>\n<p>En GO Microdose, priorizamos la pureza y potencia de nuestros productos. Por ello, nuestras c\u00e1psulas de Melena de le\u00f3n contienen \u00fanicamente los cuerpos fruct\u00edferos del hongo, evitando el uso de micelio cultivado en grano, que es menos potente. Cada c\u00e1psula est\u00e1 estandarizada para contener un m\u00ednimo del 30 % de polisac\u00e1ridos, lo que garantiza una dosis constante y potente en cada ocasi\u00f3n.  <\/p>\n<p>Tanto si busca potenciar sus capacidades cognitivas, fomentar la creatividad o simplemente apoyar la salud de su cerebro, nuestras c\u00e1psulas de Melena de le\u00f3n son el complemento perfecto para un estilo de vida consciente. Adopte la sabidur\u00eda de las pr\u00e1cticas ancestrales con la comodidad moderna de GO Microdose. <\/p>\n","protected":false},"featured_media":60791,"comment_status":"open","ping_status":"closed","template":"","meta":{"_acf_changed":false},"product_brand":[],"product_cat":[193],"product_tag":[],"giftcard-category":[],"class_list":{"0":"post-60781","1":"product","2":"type-product","3":"status-publish","4":"has-post-thumbnail","6":"product_cat-suplementos-de-hongos","7":"product_shipping_class-caja-grande","9":"first","10":"instock","11":"taxable","12":"shipping-taxable","13":"purchasable","14":"product-type-simple"},"acf":[],"_links":{"self":[{"href":"https:\/\/go-microdose.com\/es\/wp-json\/wp\/v2\/product\/60781","targetHints":{"allow":["GET"]}}],"collection":[{"href":"https:\/\/go-microdose.com\/es\/wp-json\/wp\/v2\/product"}],"about":[{"href":"https:\/\/go-microdose.com\/es\/wp-json\/wp\/v2\/types\/product"}],"replies":[{"embeddable":true,"href":"https:\/\/go-microdose.com\/es\/wp-json\/wp\/v2\/comments?post=60781"}],"wp:featuredmedia":[{"embeddable":true,"href":"https:\/\/go-microdose.com\/es\/wp-json\/wp\/v2\/media\/60791"}],"wp:attachment":[{"href":"https:\/\/go-microdose.com\/es\/wp-json\/wp\/v2\/media?parent=60781"}],"wp:term":[{"taxonomy":"product_brand","embeddable":true,"href":"https:\/\/go-microdose.com\/es\/wp-json\/wp\/v2\/product_brand?post=60781"},{"taxonomy":"product_cat","embeddable":true,"href":"https:\/\/go-microdose.com\/es\/wp-json\/wp\/v2\/product_cat?post=60781"},{"taxonomy":"product_tag","embeddable":true,"href":"https:\/\/go-microdose.com\/es\/wp-json\/wp\/v2\/product_tag?post=60781"},{"taxonomy":"giftcard-category","embeddable":true,"href":"https:\/\/go-microdose.com\/es\/wp-json\/wp\/v2\/giftcard-category?post=60781"}],"curies":[{"name":"wp","href":"https:\/\/api.w.org\/{rel}","templated":true}]}}