{"id":60827,"date":"2023-06-20T22:16:42","date_gmt":"2023-06-20T22:16:42","guid":{"rendered":"https:\/\/go-microdose.com\/product\/trufa-pajaritos\/"},"modified":"2026-04-06T07:53:39","modified_gmt":"2026-04-06T05:53:39","slug":"trufa-pajaritos","status":"publish","type":"product","link":"https:\/\/go-microdose.com\/es\/producto\/trufa-pajaritos\/","title":{"rendered":"Trufa Pajaritos"},"content":{"rendered":"<div class=\"wpb-content-wrapper\"><p>[vc_row][vc_column][vc_column_text]Las trufas m\u00e1gicas Pajaritos, que en espa\u00f1ol significa \u00abpajaritos\u00bb, ofrecen un viaje euf\u00f3rico y estimulante. Estas trufas son especialmente apreciadas por sus efectos alegres y potenciadores de la creatividad. Son la opci\u00f3n ideal para reuniones sociales o para quienes se inician en el mundo de los psicod\u00e9licos. Todas nuestras trufas Pajaritos son 100 % veganas, sin gluten y cultivadas de forma sostenible, para garantizarle un viaje seguro y placentero.   <\/p>\n<p><strong>Efectos<\/strong><br \/>\nLas trufas m\u00e1gicas Pajaritos son conocidas por sus efectos euf\u00f3ricos, por mejorar el estado de \u00e1nimo y por potenciar la creatividad. Crean una experiencia psicod\u00e9lica ligera que puede estimular la risa, la interacci\u00f3n social y nuevas perspectivas. Estos efectos las convierten en el complemento perfecto para una reuni\u00f3n \u00edntima con amigos o, simplemente, para a\u00f1adir un toque de color a su d\u00eda a d\u00eda.  <\/p>\n<p><strong>Potencia, dosis y uso<\/strong><br \/>\nLas trufas m\u00e1gicas Pajaritos son relativamente suaves en cuanto a intensidad psicod\u00e9lica. Aunque la dosis debe tomarse en serio, pueden ser una excelente opci\u00f3n para quienes se inician en el mundo de los psicod\u00e9licos o para quienes prefieren una experiencia menos intensa y m\u00e1s manejable.<br \/>\nDescubra su ingesta ideal con nuestra intuitiva <strong><a href=\"https:\/\/go-microdose.com\/es\/calculadora-de-dosis\/\">calculadora de dosis<\/a><\/strong>, dise\u00f1ada a medida para garantizarle una experiencia \u00f3ptima. <\/p>\n<p><strong>Contenido<\/strong><br \/>\nCada paquete de trufas m\u00e1gicas Pajaritos contiene aproximadamente 18 g. Seg\u00fan los niveles de tolerancia individuales y la intensidad deseada de la experiencia, esta cantidad puede proporcionar varias dosis. <\/p>\n<p><strong>Caducidad<\/strong><br \/>\nSi se conservan sin abrir en el frigor\u00edfico, las trufas m\u00e1gicas Pajaritos tienen una caducidad de 2 meses. Para garantizar la frescura y la potencia, se recomienda consumirlas dentro de este periodo. <\/p>\n<p><strong>ADVERTENCIA<\/strong><br \/>\nAunque las trufas m\u00e1gicas Pajaritos son suaves, deben tomarse con precauci\u00f3n. Empiece siempre con una dosis m\u00e1s baja si es nuevo en las trufas m\u00e1gicas y aseg\u00farese de contar con un acompa\u00f1ante sobrio durante la experiencia. No es recomendable conducir bajo los efectos de las trufas m\u00e1gicas. Abst\u00e9ngase de su uso si es menor de 18 a\u00f1os, se encuentra indispuesto o tiene tendencia depresiva. Su seguridad y bienestar mental deben ser siempre lo primero.[\/vc_column_text][\/vc_column][\/vc_row]<\/p>\n<\/div>","protected":false},"excerpt":{"rendered":"<p>Las trufas m\u00e1gicas Pajaritos, que en espa\u00f1ol significa \u00abpajaritos\u00bb, ofrecen un viaje euf\u00f3rico y estimulante. Estas trufas son especialmente apreciadas por sus efectos alegres y potenciadores de la creatividad. Son la opci\u00f3n ideal para reuniones sociales o para quienes se inician en el mundo de los psicod\u00e9licos. Todas nuestras trufas Pajaritos son 100 % veganas, sin gluten y cultivadas de forma sostenible, para garantizarle un viaje seguro y placentero.   <\/p>\n<p><strong>Efectos<\/strong><br \/>\nLas trufas m\u00e1gicas Pajaritos son conocidas por sus efectos euf\u00f3ricos, por mejorar el estado de \u00e1nimo y por potenciar la creatividad. Crean una experiencia psicod\u00e9lica ligera que puede estimular la risa, la interacci\u00f3n social y nuevas perspectivas. Estos efectos las convierten en el complemento perfecto para una reuni\u00f3n \u00edntima con amigos o, simplemente, para a\u00f1adir un toque de color a su d\u00eda a d\u00eda.  <\/p>\n<p><strong>Potencia, dosis y uso<\/strong><br \/>\nLas trufas m\u00e1gicas Pajaritos son relativamente suaves en cuanto a intensidad psicod\u00e9lica. Aunque la dosis debe tomarse en serio, pueden ser una excelente opci\u00f3n para quienes se inician en el mundo de los psicod\u00e9licos o para quienes prefieren una experiencia menos intensa y m\u00e1s manejable.<br \/>\nDescubra su ingesta ideal con nuestra intuitiva <strong><a href=\"https:\/\/go-microdose.com\/es\/calculadora-de-dosis\/\">calculadora de dosis<\/a><\/strong>, dise\u00f1ada a medida para garantizarle una experiencia \u00f3ptima. <\/p>\n<p><strong>Contenido<\/strong><br \/>\nCada paquete de trufas m\u00e1gicas Pajaritos contiene aproximadamente 18 g. Seg\u00fan los niveles de tolerancia individuales y la intensidad deseada de la experiencia, esta cantidad puede proporcionar varias dosis. <\/p>\n<p><strong>Caducidad<\/strong><br \/>\nSi se conservan sin abrir en el frigor\u00edfico, las trufas m\u00e1gicas Pajaritos tienen una caducidad de 2 meses. Para garantizar la frescura y la potencia, se recomienda consumirlas dentro de este periodo. <\/p>\n<p><strong>ADVERTENCIA<\/strong><br \/>\nAunque las trufas m\u00e1gicas Pajaritos son suaves, deben tomarse con precauci\u00f3n. Empiece siempre con una dosis m\u00e1s baja si es nuevo en las trufas m\u00e1gicas y aseg\u00farese de contar con un acompa\u00f1ante sobrio durante la experiencia. No es recomendable conducir bajo los efectos de las trufas m\u00e1gicas. Abst\u00e9ngase de su uso si es menor de 18 a\u00f1os, se encuentra indispuesto o tiene tendencia depresiva. Su seguridad y bienestar mental deben ser siempre lo primero.    <\/p>\n","protected":false},"featured_media":60829,"comment_status":"open","ping_status":"closed","template":"","meta":{"_acf_changed":false},"product_brand":[],"product_cat":[192],"product_tag":[],"giftcard-category":[],"class_list":{"0":"post-60827","1":"product","2":"type-product","3":"status-publish","4":"has-post-thumbnail","6":"product_cat-trufas-magicas","8":"first","9":"instock","10":"taxable","11":"shipping-taxable","12":"purchasable","13":"product-type-simple"},"acf":[],"_links":{"self":[{"href":"https:\/\/go-microdose.com\/es\/wp-json\/wp\/v2\/product\/60827","targetHints":{"allow":["GET"]}}],"collection":[{"href":"https:\/\/go-microdose.com\/es\/wp-json\/wp\/v2\/product"}],"about":[{"href":"https:\/\/go-microdose.com\/es\/wp-json\/wp\/v2\/types\/product"}],"replies":[{"embeddable":true,"href":"https:\/\/go-microdose.com\/es\/wp-json\/wp\/v2\/comments?post=60827"}],"wp:featuredmedia":[{"embeddable":true,"href":"https:\/\/go-microdose.com\/es\/wp-json\/wp\/v2\/media\/60829"}],"wp:attachment":[{"href":"https:\/\/go-microdose.com\/es\/wp-json\/wp\/v2\/media?parent=60827"}],"wp:term":[{"taxonomy":"product_brand","embeddable":true,"href":"https:\/\/go-microdose.com\/es\/wp-json\/wp\/v2\/product_brand?post=60827"},{"taxonomy":"product_cat","embeddable":true,"href":"https:\/\/go-microdose.com\/es\/wp-json\/wp\/v2\/product_cat?post=60827"},{"taxonomy":"product_tag","embeddable":true,"href":"https:\/\/go-microdose.com\/es\/wp-json\/wp\/v2\/product_tag?post=60827"},{"taxonomy":"giftcard-category","embeddable":true,"href":"https:\/\/go-microdose.com\/es\/wp-json\/wp\/v2\/giftcard-category?post=60827"}],"curies":[{"name":"wp","href":"https:\/\/api.w.org\/{rel}","templated":true}]}}