{"id":60863,"date":"2023-06-20T23:07:51","date_gmt":"2023-06-20T23:07:51","guid":{"rendered":"https:\/\/go-microdose.com\/product\/kit-de-cultivo-mckennaii\/"},"modified":"2026-04-06T07:53:37","modified_gmt":"2026-04-06T05:53:37","slug":"kit-de-cultivo-mckennaii","status":"publish","type":"product","link":"https:\/\/go-microdose.com\/es\/producto\/kit-de-cultivo-mckennaii\/","title":{"rendered":"Kit de cultivo McKennaii"},"content":{"rendered":"<div class=\"wpb-content-wrapper\"><p>[vc_row][vc_column][vc_column_text]<\/p>\n<p class=\"p1\">Las setas alucin\u00f3genas McKennaii son conocidas por sus efectos potentes y transformadores. Llamadas as\u00ed en homenaje al etnobot\u00e1nico estadounidense Terence McKenna, estas setas hacen honor al legado de su hom\u00f3nimo al ofrecer experiencias psicod\u00e9licas profundas. Con nuestro kit de cultivo de micelio al 100 %, podr\u00e1 cultivar esta potente variedad en la comodidad de su hogar, con la promesa de un rendimiento sustancial y m\u00faltiples cosechas.  <\/p>\n<p class=\"p1\"><strong>Efectos<br \/>\n<\/strong>Las setas alucin\u00f3genas McKennaii son c\u00e9lebres por sus potentes efectos psicod\u00e9licos. Los usuarios suelen informar de intensas alucinaciones visuales, distorsi\u00f3n del tiempo y una mayor apreciaci\u00f3n de los sonidos y los colores. El viaje suele incluir una profunda introspecci\u00f3n y revelaciones espirituales, lo que convierte a la McKennaii en una de las favoritas de los psiconautas.  <\/p>\n<p class=\"p1\"><strong>Potencia, dosis y uso<br \/>\n<\/strong>Las setas alucin\u00f3genas McKennaii se consideran una de las variedades m\u00e1s fuertes disponibles, proporcionando una experiencia muy potente incluso en dosis peque\u00f1as. Por lo tanto, se recomiendan para quienes ya tienen cierta familiaridad con las setas de psilocibina. Comience siempre con una dosis peque\u00f1a y aum\u00e9ntela gradualmente a medida que se acostumbre a sus efectos.<br \/>\nDescubra su ingesta ideal con nuestra sencilla <strong><a href=\"https:\/\/go-microdose.com\/es\/calculadora-de-dosis\/\">calculadora de dosis<\/a><\/strong>, personalizada para garantizarle una experiencia \u00f3ptima.  <\/p>\n<p class=\"p1\"><strong>Contenido<br \/>\n<\/strong>Nuestro kit de cultivo de micelio al 100 % de GO Microdose incluye todo lo necesario para cultivar sus propias setas alucin\u00f3genas McKennaii. Cada kit incluye un recipiente de cultivo de 1.200 cc, una bolsa de cultivo con filtros de aire y dos clips. Se proporcionan instrucciones detalladas de cultivo tanto en neerland\u00e9s como en ingl\u00e9s para guiarle en el proceso. Con los cuidados adecuados, estos kits de 1.200 cc pueden producir entre 400 y 800 g de setas frescas en varias cosechas.   <\/p>\n<p class=\"p1\"><strong>Vida \u00fatil<br \/>\n<\/strong>Si se guarda en un ambiente fresco, el kit de cultivo puede conservarse entre 3 y 6 meses. Sin embargo, fuera del frigor\u00edfico, su vida \u00fatil es limitada. Para garantizar los mejores resultados, se recomienda comenzar el cultivo lo antes posible.  <\/p>\n<p class=\"p1\"><strong>ADVERTENCIA<\/strong><br \/>\nEl cultivo de setas alucin\u00f3genas McKennaii es sencillo con nuestro kit, pero es esencial tratar el producto final con el m\u00e1ximo respeto. No consuma setas alucin\u00f3genas si es menor de 18 a\u00f1os, est\u00e1 embarazada, tiene tendencia a sufrir problemas de salud mental o en combinaci\u00f3n con alcohol u otras drogas. Cuente siempre con un acompa\u00f1ante sobrio durante su experiencia, ya que las setas alucin\u00f3genas pueden inducir experiencias psicol\u00f3gicas potentes.  <\/p>\n<p>[\/vc_column_text][\/vc_column][\/vc_row]<\/p>\n<\/div>","protected":false},"excerpt":{"rendered":"<p class=\"p1\">Las setas alucin\u00f3genas McKennaii son conocidas por sus efectos potentes y transformadores. Llamadas as\u00ed en homenaje al etnobot\u00e1nico estadounidense Terence McKenna, estas setas hacen honor al legado de su hom\u00f3nimo al ofrecer experiencias psicod\u00e9licas profundas. Con nuestro kit de cultivo de micelio al 100 %, podr\u00e1 cultivar esta potente variedad en la comodidad de su hogar, con la promesa de un rendimiento sustancial y m\u00faltiples cosechas.  <\/p>\n<p class=\"p1\"><strong>Efectos<br \/>\n<\/strong>Las setas alucin\u00f3genas McKennaii son c\u00e9lebres por sus potentes efectos psicod\u00e9licos. Los usuarios suelen informar de intensas alucinaciones visuales, distorsi\u00f3n del tiempo y una mayor apreciaci\u00f3n de los sonidos y los colores. El viaje suele incluir una profunda introspecci\u00f3n y revelaciones espirituales, lo que convierte a la McKennaii en una de las favoritas de los psiconautas.  <\/p>\n<p class=\"p1\"><strong>Potencia, dosis y uso<br \/>\n<\/strong>Las setas alucin\u00f3genas McKennaii se consideran una de las variedades m\u00e1s fuertes disponibles, proporcionando una experiencia muy potente incluso en dosis peque\u00f1as. Por lo tanto, se recomiendan para quienes ya tienen cierta familiaridad con las setas de psilocibina. Comience siempre con una dosis peque\u00f1a y aum\u00e9ntela gradualmente a medida que se acostumbre a sus efectos.<br \/>\nDescubra su ingesta ideal con nuestra sencilla <strong><a href=\"https:\/\/go-microdose.com\/es\/calculadora-de-dosis\/\">calculadora de dosis<\/a><\/strong>, personalizada para garantizarle una experiencia \u00f3ptima.  <\/p>\n<p class=\"p1\"><strong>Contenido<br \/>\n<\/strong>Nuestro kit de cultivo de micelio al 100 % de GO Microdose incluye todo lo necesario para cultivar sus propias setas alucin\u00f3genas McKennaii. Cada kit incluye un recipiente de cultivo de 1.200 cc, una bolsa de cultivo con filtros de aire y dos clips. Se proporcionan instrucciones detalladas de cultivo tanto en neerland\u00e9s como en ingl\u00e9s para guiarle en el proceso. Con los cuidados adecuados, estos kits de 1.200 cc pueden producir entre 400 y 800 g de setas frescas en varias cosechas.   <\/p>\n<p class=\"p1\"><strong>Vida \u00fatil<br \/>\n<\/strong>Si se guarda en un ambiente fresco, el kit de cultivo puede conservarse entre 3 y 6 meses. Sin embargo, fuera del frigor\u00edfico, su vida \u00fatil es limitada. Para garantizar los mejores resultados, se recomienda comenzar el cultivo lo antes posible.  <\/p>\n<p class=\"p1\"><strong>ADVERTENCIA<\/strong><br \/>\nEl cultivo de setas alucin\u00f3genas McKennaii es sencillo con nuestro kit, pero es esencial tratar el producto final con el m\u00e1ximo respeto. No consuma setas alucin\u00f3genas si es menor de 18 a\u00f1os, est\u00e1 embarazada, tiene tendencia a sufrir problemas de salud mental o en combinaci\u00f3n con alcohol u otras drogas. Cuente siempre con un acompa\u00f1ante sobrio durante su experiencia, ya que las setas alucin\u00f3genas pueden inducir experiencias psicol\u00f3gicas potentes.  <\/p>\n","protected":false},"featured_media":60880,"comment_status":"open","ping_status":"closed","template":"","meta":{"_acf_changed":false},"product_brand":[],"product_cat":[237],"product_tag":[],"giftcard-category":[],"class_list":{"0":"post-60863","1":"product","2":"type-product","3":"status-publish","4":"has-post-thumbnail","6":"product_cat-kits-de-cultivo-de-setas-alucinogenas","7":"product_shipping_class-caja-grande","9":"first","10":"instock","11":"taxable","12":"shipping-taxable","13":"purchasable","14":"product-type-simple"},"acf":[],"_links":{"self":[{"href":"https:\/\/go-microdose.com\/es\/wp-json\/wp\/v2\/product\/60863","targetHints":{"allow":["GET"]}}],"collection":[{"href":"https:\/\/go-microdose.com\/es\/wp-json\/wp\/v2\/product"}],"about":[{"href":"https:\/\/go-microdose.com\/es\/wp-json\/wp\/v2\/types\/product"}],"replies":[{"embeddable":true,"href":"https:\/\/go-microdose.com\/es\/wp-json\/wp\/v2\/comments?post=60863"}],"wp:featuredmedia":[{"embeddable":true,"href":"https:\/\/go-microdose.com\/es\/wp-json\/wp\/v2\/media\/60880"}],"wp:attachment":[{"href":"https:\/\/go-microdose.com\/es\/wp-json\/wp\/v2\/media?parent=60863"}],"wp:term":[{"taxonomy":"product_brand","embeddable":true,"href":"https:\/\/go-microdose.com\/es\/wp-json\/wp\/v2\/product_brand?post=60863"},{"taxonomy":"product_cat","embeddable":true,"href":"https:\/\/go-microdose.com\/es\/wp-json\/wp\/v2\/product_cat?post=60863"},{"taxonomy":"product_tag","embeddable":true,"href":"https:\/\/go-microdose.com\/es\/wp-json\/wp\/v2\/product_tag?post=60863"},{"taxonomy":"giftcard-category","embeddable":true,"href":"https:\/\/go-microdose.com\/es\/wp-json\/wp\/v2\/giftcard-category?post=60863"}],"curies":[{"name":"wp","href":"https:\/\/api.w.org\/{rel}","templated":true}]}}