{"id":60873,"date":"2023-06-20T22:08:23","date_gmt":"2023-06-20T22:08:23","guid":{"rendered":"https:\/\/go-microdose.com\/product\/trufa-tampanensis\/"},"modified":"2026-04-06T07:53:41","modified_gmt":"2026-04-06T05:53:41","slug":"trufa-tampanensis","status":"publish","type":"product","link":"https:\/\/go-microdose.com\/es\/producto\/trufa-tampanensis\/","title":{"rendered":"Trufa Tampanensis"},"content":{"rendered":"<div class=\"wpb-content-wrapper\"><p>[vc_row][vc_column][vc_column_text]Las trufas m\u00e1gicas Tampanensis (tambi\u00e9n llamadas \u00abpiedra filosofal\u00bb) ofrecen una experiencia psicod\u00e9lica \u00fanica y profundamente introspectiva. Conocidas por sus potentes efectos filos\u00f3ficos y efectos visuales manejables, estas trufas sirven como puerta de entrada al autodescubrimiento y al crecimiento personal. Todas nuestras trufas Tampanensis son 100 % veganas, sin gluten y de cultivo sostenible, lo que le garantiza un viaje seguro y transformador.  <\/p>\n<p><strong>Efectos<\/strong><br \/>\nLas trufas m\u00e1gicas Tampanensis crean un viaje profundo en la psique, provocando reflexiones filos\u00f3ficas e introspecci\u00f3n profunda. Son menos conocidas por sus efectos visuales, pero esto solo aumenta el enfoque interior, lo que puede conducir a revelaciones y a una mayor autoconciencia. Algunos usuarios tambi\u00e9n informan de una mayor apreciaci\u00f3n por la m\u00fasica y las experiencias est\u00e9ticas.  <\/p>\n<p><strong>Potencia, dosis y uso<\/strong><br \/>\nLas trufas Tampanensis ofrecen una experiencia psicod\u00e9lica moderadamente fuerte. Por lo tanto, la dosis debe considerarse cuidadosamente en funci\u00f3n de su familiaridad con la psilocibina y su nivel de comodidad con sus efectos. Comience siempre con una dosis menor y aj\u00fastela seg\u00fan su experiencia.<br \/>\nDescubra su ingesta ideal con nuestra sencilla <strong><a href=\"https:\/\/go-microdose.com\/es\/calculadora-de-dosis\/\">calculadora de dosis<\/a><\/strong>, personalizada para garantizarle una experiencia \u00f3ptima.  <\/p>\n<p><strong>Contenido<\/strong><br \/>\nCada envase de trufas m\u00e1gicas Tampanensis contiene aproximadamente 18 g. Esta cantidad puede ofrecer varias dosis, dependiendo de la tolerancia individual y de la intensidad de la experiencia psicod\u00e9lica deseada. <\/p>\n<p><strong>Vida \u00fatil<\/strong><br \/>\nSi se guardan sin abrir en el frigor\u00edfico, las trufas m\u00e1gicas Tampanensis tienen una vida \u00fatil de 2 meses. Para mantener su potencia y frescura, se recomienda consumirlas dentro de este plazo. <\/p>\n<p><strong>ADVERTENCIA<\/strong><br \/>\nAunque las trufas m\u00e1gicas Tampanensis son moderadamente fuertes, deben tomarse con precauci\u00f3n. Especialmente si es su primera vez con las trufas m\u00e1gicas, comience siempre con una dosis menor y cuente con un acompa\u00f1ante sobrio durante su viaje. No conduzca bajo los efectos de las trufas m\u00e1gicas y evite su uso si es menor de 18 a\u00f1os, se siente mal o tiene una predisposici\u00f3n depresiva. Recuerde que su seguridad y bienestar mental deben ser su m\u00e1xima prioridad.[\/vc_column_text][\/vc_column][\/vc_row]<\/p>\n<\/div>","protected":false},"excerpt":{"rendered":"<p>Las trufas m\u00e1gicas Tampanensis (tambi\u00e9n llamadas \u00abpiedra filosofal\u00bb) ofrecen una experiencia psicod\u00e9lica \u00fanica y profundamente introspectiva. Conocidas por sus potentes efectos filos\u00f3ficos y efectos visuales manejables, estas trufas sirven como puerta de entrada al autodescubrimiento y al crecimiento personal. Todas nuestras trufas Tampanensis son 100 % veganas, sin gluten y de cultivo sostenible, lo que le garantiza un viaje seguro y transformador.  <\/p>\n<p><strong>Efectos<\/strong><br \/>\nLas trufas m\u00e1gicas Tampanensis crean un viaje profundo en la psique, provocando reflexiones filos\u00f3ficas e introspecci\u00f3n profunda. Son menos conocidas por sus efectos visuales, pero esto solo aumenta el enfoque interior, lo que puede conducir a revelaciones y a una mayor autoconciencia. Algunos usuarios tambi\u00e9n informan de una mayor apreciaci\u00f3n por la m\u00fasica y las experiencias est\u00e9ticas.  <\/p>\n<p><strong>Potencia, dosis y uso<\/strong><br \/>\nLas trufas Tampanensis ofrecen una experiencia psicod\u00e9lica moderadamente fuerte. Por lo tanto, la dosis debe considerarse cuidadosamente en funci\u00f3n de su familiaridad con la psilocibina y su nivel de comodidad con sus efectos. Comience siempre con una dosis menor y aj\u00fastela seg\u00fan su experiencia.<br \/>\nDescubra su ingesta ideal con nuestra sencilla <strong><a href=\"https:\/\/go-microdose.com\/es\/calculadora-de-dosis\/\">calculadora de dosis<\/a><\/strong>, personalizada para garantizarle una experiencia \u00f3ptima.  <\/p>\n<p><strong>Contenido<\/strong><br \/>\nCada envase de trufas m\u00e1gicas Tampanensis contiene aproximadamente 18 g. Esta cantidad puede ofrecer varias dosis, dependiendo de la tolerancia individual y de la intensidad de la experiencia psicod\u00e9lica deseada. <\/p>\n<p><strong>Vida \u00fatil<\/strong><br \/>\nSi se guardan sin abrir en el frigor\u00edfico, las trufas m\u00e1gicas Tampanensis tienen una vida \u00fatil de 2 meses. Para mantener su potencia y frescura, se recomienda consumirlas dentro de este plazo. <\/p>\n<p><strong>ADVERTENCIA<\/strong><br \/>\nAunque las trufas m\u00e1gicas Tampanensis son moderadamente fuertes, deben tomarse con precauci\u00f3n. Especialmente si es su primera vez con las trufas m\u00e1gicas, comience siempre con una dosis menor y cuente con un acompa\u00f1ante sobrio durante su viaje. No conduzca bajo los efectos de las trufas m\u00e1gicas y evite su uso si es menor de 18 a\u00f1os, se siente mal o tiene una predisposici\u00f3n depresiva. Recuerde que su seguridad y bienestar mental deben ser su m\u00e1xima prioridad.   <\/p>\n","protected":false},"featured_media":60884,"comment_status":"open","ping_status":"closed","template":"","meta":{"_acf_changed":false},"product_brand":[],"product_cat":[192],"product_tag":[],"giftcard-category":[],"class_list":{"0":"post-60873","1":"product","2":"type-product","3":"status-publish","4":"has-post-thumbnail","6":"product_cat-trufas-magicas","8":"first","9":"instock","10":"taxable","11":"shipping-taxable","12":"purchasable","13":"product-type-simple"},"acf":[],"_links":{"self":[{"href":"https:\/\/go-microdose.com\/es\/wp-json\/wp\/v2\/product\/60873","targetHints":{"allow":["GET"]}}],"collection":[{"href":"https:\/\/go-microdose.com\/es\/wp-json\/wp\/v2\/product"}],"about":[{"href":"https:\/\/go-microdose.com\/es\/wp-json\/wp\/v2\/types\/product"}],"replies":[{"embeddable":true,"href":"https:\/\/go-microdose.com\/es\/wp-json\/wp\/v2\/comments?post=60873"}],"wp:featuredmedia":[{"embeddable":true,"href":"https:\/\/go-microdose.com\/es\/wp-json\/wp\/v2\/media\/60884"}],"wp:attachment":[{"href":"https:\/\/go-microdose.com\/es\/wp-json\/wp\/v2\/media?parent=60873"}],"wp:term":[{"taxonomy":"product_brand","embeddable":true,"href":"https:\/\/go-microdose.com\/es\/wp-json\/wp\/v2\/product_brand?post=60873"},{"taxonomy":"product_cat","embeddable":true,"href":"https:\/\/go-microdose.com\/es\/wp-json\/wp\/v2\/product_cat?post=60873"},{"taxonomy":"product_tag","embeddable":true,"href":"https:\/\/go-microdose.com\/es\/wp-json\/wp\/v2\/product_tag?post=60873"},{"taxonomy":"giftcard-category","embeddable":true,"href":"https:\/\/go-microdose.com\/es\/wp-json\/wp\/v2\/giftcard-category?post=60873"}],"curies":[{"name":"wp","href":"https:\/\/api.w.org\/{rel}","templated":true}]}}