{"id":60958,"date":"2023-06-20T21:49:10","date_gmt":"2023-06-20T21:49:10","guid":{"rendered":"https:\/\/go-microdose.com\/product\/trufa-hollandia\/"},"modified":"2026-04-11T15:45:15","modified_gmt":"2026-04-11T13:45:15","slug":"trufa-hollandia","status":"publish","type":"product","link":"https:\/\/go-microdose.com\/es\/producto\/trufa-hollandia\/","title":{"rendered":"Trufa Hollandia"},"content":{"rendered":"<div class=\"wpb-content-wrapper\"><p>[vc_row][vc_column][vc_column_text]<\/p>\n<p class=\"p1\">Las trufas m\u00e1gicas Hollandia son reconocidas por su experiencia psicod\u00e9lica intensa, v\u00edvida y transformadora. Este producto es el resultado de un cultivo holand\u00e9s avanzado, preferido por usuarios experimentados por su potencia. Cultivadas de forma sostenible, sin gluten y veganas, las trufas Hollandia proporcionan un viaje psicod\u00e9lico natural, seguro e intenso. <\/p>\n<p class=\"p1\"><strong>Efectos<br \/>\n<\/strong>Los usuarios de las trufas Hollandia suelen experimentar un viaje psicod\u00e9lico intenso lleno de visuales potentes e introspecci\u00f3n profunda. Los usuarios pueden experimentar un sentido elevado de creatividad, percepci\u00f3n alterada del tiempo y revelaciones profundas. El viaje con Hollandia se asocia frecuentemente con el autodescubrimiento y el crecimiento espiritual.  <\/p>\n<p class=\"p1\"><strong>Potencia, dosificaci\u00f3n y uso<br \/>\n<\/strong>Las trufas Hollandia son conocidas por su fuerza y potencia. Es importante abordar su uso con respeto, especialmente para quienes se inician en la experiencia psicod\u00e9lica. Comience con una dosis menor y ajuste seg\u00fan su nivel de comodidad y la intensidad deseada de la experiencia.<br \/>\nDescubra su ingesta ideal con nuestra <strong><a href=\"https:\/\/go-microdose.com\/es\/calculadora-de-dosis\/\">calculadora de dosificaci\u00f3n<\/a><\/strong> f\u00e1cil de usar, personalizada para garantizar su experiencia \u00f3ptima.  <\/p>\n<p class=\"p1\"><strong>Contenido<\/strong><br \/>\nCada paquete de trufas m\u00e1gicas Hollandia contiene aproximadamente 18 gramos. Esta cantidad puede servir para m\u00faltiples dosis dependiendo del nivel de experiencia del usuario y la intensidad deseada del viaje psicod\u00e9lico. <\/p>\n<p class=\"p1\"><strong>Vida \u00fatil<\/strong><br \/>\nCuando se almacenan sin abrir en el frigor\u00edfico, las trufas m\u00e1gicas Hollandia tienen una vida \u00fatil de 2 meses. Para garantizar su frescura y potencia, recomendamos consumirlas dentro de este plazo. <\/p>\n<p class=\"p1\"><strong>ADVERTENCIA<\/strong><br \/>\nLa trufa m\u00e1gica Hollandia es una variedad potente. Es importante prestar atenci\u00f3n a la dosificaci\u00f3n, particularmente si no est\u00e1 familiarizado con los efectos de las trufas m\u00e1gicas. Es aconsejable tener una persona sobria (el \u00abAcompa\u00f1ante\u00bb) presente durante el viaje para ofrecer apoyo y garantizar su seguridad. Evite conducir despu\u00e9s de consumir trufas m\u00e1gicas. Se desaconseja el uso de trufas m\u00e1gicas por menores de 18 a\u00f1os. Asimismo, abst\u00e9ngase de usarlas si se encuentra mal o tiene una disposici\u00f3n depresiva. Priorice la seguridad y el bienestar mental al explorar el \u00e1mbito de los psicod\u00e9licos.      <\/p>\n<p>[\/vc_column_text][\/vc_column][\/vc_row]<\/p>\n<\/div>","protected":false},"excerpt":{"rendered":"<p class=\"p1\">Las trufas m\u00e1gicas Hollandia son reconocidas por su experiencia psicod\u00e9lica intensa, v\u00edvida y transformadora. Este producto es el resultado de un cultivo holand\u00e9s avanzado, preferido por usuarios experimentados por su potencia. Cultivadas de forma sostenible, sin gluten y veganas, las trufas Hollandia proporcionan un viaje psicod\u00e9lico natural, seguro e intenso. <\/p>\n<p class=\"p1\"><strong>Efectos<br \/>\n<\/strong>Los usuarios de las trufas Hollandia suelen experimentar un viaje psicod\u00e9lico intenso lleno de visuales potentes e introspecci\u00f3n profunda. Los usuarios pueden experimentar un sentido elevado de creatividad, percepci\u00f3n alterada del tiempo y revelaciones profundas. El viaje con Hollandia se asocia frecuentemente con el autodescubrimiento y el crecimiento espiritual.  <\/p>\n<p class=\"p1\"><strong>Potencia, dosificaci\u00f3n y uso<br \/>\n<\/strong>Las trufas Hollandia son conocidas por su fuerza y potencia. Es importante abordar su uso con respeto, especialmente para quienes se inician en la experiencia psicod\u00e9lica. Comience con una dosis menor y ajuste seg\u00fan su nivel de comodidad y la intensidad deseada de la experiencia.<br \/>\nDescubra su ingesta ideal con nuestra <strong><a href=\"https:\/\/go-microdose.com\/es\/calculadora-de-dosis\/\">calculadora de dosificaci\u00f3n<\/a><\/strong> f\u00e1cil de usar, personalizada para garantizar su experiencia \u00f3ptima.  <\/p>\n<p class=\"p1\"><strong>Contenido<\/strong><br \/>\nCada paquete de trufas m\u00e1gicas Hollandia contiene aproximadamente 18 gramos. Esta cantidad puede servir para m\u00faltiples dosis dependiendo del nivel de experiencia del usuario y la intensidad deseada del viaje psicod\u00e9lico. <\/p>\n<p class=\"p1\"><strong>Vida \u00fatil<\/strong><br \/>\nCuando se almacenan sin abrir en el frigor\u00edfico, las trufas m\u00e1gicas Hollandia tienen una vida \u00fatil de 2 meses. Para garantizar su frescura y potencia, recomendamos consumirlas dentro de este plazo. <\/p>\n<p class=\"p1\"><strong>ADVERTENCIA<\/strong><br \/>\nLa trufa m\u00e1gica Hollandia es una variedad potente. Es importante prestar atenci\u00f3n a la dosificaci\u00f3n, particularmente si no est\u00e1 familiarizado con los efectos de las trufas m\u00e1gicas. Es aconsejable tener una persona sobria (el \u00abAcompa\u00f1ante\u00bb) presente durante el viaje para ofrecer apoyo y garantizar su seguridad. Evite conducir despu\u00e9s de consumir trufas m\u00e1gicas. Se desaconseja el uso de trufas m\u00e1gicas por menores de 18 a\u00f1os. Asimismo, abst\u00e9ngase de usarlas si se encuentra mal o tiene una disposici\u00f3n depresiva. Priorice la seguridad y el bienestar mental al explorar el \u00e1mbito de los psicod\u00e9licos.      <\/p>\n","protected":false},"featured_media":60960,"comment_status":"open","ping_status":"closed","template":"","meta":{"_acf_changed":false},"product_brand":[],"product_cat":[192],"product_tag":[],"giftcard-category":[],"class_list":{"0":"post-60958","1":"product","2":"type-product","3":"status-publish","4":"has-post-thumbnail","6":"product_cat-trufas-magicas","8":"first","9":"instock","10":"taxable","11":"shipping-taxable","12":"purchasable","13":"product-type-simple"},"acf":[],"_links":{"self":[{"href":"https:\/\/go-microdose.com\/es\/wp-json\/wp\/v2\/product\/60958","targetHints":{"allow":["GET"]}}],"collection":[{"href":"https:\/\/go-microdose.com\/es\/wp-json\/wp\/v2\/product"}],"about":[{"href":"https:\/\/go-microdose.com\/es\/wp-json\/wp\/v2\/types\/product"}],"replies":[{"embeddable":true,"href":"https:\/\/go-microdose.com\/es\/wp-json\/wp\/v2\/comments?post=60958"}],"wp:featuredmedia":[{"embeddable":true,"href":"https:\/\/go-microdose.com\/es\/wp-json\/wp\/v2\/media\/60960"}],"wp:attachment":[{"href":"https:\/\/go-microdose.com\/es\/wp-json\/wp\/v2\/media?parent=60958"}],"wp:term":[{"taxonomy":"product_brand","embeddable":true,"href":"https:\/\/go-microdose.com\/es\/wp-json\/wp\/v2\/product_brand?post=60958"},{"taxonomy":"product_cat","embeddable":true,"href":"https:\/\/go-microdose.com\/es\/wp-json\/wp\/v2\/product_cat?post=60958"},{"taxonomy":"product_tag","embeddable":true,"href":"https:\/\/go-microdose.com\/es\/wp-json\/wp\/v2\/product_tag?post=60958"},{"taxonomy":"giftcard-category","embeddable":true,"href":"https:\/\/go-microdose.com\/es\/wp-json\/wp\/v2\/giftcard-category?post=60958"}],"curies":[{"name":"wp","href":"https:\/\/api.w.org\/{rel}","templated":true}]}}