{"id":60980,"date":"2023-06-20T22:01:01","date_gmt":"2023-06-20T22:01:01","guid":{"rendered":"https:\/\/go-microdose.com\/product\/trufa-atlantis\/"},"modified":"2026-04-06T07:53:42","modified_gmt":"2026-04-06T05:53:42","slug":"trufa-atlantis","status":"publish","type":"product","link":"https:\/\/go-microdose.com\/es\/producto\/trufa-atlantis\/","title":{"rendered":"Trufa Atlantis"},"content":{"rendered":"<div class=\"wpb-content-wrapper\"><p>[vc_row][vc_column][vc_column_text]Las trufas m\u00e1gicas Atlantis son una opci\u00f3n popular entre quienes sienten curiosidad por los psicod\u00e9licos por su capacidad de ofrecer un equilibrio entre visuales encantadores y profundos momentos de introspecci\u00f3n. Estas trufas abren un mundo de exploraci\u00f3n del subconsciente, lo que las convierte en una opci\u00f3n vers\u00e1til tanto para usuarios nuevos como experimentados. Cultivadas de forma sostenible, veganas y sin gluten, las trufas Atlantis garantizan un viaje seguro y revelador.  <\/p>\n<p><strong>Efectos<\/strong><br \/>\nTras su consumo, las trufas m\u00e1gicas Atlantis son conocidas por generar visuales vibrantes y estimular la introspecci\u00f3n filos\u00f3fica. Los usuarios suelen experimentar una percepci\u00f3n sensorial m\u00e1s aguda, una mayor apreciaci\u00f3n por la m\u00fasica y el arte, y una profunda sensaci\u00f3n de interconexi\u00f3n con el universo. El viaje psicol\u00f3gico con Atlantis puede conducir al crecimiento personal y al autodescubrimiento.  <\/p>\n<p><strong>Potencia, dosis y uso<\/strong><br \/>\nLa potencia de las trufas m\u00e1gicas Atlantis se sit\u00faa en el rango medio, lo que las hace adecuadas tanto para principiantes como para usuarios experimentados. La dosis debe determinarse en funci\u00f3n de su nivel de comodidad, experiencia previa y la intensidad deseada del viaje.<br \/>\nDescubra su ingesta ideal con nuestra intuitiva <strong><a href=\"https:\/\/go-microdose.com\/es\/calculadora-de-dosis\/\">calculadora de dosis<\/a><\/strong>, personalizada para garantizar su experiencia \u00f3ptima. <\/p>\n<p><strong>Contenido<\/strong><br \/>\nCada paquete de trufas m\u00e1gicas Atlantis contiene aproximadamente 18 g. Esta cantidad puede servir para varias dosis, seg\u00fan el nivel de experiencia del usuario y la intensidad deseada de la experiencia. <\/p>\n<p><strong>Vida \u00fatil<\/strong><br \/>\nLa vida \u00fatil de las trufas m\u00e1gicas Atlantis sin abrir y guardadas en la nevera es de 2 meses. Para obtener la mejor frescura y potencia, se recomienda consumirlas dentro de este periodo. <\/p>\n<p><strong>ADVERTENCIA<\/strong><br \/>\nA pesar de su potencia media, las trufas m\u00e1gicas Atlantis deben tratarse con respeto y precauci\u00f3n. Empiece siempre con una dosis menor, especialmente si es nuevo en las trufas m\u00e1gicas. Por su seguridad, tenga a una persona sobria (el \u00abSitter\u00bb) presente durante el viaje. Evite conducir despu\u00e9s de consumir trufas m\u00e1gicas y no las use si es menor de 18 a\u00f1os, se encuentra indispuesto o tiene tendencia depresiva. Como en todas las experiencias psicod\u00e9licas, su seguridad y bienestar mental deben ser su m\u00e1xima prioridad.[\/vc_column_text][\/vc_column][\/vc_row]<\/p>\n<\/div>","protected":false},"excerpt":{"rendered":"<p>Las trufas m\u00e1gicas Atlantis son una opci\u00f3n popular entre quienes sienten curiosidad por los psicod\u00e9licos por su capacidad de ofrecer un equilibrio entre visuales encantadores y profundos momentos de introspecci\u00f3n. Estas trufas abren un mundo de exploraci\u00f3n del subconsciente, lo que las convierte en una opci\u00f3n vers\u00e1til tanto para usuarios nuevos como experimentados. Cultivadas de forma sostenible, veganas y sin gluten, las trufas Atlantis garantizan un viaje seguro y revelador.  <\/p>\n<p><strong>Efectos<\/strong><br \/>\nTras su consumo, las trufas m\u00e1gicas Atlantis son conocidas por generar visuales vibrantes y estimular la introspecci\u00f3n filos\u00f3fica. Los usuarios suelen experimentar una percepci\u00f3n sensorial m\u00e1s aguda, una mayor apreciaci\u00f3n por la m\u00fasica y el arte, y una profunda sensaci\u00f3n de interconexi\u00f3n con el universo. El viaje psicol\u00f3gico con Atlantis puede conducir al crecimiento personal y al autodescubrimiento.  <\/p>\n<p><strong>Potencia, dosis y uso<\/strong><br \/>\nLa potencia de las trufas m\u00e1gicas Atlantis se sit\u00faa en el rango medio, lo que las hace adecuadas tanto para principiantes como para usuarios experimentados. La dosis debe determinarse en funci\u00f3n de su nivel de comodidad, experiencia previa y la intensidad deseada del viaje.<br \/>\nDescubra su ingesta ideal con nuestra intuitiva <strong><a href=\"https:\/\/go-microdose.com\/es\/calculadora-de-dosis\/\">calculadora de dosis<\/a><\/strong>, personalizada para garantizar su experiencia \u00f3ptima. <\/p>\n<p><strong>Contenido<\/strong><br \/>\nCada paquete de trufas m\u00e1gicas Atlantis contiene aproximadamente 18 g. Esta cantidad puede servir para varias dosis, seg\u00fan el nivel de experiencia del usuario y la intensidad deseada de la experiencia. <\/p>\n<p><strong>Vida \u00fatil<\/strong><br \/>\nLa vida \u00fatil de las trufas m\u00e1gicas Atlantis sin abrir y guardadas en la nevera es de 2 meses. Para obtener la mejor frescura y potencia, se recomienda consumirlas dentro de este periodo. <\/p>\n<p><strong>ADVERTENCIA<\/strong><br \/>\nA pesar de su potencia media, las trufas m\u00e1gicas Atlantis deben tratarse con respeto y precauci\u00f3n. Empiece siempre con una dosis menor, especialmente si es nuevo en las trufas m\u00e1gicas. Por su seguridad, tenga a una persona sobria (el \u00abSitter\u00bb) presente durante el viaje. Evite conducir despu\u00e9s de consumir trufas m\u00e1gicas y no las use si es menor de 18 a\u00f1os, se encuentra indispuesto o tiene tendencia depresiva. Como en todas las experiencias psicod\u00e9licas, su seguridad y bienestar mental deben ser su m\u00e1xima prioridad.    <\/p>\n","protected":false},"featured_media":60988,"comment_status":"open","ping_status":"closed","template":"","meta":{"_acf_changed":false},"product_brand":[],"product_cat":[192],"product_tag":[],"giftcard-category":[],"class_list":{"0":"post-60980","1":"product","2":"type-product","3":"status-publish","4":"has-post-thumbnail","6":"product_cat-trufas-magicas","8":"first","9":"instock","10":"taxable","11":"shipping-taxable","12":"purchasable","13":"product-type-simple"},"acf":[],"_links":{"self":[{"href":"https:\/\/go-microdose.com\/es\/wp-json\/wp\/v2\/product\/60980","targetHints":{"allow":["GET"]}}],"collection":[{"href":"https:\/\/go-microdose.com\/es\/wp-json\/wp\/v2\/product"}],"about":[{"href":"https:\/\/go-microdose.com\/es\/wp-json\/wp\/v2\/types\/product"}],"replies":[{"embeddable":true,"href":"https:\/\/go-microdose.com\/es\/wp-json\/wp\/v2\/comments?post=60980"}],"wp:featuredmedia":[{"embeddable":true,"href":"https:\/\/go-microdose.com\/es\/wp-json\/wp\/v2\/media\/60988"}],"wp:attachment":[{"href":"https:\/\/go-microdose.com\/es\/wp-json\/wp\/v2\/media?parent=60980"}],"wp:term":[{"taxonomy":"product_brand","embeddable":true,"href":"https:\/\/go-microdose.com\/es\/wp-json\/wp\/v2\/product_brand?post=60980"},{"taxonomy":"product_cat","embeddable":true,"href":"https:\/\/go-microdose.com\/es\/wp-json\/wp\/v2\/product_cat?post=60980"},{"taxonomy":"product_tag","embeddable":true,"href":"https:\/\/go-microdose.com\/es\/wp-json\/wp\/v2\/product_tag?post=60980"},{"taxonomy":"giftcard-category","embeddable":true,"href":"https:\/\/go-microdose.com\/es\/wp-json\/wp\/v2\/giftcard-category?post=60980"}],"curies":[{"name":"wp","href":"https:\/\/api.w.org\/{rel}","templated":true}]}}