{"id":61048,"date":"2023-06-20T17:50:48","date_gmt":"2023-06-20T17:50:48","guid":{"rendered":"https:\/\/go-microdose.com\/product\/kit-de-cultivo-golden-teacher\/"},"modified":"2026-04-06T07:53:46","modified_gmt":"2026-04-06T05:53:46","slug":"kit-de-cultivo-golden-teacher","status":"publish","type":"product","link":"https:\/\/go-microdose.com\/es\/producto\/kit-de-cultivo-golden-teacher\/","title":{"rendered":"Kit de cultivo Golden Teacher"},"content":{"rendered":"<div class=\"wpb-content-wrapper\"><p>[vc_row][vc_column][vc_column_text]Los hongos m\u00e1gicos Golden Teacher son venerados por sus efectos espirituales y reveladores. Ofrecen una puerta de acceso al conocimiento, la sabidur\u00eda y la comprensi\u00f3n, haciendo honor a su ilustre nombre. Esta cepa concreta de psilocybe cubensis tiene un aire de misterio por sus or\u00edgenes desconocidos, pero se ha convertido r\u00e1pidamente en una de las favoritas tanto de cultivadores como de psiconautas. Con nuestro kit de cultivo 100% micelio, puede cultivar en casa esta enigm\u00e1tica cepa de hongo, con la promesa de una cosecha abundante y varias tandas.   <\/p>\n<p><strong>Efectos<\/strong><br \/>\nLos hongos m\u00e1gicos Golden Teacher son conocidos por ofrecer una experiencia profundamente significativa y filos\u00f3fica. Los usuarios suelen describir sensaciones de iluminaci\u00f3n, mayor consciencia y cambios perceptivos, como una percepci\u00f3n del tiempo alterada, distorsiones visuales y colores m\u00e1s intensos. Es habitual la introspecci\u00f3n mental y emocional, que puede dar lugar a profundas revelaciones personales.  <\/p>\n<p><strong>Potencia, dosis y uso<\/strong><br \/>\nLos hongos m\u00e1gicos Golden Teacher tienen una potencia moderada, por lo que son adecuados tanto para principiantes como para usuarios con experiencia. La dosis var\u00eda seg\u00fan la tolerancia individual y la intensidad deseada de la experiencia. Siempre se recomienda empezar con una dosis m\u00e1s baja e ir aument\u00e1ndola gradualmente a medida que se familiarice con los efectos.<br \/>\nDescubra su ingesta ideal con nuestra intuitiva <strong><a href=\"https:\/\/go-microdose.com\/es\/calculadora-de-dosis\/\">calculadora de dosis<\/a><\/strong>, personalizada para garantizar una experiencia \u00f3ptima.  <\/p>\n<p><strong>Contenido<\/strong><br \/>\nNuestro kit de cultivo GO Microdose 100% Micelio ofrece todo lo necesario para cultivar los venerados hongos Golden Teacher. Cada kit incluye un kit de cultivo de 1200 cc, una bolsa de cultivo con filtros de aire y dos clips. Se proporcionan instrucciones de cultivo detalladas en neerland\u00e9s e ingl\u00e9s para guiarle durante el proceso. Con los cuidados adecuados, estos kits de 1200 cc pueden producir entre 400 y 800 g de setas frescas en varias tandas.   <\/p>\n<p><strong>Vida \u00fatil<\/strong><br \/>\nSi se almacena en un entorno fresco, el kit de cultivo puede durar entre 3 y 6 meses. Sin embargo, fuera del frigor\u00edfico, su vida \u00fatil es limitada. Lo mejor es iniciar el cultivo lo antes posible para garantizar los mejores resultados.  <\/p>\n<p><strong>ADVERTENCIA<\/strong><br \/>\nAunque el cultivo de hongos m\u00e1gicos Golden Teacher es sencillo con nuestro kit, trate siempre el producto final con respeto. No consuma hongos m\u00e1gicos si es menor de 18 a\u00f1os, est\u00e1 embarazada, es propenso a problemas de salud mental o si los combina con alcohol u otras drogas. Los hongos m\u00e1gicos son una sustancia natural potente que puede provocar experiencias psicol\u00f3gicas intensas. Durante la experiencia, cuente siempre con un acompa\u00f1ante sobrio.[\/vc_column_text][\/vc_column][\/vc_row]<\/p>\n<\/div>","protected":false},"excerpt":{"rendered":"<p>Los hongos m\u00e1gicos Golden Teacher son venerados por sus efectos espirituales y reveladores. Ofrecen una puerta de acceso al conocimiento, la sabidur\u00eda y la comprensi\u00f3n, haciendo honor a su ilustre nombre. Esta cepa concreta de psilocybe cubensis tiene un aire de misterio por sus or\u00edgenes desconocidos, pero se ha convertido r\u00e1pidamente en una de las favoritas tanto de cultivadores como de psiconautas. Con nuestro kit de cultivo 100% micelio, puede cultivar en casa esta enigm\u00e1tica cepa de hongo, con la promesa de una cosecha abundante y varias tandas.   <\/p>\n<p><strong>Efectos<\/strong><br \/>\nLos hongos m\u00e1gicos Golden Teacher son conocidos por ofrecer una experiencia profundamente significativa y filos\u00f3fica. Los usuarios suelen describir sensaciones de iluminaci\u00f3n, mayor consciencia y cambios perceptivos, como una percepci\u00f3n del tiempo alterada, distorsiones visuales y colores m\u00e1s intensos. Es habitual la introspecci\u00f3n mental y emocional, que puede dar lugar a profundas revelaciones personales.  <\/p>\n<p><strong>Potencia, dosis y uso<\/strong><br \/>\nLos hongos m\u00e1gicos Golden Teacher tienen una potencia moderada, por lo que son adecuados tanto para principiantes como para usuarios con experiencia. La dosis var\u00eda seg\u00fan la tolerancia individual y la intensidad deseada de la experiencia. Siempre se recomienda empezar con una dosis m\u00e1s baja e ir aument\u00e1ndola gradualmente a medida que se familiarice con los efectos.<br \/>\nDescubra su ingesta ideal con nuestra intuitiva <strong><a href=\"https:\/\/go-microdose.com\/es\/calculadora-de-dosis\/\">calculadora de dosis<\/a><\/strong>, personalizada para garantizar una experiencia \u00f3ptima.  <\/p>\n<p><strong>Contenido<\/strong><br \/>\nNuestro kit de cultivo GO Microdose 100% Micelio ofrece todo lo necesario para cultivar los venerados hongos Golden Teacher. Cada kit incluye un kit de cultivo de 1200 cc, una bolsa de cultivo con filtros de aire y dos clips. Se proporcionan instrucciones de cultivo detalladas en neerland\u00e9s e ingl\u00e9s para guiarle durante el proceso. Con los cuidados adecuados, estos kits de 1200 cc pueden producir entre 400 y 800 g de setas frescas en varias tandas.   <\/p>\n<p><strong>Vida \u00fatil<\/strong><br \/>\nSi se almacena en un entorno fresco, el kit de cultivo puede durar entre 3 y 6 meses. Sin embargo, fuera del frigor\u00edfico, su vida \u00fatil es limitada. Lo mejor es iniciar el cultivo lo antes posible para garantizar los mejores resultados.  <\/p>\n<p><strong>ADVERTENCIA<\/strong><br \/>\nAunque el cultivo de hongos m\u00e1gicos Golden Teacher es sencillo con nuestro kit, trate siempre el producto final con respeto. No consuma hongos m\u00e1gicos si es menor de 18 a\u00f1os, est\u00e1 embarazada, es propenso a problemas de salud mental o si los combina con alcohol u otras drogas. Los hongos m\u00e1gicos son una sustancia natural potente que puede provocar experiencias psicol\u00f3gicas intensas. Durante la experiencia, cuente siempre con un acompa\u00f1ante sobrio.   <\/p>\n","protected":false},"featured_media":61062,"comment_status":"open","ping_status":"closed","template":"","meta":{"_acf_changed":false},"product_brand":[],"product_cat":[237],"product_tag":[],"giftcard-category":[],"class_list":{"0":"post-61048","1":"product","2":"type-product","3":"status-publish","4":"has-post-thumbnail","6":"product_cat-kits-de-cultivo-de-setas-alucinogenas","7":"product_shipping_class-caja-grande","9":"first","10":"instock","11":"taxable","12":"shipping-taxable","13":"purchasable","14":"product-type-simple"},"acf":[],"_links":{"self":[{"href":"https:\/\/go-microdose.com\/es\/wp-json\/wp\/v2\/product\/61048","targetHints":{"allow":["GET"]}}],"collection":[{"href":"https:\/\/go-microdose.com\/es\/wp-json\/wp\/v2\/product"}],"about":[{"href":"https:\/\/go-microdose.com\/es\/wp-json\/wp\/v2\/types\/product"}],"replies":[{"embeddable":true,"href":"https:\/\/go-microdose.com\/es\/wp-json\/wp\/v2\/comments?post=61048"}],"wp:featuredmedia":[{"embeddable":true,"href":"https:\/\/go-microdose.com\/es\/wp-json\/wp\/v2\/media\/61062"}],"wp:attachment":[{"href":"https:\/\/go-microdose.com\/es\/wp-json\/wp\/v2\/media?parent=61048"}],"wp:term":[{"taxonomy":"product_brand","embeddable":true,"href":"https:\/\/go-microdose.com\/es\/wp-json\/wp\/v2\/product_brand?post=61048"},{"taxonomy":"product_cat","embeddable":true,"href":"https:\/\/go-microdose.com\/es\/wp-json\/wp\/v2\/product_cat?post=61048"},{"taxonomy":"product_tag","embeddable":true,"href":"https:\/\/go-microdose.com\/es\/wp-json\/wp\/v2\/product_tag?post=61048"},{"taxonomy":"giftcard-category","embeddable":true,"href":"https:\/\/go-microdose.com\/es\/wp-json\/wp\/v2\/giftcard-category?post=61048"}],"curies":[{"name":"wp","href":"https:\/\/api.w.org\/{rel}","templated":true}]}}