{"id":61049,"date":"2023-06-20T17:48:42","date_gmt":"2023-06-20T17:48:42","guid":{"rendered":"https:\/\/go-microdose.com\/product\/capsulas-de-reishi-cotae\/"},"modified":"2026-04-06T07:53:47","modified_gmt":"2026-04-06T05:53:47","slug":"capsulas-de-reishi-cotae","status":"publish","type":"product","link":"https:\/\/go-microdose.com\/es\/producto\/capsulas-de-reishi-cotae\/","title":{"rendered":"C\u00e1psulas de Reishi C\u014dtae"},"content":{"rendered":"<div class=\"wpb-content-wrapper\"><p>[vc_row][vc_column][vc_column_text]Las c\u00e1psulas Reishi \u2013 Armon\u00eda y Vitalidad de C\u014dtae ofrecen una soluci\u00f3n tradicional para quienes buscan mejorar su bienestar general. El hongo Reishi, o \u00abel hongo de la inmortalidad\u00bb, posee una rica historia que se remonta a m\u00e1s de dos milenios. Los m\u00e9dicos chinos veneraban este hongo por sus supuestas propiedades antienvejecimiento y su simbolismo de alegr\u00eda, curaci\u00f3n y prosperidad.  <\/p>\n<p>Hoy en d\u00eda, las c\u00e1psulas de Reishi de C\u014dtae contin\u00faan este legado, proporcionando un elixir moderno que encapsula la sabidur\u00eda ancestral y los potentes efectos de este c\u00e9lebre hongo. Cada c\u00e1psula contiene un potente extracto 12:1 derivado de los cuerpos fruct\u00edferos del hongo Reishi, lo que garantiza que cada dosis de 400 mg sea rica en compuestos bioactivos, incluyendo un m\u00ednimo del 30 % de polisac\u00e1ridos. <\/p>\n<p>Nuestro compromiso con la pureza y la potencia es inquebrantable. Evitamos el uso de micelio cultivado en grano y de rellenos, centr\u00e1ndonos \u00fanicamente en los cuerpos fruct\u00edferos del hongo para ofrecerle un producto que no solo es eficaz, sino que tambi\u00e9n cumple con los m\u00e1s altos est\u00e1ndares de obtenci\u00f3n y producci\u00f3n \u00e9tica. Esta dedicaci\u00f3n a la excelencia es evidente en cada c\u00e1psula que ofrecemos.  <\/p>\n<p>Al integrar las c\u00e1psulas de Reishi de C\u014dtae en su rutina diaria, est\u00e1 eligiendo un camino hacia una vitalidad armoniosa. Estas c\u00e1psulas est\u00e1n dise\u00f1adas para favorecer los ritmos naturales de su cuerpo, promoviendo un estado de bienestar equilibrado que resuena con el cuerpo, la mente y el esp\u00edritu. Son el complemento perfecto para cualquiera que desee enriquecer su dieta con las propiedades \u00fanicas y saludables del Reishi, el venerado \u00abhongo de la inmortalidad\u00bb.[\/vc_column_text][\/vc_column][\/vc_row]<\/p>\n<\/div>","protected":false},"excerpt":{"rendered":"<p>Las c\u00e1psulas Reishi \u2013 Armon\u00eda y Vitalidad de C\u014dtae ofrecen una soluci\u00f3n tradicional para quienes buscan mejorar su bienestar general. El hongo Reishi, o \u00abel hongo de la inmortalidad\u00bb, posee una rica historia que se remonta a m\u00e1s de dos milenios. Los m\u00e9dicos chinos veneraban este hongo por sus supuestas propiedades antienvejecimiento y su simbolismo de alegr\u00eda, curaci\u00f3n y prosperidad.  <\/p>\n<p>Hoy en d\u00eda, las c\u00e1psulas de Reishi de C\u014dtae contin\u00faan este legado, proporcionando un elixir moderno que encapsula la sabidur\u00eda ancestral y los potentes efectos de este c\u00e9lebre hongo. Cada c\u00e1psula contiene un potente extracto 12:1 derivado de los cuerpos fruct\u00edferos del hongo Reishi, lo que garantiza que cada dosis de 400 mg sea rica en compuestos bioactivos, incluyendo un m\u00ednimo del 30 % de polisac\u00e1ridos. <\/p>\n<p>Nuestro compromiso con la pureza y la potencia es inquebrantable. Evitamos el uso de micelio cultivado en grano y de rellenos, centr\u00e1ndonos \u00fanicamente en los cuerpos fruct\u00edferos del hongo para ofrecerle un producto que no solo es eficaz, sino que tambi\u00e9n cumple con los m\u00e1s altos est\u00e1ndares de obtenci\u00f3n y producci\u00f3n \u00e9tica. Esta dedicaci\u00f3n a la excelencia es evidente en cada c\u00e1psula que ofrecemos.  <\/p>\n<p>Al integrar las c\u00e1psulas de Reishi de C\u014dtae en su rutina diaria, est\u00e1 eligiendo un camino hacia una vitalidad armoniosa. Estas c\u00e1psulas est\u00e1n dise\u00f1adas para favorecer los ritmos naturales de su cuerpo, promoviendo un estado de bienestar equilibrado que resuena con el cuerpo, la mente y el esp\u00edritu. Son el complemento perfecto para cualquiera que desee enriquecer su dieta con las propiedades \u00fanicas y saludables del Reishi, el venerado \u00abhongo de la inmortalidad\u00bb.  <\/p>\n","protected":false},"featured_media":61058,"comment_status":"open","ping_status":"closed","template":"","meta":{"_acf_changed":false},"product_brand":[],"product_cat":[193],"product_tag":[],"giftcard-category":[],"class_list":{"0":"post-61049","1":"product","2":"type-product","3":"status-publish","4":"has-post-thumbnail","6":"product_cat-suplementos-de-hongos","7":"product_shipping_class-caja-grande","9":"first","10":"instock","11":"taxable","12":"shipping-taxable","13":"purchasable","14":"product-type-simple"},"acf":[],"_links":{"self":[{"href":"https:\/\/go-microdose.com\/es\/wp-json\/wp\/v2\/product\/61049","targetHints":{"allow":["GET"]}}],"collection":[{"href":"https:\/\/go-microdose.com\/es\/wp-json\/wp\/v2\/product"}],"about":[{"href":"https:\/\/go-microdose.com\/es\/wp-json\/wp\/v2\/types\/product"}],"replies":[{"embeddable":true,"href":"https:\/\/go-microdose.com\/es\/wp-json\/wp\/v2\/comments?post=61049"}],"wp:featuredmedia":[{"embeddable":true,"href":"https:\/\/go-microdose.com\/es\/wp-json\/wp\/v2\/media\/61058"}],"wp:attachment":[{"href":"https:\/\/go-microdose.com\/es\/wp-json\/wp\/v2\/media?parent=61049"}],"wp:term":[{"taxonomy":"product_brand","embeddable":true,"href":"https:\/\/go-microdose.com\/es\/wp-json\/wp\/v2\/product_brand?post=61049"},{"taxonomy":"product_cat","embeddable":true,"href":"https:\/\/go-microdose.com\/es\/wp-json\/wp\/v2\/product_cat?post=61049"},{"taxonomy":"product_tag","embeddable":true,"href":"https:\/\/go-microdose.com\/es\/wp-json\/wp\/v2\/product_tag?post=61049"},{"taxonomy":"giftcard-category","embeddable":true,"href":"https:\/\/go-microdose.com\/es\/wp-json\/wp\/v2\/giftcard-category?post=61049"}],"curies":[{"name":"wp","href":"https:\/\/api.w.org\/{rel}","templated":true}]}}