{"id":61119,"date":"2023-06-20T17:45:46","date_gmt":"2023-06-20T17:45:46","guid":{"rendered":"https:\/\/go-microdose.com\/product\/trufa-utopia\/"},"modified":"2026-04-06T07:53:51","modified_gmt":"2026-04-06T05:53:51","slug":"trufa-utopia","status":"publish","type":"product","link":"https:\/\/go-microdose.com\/es\/producto\/trufa-utopia\/","title":{"rendered":"Trufa Utopia"},"content":{"rendered":"<div class=\"wpb-content-wrapper\"><p>[vc_row][vc_column][vc_column_text]Las trufas m\u00e1gicas Utopia son las favoritas entre usuarios experimentados por sus efectos intensamente transformadores. Conocidas por su poder y potencia, estas trufas le llevan en un viaje profundo hacia las profundidades de su psique. Las Trufas Utopia se cultivan de forma sostenible y son veganas y sin gluten, garantizando una experiencia psicod\u00e9lica pura y sin adulteraciones.  <\/p>\n<p><strong>Efectos<\/strong><br \/>\nLos usuarios han reportado una transformaci\u00f3n profunda con Utopia. Estas potentes trufas desbloquean partes profundas de la psique, generando visuales v\u00edvidos, euforia intensa y un sentido expandido de empat\u00eda y conexi\u00f3n. Las Trufas Utopia pueden ayudar a desvelar las capas de su mente, ofreciendo nuevas perspectivas y conocimientos.  <\/p>\n<p><strong>Potencia, dosificaci\u00f3n y uso<\/strong><br \/>\nLa Psilocybe Utopia es conocida por su potencia. Incluso una dosis peque\u00f1a puede generar efectos intensos. Es importante prestar atenci\u00f3n a la dosificaci\u00f3n, especialmente para quienes no est\u00e1n familiarizados con los efectos de la psilocibina. Recomendamos comenzar con una dosis peque\u00f1a e ir aumentando gradualmente seg\u00fan sea necesario.<br \/>\nDescubra su ingesta ideal con nuestra <strong><a href=\"https:\/\/go-microdose.com\/es\/calculadora-de-dosis\/\">calculadora de dosificaci\u00f3n<\/a><\/strong> f\u00e1cil de usar, personalizada para garantizar su experiencia \u00f3ptima.   <\/p>\n<p><strong>Contenido<\/strong><br \/>\nCada paquete de Trufas M\u00e1gicas Utopia contiene aproximadamente 18 gramos. Esta cantidad puede servir para m\u00faltiples dosis, dependiendo de la intensidad deseada de los efectos. <\/p>\n<p><strong>Vida \u00fatil<\/strong><br \/>\nCuando se almacenan sin abrir en el frigor\u00edfico, las Trufas M\u00e1gicas Utopia tienen una vida \u00fatil de 2 meses. Se recomienda consumirlas dentro de este plazo para garantizar su frescura y potencia. <\/p>\n<p><strong>ADVERTENCIA<\/strong><br \/>\nLa Utopia es una trufa muy potente. Debe prestarse atenci\u00f3n a la dosificaci\u00f3n, particularmente si no est\u00e1 familiarizado con los efectos de las trufas m\u00e1gicas. Es aconsejable contar con la presencia de una persona sobria (el \u00abAcompa\u00f1ante\u00bb), para proporcionar apoyo y garantizar su seguridad durante la experiencia psicod\u00e9lica. No conduzca si ha consumido trufas m\u00e1gicas. Se recomienda no usar trufas m\u00e1gicas si es menor de 18 a\u00f1os, o si se encuentra en un estado de malestar o tiene una disposici\u00f3n depresiva. Priorice siempre la seguridad y el bienestar mental al explorar el \u00e1mbito de los psicod\u00e9licos.[\/vc_column_text][\/vc_column][\/vc_row]<\/p>\n<\/div>","protected":false},"excerpt":{"rendered":"<p>Las trufas m\u00e1gicas Utopia son las favoritas entre usuarios experimentados por sus efectos intensamente transformadores. Conocidas por su poder y potencia, estas trufas le llevan en un viaje profundo hacia las profundidades de su psique. Las Trufas Utopia se cultivan de forma sostenible y son veganas y sin gluten, garantizando una experiencia psicod\u00e9lica pura y sin adulteraciones.  <\/p>\n<p><strong>Efectos<\/strong><br \/>\nLos usuarios han reportado una transformaci\u00f3n profunda con Utopia. Estas potentes trufas desbloquean partes profundas de la psique, generando visuales v\u00edvidos, euforia intensa y un sentido expandido de empat\u00eda y conexi\u00f3n. Las Trufas Utopia pueden ayudar a desvelar las capas de su mente, ofreciendo nuevas perspectivas y conocimientos.  <\/p>\n<p><strong>Potencia, dosificaci\u00f3n y uso<\/strong><br \/>\nLa Psilocybe Utopia es conocida por su potencia. Incluso una dosis peque\u00f1a puede generar efectos intensos. Es importante prestar atenci\u00f3n a la dosificaci\u00f3n, especialmente para quienes no est\u00e1n familiarizados con los efectos de la psilocibina. Recomendamos comenzar con una dosis peque\u00f1a e ir aumentando gradualmente seg\u00fan sea necesario.<br \/>\nDescubra su ingesta ideal con nuestra <strong><a href=\"https:\/\/go-microdose.com\/es\/calculadora-de-dosis\/\">calculadora de dosificaci\u00f3n<\/a><\/strong> f\u00e1cil de usar, personalizada para garantizar su experiencia \u00f3ptima.   <\/p>\n<p><strong>Contenido<\/strong><br \/>\nCada paquete de Trufas M\u00e1gicas Utopia contiene aproximadamente 18 gramos. Esta cantidad puede servir para m\u00faltiples dosis, dependiendo de la intensidad deseada de los efectos. <\/p>\n<p><strong>Vida \u00fatil<\/strong><br \/>\nCuando se almacenan sin abrir en el frigor\u00edfico, las Trufas M\u00e1gicas Utopia tienen una vida \u00fatil de 2 meses. Se recomienda consumirlas dentro de este plazo para garantizar su frescura y potencia. <\/p>\n<p><strong>ADVERTENCIA<\/strong><br \/>\nLa Utopia es una trufa muy potente. Debe prestarse atenci\u00f3n a la dosificaci\u00f3n, particularmente si no est\u00e1 familiarizado con los efectos de las trufas m\u00e1gicas. Es aconsejable contar con la presencia de una persona sobria (el \u00abAcompa\u00f1ante\u00bb), para proporcionar apoyo y garantizar su seguridad durante la experiencia psicod\u00e9lica. No conduzca si ha consumido trufas m\u00e1gicas. Se recomienda no usar trufas m\u00e1gicas si es menor de 18 a\u00f1os, o si se encuentra en un estado de malestar o tiene una disposici\u00f3n depresiva. Priorice siempre la seguridad y el bienestar mental al explorar el \u00e1mbito de los psicod\u00e9licos.     <\/p>\n","protected":false},"featured_media":61120,"comment_status":"open","ping_status":"closed","template":"","meta":{"_acf_changed":false},"product_brand":[],"product_cat":[192],"product_tag":[],"giftcard-category":[],"class_list":{"0":"post-61119","1":"product","2":"type-product","3":"status-publish","4":"has-post-thumbnail","6":"product_cat-trufas-magicas","8":"first","9":"instock","10":"taxable","11":"shipping-taxable","12":"purchasable","13":"product-type-simple"},"acf":[],"_links":{"self":[{"href":"https:\/\/go-microdose.com\/es\/wp-json\/wp\/v2\/product\/61119","targetHints":{"allow":["GET"]}}],"collection":[{"href":"https:\/\/go-microdose.com\/es\/wp-json\/wp\/v2\/product"}],"about":[{"href":"https:\/\/go-microdose.com\/es\/wp-json\/wp\/v2\/types\/product"}],"replies":[{"embeddable":true,"href":"https:\/\/go-microdose.com\/es\/wp-json\/wp\/v2\/comments?post=61119"}],"wp:featuredmedia":[{"embeddable":true,"href":"https:\/\/go-microdose.com\/es\/wp-json\/wp\/v2\/media\/61120"}],"wp:attachment":[{"href":"https:\/\/go-microdose.com\/es\/wp-json\/wp\/v2\/media?parent=61119"}],"wp:term":[{"taxonomy":"product_brand","embeddable":true,"href":"https:\/\/go-microdose.com\/es\/wp-json\/wp\/v2\/product_brand?post=61119"},{"taxonomy":"product_cat","embeddable":true,"href":"https:\/\/go-microdose.com\/es\/wp-json\/wp\/v2\/product_cat?post=61119"},{"taxonomy":"product_tag","embeddable":true,"href":"https:\/\/go-microdose.com\/es\/wp-json\/wp\/v2\/product_tag?post=61119"},{"taxonomy":"giftcard-category","embeddable":true,"href":"https:\/\/go-microdose.com\/es\/wp-json\/wp\/v2\/giftcard-category?post=61119"}],"curies":[{"name":"wp","href":"https:\/\/api.w.org\/{rel}","templated":true}]}}