{"id":61192,"date":"2023-03-22T10:57:53","date_gmt":"2023-03-22T10:57:53","guid":{"rendered":"https:\/\/go-microdose.com\/product\/la-oferta-del-explorador\/"},"modified":"2026-04-06T07:53:52","modified_gmt":"2026-04-06T05:53:52","slug":"la-oferta-del-explorador","status":"publish","type":"product","link":"https:\/\/go-microdose.com\/es\/producto\/la-oferta-del-explorador\/","title":{"rendered":"La oferta del explorador"},"content":{"rendered":"<div class=\"wpb-content-wrapper\"><p>[vc_row][vc_column][vc_column_text]\u00bfBusca probar algo nuevo y emocionante? Nuestra oferta de pack de trufas \u00abCompre 6 y ll\u00e9vese 8\u00bb es perfecta para quienes buscan una aventura. Solo por tiempo limitado, puede recibir 8 packs de nuestras trufas de alta calidad por el precio de 6; eso supone un descuento del 25 %.  <\/p>\n<p>Nuestras trufas son perfectas tanto para la microdosificaci\u00f3n como para el uso recreativo. Queremos asegurarnos de que tenga una experiencia segura y agradable con nuestros productos, por lo que incluimos una gu\u00eda de dosificaci\u00f3n para ayudarle a empezar. Nuestras trufas son f\u00e1ciles de usar y, con esta oferta especial, tendr\u00e1 mucho con lo que experimentar.  <\/p>\n<p>No deje escapar esta oferta exclusiva: haga su pedido ahora y comience a explorar su conciencia. Y recuerde, consuma siempre de forma responsable y empiece con una dosis baja. <\/p>\n<p>Descubra su ingesta ideal con nuestra intuitiva <strong><a href=\"https:\/\/go-microdose.com\/es\/calculadora-de-dosis\/\">calculadora de dosis<\/a><\/strong>, personalizada para garantizar su experiencia \u00f3ptima.[\/vc_column_text][\/vc_column][\/vc_row]<\/p>\n<\/div>","protected":false},"excerpt":{"rendered":"<ul>\n<li>Compre 6 y reciba 8 tiras de microdosificaci\u00f3n<\/li>\n<li>25% de descuento<\/li>\n<li>Manual de uso y dosificaci\u00f3n<\/li>\n<li>Gu\u00eda del curso paso a paso<\/li>\n<\/ul>\n","protected":false},"featured_media":61198,"comment_status":"open","ping_status":"closed","template":"","meta":{"_acf_changed":false},"product_brand":[],"product_cat":[191,242],"product_tag":[],"giftcard-category":[],"class_list":{"0":"post-61192","1":"product","2":"type-product","3":"status-publish","4":"has-post-thumbnail","6":"product_cat-ofertas-de-packs","7":"product_cat-microdosis","9":"first","10":"instock","11":"sale","12":"taxable","13":"shipping-taxable","14":"purchasable","15":"product-type-simple"},"acf":[],"_links":{"self":[{"href":"https:\/\/go-microdose.com\/es\/wp-json\/wp\/v2\/product\/61192","targetHints":{"allow":["GET"]}}],"collection":[{"href":"https:\/\/go-microdose.com\/es\/wp-json\/wp\/v2\/product"}],"about":[{"href":"https:\/\/go-microdose.com\/es\/wp-json\/wp\/v2\/types\/product"}],"replies":[{"embeddable":true,"href":"https:\/\/go-microdose.com\/es\/wp-json\/wp\/v2\/comments?post=61192"}],"wp:featuredmedia":[{"embeddable":true,"href":"https:\/\/go-microdose.com\/es\/wp-json\/wp\/v2\/media\/61198"}],"wp:attachment":[{"href":"https:\/\/go-microdose.com\/es\/wp-json\/wp\/v2\/media?parent=61192"}],"wp:term":[{"taxonomy":"product_brand","embeddable":true,"href":"https:\/\/go-microdose.com\/es\/wp-json\/wp\/v2\/product_brand?post=61192"},{"taxonomy":"product_cat","embeddable":true,"href":"https:\/\/go-microdose.com\/es\/wp-json\/wp\/v2\/product_cat?post=61192"},{"taxonomy":"product_tag","embeddable":true,"href":"https:\/\/go-microdose.com\/es\/wp-json\/wp\/v2\/product_tag?post=61192"},{"taxonomy":"giftcard-category","embeddable":true,"href":"https:\/\/go-microdose.com\/es\/wp-json\/wp\/v2\/giftcard-category?post=61192"}],"curies":[{"name":"wp","href":"https:\/\/api.w.org\/{rel}","templated":true}]}}