{"id":61302,"date":"2022-11-04T11:12:29","date_gmt":"2022-11-04T11:12:29","guid":{"rendered":"https:\/\/go-microdose.com\/product\/bascula-de-precision\/"},"modified":"2026-04-06T07:53:58","modified_gmt":"2026-04-06T05:53:58","slug":"bascula-de-precision","status":"publish","type":"product","link":"https:\/\/go-microdose.com\/es\/producto\/bascula-de-precision\/","title":{"rendered":"B\u00e1scula de precisi\u00f3n"},"content":{"rendered":"<div class=\"wpb-content-wrapper\"><p>[vc_row][vc_column][vc_column_text]Es importante medir con precisi\u00f3n la cantidad adecuada de trufas que toma al microdosificar.<br \/>\nExperimentar\u00e1 los beneficios \u00f3ptimos de la microdosificaci\u00f3n si utiliza la cantidad justa de trufas. Todos nuestros clientes son \u00fanicos y cada persona tiene un \u00abpunto ideal\u00bb diferente. Algunos experimentan los efectos deseados con 0,25 g de trufas, mientras que otros utilizan una dosis completa de 1 g. Esto var\u00eda seg\u00fan la persona.   <\/p>\n<p>Nunca microdosifique sin medir su dosis con precisi\u00f3n. Al pesar la microdosis, utilice \u00fanicamente una b\u00e1scula que pueda medir con una precisi\u00f3n de 0,01 g. Nuestra b\u00e1scula se recomienda tanto para microdosificadores principiantes como avanzados. <\/p>\n<p>Aconsejamos no microdosificar todos los d\u00edas. De lo contrario, no podr\u00e1 supervisar c\u00f3mo se ven afectados sus comportamientos b\u00e1sicos, como la productividad, la creatividad y el estado de \u00e1nimo. Otra desventaja de microdosificar a diario es la habituaci\u00f3n. Si lo hace a diario, es probable que su cuerpo y su mente se acostumbren a la sustancia y se convierta en un h\u00e1bito (como el caf\u00e9 o la nicotina para muchas personas). Tambi\u00e9n recomendamos dejar de hacerlo durante al menos un mes despu\u00e9s de 8 a 10 semanas, para evitar la habituaci\u00f3n psicol\u00f3gica.    <\/p>\n<p>Descubra su ingesta ideal con nuestra intuitiva <strong><a href=\"https:\/\/go-microdose.com\/es\/calculadora-de-dosis\/\">calculadora de dosis<\/a><\/strong>, personalizada para garantizar su experiencia \u00f3ptima.[\/vc_column_text][\/vc_column][\/vc_row]<\/p>\n<\/div>","protected":false},"excerpt":{"rendered":"<ul>\n<li>De 0 a 500 g con una precisi\u00f3n de 0,01 g<\/li>\n<li>pantalla de 6 d\u00edgitos con retroiluminaci\u00f3n azul<\/li>\n<li>lectura en g, oz, tl o ct<\/li>\n<li>se apaga autom\u00e1ticamente tras 30 segundos<\/li>\n<li>funci\u00f3n de tara y recuento.<\/li>\n<li>dimensiones: largo 11,5 cm (An) 6 cm (Pr) 1,8 cm<\/li>\n<li>funciona con 2 pilas AAA (incluidas)<\/li>\n<li>Manual en ingl\u00e9s.<\/li>\n<\/ul>\n","protected":false},"featured_media":61308,"comment_status":"open","ping_status":"closed","template":"","meta":{"_acf_changed":false},"product_brand":[],"product_cat":[180],"product_tag":[],"giftcard-category":[],"class_list":{"0":"post-61302","1":"product","2":"type-product","3":"status-publish","4":"has-post-thumbnail","6":"product_cat-accesorios","8":"first","9":"instock","10":"taxable","11":"shipping-taxable","12":"purchasable","13":"product-type-simple"},"acf":[],"_links":{"self":[{"href":"https:\/\/go-microdose.com\/es\/wp-json\/wp\/v2\/product\/61302","targetHints":{"allow":["GET"]}}],"collection":[{"href":"https:\/\/go-microdose.com\/es\/wp-json\/wp\/v2\/product"}],"about":[{"href":"https:\/\/go-microdose.com\/es\/wp-json\/wp\/v2\/types\/product"}],"replies":[{"embeddable":true,"href":"https:\/\/go-microdose.com\/es\/wp-json\/wp\/v2\/comments?post=61302"}],"wp:featuredmedia":[{"embeddable":true,"href":"https:\/\/go-microdose.com\/es\/wp-json\/wp\/v2\/media\/61308"}],"wp:attachment":[{"href":"https:\/\/go-microdose.com\/es\/wp-json\/wp\/v2\/media?parent=61302"}],"wp:term":[{"taxonomy":"product_brand","embeddable":true,"href":"https:\/\/go-microdose.com\/es\/wp-json\/wp\/v2\/product_brand?post=61302"},{"taxonomy":"product_cat","embeddable":true,"href":"https:\/\/go-microdose.com\/es\/wp-json\/wp\/v2\/product_cat?post=61302"},{"taxonomy":"product_tag","embeddable":true,"href":"https:\/\/go-microdose.com\/es\/wp-json\/wp\/v2\/product_tag?post=61302"},{"taxonomy":"giftcard-category","embeddable":true,"href":"https:\/\/go-microdose.com\/es\/wp-json\/wp\/v2\/giftcard-category?post=61302"}],"curies":[{"name":"wp","href":"https:\/\/api.w.org\/{rel}","templated":true}]}}