{"id":61312,"date":"2022-11-04T07:13:37","date_gmt":"2022-11-04T07:13:37","guid":{"rendered":"https:\/\/go-microdose.com\/product\/oferta-para-principiantes\/"},"modified":"2026-04-06T07:54:00","modified_gmt":"2026-04-06T05:54:00","slug":"oferta-para-principiantes","status":"publish","type":"product","link":"https:\/\/go-microdose.com\/es\/producto\/oferta-para-principiantes\/","title":{"rendered":"Oferta para principiantes"},"content":{"rendered":"<div class=\"wpb-content-wrapper\"><p>[vc_row][vc_column][vc_column_text]Para comenzar con la microdosificaci\u00f3n, hemos preparado un paquete de inicio. Por supuesto, tambi\u00e9n puede adquirirlo si ya tiene experiencia con la microdosificaci\u00f3n. <\/p>\n<p>Es importante medir con precisi\u00f3n la cantidad correcta de trufas que toma cuando est\u00e1 microdosificando, por eso hemos a\u00f1adido la b\u00e1scula de precisi\u00f3n al paquete.<br \/>\nExperimentar\u00e1 los beneficios \u00f3ptimos de la microdosificaci\u00f3n si utiliza la cantidad justa de trufas. Todos nuestros clientes son \u00fanicos y cada uno tiene un &#8216;punto \u00f3ptimo&#8217; diferente. Algunos experimentan los efectos deseados con 0,25 gramos de trufas, mientras que otros utilizan una dosis completa de 1 gramo. Esto var\u00eda seg\u00fan la persona.   <\/p>\n<p>Nunca microdosifique sin medir su dosis con precisi\u00f3n. Al pesar la microdosis, utilice \u00fanicamente una b\u00e1scula que pueda medir con una precisi\u00f3n de 0,01 gramos. <\/p>\n<p>Nuestra b\u00e1scula est\u00e1 recomendada tanto para principiantes como para usuarios avanzados de microdosis.[\/vc_column_text][\/vc_column][\/vc_row]<\/p>\n<\/div>","protected":false},"excerpt":{"rendered":"<ul>\n<li>3 tiras de microdosis<\/li>\n<li>B\u00e1scula de precisi\u00f3n<\/li>\n<li>Contenedor de bolsillo<\/li>\n<li>Gu\u00eda del curso paso a paso<\/li>\n<li>Manual de uso y dosificaci\u00f3n<\/li>\n<\/ul>\n","protected":false},"featured_media":61323,"comment_status":"open","ping_status":"closed","template":"","meta":{"_acf_changed":false},"product_brand":[],"product_cat":[191,242],"product_tag":[],"giftcard-category":[],"class_list":{"0":"post-61312","1":"product","2":"type-product","3":"status-publish","4":"has-post-thumbnail","6":"product_cat-ofertas-de-packs","7":"product_cat-microdosis","8":"product_shipping_class-caja-grande","10":"first","11":"instock","12":"sale","13":"taxable","14":"shipping-taxable","15":"purchasable","16":"product-type-simple"},"acf":[],"_links":{"self":[{"href":"https:\/\/go-microdose.com\/es\/wp-json\/wp\/v2\/product\/61312","targetHints":{"allow":["GET"]}}],"collection":[{"href":"https:\/\/go-microdose.com\/es\/wp-json\/wp\/v2\/product"}],"about":[{"href":"https:\/\/go-microdose.com\/es\/wp-json\/wp\/v2\/types\/product"}],"replies":[{"embeddable":true,"href":"https:\/\/go-microdose.com\/es\/wp-json\/wp\/v2\/comments?post=61312"}],"wp:featuredmedia":[{"embeddable":true,"href":"https:\/\/go-microdose.com\/es\/wp-json\/wp\/v2\/media\/61323"}],"wp:attachment":[{"href":"https:\/\/go-microdose.com\/es\/wp-json\/wp\/v2\/media?parent=61312"}],"wp:term":[{"taxonomy":"product_brand","embeddable":true,"href":"https:\/\/go-microdose.com\/es\/wp-json\/wp\/v2\/product_brand?post=61312"},{"taxonomy":"product_cat","embeddable":true,"href":"https:\/\/go-microdose.com\/es\/wp-json\/wp\/v2\/product_cat?post=61312"},{"taxonomy":"product_tag","embeddable":true,"href":"https:\/\/go-microdose.com\/es\/wp-json\/wp\/v2\/product_tag?post=61312"},{"taxonomy":"giftcard-category","embeddable":true,"href":"https:\/\/go-microdose.com\/es\/wp-json\/wp\/v2\/giftcard-category?post=61312"}],"curies":[{"name":"wp","href":"https:\/\/api.w.org\/{rel}","templated":true}]}}