{"id":61360,"date":"2021-09-29T10:19:18","date_gmt":"2021-09-29T10:19:18","guid":{"rendered":"https:\/\/go-microdose.com\/product\/comience-como-desee\/"},"modified":"2026-04-06T07:54:06","modified_gmt":"2026-04-06T05:54:06","slug":"comience-como-desee","status":"publish","type":"product","link":"https:\/\/go-microdose.com\/es\/producto\/comience-como-desee\/","title":{"rendered":"Comience como desee"},"content":{"rendered":"<div class=\"wpb-content-wrapper\"><p>[vc_row][vc_column][vc_column_text]Libere el potencial de su mente con nuestras Trufas de Microdosis Mexicana. Estas trufas son una cepa cultivada de Psilocybe Mexicana, una especie de hongos psicod\u00e9licos venerada por su capacidad para inducir una experiencia suave, introspectiva y potenciadora de la creatividad. <\/p>\n<p>Nuestras trufas de microdosis son 100% veganas, sin gluten y de origen sostenible. Cada trufa se cultiva y cosecha cuidadosamente para garantizar que le llegue en condiciones \u00f3ptimas, proporcion\u00e1ndole la experiencia de microdosis m\u00e1s pura y efectiva. <\/p>\n<p>Ideales tanto para principiantes como para usuarios experimentados de microdosis, nuestras trufas ofrecen una mezcla armoniosa de euforia ligera, claridad mental y mayor creatividad. Pueden introducir un cambio sutil en la percepci\u00f3n, destinado a mejorar el estado de \u00e1nimo, la productividad y la funci\u00f3n cognitiva general sin producir efectos alucin\u00f3genos. <\/p>\n<p>Cuando solicite nuestras trufas, puede esperar entrega r\u00e1pida y la posibilidad de rastrear su pedido desde nuestra puerta hasta la suya. Nos tomamos en serio la privacidad, garantizando que su pedido se env\u00ede de forma discreta. Y para garantizar que su experiencia de compra sea fluida y segura, ofrecemos opciones de pago seguras.  <\/p>\n<p>Ya sea que busque potenciar la creatividad, combatir el estr\u00e9s o simplemente introducir un nuevo nivel de atenci\u00f3n plena en su rutina diaria, nuestras trufas de microdosis son una excelente elecci\u00f3n. Experimente los innumerables beneficios de la microdosis con esta fuente de psilocibina natural, potente y consagrada. <\/p>\n<p>Descubra su ingesta ideal con nuestra intuitiva <strong><a href=\"https:\/\/go-microdose.com\/es\/calculadora-de-dosis\/\">calculadora de dosis<\/a><\/strong>, personalizada para garantizar su experiencia \u00f3ptima.[\/vc_column_text][\/vc_column][\/vc_row]<\/p>\n<\/div>","protected":false},"excerpt":{"rendered":"<ul>\n<li>Una tira contiene 6 microdosis de trufa de 1 gramo<\/li>\n<li>Trufa: Esclerocios de la trufa Mexicana<\/li>\n<li>100% Biol\u00f3gica producida en los Pa\u00edses Bajos<\/li>\n<li>En el frigor\u00edfico, las trufas selladas se conservan de 2 a 3 meses<\/li>\n<li>1 tira es suficiente para unas 2 semanas<\/li>\n<li>Gu\u00eda de uso de microdosis incluida<\/li>\n<li>Enviamos a muchos pa\u00edses <strong><a href=\"https:\/\/go-microdose.com\/es\/envio\/\">(leer m\u00e1s)<\/a><\/strong><\/li>\n<li>Entrega discreta posible<\/li>\n<\/ul>\n","protected":false},"featured_media":61324,"comment_status":"open","ping_status":"closed","template":"","meta":{"_acf_changed":false},"product_brand":[],"product_cat":[242],"product_tag":[],"giftcard-category":[],"class_list":{"0":"post-61360","1":"product","2":"type-product","3":"status-publish","4":"has-post-thumbnail","6":"product_cat-microdosis","8":"first","9":"instock","10":"taxable","11":"shipping-taxable","12":"purchasable","13":"product-type-simple"},"acf":[],"_links":{"self":[{"href":"https:\/\/go-microdose.com\/es\/wp-json\/wp\/v2\/product\/61360","targetHints":{"allow":["GET"]}}],"collection":[{"href":"https:\/\/go-microdose.com\/es\/wp-json\/wp\/v2\/product"}],"about":[{"href":"https:\/\/go-microdose.com\/es\/wp-json\/wp\/v2\/types\/product"}],"replies":[{"embeddable":true,"href":"https:\/\/go-microdose.com\/es\/wp-json\/wp\/v2\/comments?post=61360"}],"wp:featuredmedia":[{"embeddable":true,"href":"https:\/\/go-microdose.com\/es\/wp-json\/wp\/v2\/media\/61324"}],"wp:attachment":[{"href":"https:\/\/go-microdose.com\/es\/wp-json\/wp\/v2\/media?parent=61360"}],"wp:term":[{"taxonomy":"product_brand","embeddable":true,"href":"https:\/\/go-microdose.com\/es\/wp-json\/wp\/v2\/product_brand?post=61360"},{"taxonomy":"product_cat","embeddable":true,"href":"https:\/\/go-microdose.com\/es\/wp-json\/wp\/v2\/product_cat?post=61360"},{"taxonomy":"product_tag","embeddable":true,"href":"https:\/\/go-microdose.com\/es\/wp-json\/wp\/v2\/product_tag?post=61360"},{"taxonomy":"giftcard-category","embeddable":true,"href":"https:\/\/go-microdose.com\/es\/wp-json\/wp\/v2\/giftcard-category?post=61360"}],"curies":[{"name":"wp","href":"https:\/\/api.w.org\/{rel}","templated":true}]}}