{"id":61385,"date":"2022-05-24T09:05:32","date_gmt":"2022-05-24T09:05:32","guid":{"rendered":"https:\/\/go-microdose.com\/product\/curso-para-experimentados\/"},"modified":"2026-04-06T07:54:05","modified_gmt":"2026-04-06T05:54:05","slug":"curso-para-experimentados","status":"publish","type":"product","link":"https:\/\/go-microdose.com\/es\/producto\/curso-para-experimentados\/","title":{"rendered":"Curso para experimentados"},"content":{"rendered":"<div class=\"wpb-content-wrapper\"><p>[vc_section][vc_row][vc_column][vc_custom_heading text=\u00bbM\u00e1s energ\u00eda y mejor productividad y creatividad\u00bb font_container=\u00bbtag:div|text_align:left\u00bb use_theme_fonts=\u00bbyes\u00bb el_class=\u00bbpr-tag\u00bb][vc_custom_heading text=\u00bbCurso de microdosis\u00bb font_container=\u00bbtag:h3|text_align:left\u00bb use_theme_fonts=\u00bbyes\u00bb][vc_column_text css=\u00bb\u00bb]Conoce los beneficios de la microdosis, por lo que desea ser consistentemente m\u00e1s productivo, creativo y en\u00e9rgico. Con este curso elige un ciclo de 4 d\u00edas que utiliza durante 4 a 8 semanas. Pruebe el curso durante al menos un mes para ver si le conviene.  <\/p>\n<p>Nuestras trufas se mantienen frescas durante aproximadamente 2-3 meses cuando las guarda en el frigor\u00edfico. Por eso le enviamos trufas frescas cada 3 meses. Para un curso de 6 meses esto significa que recibir\u00e1 2 env\u00edos nuestros y con un curso de 12 meses ser\u00e1n 4 veces.[\/vc_column_text][vc_btn title=\u00bbDescargue nuestro plan paso a paso\u00bb style=\u00bboutline\u00bb color=\u00bbblack\u00bb link=\u00bburl:https%3A%2F%2Fgo-microdose.com%2Fwp-content%2Fuploads%2F2022%2F08%2FGO-Microdose-manual.pdf|target:_blank|\u00bb][\/vc_column][\/vc_row][\/vc_section]<\/p>\n<\/div>","protected":false},"excerpt":{"rendered":"<p>Conoce los beneficios de la microdosis, por lo que desea ser consistentemente m\u00e1s productivo, creativo y en\u00e9rgico. Con este curso elige un ciclo de 4 d\u00edas que utiliza durante 4 a 8 semanas. Pruebe el curso durante al menos un mes para ver si le conviene.  <\/p>\n","protected":false},"featured_media":61386,"comment_status":"open","ping_status":"closed","template":"","meta":{"_acf_changed":false},"product_brand":[],"product_cat":[242,261],"product_tag":[],"giftcard-category":[],"class_list":{"0":"post-61385","1":"product","2":"type-product","3":"status-publish","4":"has-post-thumbnail","6":"product_cat-microdosis","7":"product_cat-suscripciones","8":"pa_package-6-meses","9":"pa_package-12-meses","11":"first","12":"instock","13":"sale","14":"taxable","15":"shipping-taxable","16":"purchasable","17":"product-type-variable","18":"has-default-attributes"},"acf":[],"_links":{"self":[{"href":"https:\/\/go-microdose.com\/es\/wp-json\/wp\/v2\/product\/61385","targetHints":{"allow":["GET"]}}],"collection":[{"href":"https:\/\/go-microdose.com\/es\/wp-json\/wp\/v2\/product"}],"about":[{"href":"https:\/\/go-microdose.com\/es\/wp-json\/wp\/v2\/types\/product"}],"replies":[{"embeddable":true,"href":"https:\/\/go-microdose.com\/es\/wp-json\/wp\/v2\/comments?post=61385"}],"wp:featuredmedia":[{"embeddable":true,"href":"https:\/\/go-microdose.com\/es\/wp-json\/wp\/v2\/media\/61386"}],"wp:attachment":[{"href":"https:\/\/go-microdose.com\/es\/wp-json\/wp\/v2\/media?parent=61385"}],"wp:term":[{"taxonomy":"product_brand","embeddable":true,"href":"https:\/\/go-microdose.com\/es\/wp-json\/wp\/v2\/product_brand?post=61385"},{"taxonomy":"product_cat","embeddable":true,"href":"https:\/\/go-microdose.com\/es\/wp-json\/wp\/v2\/product_cat?post=61385"},{"taxonomy":"product_tag","embeddable":true,"href":"https:\/\/go-microdose.com\/es\/wp-json\/wp\/v2\/product_tag?post=61385"},{"taxonomy":"giftcard-category","embeddable":true,"href":"https:\/\/go-microdose.com\/es\/wp-json\/wp\/v2\/giftcard-category?post=61385"}],"curies":[{"name":"wp","href":"https:\/\/api.w.org\/{rel}","templated":true}]}}