{"id":65298,"date":"2024-07-02T10:12:15","date_gmt":"2024-07-02T10:12:15","guid":{"rendered":"https:\/\/go-microdose.com\/product\/niacina-100-mg-vitamina-b-3\/"},"modified":"2026-03-30T14:20:11","modified_gmt":"2026-03-30T12:20:11","slug":"niacina-100-mg-vitamina-b-3","status":"publish","type":"product","link":"https:\/\/go-microdose.com\/es\/producto\/niacina-100-mg-vitamina-b-3\/","title":{"rendered":"Niacina 100 mg (vitamina B-3)"},"content":{"rendered":"<div class=\"wpb-content-wrapper\"><p>[vc_row][vc_column][vc_column_text css=\u00bb\u00bb]Nuestros comprimidos de Niacina 100 mg ofrecen una fuente de alta potencia de Vitamina B-3, esencial para numerosas funciones corporales, incluyendo el metabolismo energ\u00e9tico y el mantenimiento de la piel y los nervios sanos. Cada comprimido contiene 100 mg de niacina, lo que proporciona el 625% de la ingesta diaria recomendada. Esto asegura que reciba una dosis potente de este nutriente vital con cada comprimido.  <\/p>\n<p>Formulados con ingredientes puros y de alta calidad, nuestros comprimidos de niacina son aptos para veganos y est\u00e1n libres de al\u00e9rgenos comunes como trigo, gluten, huevos, frutos secos, soja, pescado, marisco y productos l\u00e1cteos. Tambi\u00e9n evitamos el uso de OMG, conservantes y fragancias, colorantes y sabores sint\u00e9ticos para ofrecerle un suplemento diet\u00e9tico limpio y puro. <\/p>\n<p>La niacina desempe\u00f1a un papel crucial en la conversi\u00f3n de los alimentos en energ\u00eda, lo que puede ayudar a reducir el cansancio y la fatiga. Adem\u00e1s, contribuye a la salud de la piel y al correcto funcionamiento del sistema nervioso. Para aquellos que practican la microdosis y utilizan el Stack de Paul Stamets, la niacina es un componente clave que se usa en combinaci\u00f3n con la Melena de le\u00f3n para potenciar potencialmente la funci\u00f3n cognitiva y el bienestar general.  <\/p>\n<p>Nuestros comprimidos de niacina son f\u00e1ciles de incorporar a su rutina diaria. Simplemente tome un comprimido al d\u00eda con una comida y agua para experimentar los beneficios de esta vitamina esencial. Aseg\u00farese de almacenar el producto en un lugar seco y sellado, fuera del alcance de los ni\u00f1os peque\u00f1os, para mantener su calidad y eficacia.[\/vc_column_text][\/vc_column][\/vc_row]<\/p>\n<\/div>","protected":false},"excerpt":{"rendered":"<ul>\n<li>100 comprimidos de Niacina de alta potencia<\/li>\n<li>Apto para veganos<\/li>\n<li>Contribuye al metabolismo energ\u00e9tico<\/li>\n<li>Favorece la salud de la piel y los nervios<\/li>\n<li>Stack de Paul Stamets (con microdosis y Melena de le\u00f3n)<\/li>\n<li>Pr\u00e1ctico y f\u00e1cil de usar<\/li>\n<li>Pura calidad<\/li>\n<\/ul>\n","protected":false},"featured_media":65301,"comment_status":"open","ping_status":"closed","template":"","meta":{"_acf_changed":false},"product_brand":[],"product_cat":[215],"product_tag":[],"giftcard-category":[],"class_list":{"0":"post-65298","1":"product","2":"type-product","3":"status-publish","4":"has-post-thumbnail","6":"product_cat-vitaminas-minerales","7":"product_shipping_class-caja-grande","9":"first","10":"instock","11":"taxable","12":"shipping-taxable","13":"purchasable","14":"product-type-simple"},"acf":[],"_links":{"self":[{"href":"https:\/\/go-microdose.com\/es\/wp-json\/wp\/v2\/product\/65298","targetHints":{"allow":["GET"]}}],"collection":[{"href":"https:\/\/go-microdose.com\/es\/wp-json\/wp\/v2\/product"}],"about":[{"href":"https:\/\/go-microdose.com\/es\/wp-json\/wp\/v2\/types\/product"}],"replies":[{"embeddable":true,"href":"https:\/\/go-microdose.com\/es\/wp-json\/wp\/v2\/comments?post=65298"}],"wp:featuredmedia":[{"embeddable":true,"href":"https:\/\/go-microdose.com\/es\/wp-json\/wp\/v2\/media\/65301"}],"wp:attachment":[{"href":"https:\/\/go-microdose.com\/es\/wp-json\/wp\/v2\/media?parent=65298"}],"wp:term":[{"taxonomy":"product_brand","embeddable":true,"href":"https:\/\/go-microdose.com\/es\/wp-json\/wp\/v2\/product_brand?post=65298"},{"taxonomy":"product_cat","embeddable":true,"href":"https:\/\/go-microdose.com\/es\/wp-json\/wp\/v2\/product_cat?post=65298"},{"taxonomy":"product_tag","embeddable":true,"href":"https:\/\/go-microdose.com\/es\/wp-json\/wp\/v2\/product_tag?post=65298"},{"taxonomy":"giftcard-category","embeddable":true,"href":"https:\/\/go-microdose.com\/es\/wp-json\/wp\/v2\/giftcard-category?post=65298"}],"curies":[{"name":"wp","href":"https:\/\/api.w.org\/{rel}","templated":true}]}}