{"id":65328,"date":"2024-02-03T12:21:55","date_gmt":"2024-02-03T12:21:55","guid":{"rendered":"https:\/\/go-microdose.com\/product\/kit-de-cultivo-b\/"},"modified":"2026-04-10T03:12:30","modified_gmt":"2026-04-10T01:12:30","slug":"kit-de-cultivo-b","status":"publish","type":"product","link":"https:\/\/go-microdose.com\/es\/producto\/kit-de-cultivo-b\/","title":{"rendered":"Kit de cultivo B+"},"content":{"rendered":"<div class=\"wpb-content-wrapper\"><p>[vc_row][vc_column][vc_column_text]<\/p>\n<p class=\"p1\"><span class=\"s1\">El hongo m\u00e1gico B+ es una cepa vers\u00e1til que ofrece una mezcla \u00fanica de cualidades visuales e introspectivas, lo que la convierte en una de las favoritas entre los entusiastas. Con reputaci\u00f3n de producir hongos grandes y resistentes, la cepa B+ es excelente para cultivadores que buscan una cosecha fiable y abundante. Nuestro kit de cultivo simplifica el proceso, ofreci\u00e9ndole una experiencia de cultivo f\u00e1cil de usar.  <\/span><\/p>\n<p class=\"p1\"><span class=\"s1\"><strong>Efectos<\/strong><br \/>\n<\/span><span class=\"s1\">La cepa B+ es c\u00e9lebre por sus v\u00edvidos efectos visuales y su capacidad para estimular el pensamiento profundo. Los usuarios a menudo experimentan una profunda sensaci\u00f3n de asombro y una nueva apreciaci\u00f3n por el mundo que les rodea. La B+ tambi\u00e9n es conocida por su duraci\u00f3n, con viajes que duran un poco m\u00e1s de lo normal, proporcionando un viaje de exploraci\u00f3n prolongado.  <\/span><\/p>\n<p class=\"p1\"><span class=\"s1\"><strong>Potencia, dosis y uso<\/strong><br \/>\n<\/span><span class=\"s1\">Con una potencia que va de moderada a fuerte, la cepa B+ es adecuada tanto para principiantes como para usuarios experimentados. Nuestra calculadora de dosis es una herramienta \u00fatil para ayudarle a determinar la dosis correcta para un viaje psicod\u00e9lico \u00f3ptimo. <\/span><\/p>\n<p class=\"p1\"><span class=\"s1\"><strong>Contenido<\/strong><br \/>\n<\/span><span class=\"s2\">Nuestro kit de cultivo GO Microdose 100% Micelio ofrece todo lo necesario para cultivar los hongos B+. Cada kit contiene un kit de cultivo de 1200 cc, una bolsa de cultivo con filtros de aire y dos clips. Se proporcionan instrucciones detalladas de crecimiento tanto en neerland\u00e9s como en ingl\u00e9s para guiarle a trav\u00e9s del proceso de cultivo. Con el cuidado adecuado, estos kits de cultivo de 1200 cc pueden producir entre 400 y 800 g de hongos frescos en m\u00faltiples cosechas.   <\/span><\/p>\n<p class=\"p1\"><span class=\"s1\"><strong>Vida \u00fatil<\/strong><br \/>\n<\/span><span class=\"s2\">Cuando se almacena en un ambiente fresco, el kit de cultivo puede durar de 3 a 6 meses. Sin embargo, fuera del frigor\u00edfico, la vida \u00fatil del kit de cultivo es limitada. Siempre es mejor comenzar su cultivo lo antes posible para garantizar los mejores resultados.  <\/span><\/p>\n<p class=\"p1\"><span class=\"s1\"><strong>ADVERTENCIA<\/strong><br \/>\n<\/span><span class=\"s1\">Respete la potencia de los hongos B+ y aborde su experiencia con precauci\u00f3n. No recomendado para menores de 18 a\u00f1os o personas con vulnerabilidades de salud mental. Aseg\u00farese de contar con un acompa\u00f1ante si explora dosis m\u00e1s altas.  <\/span><\/p>\n<p>[\/vc_column_text][\/vc_column][\/vc_row]<\/p>\n<\/div>","protected":false},"excerpt":{"rendered":"<p class=\"p1\"><span class=\"s1\">El hongo m\u00e1gico B+ es una cepa vers\u00e1til que ofrece una mezcla \u00fanica de cualidades visuales e introspectivas, lo que la convierte en una de las favoritas entre los entusiastas. Con reputaci\u00f3n de producir hongos grandes y resistentes, la cepa B+ es excelente para cultivadores que buscan una cosecha fiable y abundante. Nuestro kit de cultivo simplifica el proceso, ofreci\u00e9ndole una experiencia de cultivo f\u00e1cil de usar.  <\/span><\/p>\n<p class=\"p1\"><span class=\"s1\"><strong>Efectos<\/strong><br \/>\n<\/span><span class=\"s1\">La cepa B+ es c\u00e9lebre por sus v\u00edvidos efectos visuales y su capacidad para estimular el pensamiento profundo. Los usuarios a menudo experimentan una profunda sensaci\u00f3n de asombro y una nueva apreciaci\u00f3n por el mundo que les rodea. La B+ tambi\u00e9n es conocida por su duraci\u00f3n, con viajes que duran un poco m\u00e1s de lo normal, proporcionando un viaje de exploraci\u00f3n prolongado.  <\/span><\/p>\n<p class=\"p1\"><span class=\"s1\"><strong>Potencia, dosis y uso<\/strong><br \/>\n<\/span><span class=\"s1\">Con una potencia que va de moderada a fuerte, la cepa B+ es adecuada tanto para principiantes como para usuarios experimentados. Nuestra calculadora de dosis es una herramienta \u00fatil para ayudarle a determinar la dosis correcta para un viaje psicod\u00e9lico \u00f3ptimo. <\/span><\/p>\n<p class=\"p1\"><span class=\"s1\"><strong>Contenido<\/strong><br \/>\n<\/span><span class=\"s2\">Nuestro kit de cultivo GO Microdose 100% Micelio ofrece todo lo necesario para cultivar los hongos B+. Cada kit contiene un kit de cultivo de 1200 cc, una bolsa de cultivo con filtros de aire y dos clips. Se proporcionan instrucciones detalladas de crecimiento tanto en neerland\u00e9s como en ingl\u00e9s para guiarle a trav\u00e9s del proceso de cultivo. Con el cuidado adecuado, estos kits de cultivo de 1200 cc pueden producir entre 400 y 800 g de hongos frescos en m\u00faltiples cosechas.   <\/span><\/p>\n<p class=\"p1\"><span class=\"s1\"><strong>Vida \u00fatil<\/strong><br \/>\n<\/span><span class=\"s2\">Cuando se almacena en un ambiente fresco, el kit de cultivo puede durar de 3 a 6 meses. Sin embargo, fuera del frigor\u00edfico, la vida \u00fatil del kit de cultivo es limitada. Siempre es mejor comenzar su cultivo lo antes posible para garantizar los mejores resultados.  <\/span><\/p>\n<p class=\"p1\"><span class=\"s1\"><strong>ADVERTENCIA<\/strong><br \/>\n<\/span><span class=\"s1\">Respete la potencia de los hongos B+ y aborde su experiencia con precauci\u00f3n. No recomendado para menores de 18 a\u00f1os o personas con vulnerabilidades de salud mental. Aseg\u00farese de contar con un acompa\u00f1ante si explora dosis m\u00e1s altas.  <\/span><\/p>\n","protected":false},"featured_media":65307,"comment_status":"open","ping_status":"closed","template":"","meta":{"_acf_changed":false},"product_brand":[],"product_cat":[237],"product_tag":[],"giftcard-category":[],"class_list":{"0":"post-65328","1":"product","2":"type-product","3":"status-publish","4":"has-post-thumbnail","6":"product_cat-kits-de-cultivo-de-setas-alucinogenas","7":"product_shipping_class-caja-grande","9":"first","10":"instock","11":"taxable","12":"shipping-taxable","13":"purchasable","14":"product-type-simple"},"acf":[],"_links":{"self":[{"href":"https:\/\/go-microdose.com\/es\/wp-json\/wp\/v2\/product\/65328","targetHints":{"allow":["GET"]}}],"collection":[{"href":"https:\/\/go-microdose.com\/es\/wp-json\/wp\/v2\/product"}],"about":[{"href":"https:\/\/go-microdose.com\/es\/wp-json\/wp\/v2\/types\/product"}],"replies":[{"embeddable":true,"href":"https:\/\/go-microdose.com\/es\/wp-json\/wp\/v2\/comments?post=65328"}],"wp:featuredmedia":[{"embeddable":true,"href":"https:\/\/go-microdose.com\/es\/wp-json\/wp\/v2\/media\/65307"}],"wp:attachment":[{"href":"https:\/\/go-microdose.com\/es\/wp-json\/wp\/v2\/media?parent=65328"}],"wp:term":[{"taxonomy":"product_brand","embeddable":true,"href":"https:\/\/go-microdose.com\/es\/wp-json\/wp\/v2\/product_brand?post=65328"},{"taxonomy":"product_cat","embeddable":true,"href":"https:\/\/go-microdose.com\/es\/wp-json\/wp\/v2\/product_cat?post=65328"},{"taxonomy":"product_tag","embeddable":true,"href":"https:\/\/go-microdose.com\/es\/wp-json\/wp\/v2\/product_tag?post=65328"},{"taxonomy":"giftcard-category","embeddable":true,"href":"https:\/\/go-microdose.com\/es\/wp-json\/wp\/v2\/giftcard-category?post=65328"}],"curies":[{"name":"wp","href":"https:\/\/api.w.org\/{rel}","templated":true}]}}