{"id":65333,"date":"2024-02-03T12:01:04","date_gmt":"2024-02-03T12:01:04","guid":{"rendered":"https:\/\/go-microdose.com\/product\/kit-de-cultivo-mexicano\/"},"modified":"2026-04-08T09:34:30","modified_gmt":"2026-04-08T07:34:30","slug":"kit-de-cultivo-mexicano","status":"publish","type":"product","link":"https:\/\/go-microdose.com\/es\/producto\/kit-de-cultivo-mexicano\/","title":{"rendered":"Kit de cultivo Mexicano"},"content":{"rendered":"<div class=\"wpb-content-wrapper\"><p>[vc_row][vc_column][vc_column_text]<\/p>\n<p class=\"p1\"><span class=\"s1\">La variedad mexicana de setas m\u00e1gicas, descendiente directa de la especie Psilocybe cubensis, es conocida por sus efectos m\u00e1s suaves y agradables, ideales para principiantes. Esta variedad conserva la esencia de su uso hist\u00f3rico en ceremonias ind\u00edgenas mexicanas, ofreciendo una experiencia de conexi\u00f3n y arraigo a la tierra. Con nuestro kit de cultivo, puede cultivar estas setas legendarias y disfrutar de una cosecha que le conecta con tradiciones ancestrales.  <\/span><\/p>\n<p class=\"p1\"><span class=\"s1\"><strong>Efectos<\/strong><br \/>\n<\/span><span class=\"s1\">Los usuarios de las setas m\u00e1gicas mexicanas informan de un suave aumento de energ\u00eda, creatividad y una euforia c\u00e1lida, lo que hace que esta variedad sea ideal para entornos sociales. Los efectos visuales son sutiles, con una mejora m\u00e1s marcada del estado de \u00e1nimo y la funci\u00f3n cognitiva. Espere una ligera introspecci\u00f3n y reflexiones filos\u00f3ficas con una sonrisa en la cara.  <\/span><\/p>\n<p class=\"p1\"><span class=\"s1\"><strong>Potencia, dosis y uso<\/strong><br \/>\n<\/span><span class=\"s1\">La variedad mexicana ofrece una potencia de leve a moderada. Esto las convierte en una opci\u00f3n segura para quienes se inician en el mundo de los psicod\u00e9licos o para usuarios con experiencia que buscan un viaje m\u00e1s suave. Utilice nuestra calculadora de dosis para encontrar su punto de partida ideal y recuerde empezar con una cantidad conservadora para evaluar su respuesta.  <\/span><\/p>\n<p class=\"p1\"><span class=\"s1\"><strong>Contenido<\/strong><br \/>\n<\/span><span class=\"s2\">Nuestro kit de cultivo GO Microdose 100% Mycelium ofrece todo lo necesario para cultivar las setas Mexicana. Cada kit incluye un kit de cultivo de 1200 cc, una bolsa de cultivo con filtros de aire y dos clips. Se proporcionan instrucciones de cultivo detalladas tanto en neerland\u00e9s como en ingl\u00e9s para guiarle durante el proceso. Con los cuidados adecuados, estos kits de cultivo de 1200 cc pueden producir entre 400 y 800 g de setas frescas en varias tandas.   <\/span><\/p>\n<p class=\"p1\"><span class=\"s1\"><strong>Vida \u00fatil<\/strong><br \/>\n<\/span><span class=\"s2\">Si se almacena en un entorno fresco, el kit de cultivo puede durar entre 3 y 6 meses. Sin embargo, fuera del frigor\u00edfico, la vida \u00fatil del kit de cultivo es limitada. Lo mejor es iniciar el cultivo lo antes posible para garantizar los mejores resultados.  <\/span><\/p>\n<p class=\"p1\"><span class=\"s1\"><strong>ADVERTENCIA<\/strong><br \/>\n<\/span><span class=\"s1\">Manipule estas setas con cuidado y respete sus ra\u00edces ceremoniales. No se recomienda el consumo a menores de 18 a\u00f1os, embarazadas o personas con problemas de salud mental. Aseg\u00farese siempre de estar en un entorno seguro y considere contar con un acompa\u00f1ante sobrio durante la experiencia.  <\/span><\/p>\n<p>[\/vc_column_text][\/vc_column][\/vc_row]<\/p>\n<\/div>","protected":false},"excerpt":{"rendered":"<p class=\"p1\"><span class=\"s1\">La variedad mexicana de setas m\u00e1gicas, descendiente directa de la especie Psilocybe cubensis, es conocida por sus efectos m\u00e1s suaves y agradables, ideales para principiantes. Esta variedad conserva la esencia de su uso hist\u00f3rico en ceremonias ind\u00edgenas mexicanas, ofreciendo una experiencia de conexi\u00f3n y arraigo a la tierra. Con nuestro kit de cultivo, puede cultivar estas setas legendarias y disfrutar de una cosecha que le conecta con tradiciones ancestrales.  <\/span><\/p>\n<p class=\"p1\"><span class=\"s1\"><strong>Efectos<\/strong><br \/>\n<\/span><span class=\"s1\">Los usuarios de las setas m\u00e1gicas mexicanas informan de un suave aumento de energ\u00eda, creatividad y una euforia c\u00e1lida, lo que hace que esta variedad sea ideal para entornos sociales. Los efectos visuales son sutiles, con una mejora m\u00e1s marcada del estado de \u00e1nimo y la funci\u00f3n cognitiva. Espere una ligera introspecci\u00f3n y reflexiones filos\u00f3ficas con una sonrisa en la cara.  <\/span><\/p>\n<p class=\"p1\"><span class=\"s1\"><strong>Potencia, dosis y uso<\/strong><br \/>\n<\/span><span class=\"s1\">La variedad mexicana ofrece una potencia de leve a moderada. Esto las convierte en una opci\u00f3n segura para quienes se inician en el mundo de los psicod\u00e9licos o para usuarios con experiencia que buscan un viaje m\u00e1s suave. Utilice nuestra calculadora de dosis para encontrar su punto de partida ideal y recuerde empezar con una cantidad conservadora para evaluar su respuesta.  <\/span><\/p>\n<p class=\"p1\"><span class=\"s1\"><strong>Contenido<\/strong><br \/>\n<\/span><span class=\"s2\">Nuestro kit de cultivo GO Microdose 100% Mycelium ofrece todo lo necesario para cultivar las setas Mexicana. Cada kit incluye un kit de cultivo de 1200 cc, una bolsa de cultivo con filtros de aire y dos clips. Se proporcionan instrucciones de cultivo detalladas tanto en neerland\u00e9s como en ingl\u00e9s para guiarle durante el proceso. Con los cuidados adecuados, estos kits de cultivo de 1200 cc pueden producir entre 400 y 800 g de setas frescas en varias tandas.   <\/span><\/p>\n<p class=\"p1\"><span class=\"s1\"><strong>Vida \u00fatil<\/strong><br \/>\n<\/span><span class=\"s2\">Si se almacena en un entorno fresco, el kit de cultivo puede durar entre 3 y 6 meses. Sin embargo, fuera del frigor\u00edfico, la vida \u00fatil del kit de cultivo es limitada. Lo mejor es iniciar el cultivo lo antes posible para garantizar los mejores resultados.  <\/span><\/p>\n<p class=\"p1\"><span class=\"s1\"><strong>ADVERTENCIA<\/strong><br \/>\n<\/span><span class=\"s1\">Manipule estas setas con cuidado y respete sus ra\u00edces ceremoniales. No se recomienda el consumo a menores de 18 a\u00f1os, embarazadas o personas con problemas de salud mental. Aseg\u00farese siempre de estar en un entorno seguro y considere contar con un acompa\u00f1ante sobrio durante la experiencia.  <\/span><\/p>\n","protected":false},"featured_media":65309,"comment_status":"open","ping_status":"closed","template":"","meta":{"_acf_changed":false},"product_brand":[],"product_cat":[237],"product_tag":[],"giftcard-category":[],"class_list":{"0":"post-65333","1":"product","2":"type-product","3":"status-publish","4":"has-post-thumbnail","6":"product_cat-kits-de-cultivo-de-setas-alucinogenas","7":"product_shipping_class-caja-grande","9":"first","10":"instock","11":"taxable","12":"shipping-taxable","13":"purchasable","14":"product-type-simple"},"acf":[],"_links":{"self":[{"href":"https:\/\/go-microdose.com\/es\/wp-json\/wp\/v2\/product\/65333","targetHints":{"allow":["GET"]}}],"collection":[{"href":"https:\/\/go-microdose.com\/es\/wp-json\/wp\/v2\/product"}],"about":[{"href":"https:\/\/go-microdose.com\/es\/wp-json\/wp\/v2\/types\/product"}],"replies":[{"embeddable":true,"href":"https:\/\/go-microdose.com\/es\/wp-json\/wp\/v2\/comments?post=65333"}],"wp:featuredmedia":[{"embeddable":true,"href":"https:\/\/go-microdose.com\/es\/wp-json\/wp\/v2\/media\/65309"}],"wp:attachment":[{"href":"https:\/\/go-microdose.com\/es\/wp-json\/wp\/v2\/media?parent=65333"}],"wp:term":[{"taxonomy":"product_brand","embeddable":true,"href":"https:\/\/go-microdose.com\/es\/wp-json\/wp\/v2\/product_brand?post=65333"},{"taxonomy":"product_cat","embeddable":true,"href":"https:\/\/go-microdose.com\/es\/wp-json\/wp\/v2\/product_cat?post=65333"},{"taxonomy":"product_tag","embeddable":true,"href":"https:\/\/go-microdose.com\/es\/wp-json\/wp\/v2\/product_tag?post=65333"},{"taxonomy":"giftcard-category","embeddable":true,"href":"https:\/\/go-microdose.com\/es\/wp-json\/wp\/v2\/giftcard-category?post=65333"}],"curies":[{"name":"wp","href":"https:\/\/api.w.org\/{rel}","templated":true}]}}