{"id":65344,"date":"2024-01-19T22:14:32","date_gmt":"2024-01-19T22:14:32","guid":{"rendered":"https:\/\/go-microdose.com\/product\/trufa-galindoi-mushrocks\/"},"modified":"2026-04-11T15:45:09","modified_gmt":"2026-04-11T13:45:09","slug":"trufa-galindoi-mushrocks","status":"publish","type":"product","link":"https:\/\/go-microdose.com\/es\/producto\/trufa-galindoi-mushrocks\/","title":{"rendered":"Trufa Galindoi \u00abMushrocks\u00bb"},"content":{"rendered":"<div class=\"wpb-content-wrapper\"><p>[vc_row][vc_column][vc_column_text]Las trufas m\u00e1gicas Galindoi (tambi\u00e9n llamadas \u00abMushrocks\u00bb), a menudo veneradas por sus experiencias espirituales y profundas, ofrecen una puerta de entrada a la introspecci\u00f3n profunda y la iluminaci\u00f3n. Estas trufas son conocidas por sus efectos equilibrados y armoniosos, lo que las convierte en una opci\u00f3n popular tanto entre principiantes como entre usuarios con experiencia. Cultivadas de forma sostenible, las trufas Galindoi son veganas y sin gluten, lo que garantiza un viaje psicod\u00e9lico puro y natural.  <\/p>\n<p><strong>Efectos<\/strong><br \/>\nLas trufas Galindoi son c\u00e9lebres por su capacidad para armonizar mente, cuerpo y esp\u00edritu. Los usuarios suelen describir experiencias llenas de profundas revelaciones introspectivas, mayor claridad emocional y una sensaci\u00f3n de unidad con el mundo que les rodea. Los efectos de Galindoi pueden incluir mejoras visuales moderadas, una sensaci\u00f3n de interconexi\u00f3n y una profunda paz interior. Esto las hace ideales para quienes buscan una experiencia psicod\u00e9lica equilibrada e iluminadora.   <\/p>\n<p><strong>Potencia, dosis y uso<\/strong><br \/>\nGalindoi es reconocida por su potencia equilibrada. Ofrece efectos potentes sin resultar abrumadora, por lo que es adecuada para una amplia variedad de usuarios. Se recomienda a los principiantes empezar con una dosis m\u00e1s baja para familiarizarse con sus efectos. Nuestra <a href=\"https:\/\/go-microdose.com\/es\/calculadora-de-dosis\/\">calculadora de dosis<\/a> puede ayudarle a determinar el punto de partida perfecto para su viaje con Galindoi.   <\/p>\n<p><strong>Contenido<\/strong><br \/>\nCada paquete de trufas Galindoi contiene aproximadamente 18 g, suficiente para varias dosis seg\u00fan la intensidad de la experiencia que desee.<\/p>\n<p><strong>Vida \u00fatil<\/strong><br \/>\nGuardadas sin abrir en la nevera, las trufas Galindoi se mantienen frescas y potentes hasta 2 meses. Para la mejor experiencia, se recomienda consumirlas dentro de este periodo para garantizar la m\u00e1xima potencia y frescura. <\/p>\n<p><strong>ADVERTENCIA<\/strong><br \/>\nGalindoi, aunque ofrece una experiencia equilibrada, sigue siendo una sustancia psicod\u00e9lica potente. La dosificaci\u00f3n debe abordarse con cuidado, especialmente para quienes se inician en las trufas m\u00e1gicas. Es aconsejable contar con un acompa\u00f1ante sobrio durante la experiencia para brindar apoyo y garantizar la seguridad. No conduzca ni maneje maquinaria bajo los efectos de las trufas. Recomendamos evitar las trufas m\u00e1gicas si es menor de 18 a\u00f1os, si actualmente se siente intranquilo\/a o si tiene una predisposici\u00f3n depresiva. Priorice siempre la seguridad y la salud mental al emprender un viaje psicod\u00e9lico.[\/vc_column_text][\/vc_column][\/vc_row]<\/p>\n<\/div>","protected":false},"excerpt":{"rendered":"<p>Las trufas m\u00e1gicas Galindoi (tambi\u00e9n llamadas \u00abMushrocks\u00bb), a menudo veneradas por sus experiencias espirituales y profundas, ofrecen una puerta de entrada a la introspecci\u00f3n profunda y la iluminaci\u00f3n. Estas trufas son conocidas por sus efectos equilibrados y armoniosos, lo que las convierte en una opci\u00f3n popular tanto entre principiantes como entre usuarios con experiencia. Cultivadas de forma sostenible, las trufas Galindoi son veganas y sin gluten, lo que garantiza un viaje psicod\u00e9lico puro y natural.  <\/p>\n<p><strong>Efectos<\/strong><br \/>\nLas trufas Galindoi son c\u00e9lebres por su capacidad para armonizar mente, cuerpo y esp\u00edritu. Los usuarios suelen describir experiencias llenas de profundas revelaciones introspectivas, mayor claridad emocional y una sensaci\u00f3n de unidad con el mundo que les rodea. Los efectos de Galindoi pueden incluir mejoras visuales moderadas, una sensaci\u00f3n de interconexi\u00f3n y una profunda paz interior. Esto las hace ideales para quienes buscan una experiencia psicod\u00e9lica equilibrada e iluminadora.   <\/p>\n<p><strong>Potencia, dosis y uso<\/strong><br \/>\nGalindoi es reconocida por su potencia equilibrada. Ofrece efectos potentes sin resultar abrumadora, por lo que es adecuada para una amplia variedad de usuarios. Se recomienda a los principiantes empezar con una dosis m\u00e1s baja para familiarizarse con sus efectos. Nuestra <a href=\"https:\/\/go-microdose.com\/es\/calculadora-de-dosis\/\">calculadora de dosis<\/a> puede ayudarle a determinar el punto de partida perfecto para su viaje con Galindoi.   <\/p>\n<p><strong>Contenido<\/strong><br \/>\nCada paquete de Trufas M\u00e1gicas Galindoi contiene aproximadamente 18 g, suficiente para varias dosis seg\u00fan la intensidad de la experiencia que desee.<\/p>\n<p><strong>Vida \u00fatil<\/strong><br \/>\nGuardadas sin abrir en la nevera, las Trufas M\u00e1gicas Galindoi se mantienen frescas y potentes hasta 2 meses. Para la mejor experiencia, se recomienda consumirlas dentro de este periodo para garantizar la m\u00e1xima potencia y frescura. <\/p>\n<p><strong>ADVERTENCIA<\/strong><br \/>\nGalindoi, aunque ofrece una experiencia equilibrada, sigue siendo una sustancia psicod\u00e9lica potente. La dosificaci\u00f3n debe abordarse con cuidado, especialmente para quienes se inician en las trufas m\u00e1gicas. Es aconsejable contar con un acompa\u00f1ante sobrio durante la experiencia para brindar apoyo y garantizar la seguridad. No conduzca ni maneje maquinaria bajo los efectos de las trufas. Recomendamos evitar las trufas m\u00e1gicas si es menor de 18 a\u00f1os, si actualmente se siente intranquilo\/a o si tiene una predisposici\u00f3n depresiva. Priorice siempre la seguridad y la salud mental al emprender un viaje psicod\u00e9lico.     <\/p>\n","protected":false},"featured_media":65346,"comment_status":"open","ping_status":"closed","template":"","meta":{"_acf_changed":false},"product_brand":[],"product_cat":[192],"product_tag":[],"giftcard-category":[],"class_list":{"0":"post-65344","1":"product","2":"type-product","3":"status-publish","4":"has-post-thumbnail","6":"product_cat-trufas-magicas","8":"first","9":"instock","10":"taxable","11":"shipping-taxable","12":"purchasable","13":"product-type-simple"},"acf":[],"_links":{"self":[{"href":"https:\/\/go-microdose.com\/es\/wp-json\/wp\/v2\/product\/65344","targetHints":{"allow":["GET"]}}],"collection":[{"href":"https:\/\/go-microdose.com\/es\/wp-json\/wp\/v2\/product"}],"about":[{"href":"https:\/\/go-microdose.com\/es\/wp-json\/wp\/v2\/types\/product"}],"replies":[{"embeddable":true,"href":"https:\/\/go-microdose.com\/es\/wp-json\/wp\/v2\/comments?post=65344"}],"wp:featuredmedia":[{"embeddable":true,"href":"https:\/\/go-microdose.com\/es\/wp-json\/wp\/v2\/media\/65346"}],"wp:attachment":[{"href":"https:\/\/go-microdose.com\/es\/wp-json\/wp\/v2\/media?parent=65344"}],"wp:term":[{"taxonomy":"product_brand","embeddable":true,"href":"https:\/\/go-microdose.com\/es\/wp-json\/wp\/v2\/product_brand?post=65344"},{"taxonomy":"product_cat","embeddable":true,"href":"https:\/\/go-microdose.com\/es\/wp-json\/wp\/v2\/product_cat?post=65344"},{"taxonomy":"product_tag","embeddable":true,"href":"https:\/\/go-microdose.com\/es\/wp-json\/wp\/v2\/product_tag?post=65344"},{"taxonomy":"giftcard-category","embeddable":true,"href":"https:\/\/go-microdose.com\/es\/wp-json\/wp\/v2\/giftcard-category?post=65344"}],"curies":[{"name":"wp","href":"https:\/\/api.w.org\/{rel}","templated":true}]}}