{"id":65353,"date":"2022-05-25T09:10:59","date_gmt":"2022-05-25T09:10:59","guid":{"rendered":"https:\/\/go-microdose.com\/product\/curso-avanzado\/"},"modified":"2026-03-31T10:37:07","modified_gmt":"2026-03-31T08:37:07","slug":"curso-avanzado","status":"publish","type":"product","link":"https:\/\/go-microdose.com\/es\/producto\/curso-avanzado\/","title":{"rendered":"Curso avanzado"},"content":{"rendered":"<div class=\"wpb-content-wrapper\"><p>[vc_section][vc_row][vc_column][vc_custom_heading text=\u00bbRendimiento al m\u00e1s alto nivel\u00bb font_container=\u00bbtag:div|text_align:left\u00bb use_theme_fonts=\u00bbyes\u00bb el_class=\u00bbpr-tag\u00bb][vc_custom_heading text=\u00bbPara usuarios avanzados\u00bb font_container=\u00bbtag:h3|text_align:left\u00bb use_theme_fonts=\u00bbyes\u00bb][vc_column_text]Nuestro curso avanzado es especialmente adecuado para cualquier persona con mucha experiencia en microdosificaci\u00f3n. Usted sabe c\u00f3mo reacciona su cuerpo a las microdosis de trufas. Desea rendir al m\u00e1ximo gracias a una mayor productividad, creatividad y m\u00e1s energ\u00eda.  <\/p>\n<p>Nuestras trufas se mantienen frescas durante aproximadamente 2-3 meses cuando las guarda en el frigor\u00edfico. Por eso le enviamos trufas frescas cada 3 meses. Para un curso de 6 meses esto significa que recibir\u00e1 2 env\u00edos nuestros y con un curso de 12 meses ser\u00e1n 4 veces.[\/vc_column_text][vc_btn title=\u00bbDescargue nuestro plan paso a paso\u00bb style=\u00bboutline\u00bb color=\u00bbblack\u00bb link=\u00bburl:https%3A%2F%2Fgo-microdose.com%2Fwp-content%2Fuploads%2F2022%2F08%2FGO-Microdose-manual.pdf|target:_blank|\u00bb][\/vc_column][\/vc_row][\/vc_section]<\/p>\n<\/div>","protected":false},"excerpt":{"rendered":"<p>Nuestro curso avanzado es especialmente adecuado para cualquier persona con mucha experiencia en microdosificaci\u00f3n. Usted sabe c\u00f3mo reacciona su cuerpo a las microdosis de trufas. Desea rendir al m\u00e1ximo gracias a una mayor productividad, creatividad y m\u00e1s energ\u00eda.  <\/p>\n<p>Con la cura, elige un ciclo de 7 d\u00edas, que utilizar\u00e1 durante 4 a 8 semanas. Pruebe este programa durante al menos un mes para ver si se adapta a usted. <\/p>\n","protected":false},"featured_media":65354,"comment_status":"open","ping_status":"closed","template":"","meta":{"_acf_changed":false},"product_brand":[],"product_cat":[242,261],"product_tag":[],"giftcard-category":[],"class_list":{"0":"post-65353","1":"product","2":"type-product","3":"status-publish","4":"has-post-thumbnail","6":"product_cat-microdosis","7":"product_cat-suscripciones","8":"pa_package-6-meses","9":"pa_package-12-meses","11":"first","12":"instock","13":"sale","14":"taxable","15":"shipping-taxable","16":"purchasable","17":"product-type-variable","18":"has-default-attributes"},"acf":[],"_links":{"self":[{"href":"https:\/\/go-microdose.com\/es\/wp-json\/wp\/v2\/product\/65353","targetHints":{"allow":["GET"]}}],"collection":[{"href":"https:\/\/go-microdose.com\/es\/wp-json\/wp\/v2\/product"}],"about":[{"href":"https:\/\/go-microdose.com\/es\/wp-json\/wp\/v2\/types\/product"}],"replies":[{"embeddable":true,"href":"https:\/\/go-microdose.com\/es\/wp-json\/wp\/v2\/comments?post=65353"}],"wp:featuredmedia":[{"embeddable":true,"href":"https:\/\/go-microdose.com\/es\/wp-json\/wp\/v2\/media\/65354"}],"wp:attachment":[{"href":"https:\/\/go-microdose.com\/es\/wp-json\/wp\/v2\/media?parent=65353"}],"wp:term":[{"taxonomy":"product_brand","embeddable":true,"href":"https:\/\/go-microdose.com\/es\/wp-json\/wp\/v2\/product_brand?post=65353"},{"taxonomy":"product_cat","embeddable":true,"href":"https:\/\/go-microdose.com\/es\/wp-json\/wp\/v2\/product_cat?post=65353"},{"taxonomy":"product_tag","embeddable":true,"href":"https:\/\/go-microdose.com\/es\/wp-json\/wp\/v2\/product_tag?post=65353"},{"taxonomy":"giftcard-category","embeddable":true,"href":"https:\/\/go-microdose.com\/es\/wp-json\/wp\/v2\/giftcard-category?post=65353"}],"curies":[{"name":"wp","href":"https:\/\/api.w.org\/{rel}","templated":true}]}}